{"id":10771,"date":"2023-06-20T15:20:34","date_gmt":"2023-06-20T18:20:34","guid":{"rendered":"https:\/\/sites.uel.br\/prograd\/?page_id=10771"},"modified":"2024-04-03T15:33:05","modified_gmt":"2024-04-03T18:33:05","slug":"catalogo-dos-cursos-de-graduacao-2013-quimica-bacharelado-e-licenciatura","status":"publish","type":"page","link":"https:\/\/sites.uel.br\/prograd\/catalogo-dos-cursos-de-graduacao-2013-quimica-bacharelado-e-licenciatura\/","title":{"rendered":"Cat\u00e1logo dos Cursos de Gradua\u00e7\u00e3o (2013)"},"content":{"rendered":"\n<hr class=\"wp-block-separator has-alpha-channel-opacity is-style-wide\"\/>\n\n\n\n<h2 class=\"wp-block-heading\">Qu\u00edmica \u2013 Bacharelado e Licenciatura<\/h2>\n\n\n\n<p><a href=\"https:\/\/sites.uel.br\/prograd\/wp-content\/uploads\/catalogo_cursos\/2013\/informacoes_cursos\/quimica.pdf\" target=\"_blank\" rel=\"noreferrer noopener\">Informa\u00e7\u00f5es do Curso<\/a><\/p>\n\n\n\n<p>Organiza\u00e7\u00e3o Curricular (<a href=\"https:\/\/sites.uel.br\/prograd\/wp-content\/uploads\/catalogo_cursos\/2013\/organizacao_curricular\/quimica_bacharelado.pdf\" target=\"_blank\" rel=\"noreferrer noopener\">Bacharelado<\/a>) (<a href=\"https:\/\/sites.uel.br\/prograd\/wp-content\/uploads\/catalogo_cursos\/2013\/organizacao_curricular\/quimica_licenciatura.pdf\" target=\"_blank\" rel=\"noreferrer noopener\">Licenciatura<\/a>) (<a href=\"https:\/\/sites.uel.br\/prograd\/wp-content\/uploads\/catalogo_cursos\/2013\/organizacao_curricular\/quimica_tecnologica.pdf\" target=\"_blank\" rel=\"noreferrer noopener\">Tecnol\u00f3gica<\/a>)<\/p>\n\n\n\n<p>Ementas (<a href=\"https:\/\/sites.uel.br\/prograd\/wp-content\/uploads\/catalogo_cursos\/2013\/ementas\/quimica_bacharelado.pdf\" target=\"_blank\" rel=\"noreferrer noopener\">Bacharelado<\/a>) (<a href=\"https:\/\/sites.uel.br\/prograd\/wp-content\/uploads\/catalogo_cursos\/2013\/ementas\/quimica_licenciatura.pdf\" target=\"_blank\" rel=\"noreferrer noopener\">Licenciatura<\/a>) (<a href=\"https:\/\/sites.uel.br\/prograd\/wp-content\/uploads\/catalogo_cursos\/2013\/ementas\/quimica_tecnologica.pdf\" target=\"_blank\" rel=\"noreferrer noopener\">Tecnol\u00f3gica<\/a>)<\/p>\n\n\n\n<p><a href=\"https:\/\/sites.uel.br\/prograd\/wp-content\/uploads\/catalogo_cursos\/2013\/corpo_docente\/quimica.pdf\" target=\"_blank\" rel=\"noreferrer noopener\">Corpo Docente<\/a><\/p>\n\n\n\n<p><a href=\"https:\/\/sites.uel.br\/prograd\/wp-content\/uploads\/catalogo_cursos\/2013\/estrutura_recursos\/cce.pdf\" target=\"_blank\" rel=\"noreferrer noopener\">Estrutura\/Recursos<\/a><\/p>\n","protected":false},"excerpt":{"rendered":"<p>Qu\u00edmica \u2013 Bacharelado e Licenciatura Informa\u00e7\u00f5es do Curso Organiza\u00e7\u00e3o Curricular (Bacharelado) (Licenciatura) (Tecnol\u00f3gica) Ementas (Bacharelado) (Licenciatura) (Tecnol\u00f3gica) Corpo Docente Estrutura\/Recursos<\/p>\n","protected":false},"author":8,"featured_media":0,"parent":0,"menu_order":0,"comment_status":"closed","ping_status":"closed","template":"","meta":{"_acf_changed":false,"_themeisle_gutenberg_block_has_review":false,"footnotes":""},"class_list":["post-10771","page","type-page","status-publish","hentry"],"acf":[],"_links":{"self":[{"href":"https:\/\/sites.uel.br\/prograd\/wp-json\/wp\/v2\/pages\/10771","targetHints":{"allow":["GET"]}}],"collection":[{"href":"https:\/\/sites.uel.br\/prograd\/wp-json\/wp\/v2\/pages"}],"about":[{"href":"https:\/\/sites.uel.br\/prograd\/wp-json\/wp\/v2\/types\/page"}],"author":[{"embeddable":true,"href":"https:\/\/sites.uel.br\/prograd\/wp-json\/wp\/v2\/users\/8"}],"replies":[{"embeddable":true,"href":"https:\/\/sites.uel.br\/prograd\/wp-json\/wp\/v2\/comments?post=10771"}],"version-history":[{"count":6,"href":"https:\/\/sites.uel.br\/prograd\/wp-json\/wp\/v2\/pages\/10771\/revisions"}],"predecessor-version":[{"id":26317,"href":"https:\/\/sites.uel.br\/prograd\/wp-json\/wp\/v2\/pages\/10771\/revisions\/26317"}],"wp:attachment":[{"href":"https:\/\/sites.uel.br\/prograd\/wp-json\/wp\/v2\/media?parent=10771"}],"curies":[{"name":"wp","href":"https:\/\/api.w.org\/{rel}","templated":true}]}}