{"id":10679,"date":"2023-06-20T15:10:17","date_gmt":"2023-06-20T18:10:17","guid":{"rendered":"https:\/\/sites.uel.br\/prograd\/?page_id=10679"},"modified":"2024-04-03T16:15:12","modified_gmt":"2024-04-03T19:15:12","slug":"catalogo-dos-cursos-de-graduacao-2012-geografia-bacharelado-e-licenciatura","status":"publish","type":"page","link":"https:\/\/sites.uel.br\/prograd\/catalogo-dos-cursos-de-graduacao-2012-geografia-bacharelado-e-licenciatura\/","title":{"rendered":"Cat\u00e1logo dos Cursos de Gradua\u00e7\u00e3o (2012)"},"content":{"rendered":"\n<hr class=\"wp-block-separator has-alpha-channel-opacity is-style-wide\"\/>\n\n\n\n<h2 class=\"wp-block-heading\">Geografia \u2013 Bacharelado e Licenciatura<\/h2>\n\n\n\n<p><a href=\"https:\/\/sites.uel.br\/prograd\/wp-content\/uploads\/catalogo_cursos\/2012\/informacoes_cursos\/geografia.pdf\" target=\"_blank\" rel=\"noreferrer noopener\">Informa\u00e7\u00f5es do Curso<\/a><\/p>\n\n\n\n<p>Organiza\u00e7\u00e3o Curricular<br>(<a href=\"https:\/\/sites.uel.br\/prograd\/wp-content\/uploads\/catalogo_cursos\/2012\/organizacao_curricular\/geografia_bacharelado_matutino.pdf\" target=\"_blank\" rel=\"noreferrer noopener\">Bacharelado &#8211; Matutino<\/a>) (<a href=\"https:\/\/sites.uel.br\/prograd\/wp-content\/uploads\/catalogo_cursos\/2012\/organizacao_curricular\/geografia_bacharelado_noturno.pdf\" target=\"_blank\" rel=\"noreferrer noopener\">Bacharelado &#8211; Noturno<\/a>)<br>(<a href=\"https:\/\/sites.uel.br\/prograd\/wp-content\/uploads\/catalogo_cursos\/2012\/organizacao_curricular\/geografia_licenciatura_matutino.pdf\" target=\"_blank\" rel=\"noreferrer noopener\">Licenciatura &#8211; Matutino<\/a>) (<a href=\"https:\/\/sites.uel.br\/prograd\/wp-content\/uploads\/catalogo_cursos\/2012\/organizacao_curricular\/geografia_licenciatura_noturno.pdf\" target=\"_blank\" rel=\"noreferrer noopener\">Licenciatura &#8211; Noturno<\/a>)<\/p>\n\n\n\n<p>Ementas (<a href=\"https:\/\/sites.uel.br\/prograd\/wp-content\/uploads\/catalogo_cursos\/2012\/ementas\/geografia_bacharelado.pdf\" target=\"_blank\" rel=\"noreferrer noopener\">Bacharelado<\/a>) (<a href=\"https:\/\/sites.uel.br\/prograd\/wp-content\/uploads\/catalogo_cursos\/2012\/ementas\/geografia_licenciatura.pdf\" target=\"_blank\" rel=\"noreferrer noopener\">Licenciatura<\/a>)<\/p>\n\n\n\n<p><a href=\"https:\/\/sites.uel.br\/prograd\/wp-content\/uploads\/catalogo_cursos\/2012\/corpo_docente\/geografia.pdf\" target=\"_blank\" rel=\"noreferrer noopener\">Corpo Docente<\/a><\/p>\n\n\n\n<p><a href=\"https:\/\/sites.uel.br\/prograd\/wp-content\/uploads\/catalogo_cursos\/2012\/estrutura_recursos\/cce.pdf\" target=\"_blank\" rel=\"noreferrer noopener\">Estrutura\/Recursos<\/a><\/p>\n","protected":false},"excerpt":{"rendered":"<p>Geografia \u2013 Bacharelado e Licenciatura Informa\u00e7\u00f5es do Curso Organiza\u00e7\u00e3o Curricular(Bacharelado &#8211; Matutino) (Bacharelado &#8211; Noturno)(Licenciatura &#8211; Matutino) (Licenciatura &#8211; Noturno) Ementas (Bacharelado) (Licenciatura) Corpo Docente Estrutura\/Recursos<\/p>\n","protected":false},"author":8,"featured_media":0,"parent":0,"menu_order":0,"comment_status":"closed","ping_status":"closed","template":"","meta":{"_acf_changed":false,"_themeisle_gutenberg_block_has_review":false,"footnotes":""},"class_list":["post-10679","page","type-page","status-publish","hentry"],"acf":[],"_links":{"self":[{"href":"https:\/\/sites.uel.br\/prograd\/wp-json\/wp\/v2\/pages\/10679","targetHints":{"allow":["GET"]}}],"collection":[{"href":"https:\/\/sites.uel.br\/prograd\/wp-json\/wp\/v2\/pages"}],"about":[{"href":"https:\/\/sites.uel.br\/prograd\/wp-json\/wp\/v2\/types\/page"}],"author":[{"embeddable":true,"href":"https:\/\/sites.uel.br\/prograd\/wp-json\/wp\/v2\/users\/8"}],"replies":[{"embeddable":true,"href":"https:\/\/sites.uel.br\/prograd\/wp-json\/wp\/v2\/comments?post=10679"}],"version-history":[{"count":6,"href":"https:\/\/sites.uel.br\/prograd\/wp-json\/wp\/v2\/pages\/10679\/revisions"}],"predecessor-version":[{"id":26362,"href":"https:\/\/sites.uel.br\/prograd\/wp-json\/wp\/v2\/pages\/10679\/revisions\/26362"}],"wp:attachment":[{"href":"https:\/\/sites.uel.br\/prograd\/wp-json\/wp\/v2\/media?parent=10679"}],"curies":[{"name":"wp","href":"https:\/\/api.w.org\/{rel}","templated":true}]}}