{"id":10591,"date":"2023-06-20T15:00:51","date_gmt":"2023-06-20T18:00:51","guid":{"rendered":"https:\/\/sites.uel.br\/prograd\/?page_id=10591"},"modified":"2024-05-03T11:08:51","modified_gmt":"2024-05-03T14:08:51","slug":"catalogo-dos-cursos-de-graduacao-2009-ciencias-sociais-bacharelado-e-licenciatura","status":"publish","type":"page","link":"https:\/\/sites.uel.br\/prograd\/catalogo-dos-cursos-de-graduacao-2009-ciencias-sociais-bacharelado-e-licenciatura\/","title":{"rendered":"Cat\u00e1logo dos Cursos de Gradua\u00e7\u00e3o (2009)"},"content":{"rendered":"\n<hr class=\"wp-block-separator has-alpha-channel-opacity is-style-wide\"\/>\n\n\n\n<h2 class=\"wp-block-heading\">Ci\u00eancias Sociais \u2013 Bacharelado e Licenciatura<\/h2>\n\n\n\n<p><a href=\"https:\/\/sites.uel.br\/prograd\/wp-content\/uploads\/catalogo_cursos\/2009\/informacoes_cursos\/c_sociais.pdf\" target=\"_blank\" rel=\"noreferrer noopener\">Informa\u00e7\u00f5es do Curso<\/a><\/p>\n\n\n\n<p>Organiza\u00e7\u00e3o Curricular (<a href=\"https:\/\/sites.uel.br\/prograd\/wp-content\/uploads\/catalogo_cursos\/2009\/organizacao_curricular\/c_sociais_bacharelado_noturno.pdf\" target=\"_blank\" rel=\"noreferrer noopener\">Bacharelado &#8211; Noturno<\/a>) (<a href=\"https:\/\/sites.uel.br\/prograd\/wp-content\/uploads\/catalogo_cursos\/2009\/organizacao_curricular\/c_sociais_licenciatura_noturno.pdf\" target=\"_blank\" rel=\"noreferrer noopener\">Licenciatura &#8211; Noturno<\/a>)<br>(<a href=\"https:\/\/sites.uel.br\/prograd\/wp-content\/uploads\/catalogo_cursos\/2009\/organizacao_curricular\/c_sociais_bacharelado_matutino.pdf\" target=\"_blank\" rel=\"noreferrer noopener\">Bacharelado &#8211; Matutino)<\/a>&nbsp;(<a href=\"https:\/\/sites.uel.br\/prograd\/wp-content\/uploads\/catalogo_cursos\/2009\/organizacao_curricular\/c_sociais_licenciatura_matutino.pdf\" target=\"_blank\" rel=\"noreferrer noopener\">Licenciatura &#8211; Matutino<\/a>)<\/p>\n\n\n\n<p>Ementas (<a href=\"https:\/\/sites.uel.br\/prograd\/wp-content\/uploads\/catalogo_cursos\/2009\/ementas\/c_sociais_bacharelado.pdf\" target=\"_blank\" rel=\"noreferrer noopener\">Bacharelado<\/a>) (<a href=\"https:\/\/sites.uel.br\/prograd\/wp-content\/uploads\/catalogo_cursos\/2009\/ementas\/c_sociais_licenciatura.pdf\" target=\"_blank\" rel=\"noreferrer noopener\">Licenciatura<\/a>)<\/p>\n\n\n\n<p><a href=\"https:\/\/sites.uel.br\/prograd\/wp-content\/uploads\/catalogo_cursos\/2009\/corpo_docente\/c_sociais.pdf\" target=\"_blank\" rel=\"noreferrer noopener\">Corpo Docente<\/a><\/p>\n\n\n\n<p><a href=\"https:\/\/sites.uel.br\/prograd\/wp-content\/uploads\/catalogo_cursos\/2009\/estrutura_recursos\/c_sociais.pdf\" target=\"_blank\" rel=\"noreferrer noopener\">Recursos<\/a><\/p>\n","protected":false},"excerpt":{"rendered":"<p>Ci\u00eancias Sociais \u2013 Bacharelado e Licenciatura Informa\u00e7\u00f5es do Curso Organiza\u00e7\u00e3o Curricular (Bacharelado &#8211; Noturno) (Licenciatura &#8211; Noturno)(Bacharelado &#8211; Matutino)&nbsp;(Licenciatura &#8211; Matutino) Ementas (Bacharelado) (Licenciatura) Corpo Docente Recursos<\/p>\n","protected":false},"author":8,"featured_media":0,"parent":0,"menu_order":0,"comment_status":"closed","ping_status":"closed","template":"","meta":{"_acf_changed":false,"_themeisle_gutenberg_block_has_review":false,"footnotes":""},"class_list":["post-10591","page","type-page","status-publish","hentry"],"acf":[],"_links":{"self":[{"href":"https:\/\/sites.uel.br\/prograd\/wp-json\/wp\/v2\/pages\/10591","targetHints":{"allow":["GET"]}}],"collection":[{"href":"https:\/\/sites.uel.br\/prograd\/wp-json\/wp\/v2\/pages"}],"about":[{"href":"https:\/\/sites.uel.br\/prograd\/wp-json\/wp\/v2\/types\/page"}],"author":[{"embeddable":true,"href":"https:\/\/sites.uel.br\/prograd\/wp-json\/wp\/v2\/users\/8"}],"replies":[{"embeddable":true,"href":"https:\/\/sites.uel.br\/prograd\/wp-json\/wp\/v2\/comments?post=10591"}],"version-history":[{"count":6,"href":"https:\/\/sites.uel.br\/prograd\/wp-json\/wp\/v2\/pages\/10591\/revisions"}],"predecessor-version":[{"id":29000,"href":"https:\/\/sites.uel.br\/prograd\/wp-json\/wp\/v2\/pages\/10591\/revisions\/29000"}],"wp:attachment":[{"href":"https:\/\/sites.uel.br\/prograd\/wp-json\/wp\/v2\/media?parent=10591"}],"curies":[{"name":"wp","href":"https:\/\/api.w.org\/{rel}","templated":true}]}}