{"id":10590,"date":"2023-06-20T15:00:50","date_gmt":"2023-06-20T18:00:50","guid":{"rendered":"https:\/\/sites.uel.br\/prograd\/?page_id=10590"},"modified":"2024-05-03T10:47:43","modified_gmt":"2024-05-03T13:47:43","slug":"catalogo-dos-cursos-de-graduacao-2010-ciencias-sociais-bacharelado-e-licenciatura","status":"publish","type":"page","link":"https:\/\/sites.uel.br\/prograd\/catalogo-dos-cursos-de-graduacao-2010-ciencias-sociais-bacharelado-e-licenciatura\/","title":{"rendered":"Cat\u00e1logo dos Cursos de Gradua\u00e7\u00e3o (2010)"},"content":{"rendered":"\n<hr class=\"wp-block-separator has-alpha-channel-opacity is-style-wide\"\/>\n\n\n\n<h2 class=\"wp-block-heading\">Ci\u00eancias Sociais \u2013 Bacharelado e Licenciatura<\/h2>\n\n\n\n<p><a href=\"https:\/\/sites.uel.br\/prograd\/wp-content\/uploads\/catalogo_cursos\/2010\/informacoes_cursos\/c_sociais.pdf\" target=\"_blank\" rel=\"noreferrer noopener\">Informa\u00e7\u00f5es do Curso<\/a><\/p>\n\n\n\n<p>Organiza\u00e7\u00e3o Curricular (<a href=\"https:\/\/sites.uel.br\/prograd\/wp-content\/uploads\/catalogo_cursos\/2010\/organizacao_curricular\/c_sociais_bacharelado_licenciatura_matutino.pdf\" target=\"_blank\" rel=\"noreferrer noopener\">Bacharelado e Licenciatura &#8211; Matutino<\/a>) (<a href=\"https:\/\/sites.uel.br\/prograd\/wp-content\/uploads\/catalogo_cursos\/2010\/organizacao_curricular\/c_sociais_bacharelado_licenciatura_noturno.pdf\" target=\"_blank\" rel=\"noreferrer noopener\">Bacharelado e Licenciatura &#8211; Noturno<\/a>)<\/p>\n\n\n\n<p>Ementas (<a href=\"https:\/\/sites.uel.br\/prograd\/wp-content\/uploads\/catalogo_cursos\/2010\/ementas\/c_sociais_bacharelado.pdf\" target=\"_blank\" rel=\"noreferrer noopener\">Bacharelado<\/a>) (<a href=\"https:\/\/sites.uel.br\/prograd\/wp-content\/uploads\/catalogo_cursos\/2010\/ementas\/c_sociais_licenciatura.pdf\" target=\"_blank\" rel=\"noreferrer noopener\">Licenciatura<\/a>)<\/p>\n\n\n\n<p><a href=\"https:\/\/sites.uel.br\/prograd\/wp-content\/uploads\/catalogo_cursos\/2010\/corpo_docente\/c_sociais.pdf\" target=\"_blank\" rel=\"noreferrer noopener\">Corpo Docente<\/a><\/p>\n\n\n\n<p><a href=\"https:\/\/sites.uel.br\/prograd\/wp-content\/uploads\/catalogo_cursos\/2010\/estrutura_recursos\/cch.pdf\" target=\"_blank\" rel=\"noreferrer noopener\">Estrutura\/Recursos<\/a><\/p>\n","protected":false},"excerpt":{"rendered":"<p>Ci\u00eancias Sociais \u2013 Bacharelado e Licenciatura Informa\u00e7\u00f5es do Curso Organiza\u00e7\u00e3o Curricular (Bacharelado e Licenciatura &#8211; Matutino) (Bacharelado e Licenciatura &#8211; Noturno) Ementas (Bacharelado) (Licenciatura) Corpo Docente Estrutura\/Recursos<\/p>\n","protected":false},"author":8,"featured_media":0,"parent":0,"menu_order":0,"comment_status":"closed","ping_status":"closed","template":"","meta":{"_acf_changed":false,"_themeisle_gutenberg_block_has_review":false,"footnotes":""},"class_list":["post-10590","page","type-page","status-publish","hentry"],"acf":[],"_links":{"self":[{"href":"https:\/\/sites.uel.br\/prograd\/wp-json\/wp\/v2\/pages\/10590","targetHints":{"allow":["GET"]}}],"collection":[{"href":"https:\/\/sites.uel.br\/prograd\/wp-json\/wp\/v2\/pages"}],"about":[{"href":"https:\/\/sites.uel.br\/prograd\/wp-json\/wp\/v2\/types\/page"}],"author":[{"embeddable":true,"href":"https:\/\/sites.uel.br\/prograd\/wp-json\/wp\/v2\/users\/8"}],"replies":[{"embeddable":true,"href":"https:\/\/sites.uel.br\/prograd\/wp-json\/wp\/v2\/comments?post=10590"}],"version-history":[{"count":6,"href":"https:\/\/sites.uel.br\/prograd\/wp-json\/wp\/v2\/pages\/10590\/revisions"}],"predecessor-version":[{"id":28984,"href":"https:\/\/sites.uel.br\/prograd\/wp-json\/wp\/v2\/pages\/10590\/revisions\/28984"}],"wp:attachment":[{"href":"https:\/\/sites.uel.br\/prograd\/wp-json\/wp\/v2\/media?parent=10590"}],"curies":[{"name":"wp","href":"https:\/\/api.w.org\/{rel}","templated":true}]}}