{"id":10389,"date":"2023-06-19T16:09:05","date_gmt":"2023-06-19T19:09:05","guid":{"rendered":"https:\/\/sites.uel.br\/prograd\/?page_id=10389"},"modified":"2024-04-03T11:25:05","modified_gmt":"2024-04-03T14:25:05","slug":"catalogo-dos-cursos-de-graduacao-2015-geografia-bacharelado-e-licenciatura","status":"publish","type":"page","link":"https:\/\/sites.uel.br\/prograd\/catalogo-dos-cursos-de-graduacao-2015-geografia-bacharelado-e-licenciatura\/","title":{"rendered":"Cat\u00e1logo dos Cursos de Gradua\u00e7\u00e3o (2015)"},"content":{"rendered":"\n<hr class=\"wp-block-separator has-alpha-channel-opacity is-style-wide\"\/>\n\n\n\n<h2 class=\"wp-block-heading\">Geografia \u2013 Bacharelado e Licenciatura<\/h2>\n\n\n\n<p><a href=\"https:\/\/sites.uel.br\/prograd\/wp-content\/uploads\/catalogo_cursos\/2015\/informacoes_cursos\/geografia.pdf\" target=\"_blank\" rel=\"noreferrer noopener\">Informa\u00e7\u00f5es do Curso<\/a><\/p>\n\n\n\n<p>Organiza\u00e7\u00e3o Curricular<br>(<a href=\"https:\/\/sites.uel.br\/prograd\/wp-content\/uploads\/catalogo_cursos\/2015\/organizacao_curricular\/geografia_bacharelado_matutino.pdf\" target=\"_blank\" rel=\"noreferrer noopener\">Bacharelado &#8211; Matutino<\/a>) (<a href=\"https:\/\/sites.uel.br\/prograd\/wp-content\/uploads\/catalogo_cursos\/2015\/organizacao_curricular\/geografia_bacharelado_noturno.pdf\" target=\"_blank\" rel=\"noreferrer noopener\">Bacharelado &#8211; Noturno<\/a>)<br>(<a href=\"https:\/\/sites.uel.br\/prograd\/wp-content\/uploads\/catalogo_cursos\/2015\/organizacao_curricular\/geografia_licenciatura_matutino.pdf\" target=\"_blank\" rel=\"noreferrer noopener\">Licenciatura &#8211; Matutino<\/a>) (<a href=\"https:\/\/sites.uel.br\/prograd\/wp-content\/uploads\/catalogo_cursos\/2015\/organizacao_curricular\/geografia_licenciatura_noturno.pdf\" target=\"_blank\" rel=\"noreferrer noopener\">Licenciatura &#8211; Noturno<\/a>)<\/p>\n\n\n\n<p>Ementas<br>(<a href=\"https:\/\/sites.uel.br\/prograd\/wp-content\/uploads\/catalogo_cursos\/2015\/\/ementas\/geografia_bacharelado_matutino.pdf\" target=\"_blank\" rel=\"noreferrer noopener\">Ba<\/a><a href=\"https:\/\/sites.uel.br\/prograd\/wp-content\/uploads\/catalogo_cursos\/2015\/ementas\/geografia_bacharelado_matutino.pdf\" target=\"_blank\" rel=\"noreferrer noopener\">c<\/a><a href=\"https:\/\/sites.uel.br\/prograd\/wp-content\/uploads\/catalogo_cursos\/2015\/\/ementas\/geografia_bacharelado_matutino.pdf\" target=\"_blank\" rel=\"noreferrer noopener\">harelado &#8211; Matutino<\/a>) (<a href=\"https:\/\/sites.uel.br\/prograd\/wp-content\/uploads\/catalogo_cursos\/2015\/ementas\/geografia_bacharelado_noturno.pdf\" target=\"_blank\" rel=\"noreferrer noopener\">Bacharelado &#8211; Noturno<\/a>)<br>(<a href=\"https:\/\/sites.uel.br\/prograd\/wp-content\/uploads\/catalogo_cursos\/2015\/ementas\/geografia_licenciatura_matutino.pdf\" target=\"_blank\" rel=\"noreferrer noopener\">Licenciatura &#8211; Matutino<\/a>) (<a href=\"https:\/\/sites.uel.br\/prograd\/wp-content\/uploads\/catalogo_cursos\/2015\/ementas\/geografia_licenciatura_noturno.pdf\" target=\"_blank\" rel=\"noreferrer noopener\">Licenciatura &#8211; Noturno<\/a>)<\/p>\n\n\n\n<p><a href=\"https:\/\/sites.uel.br\/prograd\/wp-content\/uploads\/catalogo_cursos\/2015\/corpo_docente\/geografia.pdf\" target=\"_blank\" rel=\"noreferrer noopener\">Corpo Docente<\/a><\/p>\n\n\n\n<p><a href=\"https:\/\/sites.uel.br\/prograd\/wp-content\/uploads\/catalogo_cursos\/indisponivel.pdf\" target=\"_blank\" rel=\"noreferrer noopener\">Estrutura\/Recursos<\/a><\/p>\n","protected":false},"excerpt":{"rendered":"<p>Geografia \u2013 Bacharelado e Licenciatura Informa\u00e7\u00f5es do Curso Organiza\u00e7\u00e3o Curricular(Bacharelado &#8211; Matutino) (Bacharelado &#8211; Noturno)(Licenciatura &#8211; Matutino) (Licenciatura &#8211; Noturno) Ementas(Bacharelado &#8211; Matutino) (Bacharelado &#8211; Noturno)(Licenciatura &#8211; Matutino) (Licenciatura &#8211; Noturno) Corpo Docente Estrutura\/Recursos<\/p>\n","protected":false},"author":8,"featured_media":0,"parent":0,"menu_order":0,"comment_status":"closed","ping_status":"closed","template":"","meta":{"_acf_changed":false,"_themeisle_gutenberg_block_has_review":false,"footnotes":""},"class_list":["post-10389","page","type-page","status-publish","hentry"],"acf":[],"_links":{"self":[{"href":"https:\/\/sites.uel.br\/prograd\/wp-json\/wp\/v2\/pages\/10389","targetHints":{"allow":["GET"]}}],"collection":[{"href":"https:\/\/sites.uel.br\/prograd\/wp-json\/wp\/v2\/pages"}],"about":[{"href":"https:\/\/sites.uel.br\/prograd\/wp-json\/wp\/v2\/types\/page"}],"author":[{"embeddable":true,"href":"https:\/\/sites.uel.br\/prograd\/wp-json\/wp\/v2\/users\/8"}],"replies":[{"embeddable":true,"href":"https:\/\/sites.uel.br\/prograd\/wp-json\/wp\/v2\/comments?post=10389"}],"version-history":[{"count":6,"href":"https:\/\/sites.uel.br\/prograd\/wp-json\/wp\/v2\/pages\/10389\/revisions"}],"predecessor-version":[{"id":26149,"href":"https:\/\/sites.uel.br\/prograd\/wp-json\/wp\/v2\/pages\/10389\/revisions\/26149"}],"wp:attachment":[{"href":"https:\/\/sites.uel.br\/prograd\/wp-json\/wp\/v2\/media?parent=10389"}],"curies":[{"name":"wp","href":"https:\/\/api.w.org\/{rel}","templated":true}]}}