{"id":10217,"date":"2023-06-19T10:36:15","date_gmt":"2023-06-19T13:36:15","guid":{"rendered":"https:\/\/sites.uel.br\/prograd\/?page_id=10217"},"modified":"2024-04-03T09:07:25","modified_gmt":"2024-04-03T12:07:25","slug":"catalogo-dos-cursos-de-graduacao-2017-letras-ingles-e-espanhol","status":"publish","type":"page","link":"https:\/\/sites.uel.br\/prograd\/catalogo-dos-cursos-de-graduacao-2017-letras-ingles-e-espanhol\/","title":{"rendered":"Cat\u00e1logo dos Cursos de Gradua\u00e7\u00e3o (2017)"},"content":{"rendered":"\n<hr class=\"wp-block-separator has-alpha-channel-opacity is-style-wide\"\/>\n\n\n\n<h2 class=\"wp-block-heading\">Letras Ingl\u00eas e Espanhol<\/h2>\n\n\n\n<p>Informa\u00e7\u00f5es do Curso<br>(<a href=\"https:\/\/sites.uel.br\/prograd\/wp-content\/uploads\/catalogo_cursos\/2017\/informacoes_cursos\/letras_lingua_inglesa.pdf\" target=\"_blank\" rel=\"noreferrer noopener\">L\u00edngua Inglesa<\/a>) (<a href=\"https:\/\/sites.uel.br\/prograd\/wp-content\/uploads\/catalogo_cursos\/2017\/informacoes_cursos\/letras_lingua_espanhola.pdf\" target=\"_blank\" rel=\"noreferrer noopener\">L\u00edngua Espanhola<\/a>)<\/p>\n\n\n\n<p>Organiza\u00e7\u00e3o Curricular<br>(<a href=\"https:\/\/sites.uel.br\/prograd\/wp-content\/uploads\/catalogo_cursos\/2017\/organizacao_curricular\/letras_lingua_inglesa_vespertino.pdf\" target=\"_blank\" rel=\"noreferrer noopener\">L\u00edngua Inglesa &#8211; Vespertino<\/a>) (<a href=\"https:\/\/sites.uel.br\/prograd\/wp-content\/uploads\/catalogo_cursos\/2017\/organizacao_curricular\/letras_lingua_inglesa_noturno.pdf\" target=\"_blank\" rel=\"noreferrer noopener\">L\u00edngua Inglesa &#8211; Noturno<\/a>)<br>(<a href=\"https:\/\/sites.uel.br\/prograd\/wp-content\/uploads\/catalogo_cursos\/2017\/organizacao_curricular\/letras_lingua_espanhola_vespertino.pdf\" target=\"_blank\" rel=\"noreferrer noopener\">L\u00edngua Espanhola &#8211; Vespertino<\/a>) (<a href=\"https:\/\/sites.uel.br\/prograd\/wp-content\/uploads\/catalogo_cursos\/2017\/organizacao_curricular\/letras_lingua_espanhola_noturno.pdf\" target=\"_blank\" rel=\"noreferrer noopener\">L\u00edngua Espanhola &#8211; Noturno<\/a>)<\/p>\n\n\n\n<p>Ementas<br>(<a href=\"https:\/\/sites.uel.br\/prograd\/wp-content\/uploads\/catalogo_cursos\/2017\/ementas\/letras_lingua_inglesa_vespertino.pdf\" target=\"_blank\" rel=\"noreferrer noopener\">L\u00edngua Inglesa &#8211; Vespertino<\/a>) (<a href=\"https:\/\/sites.uel.br\/prograd\/wp-content\/uploads\/catalogo_cursos\/2017\/ementas\/letras_lingua_inglesa_noturno.pdf\" target=\"_blank\" rel=\"noreferrer noopener\">L\u00edngua Inglesa &#8211; Noturno<\/a>)<br>(<a href=\"https:\/\/sites.uel.br\/prograd\/wp-content\/uploads\/catalogo_cursos\/2017\/ementas\/letras_lingua_espanhola_vespertino.pdf\" target=\"_blank\" rel=\"noreferrer noopener\">L\u00edngua Espanhola &#8211; Vespertino<\/a>) (<a href=\"https:\/\/sites.uel.br\/prograd\/wp-content\/uploads\/catalogo_cursos\/2017\/ementas\/letras_lingua_espanhola_noturno.pdf\" target=\"_blank\" rel=\"noreferrer noopener\">L\u00edngua Espanhola &#8211; Noturno<\/a>)<\/p>\n\n\n\n<p>Corpo Docente<br>(<a href=\"https:\/\/sites.uel.br\/prograd\/wp-content\/uploads\/catalogo_cursos\/2017\/corpo_docente\/letras_lingua_inglesa.pdf\" target=\"_blank\" rel=\"noreferrer noopener\">L\u00edngua Inglesa<\/a>) (<a href=\"https:\/\/sites.uel.br\/prograd\/wp-content\/uploads\/catalogo_cursos\/2017\/corpo_docente\/letras_lingua_espanhola.pdf\" target=\"_blank\" rel=\"noreferrer noopener\">L\u00edngua Espanhola<\/a>)<\/p>\n\n\n\n<p><a href=\"https:\/\/sites.uel.br\/prograd\/wp-content\/uploads\/catalogo_cursos\/2017\/estrutura_recursos\/clch.pdf\" target=\"_blank\" rel=\"noreferrer noopener\">Estrutura\/Recursos<\/a><\/p>\n","protected":false},"excerpt":{"rendered":"<p>Letras Ingl\u00eas e Espanhol Informa\u00e7\u00f5es do Curso(L\u00edngua Inglesa) (L\u00edngua Espanhola) Organiza\u00e7\u00e3o Curricular(L\u00edngua Inglesa &#8211; Vespertino) (L\u00edngua Inglesa &#8211; Noturno)(L\u00edngua Espanhola &#8211; Vespertino) (L\u00edngua Espanhola &#8211; Noturno) Ementas(L\u00edngua Inglesa &#8211; Vespertino) (L\u00edngua Inglesa &#8211; Noturno)(L\u00edngua Espanhola &#8211; Vespertino) (L\u00edngua Espanhola &#8211; Noturno) Corpo Docente(L\u00edngua Inglesa) (L\u00edngua Espanhola) Estrutura\/Recursos<\/p>\n","protected":false},"author":8,"featured_media":0,"parent":0,"menu_order":0,"comment_status":"closed","ping_status":"closed","template":"","meta":{"_acf_changed":false,"_themeisle_gutenberg_block_has_review":false,"footnotes":""},"class_list":["post-10217","page","type-page","status-publish","hentry"],"acf":[],"_links":{"self":[{"href":"https:\/\/sites.uel.br\/prograd\/wp-json\/wp\/v2\/pages\/10217","targetHints":{"allow":["GET"]}}],"collection":[{"href":"https:\/\/sites.uel.br\/prograd\/wp-json\/wp\/v2\/pages"}],"about":[{"href":"https:\/\/sites.uel.br\/prograd\/wp-json\/wp\/v2\/types\/page"}],"author":[{"embeddable":true,"href":"https:\/\/sites.uel.br\/prograd\/wp-json\/wp\/v2\/users\/8"}],"replies":[{"embeddable":true,"href":"https:\/\/sites.uel.br\/prograd\/wp-json\/wp\/v2\/comments?post=10217"}],"version-history":[{"count":5,"href":"https:\/\/sites.uel.br\/prograd\/wp-json\/wp\/v2\/pages\/10217\/revisions"}],"predecessor-version":[{"id":26007,"href":"https:\/\/sites.uel.br\/prograd\/wp-json\/wp\/v2\/pages\/10217\/revisions\/26007"}],"wp:attachment":[{"href":"https:\/\/sites.uel.br\/prograd\/wp-json\/wp\/v2\/media?parent=10217"}],"curies":[{"name":"wp","href":"https:\/\/api.w.org\/{rel}","templated":true}]}}