{"id":7920,"date":"2026-03-31T11:19:46","date_gmt":"2026-03-31T14:19:46","guid":{"rendered":"https:\/\/sites.uel.br\/proex\/?page_id=7920"},"modified":"2026-04-01T14:43:24","modified_gmt":"2026-04-01T17:43:24","slug":"bolsa-iniciacao-extensionista-proinex-vigencia-2026-2027","status":"publish","type":"page","link":"https:\/\/sites.uel.br\/proex\/bolsa-iniciacao-extensionista-proinex-vigencia-2026-2027\/","title":{"rendered":"BOLSA INICIA\u00c7\u00c3O EXTENSIONISTA\/PROINEX \u2013 VIG\u00caNCIA 2026\/2027"},"content":{"rendered":"\n<p><strong><a href=\"https:\/\/sites.uel.br\/proex\/wp-content\/uploads\/2026\/04\/Edital-PROEX-PROINEX-095-2026-assinado.pdf\">Edital PROEX\/PROINEX &#8211; 095\/2026<\/a><\/strong> &#8211; Torna p\u00fablico o per\u00edodo de inscri\u00e7\u00e3o para o processo de sele\u00e7\u00e3o de Bolsas de Inicia\u00e7\u00e3o Extensionista.<\/p>\n\n\n\n<p><\/p>\n\n\n\n<p><br><strong>I &#8211; FORMUL\u00c1RIOS NECESS\u00c1RIOS PARA EFETIVA\u00c7\u00c3O DA INSCRI\u00c7\u00c3O:<\/strong><\/p>\n\n\n\n<div style=\"height:10px\" aria-hidden=\"true\" class=\"wp-block-spacer\"><\/div>\n\n\n\n<p>1. <strong>Anexo I <\/strong>\u2013 <a href=\"https:\/\/sites.uel.br\/proex\/wp-content\/uploads\/2026\/03\/Anexo-I-Formulario-de-Inscricao-PROINEX-2026.doc\">Formul\u00e1rio de Inscri\u00e7\u00e3o<\/a>;<\/p>\n\n\n\n<p>2. <strong>Anexo II <\/strong>\u2013 <a href=\"https:\/\/sites.uel.br\/proex\/wp-content\/uploads\/2026\/03\/Anexo-II-Tabela-Producao-Pontuacao-PROINEX-2026-final.docx\">Tabela de Produ\u00e7\u00e3o\/Pontua\u00e7\u00e3o<\/a> (<strong>em WORD<\/strong>);<\/p>\n\n\n\n<p>3. Coordenador\/a envia os Anexos I e II para o endere\u00e7o: <a href=\"mailto:proinex@uel.br\">proinex@uel.br<\/a><\/p>\n\n\n\n<p><\/p>\n\n\n\n<div style=\"height:20px\" aria-hidden=\"true\" class=\"wp-block-spacer\"><\/div>\n\n\n\n<p><strong>II &#8211; ORIENTADORES E RESPECTIVOS ESTUDANTES <\/strong><\/p>\n\n\n\n<p><strong>PROVID\u00caNCIAS &#8211; 01\/06 at\u00e9 \u00e0s 23h59min do dia 30\/06\/2026<\/strong>.&nbsp;<\/p>\n\n\n\n<p>1- <strong>Anexo V<\/strong> &#8211; <a href=\"https:\/\/sites.uel.br\/proex\/wp-content\/uploads\/2026\/04\/Anexo-V-PLANO-DE-TRABALHO-E-DECLARACAO-DO-BOLSISTA.docx\">Plano de Trabalho e Declara\u00e7\u00e3o do Bolsista<\/a> &#8211; Enviar para o endere\u00e7o: proinex@uel.br, ou, entregar na Divis\u00e3o de Projetos e Inicia\u00e7\u00e3o Extensionista &#8211; PROEX.<\/p>\n\n\n\n<p>2- Preencher o FORMUL\u00c1RIO ELETR\u00d4NICO DE INFORMA\u00c7\u00d5ES:<\/p>\n\n\n\n<p>Link de acesso:&nbsp;<a href=\"https:\/\/forms.gle\/2bB7gXUWKZ5Q9QSn7\">https:\/\/forms.gle\/2bB7gXUWKZ5Q9QSn7<\/a><\/p>\n\n\n\n<p>3- Cadastro e\/ou atualiza\u00e7\u00e3o de curr\u00edculo Lattes-CNPq;<\/p>\n\n\n\n<p>Link de acesso: <a href=\"https:\/\/lattes.cnpq.br\">lattes.cnpq.br<\/a><\/p>\n\n\n\n<p>4- Inscri\u00e7\u00e3o (registro de usu\u00e1rio) na Plataforma de Opera\u00e7\u00e3o de Projetos P\u00fablicos (SPARKX):<\/p>\n\n\n\n<p>Link de acesso: <a href=\"https:\/\/sparkx.fundacaoaraucaria.org.br\/#\/public\/registro\">https:\/\/sparkx.fundacaoaraucaria.org.br\/#\/public\/registro<\/a><\/p>\n\n\n\n<p><\/p>\n\n\n\n<p><strong>CRONOGRAMA DE EXECU\u00c7\u00c3O PREVISTO \u2013 2026 &#8211; 1\u00aa ETAPA<\/strong><\/p>\n\n\n\n<figure class=\"wp-block-table\"><table class=\"has-fixed-layout\"><tbody><tr><td class=\"has-text-align-left\" data-align=\"left\"><strong>PROVID\u00caNCIAS<\/strong><\/td><td class=\"has-text-align-center\" data-align=\"center\"><strong>PRAZOS<\/strong><\/td><\/tr><tr><td class=\"has-text-align-left\" data-align=\"left\"><strong>Coordenadores de projetos\/programas de extens\u00e3o<\/strong> \u2013 enviam por e-mail, para o endere\u00e7o: proinex@uel.br, o Formul\u00e1rio de Inscri\u00e7\u00e3o (Anexo I) e a <strong>Tabela de Produ\u00e7\u00e3o\/Pontua\u00e7\u00e3o (Anexo II), <u>em WORD<\/u><\/strong> dispon\u00edvel em <a href=\"https:\/\/sites.uel.br\/proex\/bolsa-iniciacao-extensionista-proinex-vigencia-2026-2027\/\" target=\"_blank\" rel=\"noreferrer noopener\">https:\/\/sites.uel.br\/proex\/bolsa-iniciacao-extensionista-proinex-vigencia-2026-2027\/<\/a><\/td><td class=\"has-text-align-center\" data-align=\"center\">06\/04 at\u00e9 \u00e0s 23h59min do dia 03\/05\/26<\/td><\/tr><tr><td class=\"has-text-align-left\" data-align=\"left\"><strong>Divis\u00e3o de Projetos e Inicia\u00e7\u00e3o Extensionista\/PROEX:<\/strong><br><strong>1 \u2013<\/strong>Verifica o enquadramento das inscri\u00e7\u00f5es protocoladas, quanto ao atendimento dos requisitos estabelecidos neste Edital;<br><strong>2 \u2013<\/strong> Publica o <strong>Edital com as inscri\u00e7\u00f5es deferidas e indeferidas<\/strong>;<br><strong>3 \u2013<\/strong> Encaminha a documenta\u00e7\u00e3o das inscri\u00e7\u00f5es <strong>deferidas<\/strong> para an\u00e1lise pelo Comit\u00ea Assessor do PROINEX.<\/td><td class=\"has-text-align-center\" data-align=\"center\">04 a 08\/05\/26<\/td><\/tr><tr><td class=\"has-text-align-left\" data-align=\"left\"><strong>Comit\u00ea Assessor do PROINEX:<\/strong><br><strong>1 &#8211; <\/strong>Analisa a pontua\u00e7\u00e3o autoatribu\u00edda apresentada na Tabela de Produ\u00e7\u00e3o\/Pontua\u00e7\u00e3o (Anexo II) pelos Coordenadores de projetos\/programas inscritos;<br><strong>2 \u2013<\/strong> Encaminha o resultado da avalia\u00e7\u00e3o da pontua\u00e7\u00e3o autoatribu\u00edda para a Divis\u00e3o de Projetos e Inicia\u00e7\u00e3o Extensionista\/PROEX.<\/td><td class=\"has-text-align-center\" data-align=\"center\">11 at\u00e9 \u00e0s 23h59min do dia 25\/05\/26<\/td><\/tr><tr><td class=\"has-text-align-left\" data-align=\"left\"><strong>Divis\u00e3o de Projetos e Inicia\u00e7\u00e3o Extensionista\/PROEX:<\/strong><br>Comunica, por e-mail, os Coordenadores de projetos\/programas de extens\u00e3o que tiveram redu\u00e7\u00e3o na pontua\u00e7\u00e3o autoatribu\u00edda apresentada na Tabela de Produ\u00e7\u00e3o\/Pontua\u00e7\u00e3o, informando-os, por t\u00f3picos, o motivo da redu\u00e7\u00e3o;<br>informa no e-mail de comunica\u00e7\u00e3o de redu\u00e7\u00e3o de pontua\u00e7\u00e3o autoatribu\u00edda, o prazo para protocolo de recurso (pedido de revis\u00e3o).<\/td><td class=\"has-text-align-center\" data-align=\"center\">26 a 29\/05\/2026<\/td><\/tr><tr><td class=\"has-text-align-left\" data-align=\"left\"><strong>Coordenadores de projetos\/programas de extens\u00e3o<\/strong> \u2013 prazo para envio de recurso (pedido de revis\u00e3o), no endere\u00e7o <a href=\"mailto:proinex@uel.br\">proinex@uel.br<\/a>, quanto a redu\u00e7\u00e3o na pontua\u00e7\u00e3o autoatribu\u00edda apresentada na Tabela de Produ\u00e7\u00e3o\/Pontua\u00e7\u00e3o.<\/td><td class=\"has-text-align-center\" data-align=\"center\">01\/06\/2026<\/td><\/tr><tr><td class=\"has-text-align-left\" data-align=\"left\"><strong>Comit\u00ea Assessor do PROINEX<\/strong> &#8211; analisa os recursos (pedidos de revis\u00e3o) enviados pelos Coordenadores de projetos e programas.<\/td><td class=\"has-text-align-center\" data-align=\"center\">02 a 11\/06\/2026<\/td><\/tr><tr><td class=\"has-text-align-left\" data-align=\"left\"><strong>Divis\u00e3o de Projetos e Inicia\u00e7\u00e3o Extensionista\/PROEX <\/strong>\u2013 comunica, por e-mail, os Coordenadores sobre o resultado da avalia\u00e7\u00e3o do recurso (pedido de revis\u00e3o) realizada pelo Comit\u00ea Assessor do PROINEX.<\/td><td class=\"has-text-align-center\" data-align=\"center\">15 a 19\/06\/2026<\/td><\/tr><tr><td class=\"has-text-align-left\" data-align=\"left\"><strong>Divis\u00e3o de Projetos e Inicia\u00e7\u00e3o Extensionista\/PROEX<\/strong> \u2013 prepara e divulga o <strong>Edital, <\/strong>por \u00c1rea Tem\u00e1tica, com a ordem decrescente de classifica\u00e7\u00e3o dos coordenadores inscritos.<\/td><td class=\"has-text-align-center\" data-align=\"center\">22 a 26\/06\/2026<\/td><\/tr><tr><td class=\"has-text-align-left\" data-align=\"left\"><strong>Orientadores e respectivos estudantes candidatos \u00e0 bolsa providenciam:<\/strong><br>1-cadastro e\/ou atualiza\u00e7\u00e3o de curr\u00edculo no lattes-CNPq;<br>2-Inscri\u00e7\u00e3o (Registro de Usu\u00e1rio) na Plataforma de Opera\u00e7\u00e3o de Projetos P\u00fablicos (Sparkx), dispon\u00edvel em <a href=\"https:\/\/sparkx.fundacaoaraucaria.org.br\/#\/public\/registro\">https:\/\/sparkx.fundacaoaraucaria.org.br\/#\/public\/registro<\/a> caso n\u00e3o possua.<br>3-<strong>Preenchimento do Formul\u00e1rio Eletr\u00f4nico de Informa\u00e7\u00f5es \u2013 PIBEX\/FUNDA\u00c7\u00c3O ARAUC\u00c1RIA <\/strong>dispon\u00edvel em: <a href=\"https:\/\/forms.gle\/2bB7gXUWKZ5Q9QSn7\" target=\"_blank\" rel=\"noreferrer noopener\">https:\/\/forms.gle\/2bB7gXUWKZ5Q9QSn7<\/a><br>4-Entrega, na Divis\u00e3o de Projetos e Inicia\u00e7\u00e3o Extensionista\/PROEX, do <strong>Formul\u00e1rio da Funda\u00e7\u00e3o Arauc\u00e1ria \u2013 Anexo V<\/strong> \u2013 Plano de Trabalho e Declara\u00e7\u00e3o do Bolsista preenchido e assinado, <strong>vedado o preenchimento na forma manuscrita, <\/strong>dispon\u00edvel em <a href=\"https:\/\/sites.uel.br\/proex\/bolsa-iniciacao-extensionista-proinex-vigencia-2026-2027\/\" target=\"_blank\" rel=\"noreferrer noopener\">https:\/\/sites.uel.br\/proex\/bolsa-iniciacao-extensionista-proinex-vigencia-2026-2027\/<\/a>.<\/td><td class=\"has-text-align-center\" data-align=\"center\">01\/06 at\u00e9 \u00e0s 23h59min do dia 30\/06\/2026<\/td><\/tr><\/tbody><\/table><\/figure>\n\n\n\n<div class=\"wp-block-columns is-layout-flex wp-container-core-columns-is-layout-9d6595d7 wp-block-columns-is-layout-flex\">\n<div class=\"wp-block-column is-layout-flow wp-block-column-is-layout-flow\" style=\"flex-basis:100%\"><\/div>\n<\/div>\n\n\n\n<div style=\"height:20px\" aria-hidden=\"true\" class=\"wp-block-spacer\"><\/div>\n\n\n\n<p><strong>CRONOGRAMA DE EXECU\u00c7\u00c3O PREVISTO \u2013 2026 &#8211; <\/strong><strong>2\u00aa ETAPA<\/strong><strong><\/strong><\/p>\n\n\n\n<figure class=\"wp-block-table\"><table class=\"has-fixed-layout\"><tbody><tr><td><strong>Divis\u00e3o de Projetos e Inicia\u00e7\u00e3o Extensionista\/PROEX<\/strong> \u2013 prepara e divulga o <strong>Edital, <\/strong>com as informa\u00e7\u00f5es sobre a carga hor\u00e1ria atribu\u00edda \u00e0s \u00c1reas Tem\u00e1ticas, aos projetos e programas inscritos e informa o <strong>prazo para entrega da documenta\u00e7\u00e3o dos Orientadores e Bolsistas <\/strong>contemplados, ap\u00f3s a aprova\u00e7\u00e3o do total de bolsas de extens\u00e3o pelos \u00f3rg\u00e3os concedentes.<\/td><td>A partir da data de aprova\u00e7\u00e3o das bolsas pelos \u00f3rg\u00e3os concedentes.<\/td><\/tr><tr><td><strong>Bolsistas<\/strong> indicados pelo projeto\/programa \u2013 providenciam a <strong>documenta\u00e7\u00e3o<\/strong> <strong>exigida no item 8.2.2<\/strong> devidamente assinada, a abertura e\/ou informa\u00e7\u00e3o da conta em nome do estudante (Banco, Ag\u00eancia e n\u00famero de conta corrente) e entregam a documenta\u00e7\u00e3o para o Orientador, dispon\u00edvel em <a href=\"https:\/\/sites.uel.br\/proex\/bolsa-iniciacao-extensionista-proinex-vigencia-2026-2027\/\" target=\"_blank\" rel=\"noreferrer noopener\">https:\/\/sites.uel.br\/proex\/bolsa-iniciacao-extensionista-proinex-vigencia-2026-2027\/<\/a><\/td><td>A partir da data de aprova\u00e7\u00e3o das bolsas pelos \u00f3rg\u00e3os concedentes.<\/td><\/tr><tr><td><strong>Orientadores \u2013 <\/strong>providenciam a documenta\u00e7\u00e3o exigida no item 8.2.1, devidamente assinada juntam com a documenta\u00e7\u00e3o do(s) bolsista(s) e enviam, num \u00fanico e-mail para o endere\u00e7o: <a href=\"mailto:proex.bolsista@uel.br\">proex.bolsista@uel.br<\/a> dispon\u00edvel em <a href=\"https:\/\/sites.uel.br\/proex\/bolsa-iniciacao-extensionista-proinex-vigencia-2026-2027\/\" target=\"_blank\" rel=\"noreferrer noopener\">https:\/\/sites.uel.br\/proex\/bolsa-iniciacao-extensionista-proinex-vigencia-2026-2027\/<\/a><\/td><td>A partir da data de aprova\u00e7\u00e3o das bolsas pelos \u00f3rg\u00e3os concedentes.<\/td><\/tr><tr><td><strong>Divis\u00e3o de Projetos e Inicia\u00e7\u00e3o Extensionista\/PROEX<\/strong> &#8211; providencia o cadastro dos Orientadores e Bolsistas junto ao SICAP &#8211; Sistema de Cadastro de Projetos e Sistema de Pagamento de Bolsas.<\/td><td>A partir da data de aprova\u00e7\u00e3o das bolsas pelos \u00f3rg\u00e3os concedentes.<\/td><\/tr><\/tbody><\/table><\/figure>\n\n\n\n<p><strong>TUTORIAIS<\/strong><\/p>\n\n\n\n<p><a href=\"https:\/\/wwws.cnpq.br\/cvlattesweb\/pkg_cv_estr.inicio\"><strong>Como criar curr\u00edculo Lattes<\/strong><\/a><\/p>\n\n\n\n<p><strong><a href=\"https:\/\/sites.uel.br\/proppg\/wp-content\/uploads\/2023\/10\/o-numero-identificador-ID-do-seu-curriculo-Lattes.pdf\">Como obter o ID Lattes ou seu endere\u00e7o (link)<\/a><\/strong><\/p>\n\n\n\n<p><\/p>\n","protected":false},"excerpt":{"rendered":"<p>Edital PROEX\/PROINEX &#8211; 095\/2026 &#8211; Torna p\u00fablico o per\u00edodo de inscri\u00e7\u00e3o para o processo de sele\u00e7\u00e3o de Bolsas de Inicia\u00e7\u00e3o Extensionista. I &#8211; FORMUL\u00c1RIOS NECESS\u00c1RIOS PARA EFETIVA\u00c7\u00c3O DA INSCRI\u00c7\u00c3O: 1. Anexo I \u2013 Formul\u00e1rio de Inscri\u00e7\u00e3o; 2. Anexo II \u2013 Tabela de Produ\u00e7\u00e3o\/Pontua\u00e7\u00e3o (em WORD); 3. Coordenador\/a envia os Anexos I e II para o [&hellip;]<\/p>\n","protected":false},"author":9,"featured_media":0,"parent":0,"menu_order":0,"comment_status":"closed","ping_status":"closed","template":"","meta":{"_acf_changed":false,"_themeisle_gutenberg_block_has_review":false,"footnotes":""},"class_list":["post-7920","page","type-page","status-publish","hentry"],"acf":[],"_links":{"self":[{"href":"https:\/\/sites.uel.br\/proex\/wp-json\/wp\/v2\/pages\/7920","targetHints":{"allow":["GET"]}}],"collection":[{"href":"https:\/\/sites.uel.br\/proex\/wp-json\/wp\/v2\/pages"}],"about":[{"href":"https:\/\/sites.uel.br\/proex\/wp-json\/wp\/v2\/types\/page"}],"author":[{"embeddable":true,"href":"https:\/\/sites.uel.br\/proex\/wp-json\/wp\/v2\/users\/9"}],"replies":[{"embeddable":true,"href":"https:\/\/sites.uel.br\/proex\/wp-json\/wp\/v2\/comments?post=7920"}],"version-history":[{"count":26,"href":"https:\/\/sites.uel.br\/proex\/wp-json\/wp\/v2\/pages\/7920\/revisions"}],"predecessor-version":[{"id":7967,"href":"https:\/\/sites.uel.br\/proex\/wp-json\/wp\/v2\/pages\/7920\/revisions\/7967"}],"wp:attachment":[{"href":"https:\/\/sites.uel.br\/proex\/wp-json\/wp\/v2\/media?parent=7920"}],"curies":[{"name":"wp","href":"https:\/\/api.w.org\/{rel}","templated":true}]}}