{"id":7828,"date":"2026-03-25T16:06:29","date_gmt":"2026-03-25T19:06:29","guid":{"rendered":"https:\/\/sites.uel.br\/proex\/?page_id=7828"},"modified":"2026-03-26T14:46:07","modified_gmt":"2026-03-26T17:46:07","slug":"1-forum-aex","status":"publish","type":"page","link":"https:\/\/sites.uel.br\/proex\/1-forum-aex\/","title":{"rendered":"1\u00b0 F\u00d3RUM AEX"},"content":{"rendered":"\n<div style=\"height:10px\" aria-hidden=\"true\" class=\"wp-block-spacer\"><\/div>\n\n\n<div class=\"wp-block-image\">\n<figure class=\"aligncenter size-full is-resized\"><img loading=\"lazy\" decoding=\"async\" width=\"704\" height=\"472\" src=\"https:\/\/sites.uel.br\/proex\/wp-content\/uploads\/2026\/03\/AEX-1.png\" alt=\"\" class=\"wp-image-7836\" style=\"width:289px;height:auto\" srcset=\"https:\/\/sites.uel.br\/proex\/wp-content\/uploads\/2026\/03\/AEX-1.png 704w, https:\/\/sites.uel.br\/proex\/wp-content\/uploads\/2026\/03\/AEX-1-300x201.png 300w\" sizes=\"auto, (max-width: 704px) 100vw, 704px\" \/><\/figure>\n<\/div>\n\n\n<div style=\"height:10px\" aria-hidden=\"true\" class=\"wp-block-spacer\"><\/div>\n\n\n\n<p>O <strong>1\u00b0 F\u00d3RUM AEX UEL &#8211; F\u00f3rum Permanente de Acompanhamento, Discuss\u00e3o e Avalia\u00e7\u00e3o da Credita\u00e7\u00e3o da Extens\u00e3o <\/strong>tem como objetivo, implementar e promover a discuss\u00e3o e troca de conhecimentos entre docentes, discentes e Coordenadores de Curso e de Extens\u00e3o, sobre as experi\u00eancias dos Cursos que iniciaram, no ano letivo de 2022, o processo de Credita\u00e7\u00e3o Curricular da extens\u00e3o da Universidade Estadual de Londrina \u2013 UEL.<\/p>\n\n\n\n<p>O F\u00f3rum aborda temas relevantes como: <strong>Regulamenta\u00e7\u00e3o da Extens\u00e3o<\/strong>; <strong>Conceito<\/strong>, <strong>Diretrizes e Indicadores<\/strong>; al\u00e9m do papeis de <strong>Coordenador e Comiss\u00e3o de extens\u00e3o<\/strong>, suas modalidades <strong>(Indicadas e Livres)<\/strong> e sua carga hor\u00e1ria dentro do <strong>Projeto Pedag\u00f3gico do Curso<\/strong>. Fomentando a colabora\u00e7\u00e3o e participa\u00e7\u00e3o de docentes, discentes e Coordenadores de Curso e de Extens\u00e3o na constru\u00e7\u00e3o de um di\u00e1logo atrav\u00e9s da mesa redonda com o tema: <strong>Relatos de Experi\u00eancias da Extens\u00e3o e da Credita\u00e7\u00e3o da Extens\u00e3o.<\/strong> <\/p>\n\n\n\n<blockquote class=\"wp-block-quote is-layout-flow wp-block-quote-is-layout-flow\">\n<p><strong>PROGRAMA\u00c7\u00c3O<\/strong><\/p>\n<\/blockquote>\n\n\n\n<div class=\"wp-block-group is-layout-grid wp-container-core-group-is-layout-9649a0d9 wp-block-group-is-layout-grid\">\n<figure class=\"wp-block-image size-full wp-container-content-e29552f7\"><img loading=\"lazy\" decoding=\"async\" width=\"539\" height=\"539\" src=\"https:\/\/sites.uel.br\/proex\/wp-content\/uploads\/2026\/03\/image-2.png\" alt=\"\" class=\"wp-image-7847\" srcset=\"https:\/\/sites.uel.br\/proex\/wp-content\/uploads\/2026\/03\/image-2.png 539w, https:\/\/sites.uel.br\/proex\/wp-content\/uploads\/2026\/03\/image-2-300x300.png 300w, https:\/\/sites.uel.br\/proex\/wp-content\/uploads\/2026\/03\/image-2-150x150.png 150w\" sizes=\"auto, (max-width: 539px) 100vw, 539px\" \/><\/figure>\n\n\n\n<figure class=\"wp-block-image size-large wp-container-content-e29552f7\"><img loading=\"lazy\" decoding=\"async\" width=\"1024\" height=\"1024\" src=\"https:\/\/sites.uel.br\/proex\/wp-content\/uploads\/2026\/03\/1o-Forum-AEX-mesa-redonda-1-1024x1024.png\" alt=\"\" class=\"wp-image-7846\" srcset=\"https:\/\/sites.uel.br\/proex\/wp-content\/uploads\/2026\/03\/1o-Forum-AEX-mesa-redonda-1-1024x1024.png 1024w, https:\/\/sites.uel.br\/proex\/wp-content\/uploads\/2026\/03\/1o-Forum-AEX-mesa-redonda-1-300x300.png 300w, https:\/\/sites.uel.br\/proex\/wp-content\/uploads\/2026\/03\/1o-Forum-AEX-mesa-redonda-1-150x150.png 150w, https:\/\/sites.uel.br\/proex\/wp-content\/uploads\/2026\/03\/1o-Forum-AEX-mesa-redonda-1-768x768.png 768w, https:\/\/sites.uel.br\/proex\/wp-content\/uploads\/2026\/03\/1o-Forum-AEX-mesa-redonda-1.png 1080w\" sizes=\"auto, (max-width: 1024px) 100vw, 1024px\" \/><\/figure>\n<\/div>\n\n\n\n<div style=\"height:25px\" aria-hidden=\"true\" class=\"wp-block-spacer\"><\/div>\n\n\n\n<blockquote class=\"wp-block-quote is-layout-flow wp-block-quote-is-layout-flow\">\n<p><strong><a href=\"https:\/\/sites.uel.br\/proex\/wp-content\/uploads\/2026\/03\/1o-Forum-CREDITACAO-CURRICULAR-DA-EXTENSAO.pdf\">Conte\u00fado ministrado<\/a><\/strong><\/p>\n<\/blockquote>\n\n\n\n<div style=\"height:6px\" aria-hidden=\"true\" class=\"wp-block-spacer\"><\/div>\n\n\n\n<blockquote class=\"wp-block-quote is-layout-flow wp-block-quote-is-layout-flow\">\n<p><strong>Leia mais sobre o Evento: <\/strong><a href=\"https:\/\/operobal.uel.br\/extensao\/2023\/03\/08\/estao-abertas-as-inscricoes-para-o-1-forum-de-atividades-de-extensao\/\"><strong>1\u00b0 F\u00f3rum AEX debate experi\u00eancias e credita\u00e7\u00e3o da Extens\u00e3o<\/strong><\/a><\/p>\n<\/blockquote>\n\n\n\n<p><\/p>\n","protected":false},"excerpt":{"rendered":"<p>O 1\u00b0 F\u00d3RUM AEX UEL &#8211; F\u00f3rum Permanente de Acompanhamento, Discuss\u00e3o e Avalia\u00e7\u00e3o da Credita\u00e7\u00e3o da Extens\u00e3o tem como objetivo, implementar e promover a discuss\u00e3o e troca de conhecimentos entre docentes, discentes e Coordenadores de Curso e de Extens\u00e3o, sobre as experi\u00eancias dos Cursos que iniciaram, no ano letivo de 2022, o processo de Credita\u00e7\u00e3o [&hellip;]<\/p>\n","protected":false},"author":9,"featured_media":0,"parent":0,"menu_order":0,"comment_status":"closed","ping_status":"closed","template":"","meta":{"_acf_changed":false,"_themeisle_gutenberg_block_has_review":false,"footnotes":""},"class_list":["post-7828","page","type-page","status-publish","hentry"],"acf":[],"_links":{"self":[{"href":"https:\/\/sites.uel.br\/proex\/wp-json\/wp\/v2\/pages\/7828","targetHints":{"allow":["GET"]}}],"collection":[{"href":"https:\/\/sites.uel.br\/proex\/wp-json\/wp\/v2\/pages"}],"about":[{"href":"https:\/\/sites.uel.br\/proex\/wp-json\/wp\/v2\/types\/page"}],"author":[{"embeddable":true,"href":"https:\/\/sites.uel.br\/proex\/wp-json\/wp\/v2\/users\/9"}],"replies":[{"embeddable":true,"href":"https:\/\/sites.uel.br\/proex\/wp-json\/wp\/v2\/comments?post=7828"}],"version-history":[{"count":19,"href":"https:\/\/sites.uel.br\/proex\/wp-json\/wp\/v2\/pages\/7828\/revisions"}],"predecessor-version":[{"id":7898,"href":"https:\/\/sites.uel.br\/proex\/wp-json\/wp\/v2\/pages\/7828\/revisions\/7898"}],"wp:attachment":[{"href":"https:\/\/sites.uel.br\/proex\/wp-json\/wp\/v2\/media?parent=7828"}],"curies":[{"name":"wp","href":"https:\/\/api.w.org\/{rel}","templated":true}]}}