{"id":7623,"date":"2026-03-19T15:47:01","date_gmt":"2026-03-19T18:47:01","guid":{"rendered":"https:\/\/sites.uel.br\/proex\/?page_id=7623"},"modified":"2026-03-24T13:47:12","modified_gmt":"2026-03-24T16:47:12","slug":"mostra-de-arte-cultura-da-uel","status":"publish","type":"page","link":"https:\/\/sites.uel.br\/proex\/mostra-de-arte-cultura-da-uel\/","title":{"rendered":"Mostra de Arte &amp; Cultura da UEL"},"content":{"rendered":"\n<figure class=\"wp-block-gallery has-nested-images columns-default is-cropped wp-block-gallery-1 is-layout-flex wp-block-gallery-is-layout-flex\">\n<figure class=\"wp-block-image size-large\"><img loading=\"lazy\" decoding=\"async\" width=\"1024\" height=\"278\" data-id=\"7652\" src=\"https:\/\/sites.uel.br\/proex\/wp-content\/uploads\/2026\/03\/Design-sem-nome-3-2-1024x278.png\" alt=\"\" class=\"wp-image-7652\" srcset=\"https:\/\/sites.uel.br\/proex\/wp-content\/uploads\/2026\/03\/Design-sem-nome-3-2-1024x278.png 1024w, https:\/\/sites.uel.br\/proex\/wp-content\/uploads\/2026\/03\/Design-sem-nome-3-2-300x81.png 300w, https:\/\/sites.uel.br\/proex\/wp-content\/uploads\/2026\/03\/Design-sem-nome-3-2-768x208.png 768w, https:\/\/sites.uel.br\/proex\/wp-content\/uploads\/2026\/03\/Design-sem-nome-3-2-1536x417.png 1536w, https:\/\/sites.uel.br\/proex\/wp-content\/uploads\/2026\/03\/Design-sem-nome-3-2-2048x556.png 2048w\" sizes=\"auto, (max-width: 1024px) 100vw, 1024px\" \/><\/figure>\n<\/figure>\n\n\n\n<div style=\"height:30px\" aria-hidden=\"true\" class=\"wp-block-spacer\"><\/div>\n\n\n\n<p>Ao longo de sua hist\u00f3ria, a UEL construiu uma tradi\u00e7\u00e3o em festivais e produ\u00e7\u00f5es que fortalecem a identidade institucional, ampliam a forma\u00e7\u00e3o integral dos estudantes e geram impacto na cidade e regi\u00e3o.<\/p>\n\n\n\n<p class=\"has-text-align-left\">Promovida pela <strong>UNIVERSIDADE ESTADUAL DE LONDRINA (UEL)<\/strong>, por meio da <strong>Pr\u00f3-Reitoria de Extens\u00e3o, Cultura e Sociedade (PROEX\/UEL)<\/strong>, por meio da Diretoria de Eventos, Cultura e Rela\u00e7\u00f5es com a Sociedade, a <strong>MOSTRA DE ARTE E CULTURA DA UEL<\/strong> tem como objetivo criar um espa\u00e7o de encontro para estudantes, docentes e agentes universit\u00e1rios, onde possam compartilhar suas express\u00f5es art\u00edsticas e culturais, celebrando a diversidade, despertando a criatividade e ampliando o di\u00e1logo. <\/p>\n\n\n\n<p>Ela conta com apresenta\u00e7\u00f5es de dan\u00e7a, m\u00fasica, teatro, poesia, patrim\u00f4nio e audiovisual, atuando como um convite \u00e0 comunidade para vivenciar a cultura como catalisadora de pensamento cr\u00edtico, da criatividade e do desenvolvimento humano.<\/p>\n\n\n\n<div style=\"height:14px\" aria-hidden=\"true\" class=\"wp-block-spacer\"><\/div>\n\n\n\n<h2 class=\"wp-block-heading\">EDI\u00c7\u00d5ES DO EVENTO<\/h2>\n\n\n\n<div style=\"height:25px\" aria-hidden=\"true\" class=\"wp-block-spacer\"><\/div>\n\n\n\n<div class=\"wp-block-media-text is-stacked-on-mobile\" style=\"grid-template-columns:15% auto\"><figure class=\"wp-block-media-text__media\"><a href=\"https:\/\/sites.uel.br\/proex\/mostra-de-arte-e-cultura-da-uel\/\"><img loading=\"lazy\" decoding=\"async\" width=\"844\" height=\"1024\" src=\"https:\/\/sites.uel.br\/proex\/wp-content\/uploads\/2026\/03\/1-844x1024.jpeg\" alt=\"\" class=\"wp-image-7655 size-full\" srcset=\"https:\/\/sites.uel.br\/proex\/wp-content\/uploads\/2026\/03\/1-844x1024.jpeg 844w, https:\/\/sites.uel.br\/proex\/wp-content\/uploads\/2026\/03\/1-247x300.jpeg 247w, https:\/\/sites.uel.br\/proex\/wp-content\/uploads\/2026\/03\/1-768x932.jpeg 768w, https:\/\/sites.uel.br\/proex\/wp-content\/uploads\/2026\/03\/1.jpeg 1080w\" sizes=\"auto, (max-width: 844px) 100vw, 844px\" \/><\/a><\/figure><div class=\"wp-block-media-text__content\">\n<p>Como atividade de Recep\u00e7\u00e3o aos Ingressantes na Universidade Estadual de Londrina (UEL), a <strong>2\u00b0 MOSTRA DE ARTE E CULTURA DA UEL<\/strong> reuniu estudantes, docentes e agentes universit\u00e1rios, com o objetivo de compartilhar suas express\u00f5es art\u00edsticas e culturais, celebrando a diversidade, despertando a criatividade e ampliando o di\u00e1logo no campus universit\u00e1rio.<\/p>\n\n\n\n<p><strong>Leia mais sobre: <a href=\"http:\/\/Segunda Mostra de Arte e Cultura vai at\u00e9 10 de abril na Biblioteca Central\">Segunda Mostra de Arte e Cultura vai at\u00e9 10 de abril na Biblioteca Central<\/a><\/strong><\/p>\n<\/div><\/div>\n\n\n\n<div class=\"wp-block-media-text is-stacked-on-mobile\" style=\"grid-template-columns:15% auto\"><figure class=\"wp-block-media-text__media\"><a href=\"https:\/\/sites.uel.br\/proex\/1-mostra-de-arte-e-cultura-da-uel\/\"><img loading=\"lazy\" decoding=\"async\" width=\"857\" height=\"1024\" src=\"https:\/\/sites.uel.br\/proex\/wp-content\/uploads\/2026\/03\/2-857x1024.jpeg\" alt=\"\" class=\"wp-image-7654 size-full\" srcset=\"https:\/\/sites.uel.br\/proex\/wp-content\/uploads\/2026\/03\/2-857x1024.jpeg 857w, https:\/\/sites.uel.br\/proex\/wp-content\/uploads\/2026\/03\/2-251x300.jpeg 251w, https:\/\/sites.uel.br\/proex\/wp-content\/uploads\/2026\/03\/2-768x917.jpeg 768w, https:\/\/sites.uel.br\/proex\/wp-content\/uploads\/2026\/03\/2.jpeg 1080w\" sizes=\"auto, (max-width: 857px) 100vw, 857px\" \/><\/a><\/figure><div class=\"wp-block-media-text__content\">\n<p>Com o objetivo de valorizar a arte local e manter a produ\u00e7\u00e3o art\u00edstica acess\u00edvel \u00e0 comunidade, a <strong>Semana de Eventos Integrados<\/strong> recebeu, em 2025, a <strong>1\u00b0 Mostra de Arte &amp; Cultura da UEL<\/strong>. A programa\u00e7\u00e3o contou com diversas atividades culturais, como exposi\u00e7\u00f5es de pinturas, fotografias e desenhos, al\u00e9m de apresenta\u00e7\u00f5es de dan\u00e7a, m\u00fasica e declama\u00e7\u00f5es de poesia, realizadas em diferentes espa\u00e7os do Campus Universit\u00e1rio.<\/p>\n\n\n\n<p><strong>Leia mais sobre: <a href=\"https:\/\/operobal.uel.br\/cultura\/2025\/11\/12\/uel-realiza-primeira-mostra-de-arte-e-cultura\/\">UEL realiza primeira Mostra de Arte e Cultura<\/a><\/strong><\/p>\n<\/div><\/div>\n\n\n\n<div style=\"height:39px\" aria-hidden=\"true\" class=\"wp-block-spacer\"><\/div>\n\n\n\n<blockquote class=\"wp-block-quote is-layout-flow wp-block-quote-is-layout-flow\">\n<p><strong>Informa\u00e7\u00f5es:<\/strong> ders.proex@uel.br<\/p>\n<\/blockquote>\n\n\n\n<p><\/p>\n","protected":false},"excerpt":{"rendered":"<p>Ao longo de sua hist\u00f3ria, a UEL construiu uma tradi\u00e7\u00e3o em festivais e produ\u00e7\u00f5es que fortalecem a identidade institucional, ampliam a forma\u00e7\u00e3o integral dos estudantes e geram impacto na cidade e regi\u00e3o. Promovida pela UNIVERSIDADE ESTADUAL DE LONDRINA (UEL), por meio da Pr\u00f3-Reitoria de Extens\u00e3o, Cultura e Sociedade (PROEX\/UEL), por meio da Diretoria de Eventos, [&hellip;]<\/p>\n","protected":false},"author":9,"featured_media":0,"parent":0,"menu_order":0,"comment_status":"closed","ping_status":"closed","template":"","meta":{"_acf_changed":false,"_themeisle_gutenberg_block_has_review":false,"footnotes":""},"class_list":["post-7623","page","type-page","status-publish","hentry"],"acf":[],"_links":{"self":[{"href":"https:\/\/sites.uel.br\/proex\/wp-json\/wp\/v2\/pages\/7623","targetHints":{"allow":["GET"]}}],"collection":[{"href":"https:\/\/sites.uel.br\/proex\/wp-json\/wp\/v2\/pages"}],"about":[{"href":"https:\/\/sites.uel.br\/proex\/wp-json\/wp\/v2\/types\/page"}],"author":[{"embeddable":true,"href":"https:\/\/sites.uel.br\/proex\/wp-json\/wp\/v2\/users\/9"}],"replies":[{"embeddable":true,"href":"https:\/\/sites.uel.br\/proex\/wp-json\/wp\/v2\/comments?post=7623"}],"version-history":[{"count":58,"href":"https:\/\/sites.uel.br\/proex\/wp-json\/wp\/v2\/pages\/7623\/revisions"}],"predecessor-version":[{"id":7820,"href":"https:\/\/sites.uel.br\/proex\/wp-json\/wp\/v2\/pages\/7623\/revisions\/7820"}],"wp:attachment":[{"href":"https:\/\/sites.uel.br\/proex\/wp-json\/wp\/v2\/media?parent=7623"}],"curies":[{"name":"wp","href":"https:\/\/api.w.org\/{rel}","templated":true}]}}