{"id":7551,"date":"2026-03-19T15:49:48","date_gmt":"2026-03-19T18:49:48","guid":{"rendered":"https:\/\/sites.uel.br\/proex\/?page_id=7551"},"modified":"2026-03-24T13:48:18","modified_gmt":"2026-03-24T16:48:18","slug":"1-mostra-de-arte-e-cultura-da-uel","status":"publish","type":"page","link":"https:\/\/sites.uel.br\/proex\/1-mostra-de-arte-e-cultura-da-uel\/","title":{"rendered":"1\u00aa Mostra de Arte e Cultura da UEL"},"content":{"rendered":"\n<div style=\"height:39px\" aria-hidden=\"true\" class=\"wp-block-spacer\"><\/div>\n\n\n\n<figure class=\"wp-block-gallery has-nested-images columns-default is-cropped wp-block-gallery-1 is-layout-flex wp-block-gallery-is-layout-flex\">\n<figure class=\"wp-block-image size-large\"><img loading=\"lazy\" decoding=\"async\" width=\"1024\" height=\"256\" data-id=\"7694\" src=\"https:\/\/sites.uel.br\/proex\/wp-content\/uploads\/2026\/03\/banner-forms-mostra-de-arte-e-cultura-1024x256.png\" alt=\"\" class=\"wp-image-7694\" srcset=\"https:\/\/sites.uel.br\/proex\/wp-content\/uploads\/2026\/03\/banner-forms-mostra-de-arte-e-cultura-1024x256.png 1024w, https:\/\/sites.uel.br\/proex\/wp-content\/uploads\/2026\/03\/banner-forms-mostra-de-arte-e-cultura-300x75.png 300w, https:\/\/sites.uel.br\/proex\/wp-content\/uploads\/2026\/03\/banner-forms-mostra-de-arte-e-cultura-768x192.png 768w, https:\/\/sites.uel.br\/proex\/wp-content\/uploads\/2026\/03\/banner-forms-mostra-de-arte-e-cultura-1536x384.png 1536w, https:\/\/sites.uel.br\/proex\/wp-content\/uploads\/2026\/03\/banner-forms-mostra-de-arte-e-cultura.png 1600w\" sizes=\"auto, (max-width: 1024px) 100vw, 1024px\" \/><\/figure>\n<\/figure>\n\n\n\n<div style=\"height:75px\" aria-hidden=\"true\" class=\"wp-block-spacer\"><\/div>\n\n\n\n<p>A <strong>1\u00aa Mostra de Arte e Cultura da UEL<\/strong>,&nbsp;realizada entre os dias 12 e 13 novembro de 2025, integrou a <strong>Semana de Eventos Acad\u00eamicos<\/strong>, apresentando produ\u00e7\u00f5es de alunos, servidores e egressos em m\u00fasica, teatro, dan\u00e7a e artes visuais. O evento destacou a produ\u00e7\u00e3o cultural da comunidade universit\u00e1ria com apresenta\u00e7\u00f5es no <strong>Restaurante Universit\u00e1rio (RU)<\/strong>.&nbsp;<\/p>\n\n\n\n<p>As pinturas, fotografias e desenhos for\u00e3o expostas durante as apresenta\u00e7\u00f5es do evento <strong>Por Extenso<\/strong>, no dia 12 de novembro, no sagu\u00e3o do <strong>Centros de Estudos Sociais Aplicados (CESA)<\/strong>.&nbsp;<\/p>\n\n\n\n<div style=\"height:13px\" aria-hidden=\"true\" class=\"wp-block-spacer\"><\/div>\n\n\n\n<blockquote class=\"wp-block-quote is-layout-flow wp-block-quote-is-layout-flow\">\n<p><strong>PROGRAMA\u00c7\u00c3O<\/strong><\/p>\n<\/blockquote>\n\n\n\n<figure class=\"wp-block-table is-style-stripes\"><table class=\"has-fixed-layout\"><tbody><tr><td class=\"has-text-align-center\" data-align=\"center\"><strong>EXPOSI\u00c7\u00c3O<\/strong><br><br><em>SAGU\u00c3O DO CENTRO DE ESTUDOS SOCIAIS APLICADOS (CESA) \u2013 12\/11\/2025<\/em><br><\/td><td class=\"has-text-align-center\" data-align=\"center\"><strong>APRESENTA\u00c7\u00d5ES<\/strong><br><br><em>RESTAURANTE UNIVERSIT\u00c1RIO \u2013 13\/11\/2025<\/em><br><strong>das 11h30 \u00e0s 14h | das 17h \u00e0s 19h<\/strong><\/td><\/tr><\/tbody><\/table><\/figure>\n\n\n\n<div style=\"height:25px\" aria-hidden=\"true\" class=\"wp-block-spacer\"><\/div>\n\n\n\n<blockquote class=\"wp-block-quote is-layout-flow wp-block-quote-is-layout-flow\">\n<p><strong>Evento<\/strong><\/p>\n<\/blockquote>\n\n\n\n<div class=\"wp-block-columns is-layout-flex wp-container-core-columns-is-layout-9d6595d7 wp-block-columns-is-layout-flex\">\n<div class=\"wp-block-column is-layout-flow wp-block-column-is-layout-flow\">\n<div class=\"wp-block-group is-layout-grid wp-container-core-group-is-layout-9649a0d9 wp-block-group-is-layout-grid\">\n<figure class=\"wp-block-image size-large\"><img loading=\"lazy\" decoding=\"async\" width=\"819\" height=\"1024\" src=\"https:\/\/sites.uel.br\/proex\/wp-content\/uploads\/2026\/03\/11-819x1024.png\" alt=\"\" class=\"wp-image-7704\" srcset=\"https:\/\/sites.uel.br\/proex\/wp-content\/uploads\/2026\/03\/11-819x1024.png 819w, https:\/\/sites.uel.br\/proex\/wp-content\/uploads\/2026\/03\/11-240x300.png 240w, https:\/\/sites.uel.br\/proex\/wp-content\/uploads\/2026\/03\/11-768x960.png 768w, https:\/\/sites.uel.br\/proex\/wp-content\/uploads\/2026\/03\/11.png 1080w\" sizes=\"auto, (max-width: 819px) 100vw, 819px\" \/><\/figure>\n\n\n\n<figure class=\"wp-block-image size-large\"><img loading=\"lazy\" decoding=\"async\" width=\"819\" height=\"1024\" src=\"https:\/\/sites.uel.br\/proex\/wp-content\/uploads\/2026\/03\/10-819x1024.png\" alt=\"\" class=\"wp-image-7703\" srcset=\"https:\/\/sites.uel.br\/proex\/wp-content\/uploads\/2026\/03\/10-819x1024.png 819w, https:\/\/sites.uel.br\/proex\/wp-content\/uploads\/2026\/03\/10-240x300.png 240w, https:\/\/sites.uel.br\/proex\/wp-content\/uploads\/2026\/03\/10-768x960.png 768w, https:\/\/sites.uel.br\/proex\/wp-content\/uploads\/2026\/03\/10.png 1080w\" sizes=\"auto, (max-width: 819px) 100vw, 819px\" \/><\/figure>\n\n\n\n<figure class=\"wp-block-image size-large\"><img loading=\"lazy\" decoding=\"async\" width=\"819\" height=\"1024\" src=\"https:\/\/sites.uel.br\/proex\/wp-content\/uploads\/2026\/03\/5-819x1024.png\" alt=\"\" class=\"wp-image-7717\" srcset=\"https:\/\/sites.uel.br\/proex\/wp-content\/uploads\/2026\/03\/5-819x1024.png 819w, https:\/\/sites.uel.br\/proex\/wp-content\/uploads\/2026\/03\/5-240x300.png 240w, https:\/\/sites.uel.br\/proex\/wp-content\/uploads\/2026\/03\/5-768x960.png 768w, https:\/\/sites.uel.br\/proex\/wp-content\/uploads\/2026\/03\/5.png 1080w\" sizes=\"auto, (max-width: 819px) 100vw, 819px\" \/><\/figure>\n\n\n\n<figure class=\"wp-block-image size-large\"><img loading=\"lazy\" decoding=\"async\" width=\"819\" height=\"1024\" src=\"https:\/\/sites.uel.br\/proex\/wp-content\/uploads\/2026\/03\/12-819x1024.png\" alt=\"\" class=\"wp-image-7705\" srcset=\"https:\/\/sites.uel.br\/proex\/wp-content\/uploads\/2026\/03\/12-819x1024.png 819w, https:\/\/sites.uel.br\/proex\/wp-content\/uploads\/2026\/03\/12-240x300.png 240w, https:\/\/sites.uel.br\/proex\/wp-content\/uploads\/2026\/03\/12-768x960.png 768w, https:\/\/sites.uel.br\/proex\/wp-content\/uploads\/2026\/03\/12.png 1080w\" sizes=\"auto, (max-width: 819px) 100vw, 819px\" \/><\/figure>\n\n\n\n<figure class=\"wp-block-image size-large\"><img loading=\"lazy\" decoding=\"async\" width=\"819\" height=\"1024\" src=\"https:\/\/sites.uel.br\/proex\/wp-content\/uploads\/2026\/03\/3-819x1024.png\" alt=\"\" class=\"wp-image-7699\" srcset=\"https:\/\/sites.uel.br\/proex\/wp-content\/uploads\/2026\/03\/3-819x1024.png 819w, https:\/\/sites.uel.br\/proex\/wp-content\/uploads\/2026\/03\/3-240x300.png 240w, https:\/\/sites.uel.br\/proex\/wp-content\/uploads\/2026\/03\/3-768x960.png 768w, https:\/\/sites.uel.br\/proex\/wp-content\/uploads\/2026\/03\/3.png 1080w\" sizes=\"auto, (max-width: 819px) 100vw, 819px\" \/><\/figure>\n<\/div>\n<\/div>\n<\/div>\n\n\n\n<div class=\"wp-block-group is-layout-grid wp-container-core-group-is-layout-9649a0d9 wp-block-group-is-layout-grid\">\n<figure class=\"wp-block-image size-large\"><img loading=\"lazy\" decoding=\"async\" width=\"819\" height=\"1024\" src=\"https:\/\/sites.uel.br\/proex\/wp-content\/uploads\/2026\/03\/8-819x1024.png\" alt=\"\" class=\"wp-image-7701\" srcset=\"https:\/\/sites.uel.br\/proex\/wp-content\/uploads\/2026\/03\/8-819x1024.png 819w, https:\/\/sites.uel.br\/proex\/wp-content\/uploads\/2026\/03\/8-240x300.png 240w, https:\/\/sites.uel.br\/proex\/wp-content\/uploads\/2026\/03\/8-768x960.png 768w, https:\/\/sites.uel.br\/proex\/wp-content\/uploads\/2026\/03\/8.png 1080w\" sizes=\"auto, (max-width: 819px) 100vw, 819px\" \/><\/figure>\n\n\n\n<figure class=\"wp-block-image size-large\"><img loading=\"lazy\" decoding=\"async\" width=\"819\" height=\"1024\" src=\"https:\/\/sites.uel.br\/proex\/wp-content\/uploads\/2026\/03\/1-819x1024.png\" alt=\"\" class=\"wp-image-7697\" srcset=\"https:\/\/sites.uel.br\/proex\/wp-content\/uploads\/2026\/03\/1-819x1024.png 819w, https:\/\/sites.uel.br\/proex\/wp-content\/uploads\/2026\/03\/1-240x300.png 240w, https:\/\/sites.uel.br\/proex\/wp-content\/uploads\/2026\/03\/1-768x960.png 768w, https:\/\/sites.uel.br\/proex\/wp-content\/uploads\/2026\/03\/1.png 1080w\" sizes=\"auto, (max-width: 819px) 100vw, 819px\" \/><\/figure>\n\n\n\n<figure class=\"wp-block-image size-large\"><img loading=\"lazy\" decoding=\"async\" width=\"819\" height=\"1024\" src=\"https:\/\/sites.uel.br\/proex\/wp-content\/uploads\/2026\/03\/6-819x1024.png\" alt=\"\" class=\"wp-image-7700\" srcset=\"https:\/\/sites.uel.br\/proex\/wp-content\/uploads\/2026\/03\/6-819x1024.png 819w, https:\/\/sites.uel.br\/proex\/wp-content\/uploads\/2026\/03\/6-240x300.png 240w, https:\/\/sites.uel.br\/proex\/wp-content\/uploads\/2026\/03\/6-768x960.png 768w, https:\/\/sites.uel.br\/proex\/wp-content\/uploads\/2026\/03\/6.png 1080w\" sizes=\"auto, (max-width: 819px) 100vw, 819px\" \/><\/figure>\n\n\n\n<figure class=\"wp-block-image size-large\"><img loading=\"lazy\" decoding=\"async\" width=\"819\" height=\"1024\" src=\"https:\/\/sites.uel.br\/proex\/wp-content\/uploads\/2026\/03\/7-819x1024.png\" alt=\"\" class=\"wp-image-7696\" srcset=\"https:\/\/sites.uel.br\/proex\/wp-content\/uploads\/2026\/03\/7-819x1024.png 819w, https:\/\/sites.uel.br\/proex\/wp-content\/uploads\/2026\/03\/7-240x300.png 240w, https:\/\/sites.uel.br\/proex\/wp-content\/uploads\/2026\/03\/7-768x960.png 768w, https:\/\/sites.uel.br\/proex\/wp-content\/uploads\/2026\/03\/7.png 1080w\" sizes=\"auto, (max-width: 819px) 100vw, 819px\" \/><\/figure>\n\n\n\n<figure class=\"wp-block-image size-large\"><img loading=\"lazy\" decoding=\"async\" width=\"819\" height=\"1024\" src=\"https:\/\/sites.uel.br\/proex\/wp-content\/uploads\/2026\/03\/2-819x1024.png\" alt=\"\" class=\"wp-image-7698\" srcset=\"https:\/\/sites.uel.br\/proex\/wp-content\/uploads\/2026\/03\/2-819x1024.png 819w, https:\/\/sites.uel.br\/proex\/wp-content\/uploads\/2026\/03\/2-240x300.png 240w, https:\/\/sites.uel.br\/proex\/wp-content\/uploads\/2026\/03\/2-768x960.png 768w, https:\/\/sites.uel.br\/proex\/wp-content\/uploads\/2026\/03\/2.png 1080w\" sizes=\"auto, (max-width: 819px) 100vw, 819px\" \/><\/figure>\n<\/div>\n\n\n\n<div style=\"height:0px\" aria-hidden=\"true\" class=\"wp-block-spacer\"><\/div>\n\n\n\n<div style=\"height:25px\" aria-hidden=\"true\" class=\"wp-block-spacer\"><\/div>\n\n\n\n<p class=\"has-text-align-right\"><em><em><strong>Fotos:<\/strong> Elissa Gebauer, Isadora Pitzschk<\/em><\/em><\/p>\n\n\n\n<p><a href=\"https:\/\/drive.google.com\/drive\/folders\/1XAbljpPq139RLJ53sc3IXYM3FTmcYsdm\"><strong>CLIQUE AQUI PARA MAIS FOTOS<\/strong> <\/a><\/p>\n\n\n\n<div style=\"height:25px\" aria-hidden=\"true\" class=\"wp-block-spacer\"><\/div>\n\n\n\n<blockquote class=\"wp-block-quote is-layout-flow wp-block-quote-is-layout-flow\">\n<p><strong>Leia mais sobre o evento:<\/strong>&nbsp;<strong><a href=\"https:\/\/operobal.uel.br\/cultura\/2025\/11\/12\/uel-realiza-primeira-mostra-de-arte-e-cultura\/\">UEL realiza primeira Mostra de Arte e Cultura<\/a><\/strong><\/p>\n<\/blockquote>\n\n\n\n<p><\/p>\n","protected":false},"excerpt":{"rendered":"<p>A 1\u00aa Mostra de Arte e Cultura da UEL,&nbsp;realizada entre os dias 12 e 13 novembro de 2025, integrou a Semana de Eventos Acad\u00eamicos, apresentando produ\u00e7\u00f5es de alunos, servidores e egressos em m\u00fasica, teatro, dan\u00e7a e artes visuais. O evento destacou a produ\u00e7\u00e3o cultural da comunidade universit\u00e1ria com apresenta\u00e7\u00f5es no Restaurante Universit\u00e1rio (RU).&nbsp; As pinturas, [&hellip;]<\/p>\n","protected":false},"author":9,"featured_media":0,"parent":0,"menu_order":0,"comment_status":"closed","ping_status":"closed","template":"","meta":{"_acf_changed":false,"_themeisle_gutenberg_block_has_review":false,"footnotes":""},"class_list":["post-7551","page","type-page","status-publish","hentry"],"acf":[],"_links":{"self":[{"href":"https:\/\/sites.uel.br\/proex\/wp-json\/wp\/v2\/pages\/7551","targetHints":{"allow":["GET"]}}],"collection":[{"href":"https:\/\/sites.uel.br\/proex\/wp-json\/wp\/v2\/pages"}],"about":[{"href":"https:\/\/sites.uel.br\/proex\/wp-json\/wp\/v2\/types\/page"}],"author":[{"embeddable":true,"href":"https:\/\/sites.uel.br\/proex\/wp-json\/wp\/v2\/users\/9"}],"replies":[{"embeddable":true,"href":"https:\/\/sites.uel.br\/proex\/wp-json\/wp\/v2\/comments?post=7551"}],"version-history":[{"count":41,"href":"https:\/\/sites.uel.br\/proex\/wp-json\/wp\/v2\/pages\/7551\/revisions"}],"predecessor-version":[{"id":7821,"href":"https:\/\/sites.uel.br\/proex\/wp-json\/wp\/v2\/pages\/7551\/revisions\/7821"}],"wp:attachment":[{"href":"https:\/\/sites.uel.br\/proex\/wp-json\/wp\/v2\/media?parent=7551"}],"curies":[{"name":"wp","href":"https:\/\/api.w.org\/{rel}","templated":true}]}}