{"id":7531,"date":"2026-02-27T15:58:11","date_gmt":"2026-02-27T18:58:11","guid":{"rendered":"https:\/\/sites.uel.br\/proex\/?page_id=7531"},"modified":"2026-03-24T13:43:10","modified_gmt":"2026-03-24T16:43:10","slug":"mostra-de-arte-e-cultura-da-uel","status":"publish","type":"page","link":"https:\/\/sites.uel.br\/proex\/mostra-de-arte-e-cultura-da-uel\/","title":{"rendered":"2\u00aa Mostra de Arte e Cultura da UEL"},"content":{"rendered":"\n<figure class=\"wp-block-image size-large is-resized\"><img loading=\"lazy\" decoding=\"async\" width=\"1024\" height=\"379\" src=\"https:\/\/sites.uel.br\/proex\/wp-content\/uploads\/2026\/03\/I-5-1024x379.png\" alt=\"\" class=\"wp-image-7735\" style=\"aspect-ratio:2.702005730659026;width:1062px;height:auto\" srcset=\"https:\/\/sites.uel.br\/proex\/wp-content\/uploads\/2026\/03\/I-5-1024x379.png 1024w, https:\/\/sites.uel.br\/proex\/wp-content\/uploads\/2026\/03\/I-5-300x111.png 300w, https:\/\/sites.uel.br\/proex\/wp-content\/uploads\/2026\/03\/I-5-768x284.png 768w, https:\/\/sites.uel.br\/proex\/wp-content\/uploads\/2026\/03\/I-5-1536x569.png 1536w, https:\/\/sites.uel.br\/proex\/wp-content\/uploads\/2026\/03\/I-5-2048x758.png 2048w\" sizes=\"auto, (max-width: 1024px) 100vw, 1024px\" \/><\/figure>\n\n\n\n<p>A <strong>2\u00aa Mostra de Arte e Cultura da UEL<\/strong> celebra a diversidade art\u00edstica e cultural da Universidade, reunindo talentos e express\u00f5es que enriquecem nossa universidade. Ao longo de sua hist\u00f3ria, a UEL construiu uma tradi\u00e7\u00e3o em festivais e produ\u00e7\u00f5es que fortalecem a identidade institucional, ampliam a forma\u00e7\u00e3o integral dos estudantes e geram impacto na cidade e na regi\u00e3o.&nbsp; <\/p>\n\n\n\n<p>A Mostra apresenta dan\u00e7a, m\u00fasica, teatro, poesia, patrim\u00f4nio e audiovisual de estudantes, docentes e agentes universit\u00e1rios da UEL, criando espa\u00e7os de experimenta\u00e7\u00e3o e inova\u00e7\u00e3o. \u00c9 um convite \u00e0 comunidade para vivenciar a cultura como catalisadora de pensamento cr\u00edtico, da criatividade e do desenvolvimento humano.<\/p>\n\n\n\n<p><\/p>\n\n\n\n<blockquote class=\"wp-block-quote is-layout-flow wp-block-quote-is-layout-flow\">\n<p><strong>PROGRAMA\u00c7\u00c3O<\/strong><\/p>\n<\/blockquote>\n\n\n\n<figure class=\"wp-block-table is-style-stripes\"><table class=\"has-fixed-layout\"><tbody><tr><td class=\"has-text-align-center\" data-align=\"center\"><strong>EXPOSI\u00c7\u00c3O<\/strong><br><br><em>BIBLIOTECA CENTRAL &#8211; 11\/03 a 10\/04\/2026<\/em><br><strong>De Segunda a Sexta-feira \u2013 das 8h \u00e0s 22h<\/strong><\/td><td class=\"has-text-align-center\" data-align=\"center\"><strong>APRESENTA\u00c7\u00d5ES<\/strong><br><br><em>RESTAURANTE UNIVERSIT\u00c1RIO \u2013 19\/03\/202<\/em>6<br><strong>das 11h30 \u00e0s 14h | das 17h \u00e0s 19h<\/strong><\/td><\/tr><\/tbody><\/table><\/figure>\n\n\n\n<p><strong><a href=\"https:\/\/sites.uel.br\/proex\/wp-content\/uploads\/2026\/03\/Cartaz-Mostra-de-Arte-1.pdf\">Baixe aqui a programa\u00e7\u00e3o<\/a><\/strong><\/p>\n\n\n\n<blockquote class=\"wp-block-quote is-layout-flow wp-block-quote-is-layout-flow\">\n<p><strong>Evento<\/strong><\/p>\n<\/blockquote>\n\n\n\n<div class=\"wp-block-group is-layout-grid wp-container-core-group-is-layout-9649a0d9 wp-block-group-is-layout-grid\">\n<figure class=\"wp-block-image size-large\"><img loading=\"lazy\" decoding=\"async\" width=\"819\" height=\"1024\" src=\"https:\/\/sites.uel.br\/proex\/wp-content\/uploads\/2026\/03\/WhatsApp-Image-2026-03-20-at-12.07.16-1-819x1024.jpeg\" alt=\"\" class=\"wp-image-7786\" srcset=\"https:\/\/sites.uel.br\/proex\/wp-content\/uploads\/2026\/03\/WhatsApp-Image-2026-03-20-at-12.07.16-1-819x1024.jpeg 819w, https:\/\/sites.uel.br\/proex\/wp-content\/uploads\/2026\/03\/WhatsApp-Image-2026-03-20-at-12.07.16-1-240x300.jpeg 240w, https:\/\/sites.uel.br\/proex\/wp-content\/uploads\/2026\/03\/WhatsApp-Image-2026-03-20-at-12.07.16-1-768x960.jpeg 768w, https:\/\/sites.uel.br\/proex\/wp-content\/uploads\/2026\/03\/WhatsApp-Image-2026-03-20-at-12.07.16-1.jpeg 1080w\" sizes=\"auto, (max-width: 819px) 100vw, 819px\" \/><\/figure>\n\n\n\n<figure class=\"wp-block-image size-large\"><img loading=\"lazy\" decoding=\"async\" width=\"819\" height=\"1024\" src=\"https:\/\/sites.uel.br\/proex\/wp-content\/uploads\/2026\/03\/WhatsApp-Image-2026-03-20-at-12.07.16-2-819x1024.jpeg\" alt=\"\" class=\"wp-image-7787\" srcset=\"https:\/\/sites.uel.br\/proex\/wp-content\/uploads\/2026\/03\/WhatsApp-Image-2026-03-20-at-12.07.16-2-819x1024.jpeg 819w, https:\/\/sites.uel.br\/proex\/wp-content\/uploads\/2026\/03\/WhatsApp-Image-2026-03-20-at-12.07.16-2-240x300.jpeg 240w, https:\/\/sites.uel.br\/proex\/wp-content\/uploads\/2026\/03\/WhatsApp-Image-2026-03-20-at-12.07.16-2-768x960.jpeg 768w, https:\/\/sites.uel.br\/proex\/wp-content\/uploads\/2026\/03\/WhatsApp-Image-2026-03-20-at-12.07.16-2.jpeg 1080w\" sizes=\"auto, (max-width: 819px) 100vw, 819px\" \/><\/figure>\n\n\n\n<figure class=\"wp-block-image size-large\"><img loading=\"lazy\" decoding=\"async\" width=\"819\" height=\"1024\" src=\"https:\/\/sites.uel.br\/proex\/wp-content\/uploads\/2026\/03\/WhatsApp-Image-2026-03-20-at-12.07.16-819x1024.jpeg\" alt=\"\" class=\"wp-image-7788\" srcset=\"https:\/\/sites.uel.br\/proex\/wp-content\/uploads\/2026\/03\/WhatsApp-Image-2026-03-20-at-12.07.16-819x1024.jpeg 819w, https:\/\/sites.uel.br\/proex\/wp-content\/uploads\/2026\/03\/WhatsApp-Image-2026-03-20-at-12.07.16-240x300.jpeg 240w, https:\/\/sites.uel.br\/proex\/wp-content\/uploads\/2026\/03\/WhatsApp-Image-2026-03-20-at-12.07.16-768x960.jpeg 768w, https:\/\/sites.uel.br\/proex\/wp-content\/uploads\/2026\/03\/WhatsApp-Image-2026-03-20-at-12.07.16.jpeg 1080w\" sizes=\"auto, (max-width: 819px) 100vw, 819px\" \/><\/figure>\n\n\n\n<figure class=\"wp-block-image size-large\"><img loading=\"lazy\" decoding=\"async\" width=\"819\" height=\"1024\" src=\"https:\/\/sites.uel.br\/proex\/wp-content\/uploads\/2026\/03\/WhatsApp-Image-2026-03-20-at-12.07.16-3-819x1024.jpeg\" alt=\"\" class=\"wp-image-7789\" srcset=\"https:\/\/sites.uel.br\/proex\/wp-content\/uploads\/2026\/03\/WhatsApp-Image-2026-03-20-at-12.07.16-3-819x1024.jpeg 819w, https:\/\/sites.uel.br\/proex\/wp-content\/uploads\/2026\/03\/WhatsApp-Image-2026-03-20-at-12.07.16-3-240x300.jpeg 240w, https:\/\/sites.uel.br\/proex\/wp-content\/uploads\/2026\/03\/WhatsApp-Image-2026-03-20-at-12.07.16-3-768x960.jpeg 768w, https:\/\/sites.uel.br\/proex\/wp-content\/uploads\/2026\/03\/WhatsApp-Image-2026-03-20-at-12.07.16-3.jpeg 1080w\" sizes=\"auto, (max-width: 819px) 100vw, 819px\" \/><\/figure>\n\n\n\n<figure class=\"wp-block-image size-large\"><img loading=\"lazy\" decoding=\"async\" width=\"819\" height=\"1024\" src=\"https:\/\/sites.uel.br\/proex\/wp-content\/uploads\/2026\/03\/WhatsApp-Image-2026-03-20-at-12.07.16-4-819x1024.jpeg\" alt=\"\" class=\"wp-image-7790\" srcset=\"https:\/\/sites.uel.br\/proex\/wp-content\/uploads\/2026\/03\/WhatsApp-Image-2026-03-20-at-12.07.16-4-819x1024.jpeg 819w, https:\/\/sites.uel.br\/proex\/wp-content\/uploads\/2026\/03\/WhatsApp-Image-2026-03-20-at-12.07.16-4-240x300.jpeg 240w, https:\/\/sites.uel.br\/proex\/wp-content\/uploads\/2026\/03\/WhatsApp-Image-2026-03-20-at-12.07.16-4-768x960.jpeg 768w, https:\/\/sites.uel.br\/proex\/wp-content\/uploads\/2026\/03\/WhatsApp-Image-2026-03-20-at-12.07.16-4.jpeg 1080w\" sizes=\"auto, (max-width: 819px) 100vw, 819px\" \/><\/figure>\n<\/div>\n\n\n\n<div class=\"wp-block-group is-layout-grid wp-container-core-group-is-layout-9649a0d9 wp-block-group-is-layout-grid\">\n<figure class=\"wp-block-image size-large\"><img loading=\"lazy\" decoding=\"async\" width=\"819\" height=\"1024\" src=\"https:\/\/sites.uel.br\/proex\/wp-content\/uploads\/2026\/03\/WhatsApp-Image-2026-03-20-at-12.07.17-1-819x1024.jpeg\" alt=\"\" class=\"wp-image-7791\" srcset=\"https:\/\/sites.uel.br\/proex\/wp-content\/uploads\/2026\/03\/WhatsApp-Image-2026-03-20-at-12.07.17-1-819x1024.jpeg 819w, https:\/\/sites.uel.br\/proex\/wp-content\/uploads\/2026\/03\/WhatsApp-Image-2026-03-20-at-12.07.17-1-240x300.jpeg 240w, https:\/\/sites.uel.br\/proex\/wp-content\/uploads\/2026\/03\/WhatsApp-Image-2026-03-20-at-12.07.17-1-768x960.jpeg 768w, https:\/\/sites.uel.br\/proex\/wp-content\/uploads\/2026\/03\/WhatsApp-Image-2026-03-20-at-12.07.17-1.jpeg 1080w\" sizes=\"auto, (max-width: 819px) 100vw, 819px\" \/><\/figure>\n\n\n\n<figure class=\"wp-block-image size-large\"><img loading=\"lazy\" decoding=\"async\" width=\"819\" height=\"1024\" src=\"https:\/\/sites.uel.br\/proex\/wp-content\/uploads\/2026\/03\/WhatsApp-Image-2026-03-20-at-12.07.17-4-819x1024.jpeg\" alt=\"\" class=\"wp-image-7792\" srcset=\"https:\/\/sites.uel.br\/proex\/wp-content\/uploads\/2026\/03\/WhatsApp-Image-2026-03-20-at-12.07.17-4-819x1024.jpeg 819w, https:\/\/sites.uel.br\/proex\/wp-content\/uploads\/2026\/03\/WhatsApp-Image-2026-03-20-at-12.07.17-4-240x300.jpeg 240w, https:\/\/sites.uel.br\/proex\/wp-content\/uploads\/2026\/03\/WhatsApp-Image-2026-03-20-at-12.07.17-4-768x960.jpeg 768w, https:\/\/sites.uel.br\/proex\/wp-content\/uploads\/2026\/03\/WhatsApp-Image-2026-03-20-at-12.07.17-4.jpeg 1080w\" sizes=\"auto, (max-width: 819px) 100vw, 819px\" \/><\/figure>\n\n\n\n<figure class=\"wp-block-image size-large\"><img loading=\"lazy\" decoding=\"async\" width=\"819\" height=\"1024\" src=\"https:\/\/sites.uel.br\/proex\/wp-content\/uploads\/2026\/03\/WhatsApp-Image-2026-03-20-at-12.07.17-819x1024.jpeg\" alt=\"\" class=\"wp-image-7793\" srcset=\"https:\/\/sites.uel.br\/proex\/wp-content\/uploads\/2026\/03\/WhatsApp-Image-2026-03-20-at-12.07.17-819x1024.jpeg 819w, https:\/\/sites.uel.br\/proex\/wp-content\/uploads\/2026\/03\/WhatsApp-Image-2026-03-20-at-12.07.17-240x300.jpeg 240w, https:\/\/sites.uel.br\/proex\/wp-content\/uploads\/2026\/03\/WhatsApp-Image-2026-03-20-at-12.07.17-768x960.jpeg 768w, https:\/\/sites.uel.br\/proex\/wp-content\/uploads\/2026\/03\/WhatsApp-Image-2026-03-20-at-12.07.17.jpeg 1080w\" sizes=\"auto, (max-width: 819px) 100vw, 819px\" \/><\/figure>\n\n\n\n<figure class=\"wp-block-image size-large\"><img loading=\"lazy\" decoding=\"async\" width=\"819\" height=\"1024\" src=\"https:\/\/sites.uel.br\/proex\/wp-content\/uploads\/2026\/03\/WhatsApp-Image-2026-03-20-at-12.07.17-3-819x1024.jpeg\" alt=\"\" class=\"wp-image-7794\" srcset=\"https:\/\/sites.uel.br\/proex\/wp-content\/uploads\/2026\/03\/WhatsApp-Image-2026-03-20-at-12.07.17-3-819x1024.jpeg 819w, https:\/\/sites.uel.br\/proex\/wp-content\/uploads\/2026\/03\/WhatsApp-Image-2026-03-20-at-12.07.17-3-240x300.jpeg 240w, https:\/\/sites.uel.br\/proex\/wp-content\/uploads\/2026\/03\/WhatsApp-Image-2026-03-20-at-12.07.17-3-768x960.jpeg 768w, https:\/\/sites.uel.br\/proex\/wp-content\/uploads\/2026\/03\/WhatsApp-Image-2026-03-20-at-12.07.17-3.jpeg 1080w\" sizes=\"auto, (max-width: 819px) 100vw, 819px\" \/><\/figure>\n\n\n\n<figure class=\"wp-block-image size-large wp-container-content-69bc4bdf\"><img loading=\"lazy\" decoding=\"async\" width=\"819\" height=\"1024\" src=\"https:\/\/sites.uel.br\/proex\/wp-content\/uploads\/2026\/03\/WhatsApp-Image-2026-03-20-at-12.07.17-2-819x1024.jpeg\" alt=\"\" class=\"wp-image-7796\" srcset=\"https:\/\/sites.uel.br\/proex\/wp-content\/uploads\/2026\/03\/WhatsApp-Image-2026-03-20-at-12.07.17-2-819x1024.jpeg 819w, https:\/\/sites.uel.br\/proex\/wp-content\/uploads\/2026\/03\/WhatsApp-Image-2026-03-20-at-12.07.17-2-240x300.jpeg 240w, https:\/\/sites.uel.br\/proex\/wp-content\/uploads\/2026\/03\/WhatsApp-Image-2026-03-20-at-12.07.17-2-768x960.jpeg 768w, https:\/\/sites.uel.br\/proex\/wp-content\/uploads\/2026\/03\/WhatsApp-Image-2026-03-20-at-12.07.17-2.jpeg 1080w\" sizes=\"auto, (max-width: 819px) 100vw, 819px\" \/><\/figure>\n<\/div>\n\n\n\n<div style=\"height:25px\" aria-hidden=\"true\" class=\"wp-block-spacer\"><\/div>\n\n\n\n<p class=\"has-text-align-right\"><em><strong>Fotos:<\/strong> Paulo Martins Jr.<\/em><\/p>\n\n\n\n<p><strong><a href=\"https:\/\/drive.google.com\/drive\/folders\/1Xw_P_TyVmy7Su4LI8i2QMQCcvAvapgks?usp=sharing\">CLIQUE AQUI PARA MAIS FOTOS<\/a><\/strong><\/p>\n\n\n\n<div style=\"height:25px\" aria-hidden=\"true\" class=\"wp-block-spacer\"><\/div>\n\n\n\n<blockquote class=\"wp-block-quote is-layout-flow wp-block-quote-is-layout-flow\">\n<p><strong><strong>Leia mais sobre o evento:&nbsp;<a href=\"http:\/\/xn--segunda%20mostra%20de%20arte%20e%20cultura%20vai%20at%2010%20de%20abril%20na%20biblioteca%20central-svi\/\">Segunda Mostra de Arte e Cultura vai at\u00e9 10 de abril na Biblioteca Central<\/a><\/strong><\/strong><\/p>\n<\/blockquote>\n\n\n\n<blockquote class=\"wp-block-quote is-layout-flow wp-block-quote-is-layout-flow\">\n<p><strong><strong>Leia mais sobre o evento:<\/strong><\/strong> <a href=\"https:\/\/operobal.uel.br\/cultura\/2026\/03\/23\/mostra-leva-apresentacoes-artisticas-ao-restaurante-universitario\/\"><strong>Mostra leva apresenta\u00e7\u00f5es art\u00edsticas ao Restaurante Universit\u00e1rio<\/strong><\/a><\/p>\n<\/blockquote>\n\n\n\n<p><\/p>\n","protected":false},"excerpt":{"rendered":"<p>A 2\u00aa Mostra de Arte e Cultura da UEL celebra a diversidade art\u00edstica e cultural da Universidade, reunindo talentos e express\u00f5es que enriquecem nossa universidade. Ao longo de sua hist\u00f3ria, a UEL construiu uma tradi\u00e7\u00e3o em festivais e produ\u00e7\u00f5es que fortalecem a identidade institucional, ampliam a forma\u00e7\u00e3o integral dos estudantes e geram impacto na cidade [&hellip;]<\/p>\n","protected":false},"author":9,"featured_media":0,"parent":0,"menu_order":0,"comment_status":"closed","ping_status":"closed","template":"","meta":{"_acf_changed":false,"_themeisle_gutenberg_block_has_review":false,"footnotes":""},"class_list":["post-7531","page","type-page","status-publish","hentry"],"acf":[],"_links":{"self":[{"href":"https:\/\/sites.uel.br\/proex\/wp-json\/wp\/v2\/pages\/7531","targetHints":{"allow":["GET"]}}],"collection":[{"href":"https:\/\/sites.uel.br\/proex\/wp-json\/wp\/v2\/pages"}],"about":[{"href":"https:\/\/sites.uel.br\/proex\/wp-json\/wp\/v2\/types\/page"}],"author":[{"embeddable":true,"href":"https:\/\/sites.uel.br\/proex\/wp-json\/wp\/v2\/users\/9"}],"replies":[{"embeddable":true,"href":"https:\/\/sites.uel.br\/proex\/wp-json\/wp\/v2\/comments?post=7531"}],"version-history":[{"count":11,"href":"https:\/\/sites.uel.br\/proex\/wp-json\/wp\/v2\/pages\/7531\/revisions"}],"predecessor-version":[{"id":7816,"href":"https:\/\/sites.uel.br\/proex\/wp-json\/wp\/v2\/pages\/7531\/revisions\/7816"}],"wp:attachment":[{"href":"https:\/\/sites.uel.br\/proex\/wp-json\/wp\/v2\/media?parent=7531"}],"curies":[{"name":"wp","href":"https:\/\/api.w.org\/{rel}","templated":true}]}}