{"id":6833,"date":"2025-08-28T14:00:27","date_gmt":"2025-08-28T17:00:27","guid":{"rendered":"https:\/\/sites.uel.br\/proex\/?page_id=6833"},"modified":"2025-08-28T14:09:14","modified_gmt":"2025-08-28T17:09:14","slug":"pareceres-referenciais","status":"publish","type":"page","link":"https:\/\/sites.uel.br\/proex\/pareceres-referenciais\/","title":{"rendered":"Instrumentos Referenciais"},"content":{"rendered":"\n<p>Instrumento referencial para padroniza\u00e7\u00e3o das minutas dos instrumentos jur\u00eddicos utilizados na celebra\u00e7\u00e3o de acordo de coopera\u00e7\u00e3o com funda\u00e7\u00f5es de apoio credenciadas na Universidade Estadual de Londrina para a gest\u00e3o administrativa de cursos e eventos de extens\u00e3o com fulcro na Lei Estadual n. 20.537\/2021.<\/p>\n\n\n\n<figure class=\"wp-block-table is-style-stripes\"><table class=\"has-fixed-layout\"><tbody><tr><td><a href=\"https:\/\/sites.uel.br\/proex\/wp-content\/uploads\/2025\/08\/PARECERREFERENCIAL.pdf\">Parecer Referencial n.\u00ba 01\/2024 &#8211; PJU\/UEL<\/a><\/td><\/tr><tr><td><a href=\"https:\/\/sites.uel.br\/proex\/wp-content\/uploads\/2025\/08\/DESPACHODECISORION.004_2025.pdf\">Despacho Decis\u00f3rio n.\u00ba 004\/2025 &#8211; PJU\/UEL<\/a><\/td><\/tr><tr><td><a href=\"https:\/\/sites.uel.br\/proex\/wp-content\/uploads\/2025\/08\/CI_2025-08-05.pdf\">Publica\u00e7\u00e3o no Di\u00e1rio Oficial do Paran\u00e1<\/a><\/td><\/tr><\/tbody><\/table><\/figure>\n\n\n\n<p><\/p>\n","protected":false},"excerpt":{"rendered":"<p>Instrumento referencial para padroniza\u00e7\u00e3o das minutas dos instrumentos jur\u00eddicos utilizados na celebra\u00e7\u00e3o de acordo de coopera\u00e7\u00e3o com funda\u00e7\u00f5es de apoio credenciadas na Universidade Estadual de Londrina para a gest\u00e3o administrativa de cursos e eventos de extens\u00e3o com fulcro na Lei Estadual n. 20.537\/2021. Parecer Referencial n.\u00ba 01\/2024 &#8211; PJU\/UEL Despacho Decis\u00f3rio n.\u00ba 004\/2025 &#8211; PJU\/UEL [&hellip;]<\/p>\n","protected":false},"author":19,"featured_media":0,"parent":0,"menu_order":0,"comment_status":"closed","ping_status":"closed","template":"","meta":{"_acf_changed":false,"_themeisle_gutenberg_block_has_review":false,"footnotes":""},"class_list":["post-6833","page","type-page","status-publish","hentry"],"acf":[],"_links":{"self":[{"href":"https:\/\/sites.uel.br\/proex\/wp-json\/wp\/v2\/pages\/6833","targetHints":{"allow":["GET"]}}],"collection":[{"href":"https:\/\/sites.uel.br\/proex\/wp-json\/wp\/v2\/pages"}],"about":[{"href":"https:\/\/sites.uel.br\/proex\/wp-json\/wp\/v2\/types\/page"}],"author":[{"embeddable":true,"href":"https:\/\/sites.uel.br\/proex\/wp-json\/wp\/v2\/users\/19"}],"replies":[{"embeddable":true,"href":"https:\/\/sites.uel.br\/proex\/wp-json\/wp\/v2\/comments?post=6833"}],"version-history":[{"count":4,"href":"https:\/\/sites.uel.br\/proex\/wp-json\/wp\/v2\/pages\/6833\/revisions"}],"predecessor-version":[{"id":6844,"href":"https:\/\/sites.uel.br\/proex\/wp-json\/wp\/v2\/pages\/6833\/revisions\/6844"}],"wp:attachment":[{"href":"https:\/\/sites.uel.br\/proex\/wp-json\/wp\/v2\/media?parent=6833"}],"curies":[{"name":"wp","href":"https:\/\/api.w.org\/{rel}","templated":true}]}}