{"id":6782,"date":"2025-08-25T15:24:52","date_gmt":"2025-08-25T18:24:52","guid":{"rendered":"https:\/\/sites.uel.br\/proex\/?page_id=6782"},"modified":"2025-10-10T10:17:58","modified_gmt":"2025-10-10T13:17:58","slug":"manual-da-creditacao","status":"publish","type":"page","link":"https:\/\/sites.uel.br\/proex\/manual-da-creditacao\/","title":{"rendered":"Manual dos Sistemas da Credita\u00e7\u00e3o Curricular da Extens\u00e3o da UEL"},"content":{"rendered":"\n<hr class=\"wp-block-separator has-alpha-channel-opacity is-style-wide\"\/>\n\n\n\n<p>Este manual foi desenvolvido para orientar estudantes e docentes no uso dos <strong>Sistemas da Credita\u00e7\u00e3o Curricular da UEL<\/strong>, oferecendo instru\u00e7\u00f5es pr\u00e1ticas para acesso, navega\u00e7\u00e3o e utiliza\u00e7\u00e3o das principais funcionalidades presentes no sistema.<\/p>\n\n\n\n<p>Seu conte\u00fado visa facilitar a rotina acad\u00eamica e promover maior autonomia e efici\u00eancia a todos.<\/p>\n\n\n\n<p>Para baixar a <strong>vers\u00e3o 1 <\/strong>do manual <a href=\"https:\/\/sites.uel.br\/proex\/wp-content\/uploads\/2025\/10\/Manual-dos-Sistemas-da-Creditacao-da-Extensao-da-UEL-Comprimido.pdf\">CLIQUE AQUI<\/a><\/p>\n\n\n\n<p><\/p>\n","protected":false},"excerpt":{"rendered":"<p>Este manual foi desenvolvido para orientar estudantes e docentes no uso dos Sistemas da Credita\u00e7\u00e3o Curricular da UEL, oferecendo instru\u00e7\u00f5es pr\u00e1ticas para acesso, navega\u00e7\u00e3o e utiliza\u00e7\u00e3o das principais funcionalidades presentes no sistema. Seu conte\u00fado visa facilitar a rotina acad\u00eamica e promover maior autonomia e efici\u00eancia a todos. Para baixar a vers\u00e3o 1 do manual CLIQUE [&hellip;]<\/p>\n","protected":false},"author":9,"featured_media":0,"parent":0,"menu_order":0,"comment_status":"closed","ping_status":"closed","template":"","meta":{"_acf_changed":false,"_themeisle_gutenberg_block_has_review":false,"footnotes":""},"class_list":["post-6782","page","type-page","status-publish","hentry"],"acf":[],"_links":{"self":[{"href":"https:\/\/sites.uel.br\/proex\/wp-json\/wp\/v2\/pages\/6782","targetHints":{"allow":["GET"]}}],"collection":[{"href":"https:\/\/sites.uel.br\/proex\/wp-json\/wp\/v2\/pages"}],"about":[{"href":"https:\/\/sites.uel.br\/proex\/wp-json\/wp\/v2\/types\/page"}],"author":[{"embeddable":true,"href":"https:\/\/sites.uel.br\/proex\/wp-json\/wp\/v2\/users\/9"}],"replies":[{"embeddable":true,"href":"https:\/\/sites.uel.br\/proex\/wp-json\/wp\/v2\/comments?post=6782"}],"version-history":[{"count":7,"href":"https:\/\/sites.uel.br\/proex\/wp-json\/wp\/v2\/pages\/6782\/revisions"}],"predecessor-version":[{"id":7009,"href":"https:\/\/sites.uel.br\/proex\/wp-json\/wp\/v2\/pages\/6782\/revisions\/7009"}],"wp:attachment":[{"href":"https:\/\/sites.uel.br\/proex\/wp-json\/wp\/v2\/media?parent=6782"}],"curies":[{"name":"wp","href":"https:\/\/api.w.org\/{rel}","templated":true}]}}