{"id":6779,"date":"2025-08-25T15:17:40","date_gmt":"2025-08-25T18:17:40","guid":{"rendered":"https:\/\/sites.uel.br\/proex\/?page_id=6779"},"modified":"2025-08-26T13:32:32","modified_gmt":"2025-08-26T16:32:32","slug":"resolucoes","status":"publish","type":"page","link":"https:\/\/sites.uel.br\/proex\/resolucoes\/","title":{"rendered":"Resolu\u00e7\u00f5es"},"content":{"rendered":"\n<hr class=\"wp-block-separator has-alpha-channel-opacity is-style-wide\"\/>\n\n\n\n<p><strong>Regimento Interno<\/strong><\/p>\n\n\n\n<figure class=\"wp-block-table is-style-stripes\"><table class=\"has-fixed-layout\"><tbody><tr><td><strong><a href=\"https:\/\/sites.uel.br\/proex\/wp-content\/uploads\/2023\/04\/resolucao-CU-089-2019.pdf\" data-type=\"URL\" data-id=\"https:\/\/sites.uel.br\/proex\/wp-content\/uploads\/2023\/04\/resolucao-CU-089-2019.pdf\" target=\"_blank\" rel=\"noreferrer noopener\">Resolu\u00e7\u00e3o CU no. 089\/2019<\/a><\/strong><br>Atualiza a Politica de Extens\u00e3o da Universidade Estadual de Londrina.<\/td><\/tr><\/tbody><\/table><\/figure>\n\n\n\n<p>  <strong><a href=\"https:\/\/sites.uel.br\/proex\/wp-content\/uploads\/2023\/04\/RESOLUCAO-PROEX-039-2021.pdf\" data-type=\"URL\" data-id=\"https:\/\/sites.uel.br\/proex\/wp-content\/uploads\/2023\/04\/RESOLUCAO-PROEX-039-2021.pdf\" target=\"_blank\" rel=\"noreferrer noopener\">Resolu\u00e7\u00e3o CEPE\/CA no. 039\/2021<\/a><\/strong><br>  Regulamenta a Credita\u00e7\u00e3o Curricular da Extens\u00e3o na Universidade Estadual de Londrina.<\/p>\n\n\n\n<figure class=\"wp-block-table is-style-stripes\"><table class=\"has-fixed-layout\"><tbody><tr><td><strong><a href=\"https:\/\/sites.uel.br\/proex\/wp-content\/uploads\/2023\/04\/RESOLUCAO-CEPE-096-2022.pdf\" data-type=\"URL\" data-id=\"https:\/\/sites.uel.br\/proex\/wp-content\/uploads\/2023\/04\/RESOLUCAO-CEPE-096-2022.pdf\" target=\"_blank\" rel=\"noreferrer noopener\">Resolu\u00e7\u00e3o CEPE no. 096\/2022<\/a><\/strong><br>Regula a atua\u00e7\u00e3o do Coordenador das Atividades Acad\u00eamicas de Extens\u00e3o (AEX).<\/td><\/tr><\/tbody><\/table><\/figure>\n\n\n\n<p>  <a href=\"https:\/\/sites.uel.br\/proex\/wp-content\/uploads\/2024\/01\/RESOLUCAO-CEPE-088-2023.pdf\" data-type=\"URL\" data-id=\"https:\/\/sites.uel.br\/proex\/wp-content\/uploads\/2023\/04\/RESOLUCAO-CEPE-096-2022.pdf\" target=\"_blank\" rel=\"noreferrer noopener\"><strong>Resolu\u00e7\u00e3o CEPE no. 088\/2023<\/strong><\/a><br>  Estabelece normas e procedimentos espec\u00edficos para Projetos e Programas de Extens\u00e3o.<\/p>\n\n\n\n<figure class=\"wp-block-table is-style-stripes\"><table class=\"has-fixed-layout\"><tbody><tr><td><strong><a href=\"https:\/\/sites.uel.br\/proex\/wp-content\/uploads\/2024\/09\/Resolucao-CEPE-CA-no-55.2024.pdf\">Resolu\u00e7\u00e3o CA no. 055\/2024<\/a><br><\/strong>Disp\u00f5e sobre tratamento especial para Cursos de Extens\u00e3o e Eventos de Extens\u00e3o.<\/td><\/tr><\/tbody><\/table><\/figure>\n\n\n\n<p>  <strong><a href=\"https:\/\/sites.uel.br\/proex\/wp-content\/uploads\/2025\/08\/Resolucao-CEPE-CA-011-2025-Empresa-Junior.pdf\">Resolu\u00e7\u00e3o CEPE\/CA no. 011\/2025<\/a><\/strong><br>  Estabelece as normas e procedimentos que regulamentam a cria\u00e7\u00e3o, o credenciamento, a orienta\u00e7\u00e3o, a supervis\u00e3o e o funcionamento das Empresas Juniores.<\/p>\n\n\n\n<p><\/p>\n","protected":false},"excerpt":{"rendered":"<p>Regimento Interno Resolu\u00e7\u00e3o CU no. 089\/2019Atualiza a Politica de Extens\u00e3o da Universidade Estadual de Londrina. Resolu\u00e7\u00e3o CEPE\/CA no. 039\/2021 Regulamenta a Credita\u00e7\u00e3o Curricular da Extens\u00e3o na Universidade Estadual de Londrina. Resolu\u00e7\u00e3o CEPE no. 096\/2022Regula a atua\u00e7\u00e3o do Coordenador das Atividades Acad\u00eamicas de Extens\u00e3o (AEX). Resolu\u00e7\u00e3o CEPE no. 088\/2023 Estabelece normas e procedimentos espec\u00edficos para Projetos [&hellip;]<\/p>\n","protected":false},"author":9,"featured_media":0,"parent":0,"menu_order":0,"comment_status":"closed","ping_status":"closed","template":"","meta":{"_acf_changed":false,"_themeisle_gutenberg_block_has_review":false,"footnotes":""},"class_list":["post-6779","page","type-page","status-publish","hentry"],"acf":[],"_links":{"self":[{"href":"https:\/\/sites.uel.br\/proex\/wp-json\/wp\/v2\/pages\/6779","targetHints":{"allow":["GET"]}}],"collection":[{"href":"https:\/\/sites.uel.br\/proex\/wp-json\/wp\/v2\/pages"}],"about":[{"href":"https:\/\/sites.uel.br\/proex\/wp-json\/wp\/v2\/types\/page"}],"author":[{"embeddable":true,"href":"https:\/\/sites.uel.br\/proex\/wp-json\/wp\/v2\/users\/9"}],"replies":[{"embeddable":true,"href":"https:\/\/sites.uel.br\/proex\/wp-json\/wp\/v2\/comments?post=6779"}],"version-history":[{"count":6,"href":"https:\/\/sites.uel.br\/proex\/wp-json\/wp\/v2\/pages\/6779\/revisions"}],"predecessor-version":[{"id":6808,"href":"https:\/\/sites.uel.br\/proex\/wp-json\/wp\/v2\/pages\/6779\/revisions\/6808"}],"wp:attachment":[{"href":"https:\/\/sites.uel.br\/proex\/wp-json\/wp\/v2\/media?parent=6779"}],"curies":[{"name":"wp","href":"https:\/\/api.w.org\/{rel}","templated":true}]}}