{"id":6773,"date":"2025-08-25T15:12:21","date_gmt":"2025-08-25T18:12:21","guid":{"rendered":"https:\/\/sites.uel.br\/proex\/?page_id=6773"},"modified":"2025-08-26T09:41:57","modified_gmt":"2025-08-26T12:41:57","slug":"apresentacao-2","status":"publish","type":"page","link":"https:\/\/sites.uel.br\/proex\/apresentacao-2\/","title":{"rendered":"Apresenta\u00e7\u00e3o"},"content":{"rendered":"\n<hr class=\"wp-block-separator has-alpha-channel-opacity is-style-wide\"\/>\n\n\n\n<p><strong>Atividades Acad\u00eamicas de Extens\u00e3o (AEX)<\/strong><\/p>\n\n\n\n<p>A Credita\u00e7\u00e3o Curricular da Extens\u00e3o na Universidade Estadual de Londrina se d\u00e1 por meio da&nbsp;<a href=\"https:\/\/sites.uel.br\/proex\/wp-content\/uploads\/2023\/04\/RESOLUCAO-PROEX-039-2021.pdf\" target=\"_blank\" rel=\"noreferrer noopener\">Resolu\u00e7\u00e3o CEPE\/CA N\u00ba 039\/2021<\/a>, que regulamenta os crit\u00e9rios e procedimentos, tanto acad\u00eamicos quanto administrativos, para execu\u00e7\u00e3o da carga hor\u00e1ria das Atividades Acad\u00eamicas de Extens\u00e3o (AEX) nos Cursos de Gradua\u00e7\u00e3o.<\/p>\n\n\n\n<p>A Credita\u00e7\u00e3o Curricular da Extens\u00e3o consiste que cada estudante deva cumprir no m\u00ednimo 10% (dez por cento) da carga hor\u00e1ria total de seu curso de gradua\u00e7\u00e3o em Atividades Acad\u00eamicas de Extens\u00e3o.<\/p>\n\n\n\n<ul class=\"wp-block-list\">\n<li>As Atividades Acad\u00eamicas de Extens\u00e3o, no \u00e2mbito dos cursos de gradua\u00e7\u00e3o da UEL, s\u00e3o tratadas como atividades acad\u00eamicas de natureza obrigat\u00f3ria.<\/li>\n\n\n\n<li>A base de c\u00e1lculo da carga hor\u00e1ria das Atividades Acad\u00eamicas de Extens\u00e3o inclui todas as atividades requeridas para integraliza\u00e7\u00e3o curricular, inclusive a pr\u00f3pria AEX.<\/li>\n<\/ul>\n\n\n\n<p>As Atividades Acad\u00eamicas de Extens\u00e3o se segmentam em duas classes:<\/p>\n\n\n\n<ul class=\"wp-block-list\">\n<li><strong>AEX Indicadas<\/strong>: aquelas que se vinculam diretamente \u00e0 forma\u00e7\u00e3o acad\u00eamica do estudante e que sejam articuladas com os demais componentes curriculares, sendo escolhidas livremente pelo estudante dentre aquelas indicadas pelo Colegiado do Curso, observada a regulamenta\u00e7\u00e3o vigente.<\/li>\n\n\n\n<li><strong>AEX Livres<\/strong>: aquelas que n\u00e3o necessariamente se vinculam diretamente \u00e0 forma\u00e7\u00e3o acad\u00eamica do estudante, sendo objeto de seu interesse espec\u00edfico, escolhidas livremente pelo estudante dentre aquelas regulamentadas pela PROEX, observada a normatiza\u00e7\u00e3o vigente.<\/li>\n<\/ul>\n\n\n\n<p>Quanto a carga hor\u00e1ria e distribui\u00e7\u00e3o das Atividades Acad\u00eamicas de Extens\u00e3o entre AEX Indicadas e AEX Livres:<\/p>\n\n\n\n<ul class=\"wp-block-list\">\n<li>A carga hor\u00e1ria a ser cumprida pelo estudante, relativa \u00e0s AEX Indicadas, n\u00e3o ser\u00e1 inferior a 40% (quarenta por cento) daquela requerida para cumprimento da Credita\u00e7\u00e3o Curricular da Extens\u00e3o.<\/li>\n\n\n\n<li>A carga hor\u00e1ria a ser cumprida pelo estudante, relativa \u00e0s AEX Livres, n\u00e3o ser\u00e1 inferior a 20% (vinte por cento) daquela requerida para cumprimento da Credita\u00e7\u00e3o Curricular da Extens\u00e3o.<\/li>\n\n\n\n<li>O Projeto Pedag\u00f3gico do Curso deve fracionar a carga hor\u00e1ria destinada \u00e0s Atividades Acad\u00eamicas de Extens\u00e3o entre AEX Indicadas e AEX Livres.<\/li>\n\n\n\n<li>Compete ao Colegiado de Curso definir, ao menos anualmente e observado o disposto na Resolu\u00e7\u00e3o CEPE\/CA N\u00ba 039\/2021 e no Projeto Pedag\u00f3gico do Curso, as a\u00e7\u00f5es de extens\u00e3o que se caracterizam como AEX Indicadas para o referido curso de gradua\u00e7\u00e3o.<\/li>\n\n\n\n<li>\u00c9 facultado, ao Colegiado de Curso, reservar at\u00e9 20% (vinte por cento) do turno semanal curricular do respectivo curso de gradua\u00e7\u00e3o, para cumprimento de parte das AEX Indicadas.<\/li>\n<\/ul>\n\n\n\n<p>Os Projetos Pedag\u00f3gicos dos Cursos de Gradua\u00e7\u00e3o devem:<\/p>\n\n\n\n<ul class=\"wp-block-list\">\n<li>indicar a relev\u00e2ncia das Atividades Acad\u00eamicas de Extens\u00e3o para a forma\u00e7\u00e3o do estudante, ressaltando seu valor para o perfil acad\u00eamico e profissional do egresso;<\/li>\n\n\n\n<li>indicar a necessidade do cumprimento da carga hor\u00e1ria das Atividades Acad\u00eamicas de Extens\u00e3o para integraliza\u00e7\u00e3o curricular;<\/li>\n\n\n\n<li>estabelecer crit\u00e9rios para que o estudante cumpra as Atividades Acad\u00eamicas de Extens\u00e3o, preferencialmente, de maneira distribu\u00edda ao longo do curso;<\/li>\n\n\n\n<li>caracterizar os crit\u00e9rios que ser\u00e3o adotados pelo Colegiado de Curso para selecionar as AEX Indicadas, em conson\u00e2ncia com as resolu\u00e7\u00f5es vigentes.<\/li>\n<\/ul>\n\n\n\n<p>Nos cursos de gradua\u00e7\u00e3o da UEL, na modalidade a dist\u00e2ncia, as Atividades Acad\u00eamicas de Extens\u00e3o devem ser realizadas presencial e preferencialmente em regi\u00e3o compat\u00edvel com o polo de apoio no qual o estudante esteja matriculado, observando-se, no que couber, as demais regulamenta\u00e7\u00f5es previstas no ordenamento pr\u00f3prio para oferta da educa\u00e7\u00e3o a dist\u00e2ncia.<\/p>\n\n\n\n<p>A carga hor\u00e1ria docente referente \u00e0 Credita\u00e7\u00e3o Curricular da Extens\u00e3o ser\u00e1 disciplinada por Resolu\u00e7\u00e3o do Conselho de Administra\u00e7\u00e3o.<\/p>\n","protected":false},"excerpt":{"rendered":"<p>Atividades Acad\u00eamicas de Extens\u00e3o (AEX) A Credita\u00e7\u00e3o Curricular da Extens\u00e3o na Universidade Estadual de Londrina se d\u00e1 por meio da&nbsp;Resolu\u00e7\u00e3o CEPE\/CA N\u00ba 039\/2021, que regulamenta os crit\u00e9rios e procedimentos, tanto acad\u00eamicos quanto administrativos, para execu\u00e7\u00e3o da carga hor\u00e1ria das Atividades Acad\u00eamicas de Extens\u00e3o (AEX) nos Cursos de Gradua\u00e7\u00e3o. A Credita\u00e7\u00e3o Curricular da Extens\u00e3o consiste que [&hellip;]<\/p>\n","protected":false},"author":9,"featured_media":0,"parent":0,"menu_order":0,"comment_status":"closed","ping_status":"closed","template":"","meta":{"_acf_changed":false,"_themeisle_gutenberg_block_has_review":false,"footnotes":""},"class_list":["post-6773","page","type-page","status-publish","hentry"],"acf":[],"_links":{"self":[{"href":"https:\/\/sites.uel.br\/proex\/wp-json\/wp\/v2\/pages\/6773","targetHints":{"allow":["GET"]}}],"collection":[{"href":"https:\/\/sites.uel.br\/proex\/wp-json\/wp\/v2\/pages"}],"about":[{"href":"https:\/\/sites.uel.br\/proex\/wp-json\/wp\/v2\/types\/page"}],"author":[{"embeddable":true,"href":"https:\/\/sites.uel.br\/proex\/wp-json\/wp\/v2\/users\/9"}],"replies":[{"embeddable":true,"href":"https:\/\/sites.uel.br\/proex\/wp-json\/wp\/v2\/comments?post=6773"}],"version-history":[{"count":6,"href":"https:\/\/sites.uel.br\/proex\/wp-json\/wp\/v2\/pages\/6773\/revisions"}],"predecessor-version":[{"id":6802,"href":"https:\/\/sites.uel.br\/proex\/wp-json\/wp\/v2\/pages\/6773\/revisions\/6802"}],"wp:attachment":[{"href":"https:\/\/sites.uel.br\/proex\/wp-json\/wp\/v2\/media?parent=6773"}],"curies":[{"name":"wp","href":"https:\/\/api.w.org\/{rel}","templated":true}]}}