{"id":6415,"date":"2025-06-24T11:36:40","date_gmt":"2025-06-24T14:36:40","guid":{"rendered":"https:\/\/sites.uel.br\/proex\/?page_id=6415"},"modified":"2025-06-24T14:20:29","modified_gmt":"2025-06-24T17:20:29","slug":"historico-do-evento","status":"publish","type":"page","link":"https:\/\/sites.uel.br\/proex\/historico-do-evento\/","title":{"rendered":"HIST\u00d3RICO DO EVENTO"},"content":{"rendered":"\n<hr class=\"wp-block-separator has-alpha-channel-opacity is-style-wide\"\/>\n\n\n\n<p>A <strong>Pr\u00f3-Reitoria de Extens\u00e3o da Universidade Estadual de Londrina (PROEX\/UEL)<\/strong>, ao longo de sua trajet\u00f3ria, tem promovido eventos voltados \u00e0 divulga\u00e7\u00e3o das a\u00e7\u00f5es extensionistas da institui\u00e7\u00e3o, anteriormente sob a denomina\u00e7\u00e3o de Sal\u00e3o da Extens\u00e3o.<\/p>\n\n\n\n<p>Em 2012, foi realizado o I Simp\u00f3sio de Extens\u00e3o da UEL, marcando uma nova etapa na consolida\u00e7\u00e3o dessas atividades.<\/p>\n\n\n\n<p>J\u00e1 em 2018, ocorreu o <a href=\"https:\/\/sites.uel.br\/proex\/wp-content\/uploads\/2025\/06\/anais-VII-por-extenso-2018-novo-3.pdf\" data-type=\"link\" data-id=\"https:\/\/sites.uel.br\/proex\/wp-content\/uploads\/2025\/06\/anais-VII-por-extenso-2018-novo-3.pdf\">I Encontro Anual de Extens\u00e3o Universit\u00e1ria<\/a>, cujo tema central foi: &#8216;Diversidade sociocultural, degrada\u00e7\u00f5es socioambientais e cidadania no \u00e2mbito nacional e latino-americano&#8217;.<\/p>\n\n\n\n<p>Em 2019, realizaram-se o <a href=\"https:\/\/sites.uel.br\/proex\/wp-content\/uploads\/2025\/06\/anais-VIII-por-extenso-2019.pdf\" data-type=\"link\" data-id=\"https:\/\/sites.uel.br\/proex\/wp-content\/uploads\/2025\/06\/anais-VIII-por-extenso-2019.pdf\">II Encontro Anual de Extens\u00e3o Universit\u00e1ria e o VIII Simp\u00f3sio de Extens\u00e3o da UEL \u2013 POR EXTENSO<\/a>, entre os dias 23 e 25 de outubro, no Anfiteatro Cyro Grossi \u2013 CCB e no Centro de Educa\u00e7\u00e3o, Comunica\u00e7\u00e3o e Artes \u2013 CECA. Com formato de congresso, o evento contou com confer\u00eancia de abertura, pain\u00e9is com palestrantes de diferentes \u00e1reas do conhecimento de institui\u00e7\u00f5es brasileiras e sess\u00f5es de apresenta\u00e7\u00e3o de trabalhos extensionistas com a participa\u00e7\u00e3o de estudantes e orientadores de todas as \u00e1reas tem\u00e1ticas. O tema central foi \u201cInova\u00e7\u00e3o e Sustentabilidade: desafios da Extens\u00e3o Universit\u00e1ria\u201d.<\/p>\n\n\n\n<p>Em 2020, diante da pandemia de COVID-19, o <a href=\"https:\/\/sites.uel.br\/proex\/wp-content\/uploads\/2025\/06\/POR-EXTENSO-2020-COMPLETO-ATUALIZADO.pdf\">IX POR EXTENSO e o III Encontro Anual de Extens\u00e3o Universit\u00e1ria<\/a> ocorreram em formato remoto e inclu\u00edram a abertura do 38\u00ba SEURS \u2013 Semin\u00e1rio de Extens\u00e3o Universit\u00e1ria da Regi\u00e3o Sul, reunindo mais de dois mil participantes em tr\u00eas dias. A tem\u00e1tica tratou de \u201cExtens\u00e3o universit\u00e1ria: caminhos para inova\u00e7\u00e3o e desenvolvimento social\u201d.<\/p>\n\n\n\n<p>Em 2021, o <a href=\"https:\/\/sites.uel.br\/proex\/wp-content\/uploads\/2025\/06\/POR_EXTENSO_2021-completo-16-11-23.pdf\">X POR EXTENSO e o IV Encontro Anual<\/a> tamb\u00e9m foram realizados de forma remota, com mais de 150 trabalhos apresentados e a participa\u00e7\u00e3o de mais de 300 inscritos. Ambos os anos, mesmo em meio aos efeitos da pandemia, mantiveram rodas de conversa virtuais que priorizaram a troca de experi\u00eancias e relatos dos envolvidos nas a\u00e7\u00f5es extensionistas.<\/p>\n\n\n\n<p>Em 2022, o <a href=\"https:\/\/sites.uel.br\/proex\/wp-content\/uploads\/2025\/06\/POR-EXTENSO-2022-03-05.pdf\">XI POR EXTENSO e o V Encontro Anual de Extens\u00e3o Universit\u00e1ria<\/a> destacaram os resultados dos trabalhos e promoveram reflex\u00f5es sobre a extens\u00e3o no contexto local e estadual, com o tema \u201cO papel e o desafio da extens\u00e3o universit\u00e1ria na implementa\u00e7\u00e3o dos ODS \u2013 Objetivos do Desenvolvimento Sustent\u00e1vel\u201d. A programa\u00e7\u00e3o contou com palestras de convidados nacionais e apresenta\u00e7\u00f5es orais organizadas nas \u00e1reas tem\u00e1ticas da extens\u00e3o universit\u00e1ria.<\/p>\n\n\n\n<p>J\u00e1 em 2023, o <a href=\"https:\/\/sites.uel.br\/proex\/wp-content\/uploads\/2025\/06\/POR-EXTENSO-2023-FINAL.pdf\">XII POR EXTENSO e o VI Encontro Anual de Extens\u00e3o Universit\u00e1ria<\/a> foram realizados de 06 a 10 de novembro como parte da Semana Estadual de Ci\u00eancia, Tecnologia e Ensino Superior do Paran\u00e1 \u2013 PARAN\u00c1 FAZ CI\u00caNCIA 2023 e da 20\u00aa Semana Nacional da Ci\u00eancia e Tecnologia (SNCT 2023), com apoio da SETI, da Secretaria da Inova\u00e7\u00e3o, Moderniza\u00e7\u00e3o e Transforma\u00e7\u00e3o Digital, da Funda\u00e7\u00e3o Arauc\u00e1ria e da pr\u00f3pria UEL. Com o tema \u201cFuturo e os Desafios da Extens\u00e3o Universit\u00e1ria\u201d, foram debatidos a inova\u00e7\u00e3o nas a\u00e7\u00f5es extensionistas e os impactos da credita\u00e7\u00e3o da extens\u00e3o, com destaque para a confer\u00eancia de abertura \u201cA Universidade como Agente de Transforma\u00e7\u00e3o Social\u201d, ministrada pela Profa. Dra. Tereza Rodrigues Vieira. Em todas as edi\u00e7\u00f5es do POR EXTENSO, os estudantes participantes apresentaram os resultados de seus trabalhos, submeteram resumos expandidos e tiveram suas produ\u00e7\u00f5es publicadas nos Anais, organizados pelas \u00e1reas tem\u00e1ticas: Direitos Humanos e Justi\u00e7a, Educa\u00e7\u00e3o, Meio Ambiente, Tecnologia e Produ\u00e7\u00e3o, Cultura, Sa\u00fade e Trabalho. As atividades culturais tamb\u00e9m integraram a programa\u00e7\u00e3o, refor\u00e7ando a dimens\u00e3o formativa e social dos eventos.&#8221;<\/p>\n\n\n\n<p><\/p>\n","protected":false},"excerpt":{"rendered":"<p>A Pr\u00f3-Reitoria de Extens\u00e3o da Universidade Estadual de Londrina (PROEX\/UEL), ao longo de sua trajet\u00f3ria, tem promovido eventos voltados \u00e0 divulga\u00e7\u00e3o das a\u00e7\u00f5es extensionistas da institui\u00e7\u00e3o, anteriormente sob a denomina\u00e7\u00e3o de Sal\u00e3o da Extens\u00e3o. Em 2012, foi realizado o I Simp\u00f3sio de Extens\u00e3o da UEL, marcando uma nova etapa na consolida\u00e7\u00e3o dessas atividades. J\u00e1 em [&hellip;]<\/p>\n","protected":false},"author":9,"featured_media":0,"parent":0,"menu_order":0,"comment_status":"closed","ping_status":"closed","template":"","meta":{"_acf_changed":false,"_themeisle_gutenberg_block_has_review":false,"footnotes":""},"class_list":["post-6415","page","type-page","status-publish","hentry"],"acf":[],"_links":{"self":[{"href":"https:\/\/sites.uel.br\/proex\/wp-json\/wp\/v2\/pages\/6415","targetHints":{"allow":["GET"]}}],"collection":[{"href":"https:\/\/sites.uel.br\/proex\/wp-json\/wp\/v2\/pages"}],"about":[{"href":"https:\/\/sites.uel.br\/proex\/wp-json\/wp\/v2\/types\/page"}],"author":[{"embeddable":true,"href":"https:\/\/sites.uel.br\/proex\/wp-json\/wp\/v2\/users\/9"}],"replies":[{"embeddable":true,"href":"https:\/\/sites.uel.br\/proex\/wp-json\/wp\/v2\/comments?post=6415"}],"version-history":[{"count":5,"href":"https:\/\/sites.uel.br\/proex\/wp-json\/wp\/v2\/pages\/6415\/revisions"}],"predecessor-version":[{"id":6474,"href":"https:\/\/sites.uel.br\/proex\/wp-json\/wp\/v2\/pages\/6415\/revisions\/6474"}],"wp:attachment":[{"href":"https:\/\/sites.uel.br\/proex\/wp-json\/wp\/v2\/media?parent=6415"}],"curies":[{"name":"wp","href":"https:\/\/api.w.org\/{rel}","templated":true}]}}