{"id":6401,"date":"2025-06-24T11:12:14","date_gmt":"2025-06-24T14:12:14","guid":{"rendered":"https:\/\/sites.uel.br\/proex\/?page_id=6401"},"modified":"2026-03-20T09:40:11","modified_gmt":"2026-03-20T12:40:11","slug":"por-extenso-2","status":"publish","type":"page","link":"https:\/\/sites.uel.br\/proex\/por-extenso-2\/","title":{"rendered":"POR EXTENSO"},"content":{"rendered":"\n<div style=\"height:25px\" aria-hidden=\"true\" class=\"wp-block-spacer\"><\/div>\n\n\n<div class=\"wp-block-image\">\n<figure class=\"aligncenter size-large is-resized\"><img loading=\"lazy\" decoding=\"async\" width=\"1024\" height=\"555\" src=\"https:\/\/sites.uel.br\/proex\/wp-content\/uploads\/2025\/06\/Marca-Por-Extenso-encontro-1024x555.png\" alt=\"\" class=\"wp-image-6418\" style=\"aspect-ratio:1.845072429351698;width:341px;height:auto\" srcset=\"https:\/\/sites.uel.br\/proex\/wp-content\/uploads\/2025\/06\/Marca-Por-Extenso-encontro-1024x555.png 1024w, https:\/\/sites.uel.br\/proex\/wp-content\/uploads\/2025\/06\/Marca-Por-Extenso-encontro-300x163.png 300w, https:\/\/sites.uel.br\/proex\/wp-content\/uploads\/2025\/06\/Marca-Por-Extenso-encontro-768x416.png 768w, https:\/\/sites.uel.br\/proex\/wp-content\/uploads\/2025\/06\/Marca-Por-Extenso-encontro.png 1102w\" sizes=\"auto, (max-width: 1024px) 100vw, 1024px\" \/><\/figure>\n<\/div>\n\n\n<div style=\"height:25px\" aria-hidden=\"true\" class=\"wp-block-spacer\"><\/div>\n\n\n\n<p class=\"has-text-align-center\"><strong>APRESENTA\u00c7\u00c3O<\/strong><\/p>\n\n\n\n<p>O POR EXTENSO, composto pelos eventos <strong>Encontro Anual de Extens\u00e3o Universit\u00e1ria e Simp\u00f3sio de Extens\u00e3o da UEL<\/strong> s\u00e3o realiza\u00e7\u00f5es da <strong>Universidade Estadual de Londrina (UEL)<\/strong>, por meio da <strong>Pr\u00f3-Reitoria de Extens\u00e3o, Cultura e Sociedade (PROEX)<\/strong>. Visa integrar a comunidade acad\u00eamica e a sociedade para o interc\u00e2mbio de experi\u00eancias extensionistas da UEL e de outras Institui\u00e7\u00f5es de Ensino Superior (IES) da regi\u00e3o por meio de apresenta\u00e7\u00f5es de trabalhos em sess\u00f5es de comunica\u00e7\u00e3o oral de estudantes bolsistas de programas, projetos e a\u00e7\u00f5es extensionistas da UEL desenvolvidos em projetos e programas de extens\u00e3o, al\u00e9m de docentes, coordenadores, orientadores e colaboradores e estudantes colaboradores.<\/p>\n\n\n\n<p>O apoio financeiro, ao longo dos anos, da <strong>Funda\u00e7\u00e3o Arauc\u00e1ria e da Secretaria de Ci\u00eancia<\/strong>, <strong>Tecnologia e Ensino Superior (SETI) do Governo do Estado do Paran\u00e1<\/strong>, por meio de Chamada <strong>P\u00fablica do Programa de Apoio Institucional para a organiza\u00e7\u00e3o dos Encontros Anuais de Extens\u00e3o Universit\u00e1ria (EAEX)<\/strong> tem sido fundamental para realizar a integra\u00e7\u00e3o entre comunidade acad\u00eamica e sociedade, por meio das apresenta\u00e7\u00f5es dos resultados das a\u00e7\u00f5es extensionistas na regi\u00e3o.<\/p>\n\n\n\n<p>Os projetos e programas de extens\u00e3o da UEL expressam a\u00e7\u00f5es para o <strong>Paran\u00e1 2040 \u2013 Rotas Estrat\u00e9gicas de Ci\u00eancia, Tecnologia &amp; Inova\u00e7\u00e3o (CT&amp;I)<\/strong>, em espec\u00edfico, ao&nbsp;<strong>Ecossistema Regional de CT&amp;I Norte Central<\/strong>, voltadas \u00e0 concep\u00e7\u00e3o de solu\u00e7\u00f5es de CT&amp;I que promovam a gera\u00e7\u00e3o de riquezas, possibilitem a qualidade de vida das pessoas e colaborem com os preceitos de sustentabilidade e equidade. Dentre suas 14 estrat\u00e9gias baseadas em pol\u00edticas globais de CT&amp;I, citam-se: <strong>E1<\/strong> \u2013 Fortalecimento da forma\u00e7\u00e3o tecnol\u00f3gica e cient\u00edfica; <strong>E4<\/strong> \u2013 Promo\u00e7\u00e3o da diversidade, inclus\u00e3o e equidade; <strong>E5<\/strong> \u2013 Dissemina\u00e7\u00e3o da Ci\u00eancia; <strong>E7<\/strong> \u2013 Est\u00edmulo \u00e0 Extens\u00e3o Tecnol\u00f3gica; <strong>E11<\/strong> \u2013 Incentivo \u00e0s rela\u00e7\u00f5es colaborativas; e <strong>E12<\/strong> \u2013 Aprimoramento de pol\u00edticas p\u00fablicas. <\/p>\n\n\n\n<p>Ressalta-se tamb\u00e9m que o Por Extenso possui ader\u00eancia aos <strong>Novos Arranjos de Pesquisa e Inova\u00e7\u00e3o no Paran\u00e1 (NAPIs)<\/strong> e aos <strong>Objetivos de Desenvolvimento Sustent\u00e1vel (ODS)<\/strong> bem como \u00e0s \u00e1reas priorit\u00e1rias e transversais identificadas pelo <strong>Conselho Paranaense de Ci\u00eancia<\/strong>.<\/p>\n\n\n\n<div style=\"height:25px\" aria-hidden=\"true\" class=\"wp-block-spacer\"><\/div>\n\n\n\n<h2 class=\"wp-block-heading\">EDI\u00c7\u00d5ES ANTERIORES<\/h2>\n\n\n\n<div style=\"height:25px\" aria-hidden=\"true\" class=\"wp-block-spacer\"><\/div>\n\n\n\n<div class=\"wp-block-media-text is-stacked-on-mobile\" style=\"grid-template-columns:20% auto\"><figure class=\"wp-block-media-text__media\"><a href=\"https:\/\/sites.uel.br\/proex\/por-extenso-2025\/\"><img loading=\"lazy\" decoding=\"async\" width=\"809\" height=\"467\" src=\"https:\/\/sites.uel.br\/proex\/wp-content\/uploads\/2026\/03\/Captura-de-tela-2026-03-20-091858-1.png\" alt=\"\" class=\"wp-image-7775 size-full\" srcset=\"https:\/\/sites.uel.br\/proex\/wp-content\/uploads\/2026\/03\/Captura-de-tela-2026-03-20-091858-1.png 809w, https:\/\/sites.uel.br\/proex\/wp-content\/uploads\/2026\/03\/Captura-de-tela-2026-03-20-091858-1-300x173.png 300w, https:\/\/sites.uel.br\/proex\/wp-content\/uploads\/2026\/03\/Captura-de-tela-2026-03-20-091858-1-768x443.png 768w\" sizes=\"auto, (max-width: 809px) 100vw, 809px\" \/><\/a><\/figure><div class=\"wp-block-media-text__content\">\n<p>O <strong>14\u00ba POR EXTENSO \u2013 VIII Encontro Anual de Extens\u00e3o Universit\u00e1ria e o XIV Simp\u00f3sio de Extens\u00e3o<\/strong>, foi realizado no per\u00edodo de 10 a 14 de novembro de 2025, vinculado aos <strong>EVENTOS ACAD\u00caMICOS INTEGRADOS da UEL<\/strong>, com o tema: <strong>\u201cExtens\u00e3o Universit\u00e1ria e Participa\u00e7\u00e3o\u00a0Social: Cuidar de Si, Cuidar\u00a0do\u00a0Mundo\u201d.<\/strong><\/p>\n\n\n\n<p><strong>Leia mais sobre: <a href=\"https:\/\/operobal.uel.br\/eventos\/2024\/11\/11\/eventos-academicos-integrados-movimentam-centenas-de-estudantes-a-partir-desta-segunda\/\">Eventos acad\u00eamicos integrados movimentam centenas de estudantes a partir desta segunda<\/a><\/strong><\/p>\n\n\n\n<p><\/p>\n<\/div><\/div>\n\n\n\n<div style=\"height:25px\" aria-hidden=\"true\" class=\"wp-block-spacer\"><\/div>\n\n\n\n<div class=\"wp-block-media-text is-stacked-on-mobile\" style=\"grid-template-columns:20% auto\"><figure class=\"wp-block-media-text__media\"><a href=\"https:\/\/sites.uel.br\/proex\/por-extenso\/\"><img loading=\"lazy\" decoding=\"async\" width=\"804\" height=\"461\" src=\"https:\/\/sites.uel.br\/proex\/wp-content\/uploads\/2026\/03\/Captura-de-tela-2026-03-20-092022.png\" alt=\"\" class=\"wp-image-7774 size-full\" srcset=\"https:\/\/sites.uel.br\/proex\/wp-content\/uploads\/2026\/03\/Captura-de-tela-2026-03-20-092022.png 804w, https:\/\/sites.uel.br\/proex\/wp-content\/uploads\/2026\/03\/Captura-de-tela-2026-03-20-092022-300x172.png 300w, https:\/\/sites.uel.br\/proex\/wp-content\/uploads\/2026\/03\/Captura-de-tela-2026-03-20-092022-768x440.png 768w\" sizes=\"auto, (max-width: 804px) 100vw, 804px\" \/><\/a><\/figure><div class=\"wp-block-media-text__content\">\n<p>O <strong>13\u00b0 Por Extenso<\/strong>, foi realizado no per\u00edodo de 11 a 14 de novembro de 2024, na UEL, fazendo parte dos <strong>EVENTOS ACAD\u00caMICOS INTEGRADOS<\/strong> com o tema: <strong>\u201cA Extens\u00e3o Universit\u00e1ria e a Inova\u00e7\u00e3o Social \u2013 caminhos para a transforma\u00e7\u00e3o social\u201d.<\/strong><\/p>\n\n\n\n<p><strong>Leia mais sobre: <a href=\"https:\/\/operobal.uel.br\/extensao\/2024\/08\/22\/por-extenso-2024-tem-inscricoes-abertas-ate-20-de-setembro\/\">Por Extenso 2024 tem inscri\u00e7\u00f5es\u00a0abertas at\u00e9 20 de setembro<\/a><\/strong><\/p>\n<\/div><\/div>\n","protected":false},"excerpt":{"rendered":"<p>APRESENTA\u00c7\u00c3O O POR EXTENSO, composto pelos eventos Encontro Anual de Extens\u00e3o Universit\u00e1ria e Simp\u00f3sio de Extens\u00e3o da UEL s\u00e3o realiza\u00e7\u00f5es da Universidade Estadual de Londrina (UEL), por meio da Pr\u00f3-Reitoria de Extens\u00e3o, Cultura e Sociedade (PROEX). Visa integrar a comunidade acad\u00eamica e a sociedade para o interc\u00e2mbio de experi\u00eancias extensionistas da UEL e de outras [&hellip;]<\/p>\n","protected":false},"author":9,"featured_media":0,"parent":0,"menu_order":0,"comment_status":"closed","ping_status":"closed","template":"","meta":{"_acf_changed":false,"_themeisle_gutenberg_block_has_review":false,"footnotes":""},"class_list":["post-6401","page","type-page","status-publish","hentry"],"acf":[],"_links":{"self":[{"href":"https:\/\/sites.uel.br\/proex\/wp-json\/wp\/v2\/pages\/6401","targetHints":{"allow":["GET"]}}],"collection":[{"href":"https:\/\/sites.uel.br\/proex\/wp-json\/wp\/v2\/pages"}],"about":[{"href":"https:\/\/sites.uel.br\/proex\/wp-json\/wp\/v2\/types\/page"}],"author":[{"embeddable":true,"href":"https:\/\/sites.uel.br\/proex\/wp-json\/wp\/v2\/users\/9"}],"replies":[{"embeddable":true,"href":"https:\/\/sites.uel.br\/proex\/wp-json\/wp\/v2\/comments?post=6401"}],"version-history":[{"count":7,"href":"https:\/\/sites.uel.br\/proex\/wp-json\/wp\/v2\/pages\/6401\/revisions"}],"predecessor-version":[{"id":7776,"href":"https:\/\/sites.uel.br\/proex\/wp-json\/wp\/v2\/pages\/6401\/revisions\/7776"}],"wp:attachment":[{"href":"https:\/\/sites.uel.br\/proex\/wp-json\/wp\/v2\/media?parent=6401"}],"curies":[{"name":"wp","href":"https:\/\/api.w.org\/{rel}","templated":true}]}}