{"id":6390,"date":"2025-06-24T10:41:37","date_gmt":"2025-06-24T13:41:37","guid":{"rendered":"https:\/\/sites.uel.br\/proex\/?page_id=6390"},"modified":"2026-04-08T15:35:35","modified_gmt":"2026-04-08T18:35:35","slug":"por-extenso-2025","status":"publish","type":"page","link":"https:\/\/sites.uel.br\/proex\/por-extenso-2025\/","title":{"rendered":"POR EXTENSO 2025"},"content":{"rendered":"\n<hr class=\"wp-block-separator has-alpha-channel-opacity is-style-wide\"\/>\n\n\n\n<figure class=\"wp-block-gallery has-nested-images columns-default is-cropped wp-block-gallery-1 is-layout-flex wp-block-gallery-is-layout-flex\">\n<figure class=\"wp-block-image size-large is-style-default\"><img loading=\"lazy\" decoding=\"async\" width=\"1024\" height=\"365\" data-id=\"7002\" src=\"https:\/\/sites.uel.br\/proex\/wp-content\/uploads\/2025\/10\/site-1-1024x365.png\" alt=\"\" class=\"wp-image-7002\" srcset=\"https:\/\/sites.uel.br\/proex\/wp-content\/uploads\/2025\/10\/site-1-1024x365.png 1024w, https:\/\/sites.uel.br\/proex\/wp-content\/uploads\/2025\/10\/site-1-300x107.png 300w, https:\/\/sites.uel.br\/proex\/wp-content\/uploads\/2025\/10\/site-1-768x274.png 768w, https:\/\/sites.uel.br\/proex\/wp-content\/uploads\/2025\/10\/site-1-1536x548.png 1536w, https:\/\/sites.uel.br\/proex\/wp-content\/uploads\/2025\/10\/site-1.png 1920w\" sizes=\"auto, (max-width: 1024px) 100vw, 1024px\" \/><\/figure>\n<\/figure>\n\n\n\n<p><\/p>\n\n\n\n<p>O POR EXTENSO, composto pelos eventos Encontro Anual de Extens\u00e3o Universit\u00e1ria e Simp\u00f3sio de Extens\u00e3o da UEL s\u00e3o realiza\u00e7\u00f5es da Universidade Estadual de Londrina (UEL), por meio da Pr\u00f3-Reitoria de Extens\u00e3o, Cultura e Sociedade (PROEX). Visa integrar a comunidade acad\u00eamica e a sociedade para o interc\u00e2mbio de experi\u00eancias extensionistas da UEL e de outras Institui\u00e7\u00f5es de Ensino Superior (IES) da regi\u00e3o por meio de apresenta\u00e7\u00f5es de trabalhos em sess\u00f5es de comunica\u00e7\u00e3o oral de estudantes bolsistas de programas, projetos e a\u00e7\u00f5es extensionistas da UEL desenvolvidos em projetos e programas de extens\u00e3o, al\u00e9m de docentes, coordenadores, orientadores e colaboradores e estudantes colaboradores. O apoio financeiro, ao longo dos anos, da Funda\u00e7\u00e3o Arauc\u00e1ria e da Secretaria de Ci\u00eancia, Tecnologia e Ensino Superior (SETI) do Governo do Estado do Paran\u00e1, por meio de Chamada P\u00fablica do Programa de Apoio Institucional para a organiza\u00e7\u00e3o dos Encontros Anuais de Extens\u00e3o Universit\u00e1ria (EAEX) tem sido fundamental para realizar a integra\u00e7\u00e3o entre comunidade acad\u00eamica e sociedade, por meio das apresenta\u00e7\u00f5es dos resultados das a\u00e7\u00f5es extensionistas na regi\u00e3o.<\/p>\n\n\n\n<p>Em 2025, acontecer\u00e1 o <strong>14\u00ba POR EXTENSO &#8211; VIII Encontro Anual de Extens\u00e3o Universit\u00e1ria e o XIV Simp\u00f3sio de Extens\u00e3o <\/strong>vinculado aos EVENTOS ACAD\u00caMICOS INTEGRADOS da UEL, com o tema &#8220;Extens\u00e3o Universit\u00e1ria e Participa\u00e7\u00e3o&nbsp;Social: Cuidar de Si, Cuidar&nbsp;do&nbsp;Mundo\u201d que ocorrer\u00e3o no per\u00edodo de 10 a 14 de novembro de 2025, juntamente com o PR\u00d3-ENSINO &#8211; Mostra de Ensino (PROGRAD); o EAIC &#8211; Encontro de Atividades de Inicia\u00e7\u00e3o Cient\u00edfica; o EAIC Junior (PROPPG); e o evento da Assessoria de Rela\u00e7\u00f5es Internacionais da UEL, al\u00e9m de confer\u00eancia de abertura, mesas redondas e da I Mostra de Arte e Cultura da UEL.<\/p>\n\n\n\n<p>Esperamos que a 14<sup>a<\/sup> edi\u00e7\u00e3o do Por Extenso propicie a dissemina\u00e7\u00e3o dos principais resultados das a\u00e7\u00f5es extensionistas da UEL e de outras IES da regi\u00e3o, colabore com as reflex\u00f5es acerca dos desafios e das pr\u00e1ticas da extens\u00e3o universit\u00e1ria e contribua com o desenvolvimento cient\u00edfico, tecnol\u00f3gico, extensionista, de inova\u00e7\u00e3o e sociocultural dos munic\u00edpios do Paran\u00e1 por meio da atua\u00e7\u00e3o efetiva da comunidade acad\u00eamica extensionista junto \u00e0 sociedade. <\/p>\n\n\n\n<p><strong>INFORMA\u00c7\u00d5ES:<\/strong><\/p>\n\n\n\n<div class=\"wp-block-group is-layout-grid wp-container-core-group-is-layout-9649a0d9 wp-block-group-is-layout-grid\">\n<figure class=\"wp-block-gallery has-nested-images columns-default is-cropped wp-block-gallery-2 is-layout-flex wp-block-gallery-is-layout-flex\">\n<figure class=\"wp-block-image size-large\"><a href=\"https:\/\/www.sistemasweb.uel.br\/index.php?contents=system\/insc\/index.php&amp;pagina=view\/inscricoes\/seleciona_evento.php&amp;cod_evento=10865\"><img loading=\"lazy\" decoding=\"async\" width=\"1024\" height=\"559\" data-id=\"6989\" src=\"https:\/\/sites.uel.br\/proex\/wp-content\/uploads\/2025\/10\/Inscricoes-2-1024x559.png\" alt=\"\" class=\"wp-image-6989\" srcset=\"https:\/\/sites.uel.br\/proex\/wp-content\/uploads\/2025\/10\/Inscricoes-2-1024x559.png 1024w, https:\/\/sites.uel.br\/proex\/wp-content\/uploads\/2025\/10\/Inscricoes-2-300x164.png 300w, https:\/\/sites.uel.br\/proex\/wp-content\/uploads\/2025\/10\/Inscricoes-2-768x419.png 768w, https:\/\/sites.uel.br\/proex\/wp-content\/uploads\/2025\/10\/Inscricoes-2.png 1350w\" sizes=\"auto, (max-width: 1024px) 100vw, 1024px\" \/><\/a><\/figure>\n<\/figure>\n\n\n\n<figure class=\"wp-block-gallery has-nested-images columns-default is-cropped wp-block-gallery-3 is-layout-flex wp-block-gallery-is-layout-flex\">\n<figure class=\"wp-block-image size-large\"><a href=\"https:\/\/sites.uel.br\/proex\/wp-content\/uploads\/2025\/07\/POR_EXTENSO_2025_-_REGULAMENTO_assinado_assinado.pdf\"><img loading=\"lazy\" decoding=\"async\" width=\"1024\" height=\"559\" data-id=\"6991\" src=\"https:\/\/sites.uel.br\/proex\/wp-content\/uploads\/2025\/10\/Regulamento-2-1024x559.png\" alt=\"\" class=\"wp-image-6991\" srcset=\"https:\/\/sites.uel.br\/proex\/wp-content\/uploads\/2025\/10\/Regulamento-2-1024x559.png 1024w, https:\/\/sites.uel.br\/proex\/wp-content\/uploads\/2025\/10\/Regulamento-2-300x164.png 300w, https:\/\/sites.uel.br\/proex\/wp-content\/uploads\/2025\/10\/Regulamento-2-768x419.png 768w, https:\/\/sites.uel.br\/proex\/wp-content\/uploads\/2025\/10\/Regulamento-2.png 1350w\" sizes=\"auto, (max-width: 1024px) 100vw, 1024px\" \/><\/a><\/figure>\n<\/figure>\n\n\n\n<figure class=\"wp-block-gallery has-nested-images columns-default is-cropped wp-block-gallery-4 is-layout-flex wp-block-gallery-is-layout-flex\">\n<figure class=\"wp-block-image size-large\"><a href=\"https:\/\/sites.uel.br\/proex\/wp-content\/uploads\/2025\/10\/CRONOGRAMA-DE-EXECUCAO-POR-EXTENSO-2025-ATUALIZADO-3.pdf\"><img loading=\"lazy\" decoding=\"async\" width=\"1024\" height=\"559\" data-id=\"6993\" src=\"https:\/\/sites.uel.br\/proex\/wp-content\/uploads\/2025\/10\/Cronograma-2-1024x559.png\" alt=\"\" class=\"wp-image-6993\" srcset=\"https:\/\/sites.uel.br\/proex\/wp-content\/uploads\/2025\/10\/Cronograma-2-1024x559.png 1024w, https:\/\/sites.uel.br\/proex\/wp-content\/uploads\/2025\/10\/Cronograma-2-300x164.png 300w, https:\/\/sites.uel.br\/proex\/wp-content\/uploads\/2025\/10\/Cronograma-2-768x419.png 768w, https:\/\/sites.uel.br\/proex\/wp-content\/uploads\/2025\/10\/Cronograma-2.png 1350w\" sizes=\"auto, (max-width: 1024px) 100vw, 1024px\" \/><\/a><\/figure>\n<\/figure>\n\n\n\n<figure class=\"wp-block-gallery has-nested-images columns-default is-cropped wp-block-gallery-5 is-layout-flex wp-block-gallery-is-layout-flex\">\n<figure class=\"wp-block-image size-large\"><a href=\"https:\/\/sites.uel.br\/proex\/wp-content\/uploads\/2025\/10\/Modelo_de_Apresentacao_14oPor_Extenso_2025-Final.pptx\"><img loading=\"lazy\" decoding=\"async\" width=\"1024\" height=\"559\" data-id=\"6996\" src=\"https:\/\/sites.uel.br\/proex\/wp-content\/uploads\/2025\/10\/template-de-apresentacao-2-1024x559.png\" alt=\"\" class=\"wp-image-6996\" srcset=\"https:\/\/sites.uel.br\/proex\/wp-content\/uploads\/2025\/10\/template-de-apresentacao-2-1024x559.png 1024w, https:\/\/sites.uel.br\/proex\/wp-content\/uploads\/2025\/10\/template-de-apresentacao-2-300x164.png 300w, https:\/\/sites.uel.br\/proex\/wp-content\/uploads\/2025\/10\/template-de-apresentacao-2-768x419.png 768w, https:\/\/sites.uel.br\/proex\/wp-content\/uploads\/2025\/10\/template-de-apresentacao-2.png 1350w\" sizes=\"auto, (max-width: 1024px) 100vw, 1024px\" \/><\/a><\/figure>\n<\/figure>\n\n\n\n<figure class=\"wp-block-gallery has-nested-images columns-default is-cropped wp-block-gallery-6 is-layout-flex wp-block-gallery-is-layout-flex\">\n<figure class=\"wp-block-image size-large\"><a href=\"https:\/\/sites.uel.br\/proex\/wp-content\/uploads\/2025\/11\/PLANILHA-TRABALHOS-INSCRITOS-ORDEM-ALFABETICA-atualizado-2025.pdf\"><img loading=\"lazy\" decoding=\"async\" width=\"1024\" height=\"559\" data-id=\"7005\" src=\"https:\/\/sites.uel.br\/proex\/wp-content\/uploads\/2025\/10\/ensalamento-1024x559.png\" alt=\"\" class=\"wp-image-7005\" srcset=\"https:\/\/sites.uel.br\/proex\/wp-content\/uploads\/2025\/10\/ensalamento-1024x559.png 1024w, https:\/\/sites.uel.br\/proex\/wp-content\/uploads\/2025\/10\/ensalamento-300x164.png 300w, https:\/\/sites.uel.br\/proex\/wp-content\/uploads\/2025\/10\/ensalamento-768x419.png 768w, https:\/\/sites.uel.br\/proex\/wp-content\/uploads\/2025\/10\/ensalamento.png 1350w\" sizes=\"auto, (max-width: 1024px) 100vw, 1024px\" \/><\/a><\/figure>\n<\/figure>\n<\/div>\n\n\n\n<div class=\"wp-block-group is-layout-grid wp-container-core-group-is-layout-9649a0d9 wp-block-group-is-layout-grid\">\n<figure class=\"wp-block-gallery has-nested-images columns-default is-cropped wp-block-gallery-7 is-layout-flex wp-block-gallery-is-layout-flex\">\n<figure class=\"wp-block-image size-large\"><img loading=\"lazy\" decoding=\"async\" width=\"1024\" height=\"559\" data-id=\"7000\" src=\"https:\/\/sites.uel.br\/proex\/wp-content\/uploads\/2025\/10\/mapa-de-salas-1024x559.png\" alt=\"\" class=\"wp-image-7000\" srcset=\"https:\/\/sites.uel.br\/proex\/wp-content\/uploads\/2025\/10\/mapa-de-salas-1024x559.png 1024w, https:\/\/sites.uel.br\/proex\/wp-content\/uploads\/2025\/10\/mapa-de-salas-300x164.png 300w, https:\/\/sites.uel.br\/proex\/wp-content\/uploads\/2025\/10\/mapa-de-salas-768x419.png 768w, https:\/\/sites.uel.br\/proex\/wp-content\/uploads\/2025\/10\/mapa-de-salas.png 1350w\" sizes=\"auto, (max-width: 1024px) 100vw, 1024px\" \/><\/figure>\n<\/figure>\n\n\n\n<figure class=\"wp-block-gallery has-nested-images columns-default is-cropped wp-block-gallery-8 is-layout-flex wp-block-gallery-is-layout-flex\">\n<figure class=\"wp-block-image size-large\"><a href=\"https:\/\/sites.uel.br\/proex\/wp-content\/uploads\/2025\/11\/Eventos-Integrados-da-UEL-2025.pdf\"><img loading=\"lazy\" decoding=\"async\" width=\"1024\" height=\"559\" data-id=\"7001\" src=\"https:\/\/sites.uel.br\/proex\/wp-content\/uploads\/2025\/10\/prog-geral-1024x559.png\" alt=\"\" class=\"wp-image-7001\" srcset=\"https:\/\/sites.uel.br\/proex\/wp-content\/uploads\/2025\/10\/prog-geral-1024x559.png 1024w, https:\/\/sites.uel.br\/proex\/wp-content\/uploads\/2025\/10\/prog-geral-300x164.png 300w, https:\/\/sites.uel.br\/proex\/wp-content\/uploads\/2025\/10\/prog-geral-768x419.png 768w, https:\/\/sites.uel.br\/proex\/wp-content\/uploads\/2025\/10\/prog-geral.png 1350w\" sizes=\"auto, (max-width: 1024px) 100vw, 1024px\" \/><\/a><\/figure>\n<\/figure>\n\n\n\n<figure class=\"wp-block-gallery has-nested-images columns-default is-cropped wp-block-gallery-9 is-layout-flex wp-block-gallery-is-layout-flex\">\n<figure class=\"wp-block-image size-large\"><a href=\"https:\/\/sites.uel.br\/proex\/wp-content\/uploads\/2026\/01\/COMITE-AVALIADOR-14o-POR-EXTENSO.pdf\"><img loading=\"lazy\" decoding=\"async\" width=\"1024\" height=\"559\" data-id=\"6999\" src=\"https:\/\/sites.uel.br\/proex\/wp-content\/uploads\/2025\/10\/comite-avaliador-1-1024x559.png\" alt=\"\" class=\"wp-image-6999\" srcset=\"https:\/\/sites.uel.br\/proex\/wp-content\/uploads\/2025\/10\/comite-avaliador-1-1024x559.png 1024w, https:\/\/sites.uel.br\/proex\/wp-content\/uploads\/2025\/10\/comite-avaliador-1-300x164.png 300w, https:\/\/sites.uel.br\/proex\/wp-content\/uploads\/2025\/10\/comite-avaliador-1-768x419.png 768w, https:\/\/sites.uel.br\/proex\/wp-content\/uploads\/2025\/10\/comite-avaliador-1.png 1350w\" sizes=\"auto, (max-width: 1024px) 100vw, 1024px\" \/><\/a><\/figure>\n<\/figure>\n\n\n\n<figure class=\"wp-block-gallery has-nested-images columns-default is-cropped wp-block-gallery-10 is-layout-flex wp-block-gallery-is-layout-flex\">\n<figure class=\"wp-block-image size-large\"><a href=\"https:\/\/sites.uel.br\/proex\/wp-content\/uploads\/2026\/01\/COMISSAO-ORGANIZADORA-14o-POR-EXTENSO.pdf\"><img loading=\"lazy\" decoding=\"async\" width=\"1024\" height=\"559\" data-id=\"6998\" src=\"https:\/\/sites.uel.br\/proex\/wp-content\/uploads\/2025\/10\/comissao-organizadora-1024x559.png\" alt=\"\" class=\"wp-image-6998\" srcset=\"https:\/\/sites.uel.br\/proex\/wp-content\/uploads\/2025\/10\/comissao-organizadora-1024x559.png 1024w, https:\/\/sites.uel.br\/proex\/wp-content\/uploads\/2025\/10\/comissao-organizadora-300x164.png 300w, https:\/\/sites.uel.br\/proex\/wp-content\/uploads\/2025\/10\/comissao-organizadora-768x419.png 768w, https:\/\/sites.uel.br\/proex\/wp-content\/uploads\/2025\/10\/comissao-organizadora.png 1350w\" sizes=\"auto, (max-width: 1024px) 100vw, 1024px\" \/><\/a><\/figure>\n<\/figure>\n\n\n\n<figure class=\"wp-block-gallery has-nested-images columns-default is-cropped wp-block-gallery-11 is-layout-flex wp-block-gallery-is-layout-flex\">\n<figure class=\"wp-block-image size-large\"><img loading=\"lazy\" decoding=\"async\" width=\"1024\" height=\"559\" data-id=\"6997\" src=\"https:\/\/sites.uel.br\/proex\/wp-content\/uploads\/2025\/10\/anais-1024x559.png\" alt=\"\" class=\"wp-image-6997\" srcset=\"https:\/\/sites.uel.br\/proex\/wp-content\/uploads\/2025\/10\/anais-1024x559.png 1024w, https:\/\/sites.uel.br\/proex\/wp-content\/uploads\/2025\/10\/anais-300x164.png 300w, https:\/\/sites.uel.br\/proex\/wp-content\/uploads\/2025\/10\/anais-768x419.png 768w, https:\/\/sites.uel.br\/proex\/wp-content\/uploads\/2025\/10\/anais.png 1350w\" sizes=\"auto, (max-width: 1024px) 100vw, 1024px\" \/><\/figure>\n<\/figure>\n<\/div>\n\n\n\n<figure class=\"wp-block-image size-large is-resized\"><a href=\"https:\/\/sites.uel.br\/proex\/wp-content\/uploads\/2025\/10\/Modelo-resumo-expandido-14oPor-Extenso-2025.docx\"><img loading=\"lazy\" decoding=\"async\" width=\"1024\" height=\"559\" src=\"https:\/\/sites.uel.br\/proex\/wp-content\/uploads\/2025\/10\/modelo-do-resumo-1024x559.png\" alt=\"\" class=\"wp-image-7035\" style=\"width:203px;height:auto\" srcset=\"https:\/\/sites.uel.br\/proex\/wp-content\/uploads\/2025\/10\/modelo-do-resumo-1024x559.png 1024w, https:\/\/sites.uel.br\/proex\/wp-content\/uploads\/2025\/10\/modelo-do-resumo-300x164.png 300w, https:\/\/sites.uel.br\/proex\/wp-content\/uploads\/2025\/10\/modelo-do-resumo-768x419.png 768w, https:\/\/sites.uel.br\/proex\/wp-content\/uploads\/2025\/10\/modelo-do-resumo.png 1350w\" sizes=\"auto, (max-width: 1024px) 100vw, 1024px\" \/><\/a><\/figure>\n\n\n\n<div style=\"height:15px\" aria-hidden=\"true\" class=\"wp-block-spacer\"><\/div>\n\n\n\n<h3 class=\"wp-block-heading\"><strong>\u26a0\ufe0f Aten\u00e7\u00e3o:<\/strong> <strong>Anais do 14\u00ba POR EXTENSO \u2013 VIII Encontro Anual de Extens\u00e3o Universit\u00e1ria e o XIV Simp\u00f3sio de Extens\u00e3o \u2013 Em Fase Final de Revis\u00e3o.<\/strong><\/h3>\n\n\n\n<div style=\"height:15px\" aria-hidden=\"true\" class=\"wp-block-spacer\"><\/div>\n\n\n\n<blockquote class=\"wp-block-quote is-layout-flow wp-block-quote-is-layout-flow\">\n<p><strong>A ficha catalogr\u00e1fica e registro ISBN j\u00e1 est\u00e1 dispon\u00edvel em:<\/strong> <a href=\"https:\/\/sites.uel.br\/proex\/wp-content\/uploads\/2026\/03\/Ficha-catalografica.pdf\">https:\/\/sites.uel.br\/proex\/wp-content\/uploads\/2026\/03\/Ficha-catalografica.pdf<\/a><\/p>\n<\/blockquote>\n\n\n\n<div style=\"height:15px\" aria-hidden=\"true\" class=\"wp-block-spacer\"><\/div>\n\n\n\n<p><strong>D\u00daVIDAS: <\/strong>porextenso@uel.br<\/p>\n\n\n\n<figure class=\"wp-block-image size-large is-resized\"><img loading=\"lazy\" decoding=\"async\" width=\"1024\" height=\"179\" src=\"https:\/\/sites.uel.br\/proex\/wp-content\/uploads\/2024\/08\/Prancheta-1rodape-2-1024x179.png\" alt=\"\" class=\"wp-image-4534\" style=\"width:1123px;height:auto\" srcset=\"https:\/\/sites.uel.br\/proex\/wp-content\/uploads\/2024\/08\/Prancheta-1rodape-2-1024x179.png 1024w, https:\/\/sites.uel.br\/proex\/wp-content\/uploads\/2024\/08\/Prancheta-1rodape-2-300x53.png 300w, https:\/\/sites.uel.br\/proex\/wp-content\/uploads\/2024\/08\/Prancheta-1rodape-2-768x134.png 768w, https:\/\/sites.uel.br\/proex\/wp-content\/uploads\/2024\/08\/Prancheta-1rodape-2-1536x269.png 1536w, https:\/\/sites.uel.br\/proex\/wp-content\/uploads\/2024\/08\/Prancheta-1rodape-2-2048x359.png 2048w\" sizes=\"auto, (max-width: 1024px) 100vw, 1024px\" \/><\/figure>\n","protected":false},"excerpt":{"rendered":"<p>O POR EXTENSO, composto pelos eventos Encontro Anual de Extens\u00e3o Universit\u00e1ria e Simp\u00f3sio de Extens\u00e3o da UEL s\u00e3o realiza\u00e7\u00f5es da Universidade Estadual de Londrina (UEL), por meio da Pr\u00f3-Reitoria de Extens\u00e3o, Cultura e Sociedade (PROEX). Visa integrar a comunidade acad\u00eamica e a sociedade para o interc\u00e2mbio de experi\u00eancias extensionistas da UEL e de outras Institui\u00e7\u00f5es [&hellip;]<\/p>\n","protected":false},"author":9,"featured_media":0,"parent":0,"menu_order":0,"comment_status":"closed","ping_status":"closed","template":"","meta":{"_acf_changed":false,"_themeisle_gutenberg_block_has_review":false,"footnotes":""},"class_list":["post-6390","page","type-page","status-publish","hentry"],"acf":[],"_links":{"self":[{"href":"https:\/\/sites.uel.br\/proex\/wp-json\/wp\/v2\/pages\/6390","targetHints":{"allow":["GET"]}}],"collection":[{"href":"https:\/\/sites.uel.br\/proex\/wp-json\/wp\/v2\/pages"}],"about":[{"href":"https:\/\/sites.uel.br\/proex\/wp-json\/wp\/v2\/types\/page"}],"author":[{"embeddable":true,"href":"https:\/\/sites.uel.br\/proex\/wp-json\/wp\/v2\/users\/9"}],"replies":[{"embeddable":true,"href":"https:\/\/sites.uel.br\/proex\/wp-json\/wp\/v2\/comments?post=6390"}],"version-history":[{"count":48,"href":"https:\/\/sites.uel.br\/proex\/wp-json\/wp\/v2\/pages\/6390\/revisions"}],"predecessor-version":[{"id":7988,"href":"https:\/\/sites.uel.br\/proex\/wp-json\/wp\/v2\/pages\/6390\/revisions\/7988"}],"wp:attachment":[{"href":"https:\/\/sites.uel.br\/proex\/wp-json\/wp\/v2\/media?parent=6390"}],"curies":[{"name":"wp","href":"https:\/\/api.w.org\/{rel}","templated":true}]}}