{"id":5690,"date":"2025-03-20T17:24:30","date_gmt":"2025-03-20T20:24:30","guid":{"rendered":"https:\/\/sites.uel.br\/proex\/?page_id=5690"},"modified":"2025-03-20T17:47:12","modified_gmt":"2025-03-20T20:47:12","slug":"programa-empresa-junior","status":"publish","type":"page","link":"https:\/\/sites.uel.br\/proex\/programa-empresa-junior\/","title":{"rendered":"PROGRAMA EMPRESA JUNIOR"},"content":{"rendered":"\n<p><\/p>\n\n\n\n<ul class=\"wp-block-list\">\n<li><a href=\"https:\/\/sites.uel.br\/proex\/wp-content\/uploads\/2025\/03\/Resolucao-CEPE-CA-011-2025-Empresa-Junior.pdf\">Resolu\u00e7\u00e3o CEPE \/ CA n\u00ba 011\/2025 \u2013 Estabelece as normas e procedimentos que regulamentam as Empresas Juniores no \u00e2mbito da Extens\u00e3o Universit\u00e1ria da UEL.<\/a><\/li>\n<\/ul>\n\n\n\n<p><\/p>\n\n\n\n<ul class=\"wp-block-list\">\n<li><a href=\"https:\/\/sites.uel.br\/proex\/wp-content\/uploads\/2025\/03\/EMPRESAS-JUNIORES-ORIENTACOES-PARA-CADASTRO.pdf\">Orienta\u00e7\u00f5es para cadastro de Empresas Juniores &#8211; Informa\u00e7\u00f5es quanto aos procedimentos de protocolo e de cadastro de novas empresas e das Empresas Juniores cadastradas na PROGRAD<\/a><\/li>\n<\/ul>\n\n\n\n<p><\/p>\n\n\n\n<ul class=\"wp-block-list\">\n<li><a href=\"https:\/\/sites.uel.br\/proex\/wp-content\/uploads\/2025\/03\/Roteiro-Elaboracao-Empresas-Juniores-UEL.doc\">Roteiro para Elabora\u00e7\u00e3o do Plano Acad\u00eamico das Empresas Juniores<\/a><\/li>\n<\/ul>\n\n\n\n<p><\/p>\n\n\n\n<p><\/p>\n","protected":false},"excerpt":{"rendered":"","protected":false},"author":9,"featured_media":0,"parent":0,"menu_order":0,"comment_status":"closed","ping_status":"closed","template":"","meta":{"_acf_changed":false,"_themeisle_gutenberg_block_has_review":false,"footnotes":""},"class_list":["post-5690","page","type-page","status-publish","hentry"],"acf":[],"_links":{"self":[{"href":"https:\/\/sites.uel.br\/proex\/wp-json\/wp\/v2\/pages\/5690","targetHints":{"allow":["GET"]}}],"collection":[{"href":"https:\/\/sites.uel.br\/proex\/wp-json\/wp\/v2\/pages"}],"about":[{"href":"https:\/\/sites.uel.br\/proex\/wp-json\/wp\/v2\/types\/page"}],"author":[{"embeddable":true,"href":"https:\/\/sites.uel.br\/proex\/wp-json\/wp\/v2\/users\/9"}],"replies":[{"embeddable":true,"href":"https:\/\/sites.uel.br\/proex\/wp-json\/wp\/v2\/comments?post=5690"}],"version-history":[{"count":14,"href":"https:\/\/sites.uel.br\/proex\/wp-json\/wp\/v2\/pages\/5690\/revisions"}],"predecessor-version":[{"id":5707,"href":"https:\/\/sites.uel.br\/proex\/wp-json\/wp\/v2\/pages\/5690\/revisions\/5707"}],"wp:attachment":[{"href":"https:\/\/sites.uel.br\/proex\/wp-json\/wp\/v2\/media?parent=5690"}],"curies":[{"name":"wp","href":"https:\/\/api.w.org\/{rel}","templated":true}]}}