{"id":5521,"date":"2025-02-19T14:23:41","date_gmt":"2025-02-19T17:23:41","guid":{"rendered":"https:\/\/sites.uel.br\/proex\/?page_id=5521"},"modified":"2025-12-12T16:26:59","modified_gmt":"2025-12-12T19:26:59","slug":"2025-2","status":"publish","type":"page","link":"https:\/\/sites.uel.br\/proex\/2025-2\/","title":{"rendered":"2025"},"content":{"rendered":"\n<figure class=\"wp-block-pullquote\"><blockquote><p><strong>DEZEMBRO &#8211; Reuni\u00e3o Ordin\u00e1ria<\/strong><\/p><cite><a href=\"https:\/\/sites.uel.br\/proex\/wp-content\/uploads\/2025\/12\/Pauta-Camara-220-Ordinaria-DEZEMBRO-2025.pdf\" target=\"_blank\" rel=\"noreferrer noopener\">PAUTA DA C\u00c2MARA DE EXTENS\u00c3O <\/a><br><a href=\"https:\/\/sites.uel.br\/proex\/wp-content\/uploads\/2025\/12\/Anexo-1-Camara-DEZEMBRO-3060-Processo_23.816.131-2_1.pdf\" target=\"_blank\" rel=\"noreferrer noopener\">ANEXO i <\/a><br><a href=\"https:\/\/sites.uel.br\/proex\/wp-content\/uploads\/2025\/12\/Anexo-2-Camara-DEZEMBRO-3093-Processo_24.830.885-0_1.pdf\" target=\"_blank\" rel=\"noreferrer noopener\">ANEXO ii<\/a><br><a href=\"https:\/\/sites.uel.br\/proex\/wp-content\/uploads\/2025\/12\/Anexo-3-Camara-DEZEMBRO-03076-Processo_24.480.048-3_1.pdf\" data-type=\"link\" data-id=\"https:\/\/sites.uel.br\/proex\/wp-content\/uploads\/2025\/10\/Pauta-Camara-218-EXTRA-PAUTA-Ordinaria-OUTUBRO-2025.pdf\" target=\"_blank\" rel=\"noreferrer noopener\">ANEXO iii<\/a><br><a href=\"https:\/\/sites.uel.br\/proex\/wp-content\/uploads\/2025\/12\/Anexo-4-Camara-DEZEMBRO-PORPOSTA-11483-Curso-teorico-pratico-de-arritmologia-clinica.pdf\" data-type=\"link\" data-id=\"https:\/\/sites.uel.br\/proex\/wp-content\/uploads\/2025\/10\/Anexo-3-Camara-Outubro-EXTRA-PAUTA-3075-Processo_24.372.799-5_1.pdf\" target=\"_blank\" rel=\"noreferrer noopener\">ANEXO IV<\/a><br><a href=\"https:\/\/sites.uel.br\/proex\/wp-content\/uploads\/2025\/12\/Ata-CE-212-27-11-2024.pdf\" data-type=\"link\" data-id=\"https:\/\/sites.uel.br\/proex\/wp-content\/uploads\/2025\/10\/Pauta-Camara-218-EXTRA-PAUTA-Ordinaria-OUTUBRO-2025.pdf\" target=\"_blank\" rel=\"noreferrer noopener\">ATA CE 212<\/a><\/cite><\/blockquote><\/figure>\n\n\n\n<figure class=\"wp-block-pullquote\"><blockquote><p><strong>NOVEMBRO &#8211; Reuni\u00e3o Ordin\u00e1ria<\/strong><\/p><cite><a href=\"https:\/\/sites.uel.br\/proex\/wp-content\/uploads\/2025\/11\/Pauta-Camara-219-Ordinaria-NOVEMBRO-2025.pdf\" target=\"_blank\" rel=\"noreferrer noopener\">PAUTA DA C\u00c2MARA DE EXTENS\u00c3O <\/a><br><a href=\"https:\/\/sites.uel.br\/proex\/wp-content\/uploads\/2025\/11\/Anexo-1-Camara-NOVEMBRO-2465-RELAT-FINAL-PAS-Processo_24.492.871-4_1.pdf\" target=\"_blank\" rel=\"noreferrer noopener\">ANEXO i <\/a><br><a href=\"https:\/\/sites.uel.br\/proex\/wp-content\/uploads\/2025\/11\/Anexo-2-Camara-NOVEMBRO-2469-RELAT-FINAL-Processo_23.970.156-6_1.pdf\" target=\"_blank\" rel=\"noreferrer noopener\">ANEXO ii<\/a><br><a href=\"https:\/\/sites.uel.br\/proex\/wp-content\/uploads\/2025\/11\/Anexo-3-Camara-NOVEMBRO-2620-AUTORIZACAO-Processo_24.870.260-5_1.pdf\" data-type=\"link\" data-id=\"https:\/\/sites.uel.br\/proex\/wp-content\/uploads\/2025\/10\/Pauta-Camara-218-EXTRA-PAUTA-Ordinaria-OUTUBRO-2025.pdf\" target=\"_blank\" rel=\"noreferrer noopener\">ANEXO iii<\/a><br><a href=\"https:\/\/sites.uel.br\/proex\/wp-content\/uploads\/2025\/11\/Anexo-4-Camara-NOVEMBRO-2632-Autorizacao-24.963.436-0.pdf\" data-type=\"link\" data-id=\"https:\/\/sites.uel.br\/proex\/wp-content\/uploads\/2025\/10\/Anexo-3-Camara-Outubro-EXTRA-PAUTA-3075-Processo_24.372.799-5_1.pdf\" target=\"_blank\" rel=\"noreferrer noopener\">ANEXO IV<\/a><br><a href=\"https:\/\/sites.uel.br\/proex\/wp-content\/uploads\/2025\/11\/Ata-CE-209-20-08-2024.pdf\" data-type=\"link\" data-id=\"https:\/\/sites.uel.br\/proex\/wp-content\/uploads\/2025\/10\/Pauta-Camara-218-EXTRA-PAUTA-Ordinaria-OUTUBRO-2025.pdf\" target=\"_blank\" rel=\"noreferrer noopener\">ATA CE 209<\/a><br><a href=\"https:\/\/sites.uel.br\/proex\/wp-content\/uploads\/2025\/11\/Ata-CE-210-17-09-2024.pdf\" data-type=\"link\" data-id=\"https:\/\/sites.uel.br\/proex\/wp-content\/uploads\/2025\/10\/Anexo-3-Camara-Outubro-EXTRA-PAUTA-3075-Processo_24.372.799-5_1.pdf\" target=\"_blank\" rel=\"noreferrer noopener\">ATA CE 210<\/a><br><a href=\"https:\/\/sites.uel.br\/proex\/wp-content\/uploads\/2025\/11\/Ata-CE-211-01-10-2024.pdf\" data-type=\"link\" data-id=\"https:\/\/sites.uel.br\/proex\/wp-content\/uploads\/2025\/10\/Anexo-3-Camara-Outubro-EXTRA-PAUTA-3075-Processo_24.372.799-5_1.pdf\" target=\"_blank\" rel=\"noreferrer noopener\">ATA CE 211<\/a><br><a href=\"https:\/\/sites.uel.br\/proex\/wp-content\/uploads\/2025\/11\/Ata-CE-212-27-11-2024.pdf\" data-type=\"link\" data-id=\"https:\/\/sites.uel.br\/proex\/wp-content\/uploads\/2025\/10\/Anexo-3-Camara-Outubro-EXTRA-PAUTA-3075-Processo_24.372.799-5_1.pdf\" target=\"_blank\" rel=\"noreferrer noopener\">ATA CE 212<\/a><\/cite><\/blockquote><\/figure>\n\n\n\n<figure class=\"wp-block-pullquote\"><blockquote><p><strong>OUTUBRO &#8211; Reuni\u00e3o Ordin\u00e1ria<\/strong><\/p><cite><a href=\"https:\/\/sites.uel.br\/proex\/wp-content\/uploads\/2025\/10\/Pauta-Camara-218-Ordinaria-OUTUBRO-2025.pdf\" target=\"_blank\" rel=\"noreferrer noopener\">PAUTA DA C\u00c2MARA DE EXTENS\u00c3O <\/a><br><a href=\"https:\/\/sites.uel.br\/proex\/wp-content\/uploads\/2025\/10\/Anexo-1-Camara-OUTUBRO-Processo_24.012.578-1_1.pdf\" target=\"_blank\" rel=\"noreferrer noopener\">ANEXO i <\/a><br><a href=\"https:\/\/sites.uel.br\/proex\/wp-content\/uploads\/2025\/10\/Anexo-2-Camara-OUTUBRO-Processo-23.971.350-5.pdf\" target=\"_blank\" rel=\"noreferrer noopener\">ANEXO ii<\/a><br><a href=\"https:\/\/sites.uel.br\/proex\/wp-content\/uploads\/2025\/10\/Pauta-Camara-218-EXTRA-PAUTA-Ordinaria-OUTUBRO-2025.pdf\" data-type=\"link\" data-id=\"https:\/\/sites.uel.br\/proex\/wp-content\/uploads\/2025\/10\/Pauta-Camara-218-EXTRA-PAUTA-Ordinaria-OUTUBRO-2025.pdf\" target=\"_blank\" rel=\"noreferrer noopener\">EXTRA PAUTA DA C\u00c2MARA DE EXTENS\u00c3O<\/a><br><a href=\"https:\/\/sites.uel.br\/proex\/wp-content\/uploads\/2025\/10\/Anexo-3-Camara-Outubro-EXTRA-PAUTA-3075-Processo_24.372.799-5_1.pdf\" data-type=\"link\" data-id=\"https:\/\/sites.uel.br\/proex\/wp-content\/uploads\/2025\/10\/Anexo-3-Camara-Outubro-EXTRA-PAUTA-3075-Processo_24.372.799-5_1.pdf\" target=\"_blank\" rel=\"noreferrer noopener\">ANEXO iII &#8211; extra pauta<\/a><br><a href=\"https:\/\/sites.uel.br\/proex\/wp-content\/uploads\/2025\/10\/Anexo-4-Camara-Outubro-EXTRA-PAUTA-2388-Processo_24.313.950-3_1.pdf\" data-type=\"link\" data-id=\"https:\/\/sites.uel.br\/proex\/wp-content\/uploads\/2025\/10\/Anexo-4-Camara-Outubro-EXTRA-PAUTA-2388-Processo_24.313.950-3_1.pdf\" target=\"_blank\" rel=\"noreferrer noopener\">ANEXO IV &#8211; extra pauta<\/a><\/cite><\/blockquote><\/figure>\n\n\n\n<figure class=\"wp-block-pullquote\"><blockquote><p><strong>SETEMBRO &#8211; Reuni\u00e3o Ordin\u00e1ria<\/strong><\/p><cite><a href=\"https:\/\/sites.uel.br\/proex\/wp-content\/uploads\/2025\/09\/Pauta-Camara-217-Ordinaria-SETEMBRO-2025.pdf\" target=\"_blank\" rel=\"noreferrer noopener\">PAUTA DA C\u00c2MARA DE EXTENS\u00c3O <\/a><br><a href=\"https:\/\/sites.uel.br\/proex\/wp-content\/uploads\/2025\/09\/Anexo-1-Camara-SETEMBRO-03052-Processo_24.123.594-7_1.pdf\" target=\"_blank\" rel=\"noreferrer noopener\">ANEXO i <\/a><br><a href=\"https:\/\/sites.uel.br\/proex\/wp-content\/uploads\/2025\/09\/Anexo-2-Camara-SETEMBRO-02995-Processo_23.549.766-2.pdf\" target=\"_blank\" rel=\"noreferrer noopener\">ANEXO ii<\/a><br><a href=\"https:\/\/sites.uel.br\/proex\/wp-content\/uploads\/2025\/09\/Anexo-3-Camara-SETEMBRO-03055-Processo_24.067.127-1_1.pdf\" target=\"_blank\" rel=\"noreferrer noopener\">ANEXO iii<\/a><br><a href=\"https:\/\/sites.uel.br\/proex\/wp-content\/uploads\/2025\/09\/Anexo-4-Camara-SETEMBRO-0896-Relatorio-Anual-Programa.pdf\" target=\"_blank\" rel=\"noreferrer noopener\">ANEXO iv<\/a><br><a href=\"https:\/\/sites.uel.br\/proex\/wp-content\/uploads\/2025\/09\/Anexo-5-Camara-SETEMBRO-01490-Relatorio-Anual-Programa.pdf\" target=\"_blank\" rel=\"noreferrer noopener\">ANEXO v<\/a><br><a href=\"https:\/\/sites.uel.br\/proex\/wp-content\/uploads\/2025\/09\/Anexo-6-Camara-SETEMBRO-02576-Autorizacao-Processo_24.421.145-3_1.pdf\" target=\"_blank\" rel=\"noreferrer noopener\">ANEXO vi<\/a><br><a href=\"https:\/\/sites.uel.br\/proex\/wp-content\/uploads\/2025\/09\/Anexo-7-Camara-SETEMBRO-02583-AUTORIZACAO-Processo_24.593.843-8_1.pdf\" target=\"_blank\" rel=\"noreferrer noopener\">ANEXO vii<\/a><br><a href=\"https:\/\/sites.uel.br\/proex\/wp-content\/uploads\/2025\/09\/Anexo-8-Camara-SETEMBRO-02622-Processo_24.548.640-5_1.pdf\" target=\"_blank\" rel=\"noreferrer noopener\">ANEXO VIII<\/a><br><a href=\"https:\/\/sites.uel.br\/proex\/wp-content\/uploads\/2025\/09\/Anexo-9-Camara-SETEMBRO-03048-Processo_24.057.187-0_1.pdf\" target=\"_blank\" rel=\"noreferrer noopener\">ANEXO IX<\/a><br><a href=\"https:\/\/sites.uel.br\/proex\/wp-content\/uploads\/2025\/09\/Anexo-10-Camara-SETEMBRO-03049-Processo_24.057.535-3_1.pdf\" target=\"_blank\" rel=\"noreferrer noopener\">ANEXO X<\/a><br><a href=\"https:\/\/sites.uel.br\/proex\/wp-content\/uploads\/2025\/09\/Anexo-11-Camara-SETEMBRO-03050-Processo_24.057.627-9_1.pdf\" target=\"_blank\" rel=\"noreferrer noopener\">ANEXO XI<\/a><br><a href=\"https:\/\/sites.uel.br\/proex\/wp-content\/uploads\/2025\/09\/Anexo-12-Camara-Setembro-Processo_24.053.969-1.pdf\" target=\"_blank\" rel=\"noreferrer noopener\">ANEXO XII<\/a><br><a href=\"https:\/\/sites.uel.br\/proex\/wp-content\/uploads\/2025\/09\/Anexo-13-Camara-Setembro-Processo-23.971.350-5.pdf\" target=\"_blank\" rel=\"noreferrer noopener\">ANEXO XIII<\/a><br><a href=\"https:\/\/sites.uel.br\/proex\/wp-content\/uploads\/2025\/09\/Anexo-14-Camara-Setembro-Processo_24.520.802-2_1.pdf\" target=\"_blank\" rel=\"noreferrer noopener\">ANEXO XIV<\/a><\/cite><\/blockquote><\/figure>\n\n\n\n<figure class=\"wp-block-pullquote\"><blockquote><p><strong>AGOSTO &#8211; Reuni\u00e3o Ordin\u00e1ria<\/strong><\/p><cite><a href=\"https:\/\/sites.uel.br\/proex\/wp-content\/uploads\/2025\/08\/Pauta-Camara-217-Ordinaria-AGOSTO-2025-1.pdf\">PAUTA DA C\u00c2MARA DE EXTENS\u00c3O <\/a><br><a href=\"https:\/\/sites.uel.br\/proex\/wp-content\/uploads\/2025\/08\/Anexo-1-Camara-Agosto-3052-Processo_24.123.594-7_1.pdf\">ANEXO i <\/a><br><a href=\"https:\/\/sites.uel.br\/proex\/wp-content\/uploads\/2025\/08\/Anexo-2-Camara-Agosto-02995-Processo_23.549.766-2.pdf\">ANEXO ii<\/a><br><a href=\"https:\/\/sites.uel.br\/proex\/wp-content\/uploads\/2025\/08\/Anexo-3-Camara-Agosto-896-Relatorio-Anual-Programa.pdf\">ANEXO iii<\/a><br><a href=\"https:\/\/sites.uel.br\/proex\/wp-content\/uploads\/2025\/08\/Anexo-4-Camara-Agosto-1490-Relatorio-Anual-Programa.pdf\">ANEXO iv<\/a><br><a href=\"https:\/\/sites.uel.br\/proex\/wp-content\/uploads\/2025\/08\/Anexo-5-Camara-Agosto-02576-Processo_24.421.145-3_1.pdf\">ANEXO v<\/a><br><a href=\"https:\/\/sites.uel.br\/proex\/wp-content\/uploads\/2025\/08\/Anexo-6-Camara-Agosto-Processo_24.053.969-1.pdf\">ANEXO vi<\/a><br><a href=\"https:\/\/sites.uel.br\/proex\/wp-content\/uploads\/2025\/08\/Anexo-7-Camara-Agosto-Processo-23.971.350-5.pdf\">ANEXO vii<\/a><br><a href=\"https:\/\/sites.uel.br\/proex\/wp-content\/uploads\/2025\/08\/Ata-CE-210-17-09-2024.pdf\">ATA CE 210<\/a><\/cite><\/blockquote><\/figure>\n\n\n\n<figure class=\"wp-block-pullquote\"><blockquote><p><strong>JUNHO<\/strong> <strong>&#8211; Reuni\u00e3o Ordin\u00e1ria<\/strong><\/p><cite><a href=\"https:\/\/sites.uel.br\/proex\/wp-content\/uploads\/2025\/06\/Pauta-Camara-216-Ordinaria-JUNHO-2025.pdf\">PAUTA DA C\u00c2MARA DE EXTENS\u00c3O<\/a><br><a href=\"https:\/\/sites.uel.br\/proex\/wp-content\/uploads\/2025\/06\/Anexo-1-Camara-Junho-2025-2568-Processo_24.095.485-0_1.pdf\">ANEXO I <\/a><\/cite><\/blockquote><\/figure>\n\n\n\n<figure class=\"wp-block-pullquote\"><blockquote><p><strong>MAIO<\/strong> <strong>&#8211; Reuni\u00e3o Ordin\u00e1ria<\/strong><\/p><cite><a href=\"https:\/\/sites.uel.br\/proex\/wp-content\/uploads\/2025\/05\/Pauta-Camara-215-Ordinaria-MAIO-2025.pdf\">PAUTA DA C\u00c2MARA DE EXTENS\u00c3O<\/a><br><a href=\"https:\/\/sites.uel.br\/proex\/wp-content\/uploads\/2025\/05\/Anexo-1-Joyce-Elaine-de-Almeida-Solicitacao-Autorizacao-2638-Processo_23.702.354-4_1.pdf\">ANEXO i <\/a><br><a href=\"https:\/\/sites.uel.br\/proex\/wp-content\/uploads\/2025\/05\/Anexo-2-Ulisses-de-Padua-Pereira-Projeto-PAS-HV-3001-Processo_23.700.473-6_1.pdf\">ANEXO ii<\/a><br><a href=\"https:\/\/sites.uel.br\/proex\/wp-content\/uploads\/2025\/05\/Anexo-3-Galdino-Andrade-Filho-Projeto-PAS-2980-PROPLAN-CA-Processo_23.426.687-0_1.pdf\">ANEXO iii<\/a><br><a href=\"https:\/\/sites.uel.br\/proex\/wp-content\/uploads\/2025\/05\/Anexo-4-Marlene-de-Oliveira-Carlos-Solicitacao-Autorizacao-2578-Processo_23.811.270-2_1.pdf\">ANEXO iv<\/a><br><a href=\"https:\/\/sites.uel.br\/proex\/wp-content\/uploads\/2025\/05\/Anexo-5-Rodolfo-Miranda-de-Barros-Solicitacao-Autorizacao-2695-Processo_23.834.325-9_1.pdf\">ANEXO v<\/a><br><a href=\"https:\/\/sites.uel.br\/proex\/wp-content\/uploads\/2025\/05\/Anexo-6-Alexandre-Remuzzi-Ficagna-Solicitacao-Autorizacao-02894-Processo_23.973.463-4_1.pdf\">ANEXO vi<\/a><br><a href=\"https:\/\/sites.uel.br\/proex\/wp-content\/uploads\/2025\/05\/Anexo-7-Marcia-Rorato-Relatorio-Anual-Programa-Extensao-2629.pdf\">ANEXO vii<\/a><br><a href=\"https:\/\/sites.uel.br\/proex\/wp-content\/uploads\/2025\/05\/Anexo-8-Fernando-Gomes-Barcellos-Relatorio-Anual-Programa-Extensao-2000.pdf\">ANEXO viii<\/a><br><a href=\"https:\/\/sites.uel.br\/proex\/wp-content\/uploads\/2025\/05\/Anexo-9-Marta-Dantas-da-Silva-PAS-2993-Processo_23.588.407-0_1.pdf\">ANEXO ix<\/a><br><a href=\"https:\/\/sites.uel.br\/proex\/wp-content\/uploads\/2025\/05\/Anexo-10-Eloisa-Ramos-Ribeiro-Rodrigues-PAS-2977-Processo_23.375.661-0_1.pdf\">ANEXO x<\/a><br><a href=\"https:\/\/sites.uel.br\/proex\/wp-content\/uploads\/2025\/05\/Anexo-11-Wilma-Aparecida-Spinosa-2962-Processo_23.248.430-6_1.pdf\">ANEXO xi<\/a><br><a href=\"https:\/\/sites.uel.br\/proex\/wp-content\/uploads\/2025\/05\/Anexo-12-Processo_23.977.977-8_1.pdf\">ANEXO xii<\/a><\/cite><\/blockquote><\/figure>\n\n\n\n<figure class=\"wp-block-pullquote\"><blockquote><p><strong>ABRIL<\/strong> <strong>&#8211; Reuni\u00e3o Ordin\u00e1ria<\/strong><\/p><cite><a href=\"https:\/\/sites.uel.br\/proex\/wp-content\/uploads\/2025\/04\/Pauta-Camara-215-Ordinaria-ABRIL-2025.pdf\" data-type=\"link\" data-id=\"https:\/\/sites.uel.br\/proex\/wp-content\/uploads\/2025\/04\/Pauta-Camara-215-Ordinaria-ABRIL-2025.pdf\">Pauta da C\u00e2mara de extens\u00e3o<\/a><br><a href=\"https:\/\/sites.uel.br\/proex\/wp-content\/uploads\/2025\/04\/Anexo-1-Solicitacao-Autorizacao-2638-Processo_23.702.354-4_1.pdf\" data-type=\"link\" data-id=\"https:\/\/sites.uel.br\/proex\/wp-content\/uploads\/2025\/04\/Anexo-1-Solicitacao-Autorizacao-2638-Processo_23.702.354-4_1.pdf\">Anexo I<\/a><br><a href=\"https:\/\/sites.uel.br\/proex\/wp-content\/uploads\/2025\/04\/Anexo-2-Solicitacao-Autorizacao-2578-Processo_23.811.270-2_1.pdf\" data-type=\"link\" data-id=\"https:\/\/sites.uel.br\/proex\/wp-content\/uploads\/2025\/04\/Anexo-2-Solicitacao-Autorizacao-2578-Processo_23.811.270-2_1.pdf\">Anexo II<br><\/a><a href=\"https:\/\/sites.uel.br\/proex\/wp-content\/uploads\/2025\/02\/Anexo-2-Camara-Fevereiro-2025-Processo_23.166.078-0_1.pdf\"><\/a><a href=\"https:\/\/sites.uel.br\/proex\/wp-content\/uploads\/2025\/04\/Anexo-3-Solicitacao-Autorizacao-2695-Processo_23.834.325-9_1.pdf\" data-type=\"link\" data-id=\"https:\/\/sites.uel.br\/proex\/wp-content\/uploads\/2025\/04\/Anexo-3-Solicitacao-Autorizacao-2695-Processo_23.834.325-9_1.pdf\">Anexo III<br><\/a><a href=\"https:\/\/sites.uel.br\/proex\/wp-content\/uploads\/2025\/04\/Anexo-4-Relatorio-Anual-Programa-Extensao-2629.pdf\" data-type=\"link\" data-id=\"https:\/\/sites.uel.br\/proex\/wp-content\/uploads\/2025\/04\/Anexo-4-Relatorio-Anual-Programa-Extensao-2629.pdf\">Anexo IV<br><\/a><a href=\"https:\/\/sites.uel.br\/proex\/wp-content\/uploads\/2025\/04\/Anexo-5-Relatorio-Anual-Programa-Extensao-2000.pdf\" data-type=\"link\" data-id=\"https:\/\/sites.uel.br\/proex\/wp-content\/uploads\/2025\/04\/Anexo-5-Relatorio-Anual-Programa-Extensao-2000.pdf\">Anexo V<br><\/a><a href=\"https:\/\/sites.uel.br\/proex\/wp-content\/uploads\/2025\/04\/Anexo-6-Projeto-PAS-HV-3001-Processo_23.700.473-6_1.pdf\" data-type=\"link\" data-id=\"https:\/\/sites.uel.br\/proex\/wp-content\/uploads\/2025\/04\/Anexo-6-Projeto-PAS-HV-3001-Processo_23.700.473-6_1.pdf\">Anexo VI<br><\/a><\/cite><\/blockquote><\/figure>\n\n\n\n<p><\/p>\n\n\n\n<blockquote class=\"wp-block-quote is-style-default is-layout-flow wp-block-quote-is-layout-flow\">\n<p><\/p>\n<\/blockquote>\n\n\n\n<figure class=\"wp-block-pullquote\"><blockquote><p><strong>MAR\u00c7O<\/strong><\/p><\/blockquote><\/figure>\n\n\n\n<figure class=\"wp-block-pullquote\"><blockquote><p><strong>FEVEREIRO<\/strong><\/p><cite><a href=\"https:\/\/sites.uel.br\/proex\/wp-content\/uploads\/2023\/05\/resolucao-conselho-universitario-091-2016-22.pdf\" data-type=\"URL\" data-id=\"https:\/\/sites.uel.br\/proex\/wp-content\/uploads\/2023\/05\/resolucao-conselho-universitario-091-2016-22.pdf\" target=\"_blank\" rel=\"noreferrer noopener\">Resolu\u00e7\u00e3o Conselho Universit\u00e1rio<\/a><br><a href=\"https:\/\/sites.uel.br\/proex\/wp-content\/uploads\/2025\/02\/Pauta-Camara-214-Ordinaria-FEVEREIRO-2025-ATUALIZADO.pdf\">Pauta da C\u00e2mara de Extens\u00e3o<\/a><br><a href=\"https:\/\/sites.uel.br\/proex\/wp-content\/uploads\/2025\/02\/Anexo-1-Camara-Fevereiro-2025-Processo_22.890.199-7_1.pdf\">Anexo I<\/a><br><a href=\"https:\/\/sites.uel.br\/proex\/wp-content\/uploads\/2025\/02\/Anexo-2-Camara-Fevereiro-2025-Processo_23.166.078-0_1.pdf\">Anexo II<\/a><br><a href=\"https:\/\/sites.uel.br\/proex\/wp-content\/uploads\/2025\/02\/Anexo-2-Camara-Fevereiro-2025-Processo_23.166.078-0_1.pdf\"><\/a><a href=\"https:\/\/sites.uel.br\/proex\/wp-content\/uploads\/2025\/02\/Anexo-3-Camara-Fevereiro-2025-Processo_23.202.016-4_1.pdf\">Anexo III<\/a><br><a href=\"https:\/\/sites.uel.br\/proex\/wp-content\/uploads\/2025\/02\/Anexo-4-Camara-Fevereiro-Processo_23.437.873-2_1.pdf\">Anexo IV<\/a><br><a href=\"https:\/\/sites.uel.br\/proex\/wp-content\/uploads\/2025\/02\/Anexo-5-Camara-Fevereiro-Processo_23.500.745-2_1.pdf\">Anexo V<\/a><br><a href=\"https:\/\/sites.uel.br\/proex\/wp-content\/uploads\/2025\/02\/Anexo-6-Camara-Fevereiro-2025-Processo_23.524.551-5_1.pdf\">Anexo VI<\/a><br><a href=\"https:\/\/sites.uel.br\/proex\/wp-content\/uploads\/2025\/02\/Anexo-7-Camara-Fevereiro-2025-Projeto-2472-Processo_23.534.909-4_1.pdf\">Anexo VII<\/a><br><a href=\"https:\/\/sites.uel.br\/proex\/wp-content\/uploads\/2025\/02\/Anexo-8-Camara-Fevereiro-Projeto-PAS-2841-FINAL-PROPLAN-CA-Processo_21.509.871-0_1.pdf\">Anexo VIII<\/a><br><a href=\"https:\/\/sites.uel.br\/proex\/wp-content\/uploads\/2025\/02\/Anexo-9-Camara-Fevereiro-2025-Projeto-PAS-2904-HV-PROPLAN-FINAL-Processo_22.808.356-9_1.pdf\">Anexo IX<\/a><br><a href=\"https:\/\/sites.uel.br\/proex\/wp-content\/uploads\/2025\/02\/Extra-Pauta-Camara-214-Ordinaria-FEVEREIRO-2025.pdf\">Extra Pauta da C\u00e2mara de Extens\u00e3o<\/a><\/cite><\/blockquote><\/figure>\n\n\n\n<p><\/p>\n","protected":false},"excerpt":{"rendered":"<p>DEZEMBRO &#8211; Reuni\u00e3o Ordin\u00e1ria PAUTA DA C\u00c2MARA DE EXTENS\u00c3O ANEXO i ANEXO iiANEXO iiiANEXO IVATA CE 212 NOVEMBRO &#8211; Reuni\u00e3o Ordin\u00e1ria PAUTA DA C\u00c2MARA DE EXTENS\u00c3O ANEXO i ANEXO iiANEXO iiiANEXO IVATA CE 209ATA CE 210ATA CE 211ATA CE 212 OUTUBRO &#8211; Reuni\u00e3o Ordin\u00e1ria PAUTA DA C\u00c2MARA DE EXTENS\u00c3O ANEXO i ANEXO iiEXTRA PAUTA DA [&hellip;]<\/p>\n","protected":false},"author":9,"featured_media":0,"parent":0,"menu_order":0,"comment_status":"closed","ping_status":"closed","template":"","meta":{"_acf_changed":false,"_themeisle_gutenberg_block_has_review":false,"footnotes":""},"class_list":["post-5521","page","type-page","status-publish","hentry"],"acf":[],"_links":{"self":[{"href":"https:\/\/sites.uel.br\/proex\/wp-json\/wp\/v2\/pages\/5521","targetHints":{"allow":["GET"]}}],"collection":[{"href":"https:\/\/sites.uel.br\/proex\/wp-json\/wp\/v2\/pages"}],"about":[{"href":"https:\/\/sites.uel.br\/proex\/wp-json\/wp\/v2\/types\/page"}],"author":[{"embeddable":true,"href":"https:\/\/sites.uel.br\/proex\/wp-json\/wp\/v2\/users\/9"}],"replies":[{"embeddable":true,"href":"https:\/\/sites.uel.br\/proex\/wp-json\/wp\/v2\/comments?post=5521"}],"version-history":[{"count":31,"href":"https:\/\/sites.uel.br\/proex\/wp-json\/wp\/v2\/pages\/5521\/revisions"}],"predecessor-version":[{"id":7267,"href":"https:\/\/sites.uel.br\/proex\/wp-json\/wp\/v2\/pages\/5521\/revisions\/7267"}],"wp:attachment":[{"href":"https:\/\/sites.uel.br\/proex\/wp-json\/wp\/v2\/media?parent=5521"}],"curies":[{"name":"wp","href":"https:\/\/api.w.org\/{rel}","templated":true}]}}