{"id":4799,"date":"2024-09-18T15:44:02","date_gmt":"2024-09-18T18:44:02","guid":{"rendered":"https:\/\/sites.uel.br\/proex\/?page_id=4799"},"modified":"2026-03-20T10:45:59","modified_gmt":"2026-03-20T13:45:59","slug":"formularios-editais-proex","status":"publish","type":"page","link":"https:\/\/sites.uel.br\/proex\/formularios-editais-proex\/","title":{"rendered":"FORMUL\u00c1RIOS EDITAIS PROEX"},"content":{"rendered":"\n<p>Anexos do <a href=\"https:\/\/sites.uel.br\/proex\/wp-content\/uploads\/2026\/03\/EDITAL-PROEX-082-2026-Eventos-Assinado.pdf\">EDITAL PROEX 082\/2026 &#8211; PROGRAMA DE APOIO INSTITUCIONAL PARA ORGANIZA\u00c7\u00c3O DE EVENTOS<\/a>. <\/p>\n\n\n\n<p><a href=\"https:\/\/sites.uel.br\/proex\/wp-content\/uploads\/2026\/03\/EDITAL_PROEX_082-2026-ANEXO-III-e-ANEXO-IV.docx\" data-type=\"link\" data-id=\"https:\/\/sites.uel.br\/proex\/wp-content\/uploads\/2026\/03\/EDITAL_PROEX_082-2026-ANEXO-III-e-ANEXO-IV.docx\">ANEXO III e ANEXO IV <\/a><\/p>\n\n\n\n<p><\/p>\n\n\n\n<blockquote class=\"wp-block-quote is-layout-flow wp-block-quote-is-layout-flow\">\n<p><strong>Informa\u00e7\u00f5es: <\/strong>proex@uel.br | <strong>Ramal:<\/strong> 4432<\/p>\n<\/blockquote>\n\n\n\n<p><\/p>\n","protected":false},"excerpt":{"rendered":"<p>Anexos do EDITAL PROEX 082\/2026 &#8211; PROGRAMA DE APOIO INSTITUCIONAL PARA ORGANIZA\u00c7\u00c3O DE EVENTOS. ANEXO III e ANEXO IV Informa\u00e7\u00f5es: proex@uel.br | Ramal: 4432<\/p>\n","protected":false},"author":9,"featured_media":0,"parent":0,"menu_order":0,"comment_status":"closed","ping_status":"closed","template":"","meta":{"_acf_changed":false,"_themeisle_gutenberg_block_has_review":false,"footnotes":""},"class_list":["post-4799","page","type-page","status-publish","hentry"],"acf":[],"_links":{"self":[{"href":"https:\/\/sites.uel.br\/proex\/wp-json\/wp\/v2\/pages\/4799","targetHints":{"allow":["GET"]}}],"collection":[{"href":"https:\/\/sites.uel.br\/proex\/wp-json\/wp\/v2\/pages"}],"about":[{"href":"https:\/\/sites.uel.br\/proex\/wp-json\/wp\/v2\/types\/page"}],"author":[{"embeddable":true,"href":"https:\/\/sites.uel.br\/proex\/wp-json\/wp\/v2\/users\/9"}],"replies":[{"embeddable":true,"href":"https:\/\/sites.uel.br\/proex\/wp-json\/wp\/v2\/comments?post=4799"}],"version-history":[{"count":4,"href":"https:\/\/sites.uel.br\/proex\/wp-json\/wp\/v2\/pages\/4799\/revisions"}],"predecessor-version":[{"id":7784,"href":"https:\/\/sites.uel.br\/proex\/wp-json\/wp\/v2\/pages\/4799\/revisions\/7784"}],"wp:attachment":[{"href":"https:\/\/sites.uel.br\/proex\/wp-json\/wp\/v2\/media?parent=4799"}],"curies":[{"name":"wp","href":"https:\/\/api.w.org\/{rel}","templated":true}]}}