{"id":441,"date":"2023-01-30T17:40:45","date_gmt":"2023-01-30T20:40:45","guid":{"rendered":"https:\/\/sites.uel.br\/proex\/?page_id=441"},"modified":"2026-03-27T14:29:39","modified_gmt":"2026-03-27T17:29:39","slug":"participacao-na-via-rural-smart-farm-expolondrina","status":"publish","type":"page","link":"https:\/\/sites.uel.br\/proex\/participacao-na-via-rural-smart-farm-expolondrina\/","title":{"rendered":"Fazendinha &#8211; Via Rural"},"content":{"rendered":"<div class=\"wp-block-image\">\n<figure class=\"aligncenter size-large is-resized\"><img loading=\"lazy\" decoding=\"async\" width=\"1024\" height=\"249\" src=\"https:\/\/sites.uel.br\/proex\/wp-content\/uploads\/2026\/03\/Design-sem-nome-2-1-1024x249.png\" alt=\"\" class=\"wp-image-7905\" style=\"width:411px;height:auto\" srcset=\"https:\/\/sites.uel.br\/proex\/wp-content\/uploads\/2026\/03\/Design-sem-nome-2-1-1024x249.png 1024w, https:\/\/sites.uel.br\/proex\/wp-content\/uploads\/2026\/03\/Design-sem-nome-2-1-300x73.png 300w, https:\/\/sites.uel.br\/proex\/wp-content\/uploads\/2026\/03\/Design-sem-nome-2-1-768x187.png 768w, https:\/\/sites.uel.br\/proex\/wp-content\/uploads\/2026\/03\/Design-sem-nome-2-1-1536x373.png 1536w, https:\/\/sites.uel.br\/proex\/wp-content\/uploads\/2026\/03\/Design-sem-nome-2-1-2048x498.png 2048w\" sizes=\"auto, (max-width: 1024px) 100vw, 1024px\" \/><\/figure>\n<\/div>\n\n\n<div style=\"height:10px\" aria-hidden=\"true\" class=\"wp-block-spacer\"><\/div>\n\n\n\n<p>A Fazendinha &#8211; Via Rural \u00e9 o conjunto de m\u00e9todos de extens\u00e3o rural e se organiza no per\u00edodo de realiza\u00e7\u00e3o da EXPOSI\u00c7\u00c3O AGROPECU\u00c1RIA E INDUSTRIAL DE LONDRINA, ocupando 11 mil metros quadrados do Parque de Exposi\u00e7\u00f5es Governador Ney Braga. Por meio de unidades expositivas inteligentes a VIA RURAL busca fomentar a inova\u00e7\u00e3o e as boas pr\u00e1ticas agr\u00edcolas em que organiza\u00e7\u00f5es p\u00fablicas e privadas se encontrar\u00e3o em plena interatividade com o p\u00fablico, cuja visita\u00e7\u00e3o estimada \u00e9 de 240.000 pessoas. H\u00e1 tamb\u00e9m o p\u00fablico que recebe informa\u00e7\u00f5es via meios de comunica\u00e7\u00e3o (internet via sites e redes sociais, r\u00e1dio, TV etc.), podendo alcan\u00e7ar cerca de 50 milh\u00f5es de pessoas, de acordo com a Sociedade Rural do Paran\u00e1.<\/p>\n\n\n\n<p>Vale ressaltar que a VIA RURAL recebe visitantes do munic\u00edpio de Londrina e regi\u00e3o e parceiros da Agricultura e Agroind\u00fastrias Familiares e Empreendimentos de Turismo Rural, com a previs\u00e3o de p\u00fablico de 8 mil participantes vinculados ao AGRO, al\u00e9m de 25 mil visitantes de escolas p\u00fablicas e privadas e programas de inclus\u00e3o social em programa\u00e7\u00f5es t\u00e9cnicas.<\/p>\n\n\n\n<p><br>Com o prop\u00f3sito de incrementar melhorias na gera\u00e7\u00e3o de renda e empregos, na dinamiza\u00e7\u00e3o das economias locais, no ambiente, no desenvolvimento sustent\u00e1vel e na qualidade de vida no campo, a VIA RURAL oportuniza a\u00e7\u00f5es e objetivos de parceiros, promotores e realizadores, atraindo visitantes e contribuindo na forma\u00e7\u00e3o t\u00e9cnica do p\u00fablico rural em um movimento integrado entre o campo e a cidade no&nbsp;EXPO&nbsp;LONDRINA.<\/p>\n\n\n\n<div style=\"height:5px\" aria-hidden=\"true\" class=\"wp-block-spacer\"><\/div>\n\n\n\n<blockquote class=\"wp-block-quote is-layout-flow wp-block-quote-is-layout-flow\">\n<p><strong>EDI\u00c7\u00c3O 2025<\/strong><\/p>\n<\/blockquote>\n\n\n\n<figure class=\"wp-block-gallery has-nested-images columns-default is-cropped wp-block-gallery-1 is-layout-flex wp-block-gallery-is-layout-flex\">\n<figure class=\"wp-block-image size-large\"><img loading=\"lazy\" decoding=\"async\" width=\"1024\" height=\"768\" data-id=\"2851\" src=\"https:\/\/sites.uel.br\/proex\/wp-content\/uploads\/2023\/09\/Imagem-do-WhatsApp-de-2023-09-20-as-10.34.49-1024x768.jpg\" alt=\"\" class=\"wp-image-2851\" srcset=\"https:\/\/sites.uel.br\/proex\/wp-content\/uploads\/2023\/09\/Imagem-do-WhatsApp-de-2023-09-20-as-10.34.49-1024x768.jpg 1024w, https:\/\/sites.uel.br\/proex\/wp-content\/uploads\/2023\/09\/Imagem-do-WhatsApp-de-2023-09-20-as-10.34.49-300x225.jpg 300w, https:\/\/sites.uel.br\/proex\/wp-content\/uploads\/2023\/09\/Imagem-do-WhatsApp-de-2023-09-20-as-10.34.49-768x576.jpg 768w, https:\/\/sites.uel.br\/proex\/wp-content\/uploads\/2023\/09\/Imagem-do-WhatsApp-de-2023-09-20-as-10.34.49-1536x1152.jpg 1536w, https:\/\/sites.uel.br\/proex\/wp-content\/uploads\/2023\/09\/Imagem-do-WhatsApp-de-2023-09-20-as-10.34.49.jpg 1600w\" sizes=\"auto, (max-width: 1024px) 100vw, 1024px\" \/><\/figure>\n\n\n\n<figure class=\"wp-block-image size-large\"><img loading=\"lazy\" decoding=\"async\" width=\"1024\" height=\"683\" data-id=\"2853\" src=\"https:\/\/sites.uel.br\/proex\/wp-content\/uploads\/2023\/09\/IMG_4806-1024x683.jpg\" alt=\"\" class=\"wp-image-2853\" srcset=\"https:\/\/sites.uel.br\/proex\/wp-content\/uploads\/2023\/09\/IMG_4806-1024x683.jpg 1024w, https:\/\/sites.uel.br\/proex\/wp-content\/uploads\/2023\/09\/IMG_4806-300x200.jpg 300w, https:\/\/sites.uel.br\/proex\/wp-content\/uploads\/2023\/09\/IMG_4806-768x512.jpg 768w, https:\/\/sites.uel.br\/proex\/wp-content\/uploads\/2023\/09\/IMG_4806-1536x1024.jpg 1536w, https:\/\/sites.uel.br\/proex\/wp-content\/uploads\/2023\/09\/IMG_4806-2048x1365.jpg 2048w\" sizes=\"auto, (max-width: 1024px) 100vw, 1024px\" \/><\/figure>\n\n\n\n<figure class=\"wp-block-image size-large\"><img loading=\"lazy\" decoding=\"async\" width=\"1024\" height=\"683\" data-id=\"2854\" src=\"https:\/\/sites.uel.br\/proex\/wp-content\/uploads\/2023\/09\/IMG_5444-1024x683.jpg\" alt=\"\" class=\"wp-image-2854\" srcset=\"https:\/\/sites.uel.br\/proex\/wp-content\/uploads\/2023\/09\/IMG_5444-1024x683.jpg 1024w, https:\/\/sites.uel.br\/proex\/wp-content\/uploads\/2023\/09\/IMG_5444-300x200.jpg 300w, https:\/\/sites.uel.br\/proex\/wp-content\/uploads\/2023\/09\/IMG_5444-768x512.jpg 768w, https:\/\/sites.uel.br\/proex\/wp-content\/uploads\/2023\/09\/IMG_5444-1536x1024.jpg 1536w, https:\/\/sites.uel.br\/proex\/wp-content\/uploads\/2023\/09\/IMG_5444-2048x1365.jpg 2048w\" sizes=\"auto, (max-width: 1024px) 100vw, 1024px\" \/><\/figure>\n<\/figure>\n\n\n\n<div class=\"wp-block-columns is-layout-flex wp-container-core-columns-is-layout-9d6595d7 wp-block-columns-is-layout-flex\">\n<div class=\"wp-block-column is-layout-flow wp-block-column-is-layout-flow\">\n<figure class=\"wp-block-image size-full\"><img loading=\"lazy\" decoding=\"async\" width=\"902\" height=\"674\" src=\"https:\/\/sites.uel.br\/proex\/wp-content\/uploads\/2026\/03\/image-4.png\" alt=\"\" class=\"wp-image-7907\" srcset=\"https:\/\/sites.uel.br\/proex\/wp-content\/uploads\/2026\/03\/image-4.png 902w, https:\/\/sites.uel.br\/proex\/wp-content\/uploads\/2026\/03\/image-4-300x224.png 300w, https:\/\/sites.uel.br\/proex\/wp-content\/uploads\/2026\/03\/image-4-768x574.png 768w\" sizes=\"auto, (max-width: 902px) 100vw, 902px\" \/><\/figure>\n<\/div>\n\n\n\n<div class=\"wp-block-column is-layout-flow wp-block-column-is-layout-flow\">\n<figure class=\"wp-block-image size-large\"><img loading=\"lazy\" decoding=\"async\" width=\"1024\" height=\"683\" src=\"https:\/\/sites.uel.br\/proex\/wp-content\/uploads\/2023\/09\/Unidade-Promocao-Social-Cidadania-e-Saneamento-1024x683.jpg\" alt=\"\" class=\"wp-image-2852\" srcset=\"https:\/\/sites.uel.br\/proex\/wp-content\/uploads\/2023\/09\/Unidade-Promocao-Social-Cidadania-e-Saneamento-1024x683.jpg 1024w, https:\/\/sites.uel.br\/proex\/wp-content\/uploads\/2023\/09\/Unidade-Promocao-Social-Cidadania-e-Saneamento-300x200.jpg 300w, https:\/\/sites.uel.br\/proex\/wp-content\/uploads\/2023\/09\/Unidade-Promocao-Social-Cidadania-e-Saneamento-768x512.jpg 768w, https:\/\/sites.uel.br\/proex\/wp-content\/uploads\/2023\/09\/Unidade-Promocao-Social-Cidadania-e-Saneamento-1536x1024.jpg 1536w, https:\/\/sites.uel.br\/proex\/wp-content\/uploads\/2023\/09\/Unidade-Promocao-Social-Cidadania-e-Saneamento-2048x1365.jpg 2048w\" sizes=\"auto, (max-width: 1024px) 100vw, 1024px\" \/><\/figure>\n\n\n\n<p class=\"has-text-align-center\"><strong>VIA RURAL 2025<\/strong><\/p>\n<\/div>\n\n\n\n<div class=\"wp-block-column is-layout-flow wp-block-column-is-layout-flow\">\n<figure class=\"wp-block-image size-full\"><img loading=\"lazy\" decoding=\"async\" width=\"427\" height=\"321\" src=\"https:\/\/sites.uel.br\/proex\/wp-content\/uploads\/2026\/03\/image-3.png\" alt=\"\" class=\"wp-image-7906\" srcset=\"https:\/\/sites.uel.br\/proex\/wp-content\/uploads\/2026\/03\/image-3.png 427w, https:\/\/sites.uel.br\/proex\/wp-content\/uploads\/2026\/03\/image-3-300x226.png 300w\" sizes=\"auto, (max-width: 427px) 100vw, 427px\" \/><\/figure>\n<\/div>\n<\/div>\n\n\n\n<div style=\"height:5px\" aria-hidden=\"true\" class=\"wp-block-spacer\"><\/div>\n\n\n\n<blockquote class=\"wp-block-quote is-layout-flow wp-block-quote-is-layout-flow\">\n<p><strong>Leia mai sobre: <a href=\"https:\/\/operobal.uel.br\/ensino\/2025\/04\/07\/alunos-de-jornalismo-e-relacoes-publicas-atuam-na-comunicacao-da-expolondrina-2025\/\">Alunos de Jornalismo e Rela\u00e7\u00f5es P\u00fablicas atuam na comunica\u00e7\u00e3o da ExpoLondrina 2025<\/a><\/strong><\/p>\n<\/blockquote>\n\n\n\n<p><\/p>\n","protected":false},"excerpt":{"rendered":"<p>A Fazendinha &#8211; Via Rural \u00e9 o conjunto de m\u00e9todos de extens\u00e3o rural e se organiza no per\u00edodo de realiza\u00e7\u00e3o da EXPOSI\u00c7\u00c3O AGROPECU\u00c1RIA E INDUSTRIAL DE LONDRINA, ocupando 11 mil metros quadrados do Parque de Exposi\u00e7\u00f5es Governador Ney Braga. Por meio de unidades expositivas inteligentes a VIA RURAL busca fomentar a inova\u00e7\u00e3o e as boas [&hellip;]<\/p>\n","protected":false},"author":6,"featured_media":0,"parent":0,"menu_order":0,"comment_status":"closed","ping_status":"closed","template":"","meta":{"_acf_changed":false,"_themeisle_gutenberg_block_has_review":false,"footnotes":""},"class_list":["post-441","page","type-page","status-publish","hentry"],"acf":[],"_links":{"self":[{"href":"https:\/\/sites.uel.br\/proex\/wp-json\/wp\/v2\/pages\/441","targetHints":{"allow":["GET"]}}],"collection":[{"href":"https:\/\/sites.uel.br\/proex\/wp-json\/wp\/v2\/pages"}],"about":[{"href":"https:\/\/sites.uel.br\/proex\/wp-json\/wp\/v2\/types\/page"}],"author":[{"embeddable":true,"href":"https:\/\/sites.uel.br\/proex\/wp-json\/wp\/v2\/users\/6"}],"replies":[{"embeddable":true,"href":"https:\/\/sites.uel.br\/proex\/wp-json\/wp\/v2\/comments?post=441"}],"version-history":[{"count":6,"href":"https:\/\/sites.uel.br\/proex\/wp-json\/wp\/v2\/pages\/441\/revisions"}],"predecessor-version":[{"id":7908,"href":"https:\/\/sites.uel.br\/proex\/wp-json\/wp\/v2\/pages\/441\/revisions\/7908"}],"wp:attachment":[{"href":"https:\/\/sites.uel.br\/proex\/wp-json\/wp\/v2\/media?parent=441"}],"curies":[{"name":"wp","href":"https:\/\/api.w.org\/{rel}","templated":true}]}}