{"id":440,"date":"2023-01-30T17:40:45","date_gmt":"2023-01-30T20:40:45","guid":{"rendered":"https:\/\/sites.uel.br\/proex\/?page_id=440"},"modified":"2026-05-04T13:47:21","modified_gmt":"2026-05-04T16:47:21","slug":"torneio-beira-morto","status":"publish","type":"page","link":"https:\/\/sites.uel.br\/proex\/torneio-beira-morto\/","title":{"rendered":"Torneio Beira Morto"},"content":{"rendered":"\n<div style=\"height:15px\" aria-hidden=\"true\" class=\"wp-block-spacer\"><\/div>\n\n\n\n<p>O Beira Morto \u00e9 um torneio de Futebol Su\u00ed\u00e7o disputado por docentes e servidores da UEL. <\/p>\n\n\n\n<p>Todos os jogos s\u00e3o realizados no campo de futebol su\u00ed\u00e7o, dentro do pr\u00f3prio campus universit\u00e1rio, que fica pr\u00f3ximo ao Museu de Anatomia do Centro de Ci\u00eancias Biol\u00f3gicas (CCB). O local da nome a competi\u00e7\u00e3o, por ser onde est\u00e3o localizados os corpos preservados e utilizados para estudo.<\/p>\n\n\n\n<p>O torneio \u00e9 promovido pela Pr\u00f3-reitoria de Extens\u00e3o, Cultura e Sociedade (Proex), Prefeitura do Campus Universit\u00e1rio (PCU), Pr\u00f3-reitoria de Recursos Humanos (Prorh), Gabinete da Reitoria e dos centros de Educa\u00e7\u00e3o F\u00edsica e Esportes (Cefe) e Estudos Sociais Aplicados (Cesa). Contando, tamb\u00e9m, com o apoio da Funda\u00e7\u00e3o de Esportes de Londrina, Associa\u00e7\u00e3o do Pessoal da Universidade Estadual de Londrina (Apuel) e do Sindicato dos Servidores T\u00e9cnico-Administrativos (Assuel).\u00a0<\/p>\n\n\n\n<div style=\"height:14px\" aria-hidden=\"true\" class=\"wp-block-spacer\"><\/div>\n\n\n\n<blockquote class=\"wp-block-quote is-layout-flow wp-block-quote-is-layout-flow\">\n<p><strong>EDI\u00c7\u00d5ES ANTERIORES<\/strong><\/p>\n<\/blockquote>\n\n\n\n<div class=\"wp-block-media-text is-stacked-on-mobile\" style=\"grid-template-columns:31% auto\"><figure class=\"wp-block-media-text__media\"><img loading=\"lazy\" decoding=\"async\" width=\"1024\" height=\"683\" src=\"https:\/\/sites.uel.br\/proex\/wp-content\/uploads\/2026\/05\/IMG_9386-1024x683.jpg\" alt=\"\" class=\"wp-image-8079 size-full\" srcset=\"https:\/\/sites.uel.br\/proex\/wp-content\/uploads\/2026\/05\/IMG_9386-1024x683.jpg 1024w, https:\/\/sites.uel.br\/proex\/wp-content\/uploads\/2026\/05\/IMG_9386-300x200.jpg 300w, https:\/\/sites.uel.br\/proex\/wp-content\/uploads\/2026\/05\/IMG_9386-768x512.jpg 768w, https:\/\/sites.uel.br\/proex\/wp-content\/uploads\/2026\/05\/IMG_9386-1536x1024.jpg 1536w, https:\/\/sites.uel.br\/proex\/wp-content\/uploads\/2026\/05\/IMG_9386-2048x1365.jpg 2048w\" sizes=\"auto, (max-width: 1024px) 100vw, 1024px\" \/><\/figure><div class=\"wp-block-media-text__content\">\n<p><strong>Beira Morto 2025<\/strong> <\/p>\n\n\n\n<blockquote class=\"wp-block-quote is-layout-flow wp-block-quote-is-layout-flow\">\n<p>A <strong><a href=\"https:\/\/operobal.uel.br\/institucional\/2025\/08\/28\/hu-conquista-titulo-inedito-na-15a-edicao-do-beira-morto\/\">15\u00aa edi\u00e7\u00e3o do Torneio Beira-Morto de Futebol Su\u00ed\u00e7o<\/a><\/strong> se encerrou com o t\u00edtulo in\u00e9dito do time do Hospital Universit\u00e1rio (HU).<br>Empatado em 1 x 1 com a Prefeitura do Campus Universit\u00e1rio B (PCU-B), a decis\u00e3o do t\u00edtulo de 2025 ficou para os p\u00eanaltis, com vit\u00f3ria do HU, que conquistou, pela primeira vez, o t\u00edtulo da tradicional competi\u00e7\u00e3o da Universidade Estadual de Londrina (UEL).<\/p>\n<\/blockquote>\n<\/div><\/div>\n\n\n\n<div style=\"height:15px\" aria-hidden=\"true\" class=\"wp-block-spacer\"><\/div>\n\n\n\n<div class=\"wp-block-media-text is-stacked-on-mobile\" style=\"grid-template-columns:31% auto\"><figure class=\"wp-block-media-text__media\"><img loading=\"lazy\" decoding=\"async\" width=\"905\" height=\"514\" src=\"https:\/\/sites.uel.br\/proex\/wp-content\/uploads\/2026\/05\/Captura-de-tela-2026-05-04-100609.png\" alt=\"\" class=\"wp-image-8080 size-full\" srcset=\"https:\/\/sites.uel.br\/proex\/wp-content\/uploads\/2026\/05\/Captura-de-tela-2026-05-04-100609.png 905w, https:\/\/sites.uel.br\/proex\/wp-content\/uploads\/2026\/05\/Captura-de-tela-2026-05-04-100609-300x170.png 300w, https:\/\/sites.uel.br\/proex\/wp-content\/uploads\/2026\/05\/Captura-de-tela-2026-05-04-100609-768x436.png 768w\" sizes=\"auto, (max-width: 905px) 100vw, 905px\" \/><\/figure><div class=\"wp-block-media-text__content\">\n<p><strong>Beira Morto 2024 <\/strong><\/p>\n\n\n\n<blockquote class=\"wp-block-quote is-layout-flow wp-block-quote-is-layout-flow\">\n<p>A <strong><a href=\"https:\/\/operobal.uel.br\/proex\/2024\/08\/21\/pcu-b-vence-cefaz-por-2x1-e-e-campeao-do-beira-morto-de-futebol-suico\/\">14\u00aa edi\u00e7\u00e3o do Torneio Beira-Morto de Futebol Su\u00ed\u00e7o<\/a><\/strong> se encerrou com a vit\u00f3ria do time da PCU B que fez por 2\u00d71 no Cefaz, com gols de Wellington (1) e Pozinho (1), fazendo o time da PCU B levarem o t\u00edtulo do torneio de 2024.<\/p>\n<\/blockquote>\n<\/div><\/div>\n\n\n\n<div style=\"height:15px\" aria-hidden=\"true\" class=\"wp-block-spacer\"><\/div>\n\n\n\n<div class=\"wp-block-media-text is-stacked-on-mobile\" style=\"grid-template-columns:31% auto\"><figure class=\"wp-block-media-text__media\"><img loading=\"lazy\" decoding=\"async\" width=\"901\" height=\"616\" src=\"https:\/\/sites.uel.br\/proex\/wp-content\/uploads\/2026\/05\/Captura-de-tela-2026-05-04-101633.png\" alt=\"\" class=\"wp-image-8081 size-full\" srcset=\"https:\/\/sites.uel.br\/proex\/wp-content\/uploads\/2026\/05\/Captura-de-tela-2026-05-04-101633.png 901w, https:\/\/sites.uel.br\/proex\/wp-content\/uploads\/2026\/05\/Captura-de-tela-2026-05-04-101633-300x205.png 300w, https:\/\/sites.uel.br\/proex\/wp-content\/uploads\/2026\/05\/Captura-de-tela-2026-05-04-101633-768x525.png 768w\" sizes=\"auto, (max-width: 901px) 100vw, 901px\" \/><\/figure><div class=\"wp-block-media-text__content\">\n<p><strong>Beira Morto 2023 <\/strong><\/p>\n\n\n\n<blockquote class=\"wp-block-quote is-layout-flow wp-block-quote-is-layout-flow\">\n<p>A <strong><a href=\"https:\/\/operobal.uel.br\/ultimas\/2023\/11\/21\/torneio-beira-morto-de-futebol-suico-registra-media-de-cinco-gols-por-partida\/\">14\u00aa edi\u00e7\u00e3o do Torneio Beira-Morto de Futebol Su\u00ed\u00e7o<\/a><\/strong> se encerrou com a vit\u00f3ria da equipe Cesa, composta por servidores do Centro de Estudos Sociais Aplicados. O time se destacou por sua defesa, sendo a menos vazada, e tamb\u00e9m pela artilharia no campeonato. S\u00e3o eles o goleiro e professor Thiago Spiri Ferreira, que \u00e9 docente do Departamento de Administra\u00e7\u00e3o e gerente da Incubadora de Base Tecnol\u00f3gica da UEL (Intuel), e o artilheiro M\u00e1rcio Messias de Miranda, com 12 gols marcados.<\/p>\n<\/blockquote>\n<\/div><\/div>\n\n\n\n<div style=\"height:15px\" aria-hidden=\"true\" class=\"wp-block-spacer\"><\/div>\n\n\n\n<div class=\"wp-block-media-text is-stacked-on-mobile\" style=\"grid-template-columns:31% auto\"><figure class=\"wp-block-media-text__media\"><img loading=\"lazy\" decoding=\"async\" width=\"1024\" height=\"683\" src=\"https:\/\/sites.uel.br\/proex\/wp-content\/uploads\/2026\/05\/IMG_9251-1024x683.jpg\" alt=\"\" class=\"wp-image-8084 size-full\" srcset=\"https:\/\/sites.uel.br\/proex\/wp-content\/uploads\/2026\/05\/IMG_9251-1024x683.jpg 1024w, https:\/\/sites.uel.br\/proex\/wp-content\/uploads\/2026\/05\/IMG_9251-300x200.jpg 300w, https:\/\/sites.uel.br\/proex\/wp-content\/uploads\/2026\/05\/IMG_9251-768x512.jpg 768w, https:\/\/sites.uel.br\/proex\/wp-content\/uploads\/2026\/05\/IMG_9251-1536x1024.jpg 1536w, https:\/\/sites.uel.br\/proex\/wp-content\/uploads\/2026\/05\/IMG_9251-2048x1365.jpg 2048w\" sizes=\"auto, (max-width: 1024px) 100vw, 1024px\" \/><\/figure><div class=\"wp-block-media-text__content\">\n<p><strong>Beira Morto 2022 <\/strong><\/p>\n\n\n\n<blockquote class=\"wp-block-quote is-layout-flow wp-block-quote-is-layout-flow\">\n<p>A <a href=\"https:\/\/operobal.uel.br\/cca\/2022\/12\/07\/com-placar-de-4x0-cefaz-e-o-vencedor-do-torneio-beira-morto-de-futebol-suico\/\"><strong>13\u00aa edi\u00e7\u00e3o do Torneio Beira-Morto de Futebol Su\u00ed\u00e7o<\/strong><\/a> se encerrou com a vit\u00f3ria do time Cefaz (Cefe e Fazenda Escola) por 4 x 0 contra o time da Jardinagem, com um p\u00fablico aproximado de 100 pessoas. E neste ano, foram realizadas duas finais, uma para o Grupo Ouro (disputada entre os quatro primeiros times colocados) e outra para o Grupo Prata (disputada entre os tr\u00eas \u00faltimos). A final do grupo prata se encerrou com a vit\u00f3ria do time da PCU \u201cB\u201d sobre o time do HV por 3\u00d70.<\/p>\n<\/blockquote>\n<\/div><\/div>\n\n\n\n<p><strong>Mais not\u00edciais sobre o evento: <a href=\"https:\/\/operobal.uel.br\/tag\/beira-morto\/\">https:\/\/operobal.uel.br\/tag\/beira-morto\/<\/a><\/strong><\/p>\n\n\n\n<p><\/p>\n","protected":false},"excerpt":{"rendered":"<p>O Beira Morto \u00e9 um torneio de Futebol Su\u00ed\u00e7o disputado por docentes e servidores da UEL. Todos os jogos s\u00e3o realizados no campo de futebol su\u00ed\u00e7o, dentro do pr\u00f3prio campus universit\u00e1rio, que fica pr\u00f3ximo ao Museu de Anatomia do Centro de Ci\u00eancias Biol\u00f3gicas (CCB). O local da nome a competi\u00e7\u00e3o, por ser onde est\u00e3o localizados [&hellip;]<\/p>\n","protected":false},"author":6,"featured_media":0,"parent":0,"menu_order":0,"comment_status":"closed","ping_status":"closed","template":"","meta":{"_acf_changed":false,"_themeisle_gutenberg_block_has_review":false,"footnotes":""},"class_list":["post-440","page","type-page","status-publish","hentry"],"acf":[],"_links":{"self":[{"href":"https:\/\/sites.uel.br\/proex\/wp-json\/wp\/v2\/pages\/440","targetHints":{"allow":["GET"]}}],"collection":[{"href":"https:\/\/sites.uel.br\/proex\/wp-json\/wp\/v2\/pages"}],"about":[{"href":"https:\/\/sites.uel.br\/proex\/wp-json\/wp\/v2\/types\/page"}],"author":[{"embeddable":true,"href":"https:\/\/sites.uel.br\/proex\/wp-json\/wp\/v2\/users\/6"}],"replies":[{"embeddable":true,"href":"https:\/\/sites.uel.br\/proex\/wp-json\/wp\/v2\/comments?post=440"}],"version-history":[{"count":7,"href":"https:\/\/sites.uel.br\/proex\/wp-json\/wp\/v2\/pages\/440\/revisions"}],"predecessor-version":[{"id":8087,"href":"https:\/\/sites.uel.br\/proex\/wp-json\/wp\/v2\/pages\/440\/revisions\/8087"}],"wp:attachment":[{"href":"https:\/\/sites.uel.br\/proex\/wp-json\/wp\/v2\/media?parent=440"}],"curies":[{"name":"wp","href":"https:\/\/api.w.org\/{rel}","templated":true}]}}