{"id":439,"date":"2023-01-30T17:40:45","date_gmt":"2023-01-30T20:40:45","guid":{"rendered":"https:\/\/sites.uel.br\/proex\/?page_id=439"},"modified":"2023-09-19T16:08:24","modified_gmt":"2023-09-19T19:08:24","slug":"calcadao-da-extensao","status":"publish","type":"page","link":"https:\/\/sites.uel.br\/proex\/calcadao-da-extensao\/","title":{"rendered":"Cal\u00e7ad\u00e3o da Extens\u00e3o"},"content":{"rendered":"\n<hr class=\"wp-block-separator has-alpha-channel-opacity is-style-wide\"\/>\n\n\n\n<p>Cal\u00e7ad\u00e3o da Extens\u00e3o e da Cultura da UEL \u00e9 realizada 2 (duas) vezes ao ano no Cal\u00e7ad\u00e3o de Londrina, em frente ao Cine Teatro Ouro Verde. O evento \u00e9 promovido pela Pr\u00f3-Reitoria de Extens\u00e3o, Cultura e Sociedade (Proex) e re\u00fane uma s\u00e9rie projetos, programas e servi\u00e7os desenvolvidos pela Universidade, al\u00e9m de divulgar a\u00e7\u00f5es culturais e servi\u00e7os prestados\u00a0\u00e0\u00a0comunidade.<\/p>\n","protected":false},"excerpt":{"rendered":"<p>Cal\u00e7ad\u00e3o da Extens\u00e3o e da Cultura da UEL \u00e9 realizada 2 (duas) vezes ao ano no Cal\u00e7ad\u00e3o de Londrina, em frente ao Cine Teatro Ouro Verde. O evento \u00e9 promovido pela Pr\u00f3-Reitoria de Extens\u00e3o, Cultura e Sociedade (Proex) e re\u00fane uma s\u00e9rie projetos, programas e servi\u00e7os desenvolvidos pela Universidade, al\u00e9m de divulgar a\u00e7\u00f5es culturais e [&hellip;]<\/p>\n","protected":false},"author":6,"featured_media":0,"parent":0,"menu_order":0,"comment_status":"closed","ping_status":"closed","template":"","meta":{"_acf_changed":false,"_themeisle_gutenberg_block_has_review":false,"footnotes":""},"class_list":["post-439","page","type-page","status-publish","hentry"],"acf":[],"_links":{"self":[{"href":"https:\/\/sites.uel.br\/proex\/wp-json\/wp\/v2\/pages\/439","targetHints":{"allow":["GET"]}}],"collection":[{"href":"https:\/\/sites.uel.br\/proex\/wp-json\/wp\/v2\/pages"}],"about":[{"href":"https:\/\/sites.uel.br\/proex\/wp-json\/wp\/v2\/types\/page"}],"author":[{"embeddable":true,"href":"https:\/\/sites.uel.br\/proex\/wp-json\/wp\/v2\/users\/6"}],"replies":[{"embeddable":true,"href":"https:\/\/sites.uel.br\/proex\/wp-json\/wp\/v2\/comments?post=439"}],"version-history":[{"count":2,"href":"https:\/\/sites.uel.br\/proex\/wp-json\/wp\/v2\/pages\/439\/revisions"}],"predecessor-version":[{"id":2850,"href":"https:\/\/sites.uel.br\/proex\/wp-json\/wp\/v2\/pages\/439\/revisions\/2850"}],"wp:attachment":[{"href":"https:\/\/sites.uel.br\/proex\/wp-json\/wp\/v2\/media?parent=439"}],"curies":[{"name":"wp","href":"https:\/\/api.w.org\/{rel}","templated":true}]}}