{"id":4178,"date":"2024-06-18T15:59:31","date_gmt":"2024-06-18T18:59:31","guid":{"rendered":"https:\/\/sites.uel.br\/proex\/?page_id=4178"},"modified":"2024-06-18T15:59:31","modified_gmt":"2024-06-18T18:59:31","slug":"alteracao-de-modalidade-projeto-para-programa-de-extensao","status":"publish","type":"page","link":"https:\/\/sites.uel.br\/proex\/alteracao-de-modalidade-projeto-para-programa-de-extensao\/","title":{"rendered":"ALTERA\u00c7\u00c3O DE MODALIDADE &#8211; PROJETO PARA PROGRAMA DE EXTENS\u00c3O."},"content":{"rendered":"\n<p><\/p>\n\n\n\n<p><strong><a href=\"https:\/\/sites.uel.br\/proex\/wp-content\/uploads\/2024\/06\/OFICIO-CIRCULAR-028-2024-Alteracao-Modalidade.pdf\">OF.CIRC.PROEX &#8211; 028\/2024<\/a><\/strong><\/p>\n\n\n\n<h2 class=\"wp-block-heading\"><strong>RESOLU\u00c7\u00c3O CEPE N\u00ba 088\/2023<\/strong><\/h2>\n\n\n\n<p><\/p>\n\n\n\n<figure class=\"wp-block-table\"><table><tbody><tr><td><strong>TIPOS DE ALTERA\u00c7\u00c3O<\/strong><strong><\/strong><\/td><td><strong>REQUISITOS<\/strong><\/td><td colspan=\"2\"><strong>SUBMISS\u00c3O DO PEDIDO<\/strong><\/td><td><strong>INST\u00c2NCIAS DE AVALIA\u00c7\u00c3O<\/strong><\/td><td><strong>IN\u00cdCIO DO PROGRAMA<\/strong><\/td><\/tr><tr><td colspan=\"6\"><strong><u>SITUA\u00c7\u00c3O 1<\/u><\/strong><strong>:<\/strong><strong><\/strong><\/td><\/tr><tr><td>Projeto de Extens\u00e3o em Execu\u00e7\u00e3o, <strong>que possua projeto anterior <\/strong>na situa\u00e7\u00e3o Encerrado \u2013 Relat\u00f3rio Final entregue ou Conclu\u00eddo que trate da mesma tem\u00e1tica, caracterize continuidade e cuja somat\u00f3ria das vig\u00eancias, do projeto atual com a do anterior, ultrapasse 60 (sessenta) meses. &nbsp; &nbsp; &nbsp; &nbsp; &nbsp; &nbsp; &nbsp; &nbsp; <strong>&nbsp;<\/strong><\/td><td>Justificativa e c\u00f3pia do(s) cadastro(s) do(s) projeto(s) em execu\u00e7\u00e3o e do cadastro do projeto anterior na situa\u00e7\u00e3o de encerrado. <strong>&nbsp;<\/strong><\/td><td colspan=\"2\">Coordenador protocola (eprotocolo) o pedido e envia &nbsp;diretamente para a Divis\u00e3o de Projetos e Inicia\u00e7\u00e3o Extensionista\/ PROEX, no prazo de at\u00e9 90 (noventa) dias de anteced\u00eancia ao t\u00e9rmino de vig\u00eancia do projeto em execu\u00e7\u00e3o. &nbsp; <strong>Prazo Protocolo: ver item 2 &nbsp;OBSERVA\u00c7\u00d5ES.<\/strong> <strong>&nbsp;<\/strong><\/td><td>Comiss\u00f5es de Extens\u00e3o de Departamento e de Centro, Conselho de Departamento e de Centro.<\/td><td>Data subsequente de aprova\u00e7\u00e3o pelo Conselho de Centro.<\/td><\/tr><tr><td colspan=\"6\"><strong><u>SITUA\u00c7\u00c3O 2<\/u><\/strong><strong>:<\/strong><\/td><\/tr><tr><td>Projeto de Extens\u00e3o que esteja em execu\u00e7\u00e3o h\u00e1 pelo menos 57 (cinquenta e sete) meses, incluindo prorroga\u00e7\u00f5es <strong>e que n\u00e3o possua projeto anterior<\/strong> na situa\u00e7\u00e3o Encerrado \u2013 Relat\u00f3rio Final entregue ou Conclu\u00eddo que trate da mesma tem\u00e1tica.<\/td><td>Plano de trabalho para o Programa proposto, justificativa e relat\u00f3rio de encerramento do Projeto em execu\u00e7\u00e3o. <strong><\/strong><\/td><td colspan=\"2\">Coordenador protocola (eprotocolo) o pedido e envia diretamente para a Divis\u00e3o de Projetos e Inicia\u00e7\u00e3o Extensionista\/ PROEX, no prazo de at\u00e9 90 (noventa) dias de anteced\u00eancia ao t\u00e9rmino de vig\u00eancia do projeto em execu\u00e7\u00e3o. <strong>&nbsp;<\/strong> <strong>Prazo Protocolo: ver item 2 &nbsp;OBSERVA\u00c7\u00d5ES.<\/strong><strong><\/strong><\/td><td>Comiss\u00f5es de Extens\u00e3o de Departamento e de Centro, Conselho de Departamento e de Centro.<\/td><td>A partir da data de encerramento do projeto com a aprova\u00e7\u00e3o do Relat\u00f3rio Final pelo Conselho de Centro. &nbsp;<\/td><\/tr><tr><td colspan=\"6\"><strong><u>SITUA\u00c7\u00c3O 3:<\/u><\/strong><strong><u><\/u><\/strong><\/td><\/tr><tr><td>Projetos aprovados por \u00f3rg\u00e3os p\u00fablicos ou entes privados.<\/td><td>A altera\u00e7\u00e3o de modalidade poder\u00e1 ser solicitada conforme o enquadramento na Situa\u00e7\u00e3o 1 ou 2. <strong><\/strong><\/td><td colspan=\"2\">Coordenador protocola (eProtocolo) o pedido e envia diretamente para Divis\u00e3o de Projetos e Inicia\u00e7\u00e3o Extensionista\/ PROEX conforme enquadramento na Situa\u00e7\u00e3o 1 ou 2.<\/td><td>Comiss\u00f5es de Extens\u00e3o de Departamento e de Centro, Conselho de Departamento e de Centro.<strong><\/strong><\/td><td>A partir da data de encerramento do projeto com a aprova\u00e7\u00e3o do Relat\u00f3rio Final pelo Conselho de Centro.<strong><\/strong><\/td><\/tr><tr><td colspan=\"6\"><strong><u>SITUA\u00c7\u00c3O 4:<\/u><\/strong><strong><u><\/u><\/strong><\/td><\/tr><tr><td colspan=\"3\">Projetos de Presta\u00e7\u00e3o de Servi\u00e7os\/Programas de Atendimento \u00e0 Sociedade\/PAS<\/td><td colspan=\"3\"><strong>N\u00e3o \u00e9 permitida a altera\u00e7\u00e3o de modalidade para Projetos de Presta\u00e7\u00e3o de Servi\u00e7os\/PAS, em fun\u00e7\u00e3o de veda\u00e7\u00e3o prevista em Lei Estadual.<\/strong><\/td><\/tr><\/tbody><\/table><\/figure>\n\n\n\n<p><\/p>\n\n\n\n<p><\/p>\n\n\n\n<p><strong><u>OBSERVA\u00c7\u00d5ES<\/u><\/strong><strong>:<\/strong><\/p>\n\n\n\n<ol class=\"wp-block-list\">\n<li>Projetos de Extens\u00e3o que estejam em execu\u00e7\u00e3o e possuam Relat\u00f3rio para Prorroga\u00e7\u00e3o de Prazo cujo pedido esteja \u201c<strong>em Tr\u00e2mite<\/strong>\u201d, atendidos os requisitos de enquadramento, a solicita\u00e7\u00e3o de altera\u00e7\u00e3o de modalidade dever\u00e1 ser protocolada somente ap\u00f3s o encerramento de tr\u00e2mite do relat\u00f3rio para prorroga\u00e7\u00e3o de prazo junto \u00e0s inst\u00e2ncias de avalia\u00e7\u00e3o;<\/li>\n\n\n\n<li>Projetos de Extens\u00e3o que estejam em execu\u00e7\u00e3o e cujos t\u00e9rminos estejam com prazo menor que 90 (noventa) dias para encerramento, sem protocolo de pedido de prorroga\u00e7\u00e3o de prazo, poder\u00e3o, <strong>excepcionalmente<\/strong>, solicitar a altera\u00e7\u00e3o de modalidade para Programa de Extens\u00e3o.<\/li>\n<\/ol>\n","protected":false},"excerpt":{"rendered":"<p>OF.CIRC.PROEX &#8211; 028\/2024 RESOLU\u00c7\u00c3O CEPE N\u00ba 088\/2023 TIPOS DE ALTERA\u00c7\u00c3O REQUISITOS SUBMISS\u00c3O DO PEDIDO INST\u00c2NCIAS DE AVALIA\u00c7\u00c3O IN\u00cdCIO DO PROGRAMA SITUA\u00c7\u00c3O 1: Projeto de Extens\u00e3o em Execu\u00e7\u00e3o, que possua projeto anterior na situa\u00e7\u00e3o Encerrado \u2013 Relat\u00f3rio Final entregue ou Conclu\u00eddo que trate da mesma tem\u00e1tica, caracterize continuidade e cuja somat\u00f3ria das vig\u00eancias, do projeto atual [&hellip;]<\/p>\n","protected":false},"author":9,"featured_media":0,"parent":0,"menu_order":0,"comment_status":"closed","ping_status":"closed","template":"","meta":{"_acf_changed":false,"_themeisle_gutenberg_block_has_review":false,"footnotes":""},"class_list":["post-4178","page","type-page","status-publish","hentry"],"acf":[],"_links":{"self":[{"href":"https:\/\/sites.uel.br\/proex\/wp-json\/wp\/v2\/pages\/4178","targetHints":{"allow":["GET"]}}],"collection":[{"href":"https:\/\/sites.uel.br\/proex\/wp-json\/wp\/v2\/pages"}],"about":[{"href":"https:\/\/sites.uel.br\/proex\/wp-json\/wp\/v2\/types\/page"}],"author":[{"embeddable":true,"href":"https:\/\/sites.uel.br\/proex\/wp-json\/wp\/v2\/users\/9"}],"replies":[{"embeddable":true,"href":"https:\/\/sites.uel.br\/proex\/wp-json\/wp\/v2\/comments?post=4178"}],"version-history":[{"count":2,"href":"https:\/\/sites.uel.br\/proex\/wp-json\/wp\/v2\/pages\/4178\/revisions"}],"predecessor-version":[{"id":4182,"href":"https:\/\/sites.uel.br\/proex\/wp-json\/wp\/v2\/pages\/4178\/revisions\/4182"}],"wp:attachment":[{"href":"https:\/\/sites.uel.br\/proex\/wp-json\/wp\/v2\/media?parent=4178"}],"curies":[{"name":"wp","href":"https:\/\/api.w.org\/{rel}","templated":true}]}}