{"id":4051,"date":"2024-05-20T18:28:39","date_gmt":"2024-05-20T21:28:39","guid":{"rendered":"https:\/\/sites.uel.br\/proex\/?page_id=4051"},"modified":"2025-08-05T11:01:45","modified_gmt":"2025-08-05T14:01:45","slug":"seurs-2024","status":"publish","type":"page","link":"https:\/\/sites.uel.br\/proex\/seurs-2024\/","title":{"rendered":"SEURS 2024"},"content":{"rendered":"<div class=\"wp-block-image\">\n<figure class=\"aligncenter size-full is-resized\"><img loading=\"lazy\" decoding=\"async\" width=\"287\" height=\"134\" src=\"https:\/\/sites.uel.br\/proex\/wp-content\/uploads\/2024\/05\/image.png\" alt=\"\" class=\"wp-image-4052\" style=\"width:489px;height:auto\"\/><\/figure>\n<\/div>\n\n\n<p class=\"has-text-align-left\">A 42\u00aa edi\u00e7\u00e3o do SEURS acontece em Porto Alegre (RS), de 31 de julho a 02 de agosto de 2024, e \u00e9 organizada pela Universidade Federal do Rio Grande do Sul (UFRGS), por meio da Pr\u00f3-Reitoria de Extens\u00e3o &#8211; PROREXT. Seu objetivo principal \u00e9 promover o interc\u00e2mbio entre as Institui\u00e7\u00f5es P\u00fablicas de Ensino Superior da Regi\u00e3o Sul do Brasil &#8211; Paran\u00e1, Santa Catarina e Rio Grande do Sul &#8211; estimulando o di\u00e1logo interinstitucional e a troca de experi\u00eancias entre extensionistas e comunidades.<\/p>\n\n\n\n<p class=\"has-text-align-left\"><br>A tem\u00e1tica escolhida para o evento deste ano \u00e9 \u201cA Extens\u00e3o que queremos\u201d e procura refletir, a partir das pr\u00e1ticas extensionistas atuais, que futuros estamos produzindo e o que desejamos para as institui\u00e7\u00f5es de ensino superior e para a sociedade do amanh\u00e3. Mais que produzir questionamentos, o tema do SEURS 42 \u00e9 um chamamento para a constru\u00e7\u00e3o de um mundo mais sustent\u00e1vel, no qual temas como crises clim\u00e1ticas e ambientais, combate \u00e0s desigualdades estruturais e reconhecimento das quest\u00f5es identit\u00e1rias de grupos minorizados se fortale\u00e7am ainda mais como valores indissoci\u00e1veis da agenda da extens\u00e3o universit\u00e1ria.<\/p>\n\n\n\n<div class=\"wp-block-columns is-layout-flex wp-container-core-columns-is-layout-9d6595d7 wp-block-columns-is-layout-flex\">\n<div class=\"wp-block-column is-layout-flow wp-block-column-is-layout-flow\"><\/div>\n<\/div>\n\n\n\n<p><a href=\"https:\/\/sites.uel.br\/proex\/wp-content\/uploads\/2024\/05\/Regulamento_42-SEURS_SELECAO-INTERNA-UEL-2024.pdf\"> <\/a><strong><a href=\"https:\/\/sites.uel.br\/proex\/wp-content\/uploads\/2024\/06\/PRORROGACAO-DA-SUBMISSAO-DE-TRABALHOS-42-SEURS-SELECAO-INTERNA-UEL-2024.pdf\" target=\"_blank\" rel=\"noreferrer noopener\">ALTERA\u00c7\u00c3O DE CRONOGRAMA  SEURS 2024 &#8211; COM NOVO PRAZO PARA INSCRI\u00c7\u00d5ES DE RESUMOS&nbsp;<\/a><\/strong><\/p>\n\n\n\n<p>&#8211;<a href=\"https:\/\/sites.uel.br\/proex\/wp-content\/uploads\/2024\/05\/Regulamento_42-SEURS_SELECAO-INTERNA-UEL-2024.pdf\"> <\/a><strong><a href=\"https:\/\/sites.uel.br\/proex\/wp-content\/uploads\/2024\/06\/Regulamento-Geral-SEURS42-NOVO.pdf\" target=\"_blank\" rel=\"noreferrer noopener\">REGULAMENTO GERAL SEURS 2024 &nbsp;<\/a><\/strong><\/p>\n\n\n\n<p>&#8211;<a href=\"https:\/\/sites.uel.br\/proex\/wp-content\/uploads\/2024\/05\/Regulamento_42-SEURS_SELECAO-INTERNA-UEL-2024.pdf\"> <\/a><strong><a href=\"https:\/\/sites.uel.br\/proex\/wp-content\/uploads\/2024\/06\/PRORROGACAO-INSCRICOES-SEURS-2024.pdf\" target=\"_blank\" rel=\"noreferrer noopener\">PRORROGA\u00c7\u00c3O DO PRAZO PARA INSCRI\u00c7\u00d5ES&nbsp;<\/a><\/strong><\/p>\n\n\n\n<p>&#8211;<a href=\"https:\/\/sites.uel.br\/proex\/wp-content\/uploads\/2024\/05\/Regulamento_42-SEURS_SELECAO-INTERNA-UEL-2024.pdf\"> <strong>REGULAMENTO INTERNO -UEL&nbsp;<\/strong><\/a><\/p>\n\n\n\n<p>&#8211; <strong><a href=\"https:\/\/sites.uel.br\/proex\/wp-content\/uploads\/2024\/06\/Modelo_Resumo_SEURS42-NOVO.docx\" data-type=\"link\" data-id=\"https:\/\/www.uel.br\/eventos\/porextenso\/pages\/cronograma.php\">MODELO DE RESUMO<\/a><\/strong><\/p>\n\n\n\n<p>&#8211;<strong> <a href=\"https:\/\/sites.uel.br\/proex\/wp-content\/uploads\/2025\/02\/SEURS38-2020-COMPLETO.pdf\">ANAIS 2020<\/a><\/strong><\/p>\n\n\n\n<p><strong>DELEGA\u00c7\u00c3O UEL &#8211; 42\u00b0 SEURS<\/strong> <\/p>\n\n\n\n<figure class=\"wp-block-gallery has-nested-images columns-default is-cropped wp-block-gallery-1 is-layout-flex wp-block-gallery-is-layout-flex\">\n<figure class=\"wp-block-image size-large\"><img loading=\"lazy\" decoding=\"async\" width=\"819\" height=\"1024\" data-id=\"6627\" src=\"https:\/\/sites.uel.br\/proex\/wp-content\/uploads\/2025\/08\/1-1-1-819x1024.png\" alt=\"\" class=\"wp-image-6627\" srcset=\"https:\/\/sites.uel.br\/proex\/wp-content\/uploads\/2025\/08\/1-1-1-819x1024.png 819w, https:\/\/sites.uel.br\/proex\/wp-content\/uploads\/2025\/08\/1-1-1-240x300.png 240w, https:\/\/sites.uel.br\/proex\/wp-content\/uploads\/2025\/08\/1-1-1-768x960.png 768w, https:\/\/sites.uel.br\/proex\/wp-content\/uploads\/2025\/08\/1-1-1.png 1080w\" sizes=\"auto, (max-width: 819px) 100vw, 819px\" \/><\/figure>\n\n\n\n<figure class=\"wp-block-image size-large\"><img loading=\"lazy\" decoding=\"async\" width=\"1024\" height=\"1024\" data-id=\"6626\" src=\"https:\/\/sites.uel.br\/proex\/wp-content\/uploads\/2025\/08\/3-1-edited-1024x1024.png\" alt=\"\" class=\"wp-image-6626\" srcset=\"https:\/\/sites.uel.br\/proex\/wp-content\/uploads\/2025\/08\/3-1-edited-1024x1024.png 1024w, https:\/\/sites.uel.br\/proex\/wp-content\/uploads\/2025\/08\/3-1-edited-300x300.png 300w, https:\/\/sites.uel.br\/proex\/wp-content\/uploads\/2025\/08\/3-1-edited-150x150.png 150w, https:\/\/sites.uel.br\/proex\/wp-content\/uploads\/2025\/08\/3-1-edited-768x768.png 768w, https:\/\/sites.uel.br\/proex\/wp-content\/uploads\/2025\/08\/3-1-edited.png 1080w\" sizes=\"auto, (max-width: 1024px) 100vw, 1024px\" \/><\/figure>\n\n\n\n<figure class=\"wp-block-image size-large\"><img loading=\"lazy\" decoding=\"async\" width=\"768\" height=\"576\" data-id=\"6625\" src=\"https:\/\/sites.uel.br\/proex\/wp-content\/uploads\/2025\/08\/6-1-edited-768x576-1.png\" alt=\"\" class=\"wp-image-6625\" srcset=\"https:\/\/sites.uel.br\/proex\/wp-content\/uploads\/2025\/08\/6-1-edited-768x576-1.png 768w, https:\/\/sites.uel.br\/proex\/wp-content\/uploads\/2025\/08\/6-1-edited-768x576-1-300x225.png 300w\" sizes=\"auto, (max-width: 768px) 100vw, 768px\" \/><\/figure>\n\n\n\n<figure class=\"wp-block-image size-large\"><img loading=\"lazy\" decoding=\"async\" width=\"768\" height=\"960\" data-id=\"6624\" src=\"https:\/\/sites.uel.br\/proex\/wp-content\/uploads\/2025\/08\/10-768x960-1.png\" alt=\"\" class=\"wp-image-6624\" srcset=\"https:\/\/sites.uel.br\/proex\/wp-content\/uploads\/2025\/08\/10-768x960-1.png 768w, https:\/\/sites.uel.br\/proex\/wp-content\/uploads\/2025\/08\/10-768x960-1-240x300.png 240w\" sizes=\"auto, (max-width: 768px) 100vw, 768px\" \/><\/figure>\n\n\n\n<figure class=\"wp-block-image size-large\"><img loading=\"lazy\" decoding=\"async\" width=\"1024\" height=\"768\" data-id=\"6630\" src=\"https:\/\/sites.uel.br\/proex\/wp-content\/uploads\/2025\/08\/20240912_141637-baixa-1024x768.jpg\" alt=\"\" class=\"wp-image-6630\" srcset=\"https:\/\/sites.uel.br\/proex\/wp-content\/uploads\/2025\/08\/20240912_141637-baixa-1024x768.jpg 1024w, https:\/\/sites.uel.br\/proex\/wp-content\/uploads\/2025\/08\/20240912_141637-baixa-300x225.jpg 300w, https:\/\/sites.uel.br\/proex\/wp-content\/uploads\/2025\/08\/20240912_141637-baixa-768x576.jpg 768w, https:\/\/sites.uel.br\/proex\/wp-content\/uploads\/2025\/08\/20240912_141637-baixa.jpg 1200w\" sizes=\"auto, (max-width: 1024px) 100vw, 1024px\" \/><\/figure>\n\n\n\n<figure class=\"wp-block-image size-large\"><img loading=\"lazy\" decoding=\"async\" width=\"1024\" height=\"684\" data-id=\"6631\" src=\"https:\/\/sites.uel.br\/proex\/wp-content\/uploads\/2025\/08\/RDM_9906-baixa-1024x684.jpg\" alt=\"\" class=\"wp-image-6631\" srcset=\"https:\/\/sites.uel.br\/proex\/wp-content\/uploads\/2025\/08\/RDM_9906-baixa-1024x684.jpg 1024w, https:\/\/sites.uel.br\/proex\/wp-content\/uploads\/2025\/08\/RDM_9906-baixa-300x200.jpg 300w, https:\/\/sites.uel.br\/proex\/wp-content\/uploads\/2025\/08\/RDM_9906-baixa-768x513.jpg 768w, https:\/\/sites.uel.br\/proex\/wp-content\/uploads\/2025\/08\/RDM_9906-baixa.jpg 1200w\" sizes=\"auto, (max-width: 1024px) 100vw, 1024px\" \/><\/figure>\n<\/figure>\n","protected":false},"excerpt":{"rendered":"<p>A 42\u00aa edi\u00e7\u00e3o do SEURS acontece em Porto Alegre (RS), de 31 de julho a 02 de agosto de 2024, e \u00e9 organizada pela Universidade Federal do Rio Grande do Sul (UFRGS), por meio da Pr\u00f3-Reitoria de Extens\u00e3o &#8211; PROREXT. Seu objetivo principal \u00e9 promover o interc\u00e2mbio entre as Institui\u00e7\u00f5es P\u00fablicas de Ensino Superior da [&hellip;]<\/p>\n","protected":false},"author":9,"featured_media":0,"parent":0,"menu_order":0,"comment_status":"closed","ping_status":"closed","template":"","meta":{"_acf_changed":false,"_themeisle_gutenberg_block_has_review":false,"footnotes":""},"class_list":["post-4051","page","type-page","status-publish","hentry"],"acf":[],"_links":{"self":[{"href":"https:\/\/sites.uel.br\/proex\/wp-json\/wp\/v2\/pages\/4051","targetHints":{"allow":["GET"]}}],"collection":[{"href":"https:\/\/sites.uel.br\/proex\/wp-json\/wp\/v2\/pages"}],"about":[{"href":"https:\/\/sites.uel.br\/proex\/wp-json\/wp\/v2\/types\/page"}],"author":[{"embeddable":true,"href":"https:\/\/sites.uel.br\/proex\/wp-json\/wp\/v2\/users\/9"}],"replies":[{"embeddable":true,"href":"https:\/\/sites.uel.br\/proex\/wp-json\/wp\/v2\/comments?post=4051"}],"version-history":[{"count":17,"href":"https:\/\/sites.uel.br\/proex\/wp-json\/wp\/v2\/pages\/4051\/revisions"}],"predecessor-version":[{"id":6632,"href":"https:\/\/sites.uel.br\/proex\/wp-json\/wp\/v2\/pages\/4051\/revisions\/6632"}],"wp:attachment":[{"href":"https:\/\/sites.uel.br\/proex\/wp-json\/wp\/v2\/media?parent=4051"}],"curies":[{"name":"wp","href":"https:\/\/api.w.org\/{rel}","templated":true}]}}