{"id":397,"date":"2023-01-27T17:03:31","date_gmt":"2023-01-27T20:03:31","guid":{"rendered":"https:\/\/sites.uel.br\/proex\/?page_id=397"},"modified":"2026-02-03T15:47:43","modified_gmt":"2026-02-03T18:47:43","slug":"feirinha-da-cidadania","status":"publish","type":"page","link":"https:\/\/sites.uel.br\/proex\/feirinha-da-cidadania\/","title":{"rendered":"Feirinha da cidadania"},"content":{"rendered":"\n<hr class=\"wp-block-separator has-alpha-channel-opacity is-style-wide\"\/>\n\n\n\n<p>A <strong>FEIRINHA DA CIDADANIA DA UEL<\/strong> \u00e9 um espa\u00e7o solid\u00e1rio e cultural para a viv\u00eancia da cidadania. Ela proporciona a troca de experi\u00eancias e conhecimento entre expositores, produtores culturais e art\u00edsticos e o p\u00fablico visitante, dentro do Campus da Universidade.<\/p>\n\n\n\n<p>Ela ocorre \u00e0s quintas-feiras, de forma quinzenal, das 9h \u00e0s 13h, no Cal\u00e7ad\u00e3o em frente \u00e0 Biblioteca Central ou nas Imedia\u00e7\u00f5es da Reitoria, e est\u00e1 sob a coordena\u00e7\u00e3o e responsabilidade da <strong>PROEX &#8211;<\/strong> <strong>Pr\u00f3-Reitoria de Extens\u00e3o, Cultura e Sociedade<\/strong>.<\/p>\n\n\n\n<p><strong>A FEIRINHA DA CIDADANIA DA UEL conta os seguintes expositores<\/strong>:<\/p>\n\n\n\n<ul class=\"wp-block-list\">\n<li>Participantes de Programas e Projetos de Extens\u00e3o da UEL;<\/li>\n\n\n\n<li>Participantes de empreendimentos do Centro P\u00fablico de Economia Solid\u00e1ria da Prefeitura Municipal de Londrina; e<\/li>\n\n\n\n<li>Servidores Aposentados da UEL.<\/li>\n<\/ul>\n\n\n\n<p>A Feirinha possui regulamenta\u00e7\u00e3o por meio da <strong><a href=\"https:\/\/sites.uel.br\/proex\/wp-content\/uploads\/2025\/03\/RESOLUCAO-CEPE-CA-010-2025.pdf\">Res. CEPE\/CA 010\/2025<\/a><\/strong> e calend\u00e1rio pr\u00f3prio. <\/p>\n\n\n\n<p><strong>Sua participa\u00e7\u00e3o como expositor est\u00e1 condicionada a processo seletivo via Edital Proex.<\/strong><\/p>\n\n\n\n<p>Venha conhecer produtos da economia criativa e solid\u00e1ria.<\/p>\n\n\n\n<p><strong>Mais informa\u00e7\u00f5es no ders.proex@uel.br<\/strong><\/p>\n\n\n\n<figure class=\"wp-block-gallery has-nested-images columns-default is-cropped wp-block-gallery-1 is-layout-flex wp-block-gallery-is-layout-flex\">\n<figure class=\"wp-block-image size-large\"><img loading=\"lazy\" decoding=\"async\" width=\"1024\" height=\"683\" data-id=\"271\" src=\"https:\/\/sites.uel.br\/proex\/wp-content\/uploads\/2023\/01\/IMG_2146-1024x683.jpg\" alt=\"\" class=\"wp-image-271\" srcset=\"https:\/\/sites.uel.br\/proex\/wp-content\/uploads\/2023\/01\/IMG_2146-1024x683.jpg 1024w, https:\/\/sites.uel.br\/proex\/wp-content\/uploads\/2023\/01\/IMG_2146-300x200.jpg 300w, https:\/\/sites.uel.br\/proex\/wp-content\/uploads\/2023\/01\/IMG_2146-768x512.jpg 768w, https:\/\/sites.uel.br\/proex\/wp-content\/uploads\/2023\/01\/IMG_2146-1536x1024.jpg 1536w, https:\/\/sites.uel.br\/proex\/wp-content\/uploads\/2023\/01\/IMG_2146-2048x1365.jpg 2048w\" sizes=\"auto, (max-width: 1024px) 100vw, 1024px\" \/><\/figure>\n\n\n\n<figure class=\"wp-block-image size-large\"><img loading=\"lazy\" decoding=\"async\" width=\"1024\" height=\"683\" data-id=\"270\" src=\"https:\/\/sites.uel.br\/proex\/wp-content\/uploads\/2023\/01\/IMG_2098-1024x683.jpg\" alt=\"\" class=\"wp-image-270\" srcset=\"https:\/\/sites.uel.br\/proex\/wp-content\/uploads\/2023\/01\/IMG_2098-1024x683.jpg 1024w, https:\/\/sites.uel.br\/proex\/wp-content\/uploads\/2023\/01\/IMG_2098-300x200.jpg 300w, https:\/\/sites.uel.br\/proex\/wp-content\/uploads\/2023\/01\/IMG_2098-768x512.jpg 768w, https:\/\/sites.uel.br\/proex\/wp-content\/uploads\/2023\/01\/IMG_2098-1536x1024.jpg 1536w, https:\/\/sites.uel.br\/proex\/wp-content\/uploads\/2023\/01\/IMG_2098-2048x1365.jpg 2048w\" sizes=\"auto, (max-width: 1024px) 100vw, 1024px\" \/><\/figure>\n\n\n\n<figure class=\"wp-block-image size-large\"><img loading=\"lazy\" decoding=\"async\" width=\"1024\" height=\"683\" data-id=\"269\" src=\"https:\/\/sites.uel.br\/proex\/wp-content\/uploads\/2023\/01\/IMG_2066-1024x683.jpg\" alt=\"\" class=\"wp-image-269\" srcset=\"https:\/\/sites.uel.br\/proex\/wp-content\/uploads\/2023\/01\/IMG_2066-1024x683.jpg 1024w, https:\/\/sites.uel.br\/proex\/wp-content\/uploads\/2023\/01\/IMG_2066-300x200.jpg 300w, https:\/\/sites.uel.br\/proex\/wp-content\/uploads\/2023\/01\/IMG_2066-768x512.jpg 768w, https:\/\/sites.uel.br\/proex\/wp-content\/uploads\/2023\/01\/IMG_2066-1536x1024.jpg 1536w, https:\/\/sites.uel.br\/proex\/wp-content\/uploads\/2023\/01\/IMG_2066-2048x1365.jpg 2048w\" sizes=\"auto, (max-width: 1024px) 100vw, 1024px\" \/><\/figure>\n\n\n\n<figure class=\"wp-block-image size-large\"><img loading=\"lazy\" decoding=\"async\" width=\"1024\" height=\"683\" data-id=\"268\" src=\"https:\/\/sites.uel.br\/proex\/wp-content\/uploads\/2023\/01\/IMG_2059-1024x683.jpg\" alt=\"\" class=\"wp-image-268\" srcset=\"https:\/\/sites.uel.br\/proex\/wp-content\/uploads\/2023\/01\/IMG_2059-1024x683.jpg 1024w, https:\/\/sites.uel.br\/proex\/wp-content\/uploads\/2023\/01\/IMG_2059-300x200.jpg 300w, https:\/\/sites.uel.br\/proex\/wp-content\/uploads\/2023\/01\/IMG_2059-768x512.jpg 768w, https:\/\/sites.uel.br\/proex\/wp-content\/uploads\/2023\/01\/IMG_2059-1536x1024.jpg 1536w, https:\/\/sites.uel.br\/proex\/wp-content\/uploads\/2023\/01\/IMG_2059-2048x1365.jpg 2048w\" sizes=\"auto, (max-width: 1024px) 100vw, 1024px\" \/><\/figure>\n<\/figure>\n\n\n\n<div style=\"height:77px\" aria-hidden=\"true\" class=\"wp-block-spacer\"><\/div>\n\n\n\n<h3 class=\"wp-block-heading has-text-align-center\"><strong>CALEND\u00c1RIO 202<\/strong>6<\/h3>\n\n\n\n<figure class=\"wp-block-gallery aligncenter has-nested-images columns-default is-cropped wp-block-gallery-2 is-layout-flex wp-block-gallery-is-layout-flex\">\n<figure class=\"wp-block-image size-full\"><img loading=\"lazy\" decoding=\"async\" width=\"460\" height=\"259\" data-id=\"7401\" src=\"https:\/\/sites.uel.br\/proex\/wp-content\/uploads\/2026\/02\/WhatsApp-Image-2026-01-30-at-10.26.16-2.jpeg\" alt=\"\" class=\"wp-image-7401\" srcset=\"https:\/\/sites.uel.br\/proex\/wp-content\/uploads\/2026\/02\/WhatsApp-Image-2026-01-30-at-10.26.16-2.jpeg 460w, https:\/\/sites.uel.br\/proex\/wp-content\/uploads\/2026\/02\/WhatsApp-Image-2026-01-30-at-10.26.16-2-300x169.jpeg 300w\" sizes=\"auto, (max-width: 460px) 100vw, 460px\" \/><\/figure>\n<\/figure>\n\n\n\n<div class=\"wp-block-group\"><div class=\"wp-block-group__inner-container is-layout-constrained wp-block-group-is-layout-constrained\"><\/div><\/div>\n\n\n\n<p><strong>Obs:<\/strong> Caso haja chuva forte, a edi\u00e7\u00e3o ser\u00e1 cancelada.<\/p>\n\n\n\n<p><\/p>\n","protected":false},"excerpt":{"rendered":"<p>A FEIRINHA DA CIDADANIA DA UEL \u00e9 um espa\u00e7o solid\u00e1rio e cultural para a viv\u00eancia da cidadania. Ela proporciona a troca de experi\u00eancias e conhecimento entre expositores, produtores culturais e art\u00edsticos e o p\u00fablico visitante, dentro do Campus da Universidade. Ela ocorre \u00e0s quintas-feiras, de forma quinzenal, das 9h \u00e0s 13h, no Cal\u00e7ad\u00e3o em frente [&hellip;]<\/p>\n","protected":false},"author":8,"featured_media":0,"parent":0,"menu_order":0,"comment_status":"closed","ping_status":"closed","template":"","meta":{"_acf_changed":false,"_themeisle_gutenberg_block_has_review":false,"footnotes":""},"class_list":["post-397","page","type-page","status-publish","hentry"],"acf":[],"_links":{"self":[{"href":"https:\/\/sites.uel.br\/proex\/wp-json\/wp\/v2\/pages\/397","targetHints":{"allow":["GET"]}}],"collection":[{"href":"https:\/\/sites.uel.br\/proex\/wp-json\/wp\/v2\/pages"}],"about":[{"href":"https:\/\/sites.uel.br\/proex\/wp-json\/wp\/v2\/types\/page"}],"author":[{"embeddable":true,"href":"https:\/\/sites.uel.br\/proex\/wp-json\/wp\/v2\/users\/8"}],"replies":[{"embeddable":true,"href":"https:\/\/sites.uel.br\/proex\/wp-json\/wp\/v2\/comments?post=397"}],"version-history":[{"count":40,"href":"https:\/\/sites.uel.br\/proex\/wp-json\/wp\/v2\/pages\/397\/revisions"}],"predecessor-version":[{"id":7403,"href":"https:\/\/sites.uel.br\/proex\/wp-json\/wp\/v2\/pages\/397\/revisions\/7403"}],"wp:attachment":[{"href":"https:\/\/sites.uel.br\/proex\/wp-json\/wp\/v2\/media?parent=397"}],"curies":[{"name":"wp","href":"https:\/\/api.w.org\/{rel}","templated":true}]}}