{"id":3932,"date":"2024-04-25T15:57:16","date_gmt":"2024-04-25T18:57:16","guid":{"rendered":"https:\/\/sites.uel.br\/proex\/?page_id=3932"},"modified":"2024-05-02T17:05:27","modified_gmt":"2024-05-02T20:05:27","slug":"rondon-parana-2024-editais","status":"publish","type":"page","link":"https:\/\/sites.uel.br\/proex\/rondon-parana-2024-editais\/","title":{"rendered":"RONDON PARAN\u00c1 2024 &#8211; Editais"},"content":{"rendered":"<div class=\"wp-block-image\">\n<figure class=\"aligncenter size-full is-resized\"><img loading=\"lazy\" decoding=\"async\" width=\"303\" height=\"166\" src=\"https:\/\/sites.uel.br\/proex\/wp-content\/uploads\/2024\/04\/download.png\" alt=\"\" class=\"wp-image-3943\" style=\"width:456px;height:auto\" srcset=\"https:\/\/sites.uel.br\/proex\/wp-content\/uploads\/2024\/04\/download.png 303w, https:\/\/sites.uel.br\/proex\/wp-content\/uploads\/2024\/04\/download-300x164.png 300w\" sizes=\"auto, (max-width: 303px) 100vw, 303px\" \/><\/figure>\n<\/div>\n\n\n<p><\/p>\n\n\n\n<p><a href=\"https:\/\/sites.uel.br\/proex\/wp-content\/uploads\/2024\/04\/EDITAL-PROEX-080-2024.pdf\">Edital PROEX 084\/2024 &#8211; <\/a><\/p>\n\n\n\n<p><a href=\"https:\/\/sites.uel.br\/proex\/wp-content\/uploads\/2024\/05\/EDITAL-PROEX-084-2024-RONDON.pdf\">A Pr\u00f3-Reitoria de Extens\u00e3o, Cultura e Sociedade \u2013 PROEX \u2013 da Universidade Estadual de Londrina, torna p\u00fablica a lista de classificados no \u00e2mbito do Edital PROEX n\u00ba 73\/2024.<\/a><\/p>\n\n\n\n<p><a href=\"https:\/\/sites.uel.br\/proex\/wp-content\/uploads\/2024\/04\/EDITAL-PROEX-080-2024.pdf\">Edital PROEX 080\/2024 &#8211; A Pr\u00f3-Reitoria de Extens\u00e3o, Cultura e Sociedade \u2013 PROEX, torna p\u00fablica a lista de inscri\u00e7\u00f5es deferidas e indeferidas no \u00e2mbito do Edital PROEX n\u00ba 72\/2024<\/a>.<\/p>\n\n\n\n<p><a href=\"https:\/\/sites.uel.br\/proex\/wp-content\/uploads\/2024\/04\/EDITAL-PROEX-079-2024.pdf\">Edital PROEX 079\/2024 &#8211; A Pr\u00f3-Reitoria de Extens\u00e3o, Cultura e Sociedade \u2013 PROEX , no uso de suas atribui\u00e7\u00f5es, torna p\u00fablica a lista de inscri\u00e7\u00f5es deferidas e indeferidas no \u00e2mbito do Edital PROEX n\u00ba 073\/2024<\/a>.<\/p>\n\n\n\n<p><a href=\"https:\/\/sites.uel.br\/proex\/wp-content\/uploads\/2024\/04\/EDITAL-PROEX-078-2024.pdf\">Edital PROEX 078\/2024 &#8211;  A Pr\u00f3-Reitoria de Extens\u00e3o, Cultura e Sociedade &#8211; PROEX, no uso de suas atribui\u00e7\u00f5es altera a equipe docente da Opera\u00e7\u00e3o Rondon Paran\u00e1 2024. selecionados pelo Edital 057\/2024.<\/a><\/p>\n\n\n\n<p><a href=\"https:\/\/sites.uel.br\/proex\/wp-content\/uploads\/2024\/04\/EDITAL-PROEX-073-2024.pdf\">Edital PROEX 073\/2024 &#8211;  torna p\u00fablica a abertura do processo seletivo visando o preenchimento de vaga para Bolsista T\u00e9cnico, com o prop\u00f3sito de apoio \u00e0s demandas da organiza\u00e7\u00e3o da Opera\u00e7\u00e3o Rondon Paran\u00e1 2024<\/a>.<\/p>\n\n\n\n<p><a href=\"https:\/\/sites.uel.br\/proex\/wp-content\/uploads\/2024\/04\/EDITAL-PROEX-072-2024.pdf\" data-type=\"link\" data-id=\"https:\/\/sites.uel.br\/proex\/wp-content\/uploads\/2024\/04\/EDITAL-PROEX-072-2024.pdf\">Edital PROEX 072\/2024 &#8211; Torna publico sele\u00e7\u00e3o de estudante de gradua\u00e7\u00e3o e  P\u00f3s-gradua\u00e7\u00e3o no \u00e2mbito do Programa RONDON Paran\u00e1 .<\/a><\/p>\n\n\n\n<p><\/p>\n\n\n\n<p><\/p>\n","protected":false},"excerpt":{"rendered":"<p>Edital PROEX 084\/2024 &#8211; A Pr\u00f3-Reitoria de Extens\u00e3o, Cultura e Sociedade \u2013 PROEX \u2013 da Universidade Estadual de Londrina, torna p\u00fablica a lista de classificados no \u00e2mbito do Edital PROEX n\u00ba 73\/2024. Edital PROEX 080\/2024 &#8211; A Pr\u00f3-Reitoria de Extens\u00e3o, Cultura e Sociedade \u2013 PROEX, torna p\u00fablica a lista de inscri\u00e7\u00f5es deferidas e indeferidas no [&hellip;]<\/p>\n","protected":false},"author":9,"featured_media":0,"parent":0,"menu_order":0,"comment_status":"closed","ping_status":"closed","template":"","meta":{"_acf_changed":false,"_themeisle_gutenberg_block_has_review":false,"footnotes":""},"class_list":["post-3932","page","type-page","status-publish","hentry"],"acf":[],"_links":{"self":[{"href":"https:\/\/sites.uel.br\/proex\/wp-json\/wp\/v2\/pages\/3932","targetHints":{"allow":["GET"]}}],"collection":[{"href":"https:\/\/sites.uel.br\/proex\/wp-json\/wp\/v2\/pages"}],"about":[{"href":"https:\/\/sites.uel.br\/proex\/wp-json\/wp\/v2\/types\/page"}],"author":[{"embeddable":true,"href":"https:\/\/sites.uel.br\/proex\/wp-json\/wp\/v2\/users\/9"}],"replies":[{"embeddable":true,"href":"https:\/\/sites.uel.br\/proex\/wp-json\/wp\/v2\/comments?post=3932"}],"version-history":[{"count":6,"href":"https:\/\/sites.uel.br\/proex\/wp-json\/wp\/v2\/pages\/3932\/revisions"}],"predecessor-version":[{"id":3973,"href":"https:\/\/sites.uel.br\/proex\/wp-json\/wp\/v2\/pages\/3932\/revisions\/3973"}],"wp:attachment":[{"href":"https:\/\/sites.uel.br\/proex\/wp-json\/wp\/v2\/media?parent=3932"}],"curies":[{"name":"wp","href":"https:\/\/api.w.org\/{rel}","templated":true}]}}