{"id":387,"date":"2023-01-27T17:02:13","date_gmt":"2023-01-27T20:02:13","guid":{"rendered":"https:\/\/sites.uel.br\/proex\/?page_id=387"},"modified":"2025-08-21T11:08:27","modified_gmt":"2025-08-21T14:08:27","slug":"resolucoes-3","status":"publish","type":"page","link":"https:\/\/sites.uel.br\/proex\/resolucoes-3\/","title":{"rendered":"Resolu\u00e7\u00f5es"},"content":{"rendered":"\n<hr class=\"wp-block-separator has-alpha-channel-opacity is-style-wide\"\/>\n\n\n\n<div style=\"height:20px\" aria-hidden=\"true\" class=\"wp-block-spacer\"><\/div>\n\n\n\n<h3 class=\"wp-block-heading\">Resolu\u00e7\u00f5es Proex<\/h3>\n\n\n\n<figure class=\"wp-block-table is-style-stripes\"><table><tbody><tr><td><strong><a href=\"https:\/\/sites.uel.br\/proex\/wp-content\/uploads\/2025\/03\/RESOLUCAO-CEPE-CA-010-2025.pdf\">Resolu\u00e7\u00e3o CEPE\/CA no. 010\/2025<\/a><br><\/strong>Estabelece diretrizes gerais, objetivos e procedimentos para a realiza\u00e7\u00e3o da Feirinha da Cidadania UEL.<\/td><\/tr><tr><td><strong><a href=\"https:\/\/sites.uel.br\/proex\/wp-content\/uploads\/2025\/08\/Resolucao-CEPE-CA-011-2025-Empresa-Junior.pdf\">Resolu\u00e7\u00e3o CEPE\/CA no. 011\/2025<\/a><\/strong><br>Estabelece as normas e procedimentos que regulamentam a cria\u00e7\u00e3o, o credenciamento, a orienta\u00e7\u00e3o, a supervis\u00e3o e o funcionamento das Empresas Juniores.<\/td><\/tr><tr><td><strong><a href=\"https:\/\/sites.uel.br\/proex\/wp-content\/uploads\/2025\/01\/RESOLUCAO-CA-045-2024.pdf\">Resolu\u00e7\u00e3o CA no. 045\/2024<\/a><br><\/strong>Altera o art. 6\u00ba da Resolu\u00e7\u00e3o CA 008\/2012 de modo a atualizar o regramento do pagamento de pr\u00f3 labore dos Programas de Atendimento \u00e0 Sociedade &#8211; PAS.<\/td><\/tr><tr><td><strong><a href=\"https:\/\/sites.uel.br\/proex\/wp-content\/uploads\/2024\/11\/Resolucao-CU-no-65-2024.pdf\">Resolu\u00e7\u00e3o CU no. 065\/2024<\/a><br><\/strong>Altera o Art. 1\u00ba da Resolu\u00e7\u00e3o C.U. n\u00b0 80\/1997, de modo a atualizar o regramento do pagamento de pr\u00f3- labore das Atividades de Presta\u00e7\u00e3o de Servi\u00e7o e toma outras provid\u00eancias.<\/td><\/tr><tr><td><strong><a href=\"https:\/\/sites.uel.br\/proex\/wp-content\/uploads\/2024\/09\/Resolucao-CEPE-CA-no-55.2024.pdf\">Resolu\u00e7\u00e3o CA no. 055\/2024<\/a><br><\/strong>Disp\u00f5e sobre tratamento especial para Cursos de Extens\u00e3o e Eventos de Extens\u00e3o<\/td><\/tr><tr><td><strong><a href=\"https:\/\/sites.uel.br\/proex\/wp-content\/uploads\/2024\/09\/47.pdf\">Resolu\u00e7\u00e3o CA no. 047\/2024<\/a><br><\/strong>Atualiza os valores do Programa de Bolsas e Aux\u00edlios da Universidade Estadual de Londrina.<\/td><\/tr><tr><td><a href=\"https:\/\/sites.uel.br\/proex\/wp-content\/uploads\/2024\/09\/46.pdf\"><strong>Resolu\u00e7\u00e3o CA no. 046\/2024<\/strong> <\/a><br>Consolida o Programa de Bolsas  e Aux\u00edlios da Universidade da Universidade Estadual de Londrina. <\/td><\/tr><tr><td><a href=\"https:\/\/sites.uel.br\/proex\/wp-content\/uploads\/2024\/01\/RESOLUCAO-CEPE-088-2023.pdf\" data-type=\"URL\" data-id=\"https:\/\/sites.uel.br\/proex\/wp-content\/uploads\/2023\/04\/RESOLUCAO-CEPE-096-2022.pdf\" target=\"_blank\" rel=\"noreferrer noopener\"><strong>Resolu\u00e7\u00e3o CEPE no. 088\/2023<\/strong><\/a><br>Estabelece normas e procedimentos espec\u00edficos para Projetos e Programas de Extens\u00e3o.<\/td><\/tr><tr><td><strong><a rel=\"noreferrer noopener\" href=\"https:\/\/sites.uel.br\/proex\/wp-content\/uploads\/2023\/04\/RESOLUCAO-CEPE-096-2022.pdf\" data-type=\"URL\" data-id=\"https:\/\/sites.uel.br\/proex\/wp-content\/uploads\/2023\/04\/RESOLUCAO-CEPE-096-2022.pdf\" target=\"_blank\">Resolu\u00e7\u00e3o CEPE no. 096\/2022<\/a><\/strong><br>Regula a atua\u00e7\u00e3o do Coordenador das Atividades Acad\u00eamicas de Extens\u00e3o (AEX).<\/td><\/tr><tr><td><strong><a href=\"https:\/\/sites.uel.br\/proex\/wp-content\/uploads\/2023\/04\/RESOLUCAO-PROEX-057-2021.pdf\" data-type=\"URL\" data-id=\"https:\/\/sites.uel.br\/proex\/wp-content\/uploads\/2023\/04\/RESOLUCAO-PROEX-057-2021.pdf\" target=\"_blank\" rel=\"noreferrer noopener\">Resolu\u00e7\u00e3o CA no. 057\/2021<\/a><\/strong><br>Altera o Art. 4o. da resolu\u00e7\u00e3o CA 008\/2012 e estabelece normas para a execu\u00e7\u00e3o de Programas de Atendimento \u00e0 Sociedade-PAS, por meio de instrumento jur\u00eddico celebrado entre Universidade Estadual de Londrina e as Funda\u00e7\u00f5es de Apoio.<\/td><\/tr><tr><td><strong><a href=\"https:\/\/sites.uel.br\/proex\/wp-content\/uploads\/2023\/04\/Resolucao0082012PAS.pdf\" data-type=\"URL\" data-id=\"https:\/\/sites.uel.br\/proex\/wp-content\/uploads\/2023\/04\/Resolucao0082012PAS.pdf\" target=\"_blank\" rel=\"noreferrer noopener\">Resolu\u00e7\u00e3o CA no. 008\/2012 &#8211; (Art. 4o. alterado pela Resolu\u00e7\u00e3o CA n. 57\/2021)<\/a><\/strong><br>Estabelece normas para execu\u00e7\u00e3o de Programas de Atendimento \u00e0 Sociedade &#8211; PAS.<\/td><\/tr><tr><td><strong><a href=\"https:\/\/sites.uel.br\/proex\/wp-content\/uploads\/2023\/04\/RESOLUCAO-PROEX-039-2021.pdf\" data-type=\"URL\" data-id=\"https:\/\/sites.uel.br\/proex\/wp-content\/uploads\/2023\/04\/RESOLUCAO-PROEX-039-2021.pdf\" target=\"_blank\" rel=\"noreferrer noopener\">Resolu\u00e7\u00e3o CEPE\/CA no. 039\/2021<\/a><\/strong><br>Regulamenta a Credita\u00e7\u00e3o Curricular da Extens\u00e3o na Universidade Estadual de Londrina.<\/td><\/tr><tr><td><a href=\"https:\/\/sites.uel.br\/proex\/wp-content\/uploads\/2023\/04\/resolucao-cepe-050-2020.pdf\" data-type=\"URL\" data-id=\"https:\/\/sites.uel.br\/proex\/wp-content\/uploads\/2023\/04\/resolucao-cepe-050-2020.pdf\" target=\"_blank\" rel=\"noreferrer noopener\"><strong>Resolu\u00e7\u00e3o CEPE no. 050\/2020<\/strong>&nbsp;<\/a>&nbsp;<br>Prorroga, at\u00e9 16\/01\/2021, a vig\u00eancia de projetos de extens\u00e3o e integrados com \u00eanfase em Extens\u00e3o, em virtude da suspens\u00e3o de atividades presenciais, provocada pela pandemia do novocoronav\u00edrus (Sarscov-2).<\/td><\/tr><tr><td><strong><a href=\"https:\/\/sites.uel.br\/proex\/wp-content\/uploads\/2023\/04\/RESOLUCAO-CEPE-CA-047-2020.pdf\" data-type=\"URL\" data-id=\"https:\/\/sites.uel.br\/proex\/wp-content\/uploads\/2023\/04\/RESOLUCAO-CEPE-CA-047-2020.pdf\" target=\"_blank\" rel=\"noreferrer noopener\">Resolu\u00e7\u00e3o CEPE no. 047\/2020<\/a><\/strong><br>Disp\u00f5e sobre tratamento especial para Eventos de Extens\u00e3o e Cursos de Extens\u00e3o, enquanto vigorar as restri\u00e7\u00f5es legais para execu\u00e7\u00e3o de atividades presenciais.<\/td><\/tr><tr><td><strong><a href=\"https:\/\/sites.uel.br\/proex\/wp-content\/uploads\/2023\/04\/Resolucao-CEPE-030-2020.pdf\" data-type=\"URL\" data-id=\"https:\/\/sites.uel.br\/proex\/wp-content\/uploads\/2023\/04\/Resolucao-CEPE-030-2020.pdf\" target=\"_blank\" rel=\"noreferrer noopener\">Resolu\u00e7\u00e3o CEPE no. 030\/2020<\/a><\/strong><br>Estabelece normas e procedimentos espec\u00edficos para os Docentes em Disposi\u00e7\u00e3o Funcional da Universidade Estadual de Londrina.<\/td><\/tr><tr><td><strong><a href=\"https:\/\/sites.uel.br\/proex\/wp-content\/uploads\/2023\/04\/Resolucao-CEPE-028-2020.pdf\" data-type=\"URL\" data-id=\"https:\/\/sites.uel.br\/proex\/wp-content\/uploads\/2023\/04\/Resolucao-CEPE-028-2020.pdf\" target=\"_blank\" rel=\"noreferrer noopener\">Resolu\u00e7\u00e3o CEPE no. 028\/2020<\/a><\/strong><br>Institui normas e procedimentos especiais para Projetos de Ensino, de Extens\u00e3o e Integrados (com \u00eanfase em Extens\u00e3o) que atuam exclusivamente na mitiga\u00e7\u00e3o dos efeitos da pandemia causada pelo novo Coronav\u00edrus ou de suas consequ\u00eancias.<\/td><\/tr><tr><td><strong><a href=\"https:\/\/sites.uel.br\/proex\/wp-content\/uploads\/2023\/04\/resolucao-CU-089-2019.pdf\" data-type=\"URL\" data-id=\"https:\/\/sites.uel.br\/proex\/wp-content\/uploads\/2023\/04\/resolucao-CU-089-2019.pdf\" target=\"_blank\" rel=\"noreferrer noopener\">Resolu\u00e7\u00e3o CU no. 089\/2019<\/a><\/strong><br>Atualiza a Politica de Extens\u00e3o da Universidade Estadual de Londrina<\/td><\/tr><tr><td><strong><a href=\"https:\/\/sites.uel.br\/proex\/wp-content\/uploads\/2023\/04\/resolucao-cepe-ca-139-2018.pdf\" data-type=\"URL\" data-id=\"https:\/\/sites.uel.br\/proex\/wp-content\/uploads\/2023\/04\/resolucao-cepe-ca-139-2018.pdf\" target=\"_blank\" rel=\"noreferrer noopener\">Resolu\u00e7\u00e3o CEPE\/CA no. 139\/2018<\/a><\/strong><br>Faculta aos Cursos de Extens\u00e3o, oferecidos peri\u00f3dicamente, usarem super\u00e1vit em edi\u00e7\u00e3o ou turma posterior.<\/td><\/tr><tr><td><strong><a href=\"https:\/\/sites.uel.br\/proex\/wp-content\/uploads\/2023\/04\/Resolucao0092012PEPE.pdf\" data-type=\"URL\" data-id=\"https:\/\/sites.uel.br\/proex\/wp-content\/uploads\/2023\/04\/Resolucao0092012PEPE.pdf\" target=\"_blank\" rel=\"noreferrer noopener\">Resolu\u00e7\u00e3o CA no. 009\/2012<\/a><\/strong><br>Estabelece normas para execu\u00e7\u00e3o de Projetos de Ensino, Pesquisa e Extens\u00e3o &#8211; PEPE, por meio de Conv\u00eanio celebrado entre Universidade Estadual de Londrina e as Funda\u00e7\u00f5es, Institutos e outros Organismos.<\/td><\/tr><tr><td><strong><a href=\"https:\/\/sites.uel.br\/proex\/wp-content\/uploads\/2023\/04\/Resolucao0082012PAS-1.pdf\" data-type=\"URL\" data-id=\"https:\/\/sites.uel.br\/proex\/wp-content\/uploads\/2023\/04\/Resolucao0082012PAS-1.pdf\" target=\"_blank\" rel=\"noreferrer noopener\">Resolu\u00e7\u00e3o CA no. 008\/2012<\/a><\/strong><br>Estabelece normas para execu\u00e7\u00e3o de Programas de Atendimento \u00e0 Sociedade &#8211; PAS.<\/td><\/tr><tr><td><strong><a href=\"https:\/\/sites.uel.br\/proex\/wp-content\/uploads\/2023\/04\/70_2012.pdf\" data-type=\"URL\" data-id=\"https:\/\/sites.uel.br\/proex\/wp-content\/uploads\/2023\/04\/70_2012.pdf\" target=\"_blank\" rel=\"noreferrer noopener\">Resolu\u00e7\u00e3o CEPE N. 070\/2012<\/a><\/strong><br>Estabelece normas e procedimentos espec\u00edficos para projetos de Pesquisa em Ensino de Gradua\u00e7\u00e3o, Pesquisa, Extens\u00e3o e Integrados.<\/td><\/tr><tr><td><strong><a href=\"https:\/\/sites.uel.br\/proex\/wp-content\/uploads\/2023\/04\/ResolucaoComissaoExtCentrosFinalSGOCS.doc\" data-type=\"URL\" data-id=\"https:\/\/sites.uel.br\/proex\/wp-content\/uploads\/2023\/04\/ResolucaoComissaoExtCentrosFinalSGOCS.doc\" target=\"_blank\" rel=\"noreferrer noopener\">Resolu\u00e7\u00e3o CEPE N. 0088\/2010<\/a><\/strong><br>Revoga a Resolu\u00e7\u00e3o no. 1293\/88 e estabelece a constitui\u00e7\u00e3o e a compet\u00eancia das Comiss\u00f5es de Extens\u00e3o dos Centros de Estudos.<\/td><\/tr><tr><td><strong><a href=\"https:\/\/sites.uel.br\/proex\/wp-content\/uploads\/2023\/04\/ResolucaoComissaoExtDeptoFinalSGOCS.doc\" data-type=\"URL\" data-id=\"https:\/\/sites.uel.br\/proex\/wp-content\/uploads\/2023\/04\/ResolucaoComissaoExtDeptoFinalSGOCS.doc\" target=\"_blank\" rel=\"noreferrer noopener\">Resolu\u00e7\u00e3o CEPE N. 0087\/2010<\/a><\/strong><br>Revoga a Resolu\u00e7\u00e3o no. 1292\/88 e estabelece a constitui\u00e7\u00e3o e a compet\u00eancia das Comiss\u00f5es de Extens\u00e3o de Departamento.<\/td><\/tr><tr><td><strong><a href=\"https:\/\/sites.uel.br\/proex\/wp-content\/uploads\/2023\/04\/ResCEPE-CA-0004-2010-BolsasExtensao.doc\" data-type=\"URL\" data-id=\"https:\/\/sites.uel.br\/proex\/wp-content\/uploads\/2023\/04\/ResCEPE-CA-0004-2010-BolsasExtensao.doc\" target=\"_blank\" rel=\"noreferrer noopener\">Resolu\u00e7\u00e3o CEPE\/CA n\u00ba 0004\/2010<\/a><\/strong><br>D\u00e1 nova reda\u00e7\u00e3o \u00e0 Resolu\u00e7\u00e3o no. 2.884\/95 que cria a Bolsa Extens\u00e3o\/UEL.<\/td><\/tr><tr><td><strong><a href=\"https:\/\/sites.uel.br\/proex\/wp-content\/uploads\/2023\/04\/resolucao-psv-atual-1.pdf\" data-type=\"URL\" data-id=\"https:\/\/sites.uel.br\/proex\/wp-content\/uploads\/2023\/04\/resolucao-psv-atual-1.pdf\" target=\"_blank\" rel=\"noreferrer noopener\">Resolu\u00e7\u00e3o CA. n\u00b0 0122\/2010<\/a><br><\/strong>Regulamenta o Servi\u00e7o Volunt\u00e1rio na UEL.<\/td><\/tr><tr><td><a href=\"https:\/\/sites.uel.br\/proex\/wp-content\/uploads\/2023\/04\/ResCEPE-0251-2009-PROINEX.doc\" data-type=\"URL\" data-id=\"https:\/\/sites.uel.br\/proex\/wp-content\/uploads\/2023\/04\/ResCEPE-0251-2009-PROINEX.doc\" target=\"_blank\" rel=\"noreferrer noopener\"><strong>Resolu\u00e7\u00e3o CEPE n\u00ba 251\/2009<\/strong>&nbsp;<\/a><br>Cria e regulamenta o Programa de Inicia\u00e7\u00e3o Extensionista &#8211; PROINEX, da Pr\u00f3-Reitoria de Extens\u00e3o &#8211; PROEX da Universidade Estadual de Londrina.<br><\/td><\/tr><tr><td><strong><a href=\"https:\/\/sites.uel.br\/proex\/wp-content\/uploads\/2023\/04\/RESOLUCAO-CA-174-2008.pdf\" data-type=\"URL\" data-id=\"https:\/\/sites.uel.br\/proex\/wp-content\/uploads\/2023\/04\/RESOLUCAO-CA-174-2008.pdf\" target=\"_blank\" rel=\"noreferrer noopener\">Resolu\u00e7\u00e3o CA. n\u00b0 174\/08<\/a><\/strong><br>Disp\u00f5e sobre pre\u00e7o p\u00fablico para expedi\u00e7\u00e3o de documentos e presta\u00e7\u00e3o de servi\u00e7os constantes do Anexo I.<\/td><\/tr><tr><td><strong><strong><a href=\"https:\/\/sites.uel.br\/proex\/wp-content\/uploads\/2023\/04\/ResolucaoCEPE892006.doc\" data-type=\"URL\" data-id=\"https:\/\/sites.uel.br\/proex\/wp-content\/uploads\/2023\/04\/ResolucaoCEPE892006.doc\" target=\"_blank\" rel=\"noreferrer noopener\">Resolu\u00e7\u00e3o CEPE n\u00b0 89\/2006<\/a><\/strong><\/strong><br>Aprova as diretrizes gerais e regulamenta a constitui\u00e7\u00e3o das \u00c1reas Tem\u00e1ticas no \u00e2mbito da Extens\u00e3o Universit\u00e1ria.<\/td><\/tr><tr><td><strong><a href=\"https:\/\/sites.uel.br\/proex\/wp-content\/uploads\/2023\/04\/res_3392006.doc\" data-type=\"URL\" data-id=\"https:\/\/sites.uel.br\/proex\/wp-content\/uploads\/2023\/04\/res_3392006.doc\" target=\"_blank\" rel=\"noreferrer noopener\">Resolu\u00e7\u00e3o do CEPE n.\u00ba 339\/2005 &#8211; Eventos<\/a><br><\/strong>Estabelece e Normatiza os Eventos de Extens\u00e3o.<\/td><\/tr><tr><td><strong><a href=\"https:\/\/sites.uel.br\/proex\/wp-content\/uploads\/2023\/04\/res_1602006.doc\" data-type=\"URL\" data-id=\"https:\/\/sites.uel.br\/proex\/wp-content\/uploads\/2023\/04\/res_1602006.doc\" target=\"_blank\" rel=\"noreferrer noopener\">Resolu\u00e7\u00e3o do CEPE n.\u00ba 160\/2005 &#8211; Cursos<\/a><br><\/strong>Estabelece as diretrizes para a execu\u00e7\u00e3o de Cursos de Extens\u00e3o.<\/td><\/tr><tr><td><strong><strong><a href=\"https:\/\/sites.uel.br\/proex\/wp-content\/uploads\/2023\/04\/res_1802002.doc\" data-type=\"URL\" data-id=\"https:\/\/sites.uel.br\/proex\/wp-content\/uploads\/2023\/04\/res_1802002.doc\" target=\"_blank\" rel=\"noreferrer noopener\">Resolu\u00e7\u00e3o do CEPE n.\u00ba 180\/2002<\/a><\/strong><br><\/strong>Cria os Programas de Extens\u00e3o e aprova as diretrizes gerais e o regulamento.<\/td><\/tr><tr><td><strong><strong><a href=\"https:\/\/sites.uel.br\/proex\/wp-content\/uploads\/2023\/04\/resolucao_ca-80-97.pdf\" data-type=\"URL\" data-id=\"https:\/\/sites.uel.br\/proex\/wp-content\/uploads\/2023\/04\/resolucao_ca-80-97.pdf\" target=\"_blank\" rel=\"noreferrer noopener\">Resolu\u00e7\u00e3o CU. n\u00b0 80\/97<\/a><\/strong><br><\/strong>Aprova as diretrizes gerais e regulamenta as Atividades de Presta\u00e7\u00e3o de Servi\u00e7os.<\/td><\/tr><tr><td><\/td><\/tr><\/tbody><\/table><\/figure>\n\n\n\n<div style=\"height:20px\" aria-hidden=\"true\" class=\"wp-block-spacer\"><\/div>\n\n\n\n<h3 class=\"wp-block-heading\">Resolu\u00e7\u00f5es de outros org\u00e3os <\/h3>\n\n\n\n<figure class=\"wp-block-table is-style-stripes\"><table><tbody><tr><td><strong><a href=\"https:\/\/sites.uel.br\/proex\/wp-content\/uploads\/2023\/04\/Decreto-2485-de-21-de-agosto-2019.pdf\" data-type=\"URL\" data-id=\"https:\/\/sites.uel.br\/proex\/wp-content\/uploads\/2023\/04\/Decreto-2485-de-21-de-agosto-2019.pdf\" target=\"_blank\" rel=\"noreferrer noopener\">Decreto n.\u00ba 2485, de 21 de agosto de 2019<\/a><\/strong><\/td><\/tr><tr><td><br><strong><a href=\"https:\/\/sites.uel.br\/proex\/wp-content\/uploads\/2023\/04\/ORIENTACAO-AUDITORIA-04-2019.pdf\" data-type=\"URL\" data-id=\"https:\/\/sites.uel.br\/proex\/wp-content\/uploads\/2023\/04\/ORIENTACAO-AUDITORIA-04-2019.pdf\" target=\"_blank\" rel=\"noreferrer noopener\">Orienta\u00e7\u00e3o Auditoria 04\/2019<\/a><\/strong><br>Veda\u00e7\u00e3o do Nepotismo na Administra\u00e7\u00e3o Publica Estadual.<\/td><\/tr><\/tbody><\/table><\/figure>\n","protected":false},"excerpt":{"rendered":"<p>Resolu\u00e7\u00f5es Proex Resolu\u00e7\u00e3o CEPE\/CA no. 010\/2025Estabelece diretrizes gerais, objetivos e procedimentos para a realiza\u00e7\u00e3o da Feirinha da Cidadania UEL. Resolu\u00e7\u00e3o CEPE\/CA no. 011\/2025Estabelece as normas e procedimentos que regulamentam a cria\u00e7\u00e3o, o credenciamento, a orienta\u00e7\u00e3o, a supervis\u00e3o e o funcionamento das Empresas Juniores. Resolu\u00e7\u00e3o CA no. 045\/2024Altera o art. 6\u00ba da Resolu\u00e7\u00e3o CA 008\/2012 de [&hellip;]<\/p>\n","protected":false},"author":8,"featured_media":0,"parent":0,"menu_order":0,"comment_status":"closed","ping_status":"closed","template":"","meta":{"_acf_changed":false,"_themeisle_gutenberg_block_has_review":false,"footnotes":""},"class_list":["post-387","page","type-page","status-publish","hentry"],"acf":[],"_links":{"self":[{"href":"https:\/\/sites.uel.br\/proex\/wp-json\/wp\/v2\/pages\/387","targetHints":{"allow":["GET"]}}],"collection":[{"href":"https:\/\/sites.uel.br\/proex\/wp-json\/wp\/v2\/pages"}],"about":[{"href":"https:\/\/sites.uel.br\/proex\/wp-json\/wp\/v2\/types\/page"}],"author":[{"embeddable":true,"href":"https:\/\/sites.uel.br\/proex\/wp-json\/wp\/v2\/users\/8"}],"replies":[{"embeddable":true,"href":"https:\/\/sites.uel.br\/proex\/wp-json\/wp\/v2\/comments?post=387"}],"version-history":[{"count":33,"href":"https:\/\/sites.uel.br\/proex\/wp-json\/wp\/v2\/pages\/387\/revisions"}],"predecessor-version":[{"id":6745,"href":"https:\/\/sites.uel.br\/proex\/wp-json\/wp\/v2\/pages\/387\/revisions\/6745"}],"wp:attachment":[{"href":"https:\/\/sites.uel.br\/proex\/wp-json\/wp\/v2\/media?parent=387"}],"curies":[{"name":"wp","href":"https:\/\/api.w.org\/{rel}","templated":true}]}}