{"id":386,"date":"2023-01-27T17:02:13","date_gmt":"2023-01-27T20:02:13","guid":{"rendered":"https:\/\/sites.uel.br\/proex\/?page_id=386"},"modified":"2025-12-22T10:48:46","modified_gmt":"2025-12-22T13:48:46","slug":"instrulcao-de-servico","status":"publish","type":"page","link":"https:\/\/sites.uel.br\/proex\/instrulcao-de-servico\/","title":{"rendered":"Instru\u00e7\u00f5es de Servi\u00e7o"},"content":{"rendered":"\n<hr class=\"wp-block-separator has-alpha-channel-opacity is-style-wide\"\/>\n\n\n\n<figure class=\"wp-block-table is-style-stripes\"><table><tbody><tr><td><strong><a href=\"https:\/\/sites.uel.br\/proex\/wp-content\/uploads\/2025\/12\/Instrucao-de-Servico-Conjunta-001_2025.pdf\" target=\"_blank\" rel=\"noreferrer noopener\">INSTRU\u00c7\u00c3O DE SERVI\u00c7O CONJUNTA 001\/2025<\/a><br><\/strong>Estabelece orienta\u00e7\u00f5es e disciplina os arts. 4\u00ba e 5\u00b0 da Resolu\u00e7\u00e3o C.A. n. 062\/2025 quanto ao seguro de vida e acidentes pessoais a participantes de programas ou projetos de pesquisa em ensino, pesquisa ou extens\u00e3o na condi\u00e7\u00e3o de colaboradores externos<\/td><\/tr><tr><td><strong><a href=\"https:\/\/sites.uel.br\/proex\/wp-content\/uploads\/2025\/08\/INSTRUCAO-DE-SERVICO-PROEX-No-001-2025.pdf\">INSTRU\u00c7\u00c3O DE SERVI\u00c7O PROEX 001\/2025<\/a><\/strong><br>Estabelece prazo para ingresso de novos bolsistas em projetos\/programas de Extens\u00e3o que estejam vinculados \u00e0 Pr\u00f3-Reitoria de Extens\u00e3o, Cultura e Sociedade &#8211; PROEX e financiados pelo Fundo Paran\u00e1.<\/td><\/tr><tr><td><strong><a href=\"https:\/\/sites.uel.br\/proex\/wp-content\/uploads\/2024\/05\/INSTRUCAO-DE-SERVICO-003-2024.pdf\">INSTRU\u00c7\u00c3O DE SERVI\u00c7O PROEX 003\/2024<\/a><\/strong><br>Estabelece novo prazo para apresenta\u00e7\u00e3o de propostas e anu\u00eancia institucional de projetos de extens\u00e3o a serem submetidas ao &#8220;Edital de projetos para o Programa de Extens\u00e3o para Sustentabilidade Territorial n\u00b0001\/2024&#8221;, do Parque Tecnol\u00f3gico Itaipu.<\/td><\/tr><tr><td><a href=\"https:\/\/sites.uel.br\/proex\/wp-content\/uploads\/2024\/05\/INSTRUCAO-DE-SERVICO-002-2024.pdf\"><strong>INSTRU\u00c7\u00c3O DE SERVI\u00c7O PROEX 002\/2024<\/strong><\/a><br>Altera prazo de apresenta\u00e7\u00e3o de propostas e anu\u00eancia institucional de projetos de extens\u00e3o a serem submetidas ao &#8220;Edital de projetos para o Programa de Extens\u00e3o para Sustentabilidade Territorial n\u00b0001\/2024&#8221;, do Parque Tecnol\u00f3gico Itaipu.<\/td><\/tr><tr><td><strong><a href=\"https:\/\/sites.uel.br\/proex\/wp-content\/uploads\/2024\/05\/Instrucao-de-Servico-PROEX-001-2024.pdf\">Instru\u00e7\u00e3o de Servi\u00e7o PROEX 001\/2024<\/a><\/strong><br>Disp\u00f5e sobre os procedimentos e anu\u00eancia institucional de projetos de extens\u00e3o a serem submetidas ao &#8220;Edital de projetos para o Programa de Extens\u00e3o para Sustentabilidade Territorial n\u00b0 001\/2024&#8221;, do Parque Tecnol\u00f3gico Itaipu<\/td><\/tr><tr><td><strong><a href=\"https:\/\/sites.uel.br\/proex\/wp-content\/uploads\/2024\/05\/INSTRUCAO-SERVICO-PROEXPROPLAN-001_2023.pdf\">Instru\u00e7\u00e3o de Servi\u00e7o PROEX\/ PROPLAN 001\/2023<\/a><\/strong><br>Estabelece o novo fluxo de tr\u00e2mite dos Projetos de Presta\u00e7\u00e3o de Servi\u00e7os &#8211; Programa de Atendimento \u00e0 Sociedade\/PAS.<\/td><\/tr><tr><td><a href=\"https:\/\/sites.uel.br\/proex\/wp-content\/uploads\/2023\/05\/INSTRUCAO-SERVICO-PROEX-001-2021.pdf\" data-type=\"URL\" data-id=\"https:\/\/sites.uel.br\/proex\/wp-content\/uploads\/2023\/05\/INSTRUCAO-SERVICO-PROEX-001-2021.pdf\" target=\"_blank\" rel=\"noreferrer noopener\"><strong>Instru\u00e7\u00e3o de Servi\u00e7o PROEX 001\/2021<\/strong><br><\/a>Estabelece procedimentos para Projetos e Programas de Extens\u00e3o, a partir do retorno das atividades presenciais de gradua\u00e7\u00e3o na UEL.<\/td><\/tr><tr><td><a href=\"https:\/\/sites.uel.br\/proex\/wp-content\/uploads\/2023\/05\/INSTRUCAO-SERVICO-PROEX-002-2021.pdf\" data-type=\"URL\" data-id=\"https:\/\/sites.uel.br\/proex\/wp-content\/uploads\/2023\/05\/INSTRUCAO-SERVICO-PROEX-002-2021.pdf\" target=\"_blank\" rel=\"noreferrer noopener\"><strong>&nbsp;Instru\u00e7\u00e3o de Servi\u00e7o PROEX 002\/2021<\/strong><br><\/a>Altera procedimentos de tr\u00e2mite dos pedidos de inclus\u00e3o de docentes em projetos\/programas de extens\u00e3o, quando superar 5 (cinco) docentes<\/td><\/tr><tr><td><a href=\"https:\/\/sites.uel.br\/proex\/wp-content\/uploads\/2023\/05\/instrucao-de-servico-002-2020.pdf\" data-type=\"URL\" data-id=\"https:\/\/sites.uel.br\/proex\/wp-content\/uploads\/2023\/05\/instrucao-de-servico-002-2020.pdf\" target=\"_blank\" rel=\"noreferrer noopener\"><strong>Instru\u00e7\u00e3o de Servi\u00e7o PROEX &#8211; 002\/2020<\/strong><br><\/a>Estabelece procedimentos para Projetos de Extens\u00e3o e Programas de Extens\u00e3o, durante o per\u00edodo de Regime Especial de Atividades.<\/td><\/tr><tr><td><a href=\"https:\/\/sites.uel.br\/proex\/wp-content\/uploads\/2023\/05\/instrucao-de-servico-001-2020.pdf\" data-type=\"URL\" data-id=\"https:\/\/sites.uel.br\/proex\/wp-content\/uploads\/2023\/05\/instrucao-de-servico-001-2020.pdf\" target=\"_blank\" rel=\"noreferrer noopener\"><strong>Instru\u00e7\u00e3o de Servi\u00e7o PROEX &#8211; 001\/2020<\/strong><br><\/a>Disp\u00f5e sobre os Termos de Compromisso dos Cursos de Extens\u00e3o e Eventos.<\/td><\/tr><tr><td><a href=\"https:\/\/sites.uel.br\/proex\/wp-content\/uploads\/2023\/05\/instrucao-de-servico-001-2019.pdf\" data-type=\"URL\" data-id=\"https:\/\/sites.uel.br\/proex\/wp-content\/uploads\/2023\/05\/instrucao-de-servico-001-2019.pdf\" target=\"_blank\" rel=\"noreferrer noopener\"><strong>Instru\u00e7\u00e3o de Servi\u00e7o PROEX &#8211; 001\/2019<\/strong><br><\/a>Disp\u00f5e sobre o planejamento or\u00e7amentaria e assinatura do Termo de Compromisso dos Cursos de Extens\u00e3o e Eventos.<\/td><\/tr><tr><td><a href=\"https:\/\/sites.uel.br\/proex\/wp-content\/uploads\/2023\/05\/instrucao-servico-proex-002-2018.pdf\" data-type=\"URL\" data-id=\"https:\/\/sites.uel.br\/proex\/wp-content\/uploads\/2023\/05\/instrucao-servico-proex-002-2018.pdf\" target=\"_blank\" rel=\"noreferrer noopener\"><strong>Instru\u00e7\u00e3o de Servi\u00e7o PROEX &#8211; 002\/2018<\/strong><br><\/a>Normatiza os relat\u00f3rios t\u00e9cnicos finais dos Cursos de Extens\u00e3o exigidos pela Resolu\u00e7\u00e3o CEPE\/CA 160\/2005.<\/td><\/tr><tr><td><a href=\"https:\/\/sites.uel.br\/proex\/wp-content\/uploads\/2023\/05\/instrucao-servico-proex-001-2018.pdf\" data-type=\"URL\" data-id=\"https:\/\/sites.uel.br\/proex\/wp-content\/uploads\/2023\/05\/instrucao-servico-proex-001-2018.pdf\" target=\"_blank\" rel=\"noreferrer noopener\"><strong>Instru\u00e7\u00e3o de Servi\u00e7o PROEX &#8211; 001\/2018<\/strong><br><\/a>Estabelece que a Divis\u00e3o de Eventos da PROEX, funcionar\u00e1 excepcionalmente, em hor\u00e1rio diferenciado.<\/td><\/tr><tr><td><a href=\"https:\/\/sites.uel.br\/proex\/wp-content\/uploads\/2023\/05\/InstrucaoServico0022017COLABORADOREXTERNO.pdf\" data-type=\"URL\" data-id=\"https:\/\/sites.uel.br\/proex\/wp-content\/uploads\/2023\/05\/InstrucaoServico0022017COLABORADOREXTERNO.pdf\" target=\"_blank\" rel=\"noreferrer noopener\"><strong>Instru\u00e7\u00e3o de Servi\u00e7o PROEX &#8211; 002\/2017<\/strong><br><\/a>Estabelece procedimentos e orienta\u00e7\u00f5es quanto a inclus\u00e3o de Colaboradores Externos e veda\u00e7\u00e3o de atividades em Planos de Trabalho.<\/td><\/tr><tr><td><a href=\"https:\/\/sites.uel.br\/proex\/wp-content\/uploads\/2023\/05\/InstrucaoServico0012017PRESTACAOSERVICOS.pdf\" data-type=\"URL\" data-id=\"https:\/\/sites.uel.br\/proex\/wp-content\/uploads\/2023\/05\/InstrucaoServico0012017PRESTACAOSERVICOS.pdf\" target=\"_blank\" rel=\"noreferrer noopener\"><strong>Instru\u00e7\u00e3o de Servi\u00e7o PROEX &#8211; 001\/2017<\/strong><br><\/a>Estabelece procedimentos e orienta\u00e7\u00f5es quanto a prazos de vig\u00eancia, relat\u00f3rios e protocolo de projetos de presta\u00e7\u00e3o de servi\u00e7os.<\/td><\/tr><tr><td><a href=\"https:\/\/sites.uel.br\/proex\/wp-content\/uploads\/2023\/05\/InstrucaoServico002AlteracoesDesburocratizacao2015.pdf\" data-type=\"URL\" data-id=\"https:\/\/sites.uel.br\/proex\/wp-content\/uploads\/2023\/05\/InstrucaoServico002AlteracoesDesburocratizacao2015.pdf\" target=\"_blank\" rel=\"noreferrer noopener\"><strong>Instru\u00e7\u00e3o de Servi\u00e7o PROEX &#8211; 002\/2015<\/strong><br><\/a>Normatiza e padroniza algumas altera\u00e7\u00f5es em projetos e programas de extens\u00e3o &#8211; desburocratiza\u00e7\u00e3o e simplifica\u00e7\u00e3o do fluxo e procedimentos de altera\u00e7\u00f5es.<\/td><\/tr><tr><td><a href=\"https:\/\/sites.uel.br\/proex\/wp-content\/uploads\/2023\/05\/instrucaoservicodispensatramiteinclusaorelatorios2013.pdf\" data-type=\"URL\" data-id=\"https:\/\/sites.uel.br\/proex\/wp-content\/uploads\/2023\/05\/instrucaoservicodispensatramiteinclusaorelatorios2013.pdf\" target=\"_blank\" rel=\"noreferrer noopener\"><strong>Instru\u00e7\u00e3o de Servi\u00e7o PROEX &#8211; 001\/2015<\/strong><br><\/a>Regulamenta os procedimentos de prorroga\u00e7\u00e3o autom\u00e1tica dos projetos de extens\u00e3o, em virtude do per\u00edodo de greve na UEL.<\/td><\/tr><tr><td><a href=\"https:\/\/sites.uel.br\/proex\/wp-content\/uploads\/2023\/05\/instrucaoservicodispensatramiteinclusaorelatorios2013.pdf\" data-type=\"URL\" data-id=\"https:\/\/sites.uel.br\/proex\/wp-content\/uploads\/2023\/05\/instrucaoservicodispensatramiteinclusaorelatorios2013.pdf\" target=\"_blank\" rel=\"noreferrer noopener\"><strong>Instru\u00e7\u00e3o de Servi\u00e7o PROEX &#8211; 002\/2013<\/strong><br><\/a>Dispensa o tr\u00e2mite de inclus\u00f5es e relat\u00f3rios finais de colaboradores discentes junto \u00e0s Comiss\u00f5es de Extens\u00e3o<\/td><\/tr><tr><td><a href=\"https:\/\/sites.uel.br\/proex\/wp-content\/uploads\/2023\/05\/instrucao-servico-seguro-de-vida.pdf\" data-type=\"URL\" data-id=\"https:\/\/sites.uel.br\/proex\/wp-content\/uploads\/2023\/05\/instrucao-servico-seguro-de-vida.pdf\" target=\"_blank\" rel=\"noreferrer noopener\"><strong>Instru\u00e7\u00e3o de Servi\u00e7o PROEX &#8211; 001\/2013<\/strong><br><\/a>Regulamenta o procedimento de contrata\u00e7\u00e3o de seguro de vida e de acidentes pessoais para discentes (gradua\u00e7\u00e3o ou p\u00f3s-gradua\u00e7\u00e3o), Bolsistas (concedidas pela UEL ou \u00f3rg\u00e3os externos), Colaboradores Externos e Prestadores de Servi\u00e7o Volunt\u00e1rio.<\/td><\/tr><tr><td><a href=\"https:\/\/sites.uel.br\/proex\/wp-content\/uploads\/2023\/05\/InstrucaodeServico002-2009.doc\" data-type=\"URL\" data-id=\"https:\/\/sites.uel.br\/proex\/wp-content\/uploads\/2023\/05\/InstrucaodeServico002-2009.doc\"><strong>Instru\u00e7\u00e3o de Servi\u00e7o PROEX &#8211; 002\/2009<\/strong><br><\/a>Regulamenta a utiliza\u00e7\u00e3o de transporte; passes urbanos ou metropolitanos e c\u00f3pias xerogr\u00e1ficas concedidas pela UEL, por meio da Diretoria de Apoio Administrativo da PROEX.<\/td><\/tr><tr><td><a href=\"https:\/\/sites.uel.br\/proex\/wp-content\/uploads\/2023\/05\/InstrucaodeServico001-2009.doc\" data-type=\"URL\" data-id=\"https:\/\/sites.uel.br\/proex\/wp-content\/uploads\/2023\/05\/InstrucaodeServico001-2009.doc\"><strong>Instru\u00e7\u00e3o de Servi\u00e7o PROEX &#8211; 001\/2009<\/strong><br><\/a>Estabelece prazo de 60 dias ap\u00f3s entrega de relat\u00f3rios para entrega de Certificados de Cursos e Eventos; permite ao coordenador a expedi\u00e7\u00e3o de certificados de cursos ou eventos durante sua realiza\u00e7\u00e3o, e ainda, a expedi\u00e7\u00e3o de declara\u00e7\u00e3o aos participantes, caso a coordena\u00e7\u00e3o opte pela expedi\u00e7\u00e3o via PROEX.<\/td><\/tr><tr><td><a href=\"https:\/\/sites.uel.br\/proex\/wp-content\/uploads\/2023\/05\/AR-M277_20100614_163143.pdf\" data-type=\"URL\" data-id=\"https:\/\/sites.uel.br\/proex\/wp-content\/uploads\/2023\/05\/AR-M277_20100614_163143.pdf\" target=\"_blank\" rel=\"noreferrer noopener\"><strong>Instru\u00e7\u00e3o de Servi\u00e7o n\u00b0 005\/07<\/strong><br><\/a>Estabelece prazo para a inclus\u00e3o de discentes em projetos de extens\u00e3o.<\/td><\/tr><tr><td><a href=\"https:\/\/sites.uel.br\/proex\/wp-content\/uploads\/2023\/05\/InstrucaoServicoPRORROGACAOPRAZO.doc\" data-type=\"URL\" data-id=\"https:\/\/sites.uel.br\/proex\/wp-content\/uploads\/2023\/05\/InstrucaoServicoPRORROGACAOPRAZO.doc\" target=\"_blank\" rel=\"noreferrer noopener\"><strong>Instru\u00e7\u00e3o de Servi\u00e7o n.\u00ba 004\/2007<\/strong><br><\/a>Estabelece prazo para protocolo de solicita\u00e7\u00e3o de prorroga\u00e7\u00e3o de prazo de projeto.<\/td><\/tr><tr><td><a href=\"https:\/\/sites.uel.br\/proex\/wp-content\/uploads\/2023\/05\/is_031997.doc\" data-type=\"URL\" data-id=\"https:\/\/sites.uel.br\/proex\/wp-content\/uploads\/2023\/05\/is_031997.doc\" target=\"_blank\" rel=\"noreferrer noopener\"><strong>Instru\u00e7\u00e3o de Servi\u00e7o n.\u00ba 003\/1997<\/strong><br><\/a>Trata da regulamenta\u00e7\u00e3o de pareceres das comiss\u00f5es de extens\u00e3o.<\/td><\/tr><\/tbody><\/table><\/figure>\n","protected":false},"excerpt":{"rendered":"<p>INSTRU\u00c7\u00c3O DE SERVI\u00c7O CONJUNTA 001\/2025Estabelece orienta\u00e7\u00f5es e disciplina os arts. 4\u00ba e 5\u00b0 da Resolu\u00e7\u00e3o C.A. n. 062\/2025 quanto ao seguro de vida e acidentes pessoais a participantes de programas ou projetos de pesquisa em ensino, pesquisa ou extens\u00e3o na condi\u00e7\u00e3o de colaboradores externos INSTRU\u00c7\u00c3O DE SERVI\u00c7O PROEX 001\/2025Estabelece prazo para ingresso de novos bolsistas [&hellip;]<\/p>\n","protected":false},"author":8,"featured_media":0,"parent":0,"menu_order":0,"comment_status":"closed","ping_status":"closed","template":"","meta":{"_acf_changed":false,"_themeisle_gutenberg_block_has_review":false,"footnotes":""},"class_list":["post-386","page","type-page","status-publish","hentry"],"acf":[],"_links":{"self":[{"href":"https:\/\/sites.uel.br\/proex\/wp-json\/wp\/v2\/pages\/386","targetHints":{"allow":["GET"]}}],"collection":[{"href":"https:\/\/sites.uel.br\/proex\/wp-json\/wp\/v2\/pages"}],"about":[{"href":"https:\/\/sites.uel.br\/proex\/wp-json\/wp\/v2\/types\/page"}],"author":[{"embeddable":true,"href":"https:\/\/sites.uel.br\/proex\/wp-json\/wp\/v2\/users\/8"}],"replies":[{"embeddable":true,"href":"https:\/\/sites.uel.br\/proex\/wp-json\/wp\/v2\/comments?post=386"}],"version-history":[{"count":17,"href":"https:\/\/sites.uel.br\/proex\/wp-json\/wp\/v2\/pages\/386\/revisions"}],"predecessor-version":[{"id":7287,"href":"https:\/\/sites.uel.br\/proex\/wp-json\/wp\/v2\/pages\/386\/revisions\/7287"}],"wp:attachment":[{"href":"https:\/\/sites.uel.br\/proex\/wp-json\/wp\/v2\/media?parent=386"}],"curies":[{"name":"wp","href":"https:\/\/api.w.org\/{rel}","templated":true}]}}