{"id":385,"date":"2023-01-27T17:02:13","date_gmt":"2023-01-27T20:02:13","guid":{"rendered":"https:\/\/sites.uel.br\/proex\/?page_id=385"},"modified":"2025-08-28T14:10:13","modified_gmt":"2025-08-28T17:10:13","slug":"instrumentos-juridicos","status":"publish","type":"page","link":"https:\/\/sites.uel.br\/proex\/instrumentos-juridicos\/","title":{"rendered":"Instrumentos Jur\u00eddicos"},"content":{"rendered":"\n<hr class=\"wp-block-separator has-alpha-channel-opacity is-style-wide\"\/>\n\n\n\n<h3 class=\"wp-block-heading\">Instrumentos Jur\u00eddicos &#8211; Modelos<\/h3>\n\n\n\n<figure class=\"wp-block-table is-style-stripes\"><table><tbody><tr><td><a href=\"https:\/\/sites.uel.br\/proex\/wp-content\/uploads\/2024\/06\/Termo-de-Compromisso-com-Delegacao-Competencia-a-Pro-Reitora-2024.doc\">Termo de Compromisso (modelo) &#8211; Parceria de Projetos e Programas de Extens\u00e3o com a sociedade, sem contrapartida financeira&nbsp;<\/a><\/td><\/tr><tr><td>Conv\u00eanio Tripartite (EM CONSTRU\u00c7\u00c3O)<\/td><\/tr><\/tbody><\/table><\/figure>\n\n\n\n<p>________________________________________________________________________________________________________________________________<\/p>\n\n\n\n<p><\/p>\n\n\n\n<p><\/p>\n\n\n\n<p><\/p>\n","protected":false},"excerpt":{"rendered":"<p>Instrumentos Jur\u00eddicos &#8211; Modelos Termo de Compromisso (modelo) &#8211; Parceria de Projetos e Programas de Extens\u00e3o com a sociedade, sem contrapartida financeira&nbsp; Conv\u00eanio Tripartite (EM CONSTRU\u00c7\u00c3O) ________________________________________________________________________________________________________________________________<\/p>\n","protected":false},"author":8,"featured_media":0,"parent":0,"menu_order":0,"comment_status":"closed","ping_status":"closed","template":"","meta":{"_acf_changed":false,"_themeisle_gutenberg_block_has_review":false,"footnotes":""},"class_list":["post-385","page","type-page","status-publish","hentry"],"acf":[],"_links":{"self":[{"href":"https:\/\/sites.uel.br\/proex\/wp-json\/wp\/v2\/pages\/385","targetHints":{"allow":["GET"]}}],"collection":[{"href":"https:\/\/sites.uel.br\/proex\/wp-json\/wp\/v2\/pages"}],"about":[{"href":"https:\/\/sites.uel.br\/proex\/wp-json\/wp\/v2\/types\/page"}],"author":[{"embeddable":true,"href":"https:\/\/sites.uel.br\/proex\/wp-json\/wp\/v2\/users\/8"}],"replies":[{"embeddable":true,"href":"https:\/\/sites.uel.br\/proex\/wp-json\/wp\/v2\/comments?post=385"}],"version-history":[{"count":21,"href":"https:\/\/sites.uel.br\/proex\/wp-json\/wp\/v2\/pages\/385\/revisions"}],"predecessor-version":[{"id":6845,"href":"https:\/\/sites.uel.br\/proex\/wp-json\/wp\/v2\/pages\/385\/revisions\/6845"}],"wp:attachment":[{"href":"https:\/\/sites.uel.br\/proex\/wp-json\/wp\/v2\/media?parent=385"}],"curies":[{"name":"wp","href":"https:\/\/api.w.org\/{rel}","templated":true}]}}