{"id":383,"date":"2023-01-27T17:02:13","date_gmt":"2023-01-27T20:02:13","guid":{"rendered":"https:\/\/sites.uel.br\/proex\/?page_id=383"},"modified":"2026-03-27T14:38:49","modified_gmt":"2026-03-27T17:38:49","slug":"formularios-2","status":"publish","type":"page","link":"https:\/\/sites.uel.br\/proex\/formularios-2\/","title":{"rendered":"Formul\u00e1rios"},"content":{"rendered":"\n<p class=\"has-text-align-center\"><\/p>\n\n\n\n<figure class=\"wp-block-table is-style-stripes\"><table><tbody><tr><td><strong>Cursos e Eventos<\/strong><\/td><\/tr><tr><td><a href=\"https:\/\/www.sistemasweb.uel.br\/index.php?contents=system\/insc\/index.php\" data-type=\"URL\" data-id=\"https:\/\/www.sistemasweb.uel.br\/index.php?contents=system\/insc\/index.php\" target=\"_blank\" rel=\"noreferrer noopener\">Proposta de Cursos e Eventos<\/a><\/td><\/tr><tr><td><a href=\"https:\/\/sites.uel.br\/proex\/wp-content\/uploads\/2024\/05\/MODELO-de-relatorio-cursos-e-eventos-Extensao-2024.doc\">Modelo de Relat\u00f3rio para Emiss\u00e3o de Certificados de Cursos e Eventos de Extens\u00e3o<\/a><\/td><\/tr><tr><td><a href=\"https:\/\/sites.uel.br\/proex\/wp-content\/uploads\/2025\/03\/Dados-SOLICITACAO-DE-PASSAGENS-AEREAS-PROEX-2025.docx\">Cadastro de Solicitante de Passagens A\u00e9reas<\/a><\/td><\/tr><tr><td><a href=\"https:\/\/sites.uel.br\/proex\/wp-content\/uploads\/2025\/03\/MODELO-Acordo-de-Cooperacao-SEM-FUNDACAO-DE-APOIO-2025.docx\">Modelo Acordo de Coopera\u00e7\u00e3o <\/a><\/td><\/tr><\/tbody><\/table><\/figure>\n\n\n\n<div style=\"height:20px\" aria-hidden=\"true\" class=\"wp-block-spacer\"><\/div>\n\n\n\n<h3 class=\"wp-block-heading\"><strong>Formul\u00e1rios para Editais do Programa de Apoio Institucional Para Organiza\u00e7\u00e3o de Eventos <\/strong>&#8211; Funda\u00e7\u00e3o Arauc\u00e1ria<\/h3>\n\n\n\n<figure class=\"wp-block-table is-style-stripes\"><table class=\"has-fixed-layout\"><tbody><tr><td><a href=\"https:\/\/sites.uel.br\/proex\/wp-content\/uploads\/2026\/03\/EDITAL_PROEX_082-2026-ANEXO-III-e-ANEXO-IV.docx\">Anexos III e IV do&nbsp;EDITAL PROEX 082\/2026 \u2013 PROGRAMA DE APOIO INSTITUCIONAL PARA ORGANIZA\u00c7\u00c3O DE EVENTOS. <\/a><\/td><\/tr><\/tbody><\/table><\/figure>\n\n\n\n<div style=\"height:25px\" aria-hidden=\"true\" class=\"wp-block-spacer\"><\/div>\n\n\n\n<h3 class=\"wp-block-heading\"><strong>Formul\u00e1rios de Projetos, Programas e Inicia\u00e7\u00e3o Extensionista<\/strong><\/h3>\n\n\n\n<figure class=\"wp-block-table is-style-stripes\"><table><tbody><tr><td><a href=\"https:\/\/sites.uel.br\/proex\/wp-content\/uploads\/2023\/04\/Relatorio_de_Acompanhamento_semestral_bolsa_extensao.doc\" data-type=\"URL\" data-id=\"https:\/\/sites.uel.br\/proex\/wp-content\/uploads\/2023\/04\/Relatorio_de_Acompanhamento_semestral_bolsa_extensao.doc\" target=\"_blank\" rel=\"noreferrer noopener\">Acompanhamento Semestral \u2013 Bolsa de Extens\u00e3o\/UEL<\/a><\/td><\/tr><tr><td><a href=\"https:\/\/sites.uel.br\/proex\/wp-content\/uploads\/2023\/04\/formulario_de_acompanhamento_semestral_de_inclusao_social.doc\" data-type=\"URL\" data-id=\"https:\/\/sites.uel.br\/proex\/wp-content\/uploads\/2023\/04\/formulario_de_acompanhamento_semestral_de_inclusao_social.doc\" target=\"_blank\" rel=\"noreferrer noopener\">Acompanhamento Semestral \u2013 Bolsa de Inclus\u00e3o Social<\/a><\/td><\/tr><tr><td><a href=\"https:\/\/sites.uel.br\/proex\/wp-content\/uploads\/2023\/04\/formulario_de_acompanhamento_semestral_PIBEX.doc\" data-type=\"URL\" data-id=\"https:\/\/sites.uel.br\/proex\/wp-content\/uploads\/2023\/04\/formulario_de_acompanhamento_semestral_PIBEX.doc\" target=\"_blank\" rel=\"noreferrer noopener\">Acompanhamento Semestral \u2013 Bolsa PIBEX<\/a><\/td><\/tr><tr><td><a href=\"https:\/\/sites.uel.br\/proex\/wp-content\/uploads\/2024\/06\/Formulario-CONSULTOR-EXTERNO-2024.doc\">Consultor Externo &#8211; Inclus\u00e3o<\/a><\/td><\/tr><tr><td><a href=\"https:\/\/sites.uel.br\/proex\/wp-content\/uploads\/2024\/07\/Formulario-Alteracao-Localizacao-e-ou-Publico-Alvo-2024.doc\" data-type=\"URL\" data-id=\"https:\/\/sites.uel.br\/proex\/wp-content\/uploads\/2023\/04\/formularioAlteracaoLocalizacaopopulacaoalvo.doc\" target=\"_blank\" rel=\"noreferrer noopener\">Altera\u00e7\u00e3o de Localiza\u00e7\u00e3o e\/ou Popula\u00e7\u00e3o-Alvo<\/a><\/td><\/tr><tr><td><a href=\"https:\/\/sites.uel.br\/proex\/wp-content\/uploads\/2025\/12\/Formulario-Inclusao-Colaborador-Externo-2025.doc\" data-type=\"URL\" data-id=\"https:\/\/sites.uel.br\/proex\/wp-content\/uploads\/2023\/04\/FormularioColaboradorExterno2017.doc\" target=\"_blank\" rel=\"noreferrer noopener\">Inclus\u00e3o de Colaborador Externo<\/a><\/td><\/tr><tr><td><a href=\"https:\/\/sites.uel.br\/proex\/wp-content\/uploads\/2024\/07\/Formulario-Inclusao-Docente-CONSULTOR2024.doc\" data-type=\"URL\" data-id=\"https:\/\/sites.uel.br\/proex\/wp-content\/uploads\/2023\/04\/FormularioInclusaoDocenteCONSULTOR2015.doc\" target=\"_blank\" rel=\"noreferrer noopener\">Inclus\u00e3o de Docente CONSULTOR em projetos e programas de extens\u00e3o<\/a><\/td><\/tr><tr><td><a href=\"https:\/\/sites.uel.br\/proex\/wp-content\/uploads\/2024\/07\/Formulario-de-Inclusao-de-Docentes-2024.doc\" data-type=\"URL\" data-id=\"https:\/\/sites.uel.br\/proex\/wp-content\/uploads\/2023\/04\/FormularioInclusaoDocente2020.doc\" target=\"_blank\" rel=\"noreferrer noopener\">Inclus\u00e3o de Docentes em projetos\/programas de extens\u00e3o<\/a><\/td><\/tr><tr><td><a href=\"https:\/\/sites.uel.br\/proex\/wp-content\/uploads\/2024\/07\/Formulario-Inclusao-Agente-Universitario-2024.doc\">Inclus\u00e3o de Servidores Agentes Universit\u00e1rios da UEL em projetos\/programas de extens\u00e3o<\/a><\/td><\/tr><tr><td><a href=\"https:\/\/sites.uel.br\/proex\/wp-content\/uploads\/2025\/08\/Roteiro-Projeto-Prestacao-Servicos-PAS-06-08-2025.doc\">Projeto de Presta\u00e7\u00e3o de Servi\u00e7o &#8211; PAS\/PEPE (Roteiro)<\/a><\/td><\/tr><tr><td><a href=\"https:\/\/sites.uel.br\/proex\/wp-content\/uploads\/2025\/02\/Roteiro-Elaboracao-Projeto-ou-Programa-Extensao-Res-CEPE-088-2023-ATUALIZADO.doc\">Projeto e Programa de Extens\u00e3o (Roteiro)<\/a><\/td><\/tr><tr><td><a href=\"https:\/\/sites.uel.br\/proex\/wp-content\/uploads\/2025\/09\/Relatorio-Final-PAS-e-PEPE-PRESTACAO-SERVICOS-atualizado.doc\">Relat\u00f3rio de Atividades Executadas &#8211; Presta\u00e7\u00e3o de Servi\u00e7os (PAS\/PEPE)<\/a><\/td><\/tr><tr><td><a href=\"https:\/\/sites.uel.br\/proex\/wp-content\/uploads\/2023\/11\/007-RelatorioFinalColaboradoresExternos.doc\" data-type=\"URL\" data-id=\"https:\/\/sites.uel.br\/proex\/wp-content\/uploads\/2023\/04\/relatorio-pas-pepe-2017.doc\" target=\"_blank\" rel=\"noreferrer noopener\">Relat\u00f3rio Final de Colaborador Externo<\/a><\/td><\/tr><tr><td><a href=\"https:\/\/sites.uel.br\/proex\/wp-content\/uploads\/2023\/04\/relatorio-final-extensao-1.doc\" data-type=\"URL\" data-id=\"https:\/\/sites.uel.br\/proex\/wp-content\/uploads\/2023\/04\/relatorio-final-extensao-1.doc\" target=\"_blank\" rel=\"noreferrer noopener\">Relat\u00f3rio Final de Programa\/Projeto<\/a><\/td><\/tr><tr><td><a href=\"https:\/\/sites.uel.br\/proex\/wp-content\/uploads\/2024\/07\/Relatorio-Projetos-Progamas-FAEPEeExternos2024.doc\" data-type=\"URL\" data-id=\"https:\/\/sites.uel.br\/proex\/wp-content\/uploads\/2023\/04\/RelatorioProjetosFAEPEeExternos2017-1.doc\" target=\"_blank\" rel=\"noreferrer noopener\">Relat\u00f3rio T\u00e9cnico-Financeiro &#8211; FAEPE\/UEL e \u00d3RG\u00c3OS P\u00daBLICOS\/PRIVADOS<\/a><\/td><\/tr><tr><td><a href=\"https:\/\/sites.uel.br\/proex\/wp-content\/uploads\/2024\/07\/Formulario-Aumento-Reducao-Carga-Horaria-Docente-2024.doc\" data-type=\"URL\" data-id=\"https:\/\/sites.uel.br\/proex\/wp-content\/uploads\/2023\/04\/Formulario-Alteracao-Carga-Horaria-Docente-2022.doc\" target=\"_blank\" rel=\"noreferrer noopener\">Solicita\u00e7\u00e3o de Aumento \/ Redu\u00e7\u00e3o de Carga Hor\u00e1ria<\/a><\/td><\/tr><tr><td><a href=\"https:\/\/sites.uel.br\/proex\/wp-content\/uploads\/2026\/03\/Formulario-Substituicao-Docente-2026.doc\">Substitui\u00e7\u00e3o de Docentes em projetos e programas de extens\u00e3o<\/a><\/td><\/tr><tr><td><a href=\"https:\/\/sites.uel.br\/proex\/wp-content\/uploads\/2024\/07\/Termo-de-Compromisso-MODELO-para-projetos-e-Programas-2024.doc\" data-type=\"URL\" data-id=\"https:\/\/sites.uel.br\/proex\/wp-content\/uploads\/2023\/04\/Termo-Compromisso-projetos-programas-iniciacao-extensionista-Atualizado-Julho-2022.doc\">Termo de Compromisso &#8211; MODELO para projetos e programas<\/a><\/td><\/tr><tr><td>\u00c1reas de Conhecimento &#8211; Classifica\u00e7\u00e3o geral &#8211; CNPQ<\/td><\/tr><tr><td><a rel=\"noreferrer noopener\" href=\"https:\/\/sites.uel.br\/proex\/wp-content\/uploads\/2023\/04\/areas_tematicas_Linhas_extensao_tabela.doc\" data-type=\"URL\" data-id=\"https:\/\/sites.uel.br\/proex\/wp-content\/uploads\/2023\/04\/areas_tematicas_Linhas_extensao_tabela.doc\" target=\"_blank\">Tabela de \u00c1reas Tem\u00e1ticas e Linhas de Extens\u00e3o<\/a><\/td><\/tr><\/tbody><\/table><\/figure>\n\n\n\n<div style=\"height:20px\" aria-hidden=\"true\" class=\"wp-block-spacer\"><\/div>\n\n\n\n<h3 class=\"wp-block-heading\"><strong>Formul\u00e1rios para solicita\u00e7\u00e3o de servi\u00e7os e materiais para Projeto de Extens\u00e3o<\/strong><\/h3>\n\n\n\n<figure class=\"wp-block-table is-style-stripes\"><table><tbody><tr><td><a href=\"https:\/\/sites.uel.br\/proex\/wp-content\/uploads\/2023\/04\/solicitacao-de-transporte-para-projeto-de-extensao.doc\" data-type=\"URL\" data-id=\"https:\/\/sites.uel.br\/proex\/wp-content\/uploads\/2023\/04\/solicitacao-de-transporte-para-projeto-de-extensao.doc\" target=\"_blank\" rel=\"noreferrer noopener\">Solicita\u00e7\u00e3o de transporte para Projeto de Extens\u00e3o<\/a><\/td><\/tr><\/tbody><\/table><\/figure>\n\n\n\n<div style=\"height:20px\" aria-hidden=\"true\" class=\"wp-block-spacer\"><\/div>\n\n\n\n<h3 class=\"wp-block-heading\"><strong>Servi\u00e7o Volunt\u00e1rio<\/strong><\/h3>\n\n\n\n<figure class=\"wp-block-table is-style-stripes\"><table><tbody><tr><td>Resolu\u00e7\u00e3o, Formul\u00e1rios e Editais<br><br>&nbsp;<a href=\"https:\/\/sites.uel.br\/proex\/wp-content\/uploads\/2023\/04\/resolucao-psv-atual.pdf\" data-type=\"URL\" data-id=\"https:\/\/sites.uel.br\/proex\/wp-content\/uploads\/2023\/04\/resolucao-psv-atual.pdf\" target=\"_blank\" rel=\"noreferrer noopener\">Resolu\u00e7\u00e3o CA n\u00b0 0122\/2010 &#8211; Regulamenta o Servi\u00e7o Volunt\u00e1rio na UEL<\/a><br>&nbsp;<br>&nbsp;<a rel=\"noreferrer noopener\" href=\"https:\/\/sites.uel.br\/proex\/wp-content\/uploads\/2023\/04\/ficha-inscricao-psv.doc\" data-type=\"URL\" data-id=\"https:\/\/sites.uel.br\/proex\/wp-content\/uploads\/2023\/04\/ficha-inscricao-psv.doc\" target=\"_blank\">Ficha de inscri\u00e7\u00e3o no Servi\u00e7o Volunt\u00e1rio<\/a><br>&nbsp;<br><a href=\"https:\/\/sites.uel.br\/proex\/wp-content\/uploads\/2023\/04\/relatorio-emissao-certificados-psv.doc\" data-type=\"URL\" data-id=\"https:\/\/sites.uel.br\/proex\/wp-content\/uploads\/2023\/04\/relatorio-emissao-certificados-psv.doc\" target=\"_blank\" rel=\"noreferrer noopener\">&nbsp;Relat\u00f3rio para emiss\u00e3o de certificados<\/a><br>&nbsp;<br>&nbsp;<a href=\"https:\/\/sites.uel.br\/proex\/wp-content\/uploads\/2023\/04\/modelo-edital-psv.doc\" data-type=\"URL\" data-id=\"https:\/\/sites.uel.br\/proex\/wp-content\/uploads\/2023\/04\/modelo-edital-psv.doc\" target=\"_blank\" rel=\"noreferrer noopener\">Modelo de edital para Prestador de Servi\u00e7o Volunt\u00e1rio<\/a><\/td><\/tr><\/tbody><\/table><\/figure>\n\n\n\n<p><\/p>\n","protected":false},"excerpt":{"rendered":"<p>Cursos e Eventos Proposta de Cursos e Eventos Modelo de Relat\u00f3rio para Emiss\u00e3o de Certificados de Cursos e Eventos de Extens\u00e3o Cadastro de Solicitante de Passagens A\u00e9reas Modelo Acordo de Coopera\u00e7\u00e3o Formul\u00e1rios para Editais do Programa de Apoio Institucional Para Organiza\u00e7\u00e3o de Eventos &#8211; Funda\u00e7\u00e3o Arauc\u00e1ria Anexos III e IV do&nbsp;EDITAL PROEX 082\/2026 \u2013 PROGRAMA [&hellip;]<\/p>\n","protected":false},"author":8,"featured_media":0,"parent":0,"menu_order":0,"comment_status":"closed","ping_status":"closed","template":"","meta":{"_acf_changed":false,"_themeisle_gutenberg_block_has_review":false,"footnotes":""},"class_list":["post-383","page","type-page","status-publish","hentry"],"acf":[],"_links":{"self":[{"href":"https:\/\/sites.uel.br\/proex\/wp-json\/wp\/v2\/pages\/383","targetHints":{"allow":["GET"]}}],"collection":[{"href":"https:\/\/sites.uel.br\/proex\/wp-json\/wp\/v2\/pages"}],"about":[{"href":"https:\/\/sites.uel.br\/proex\/wp-json\/wp\/v2\/types\/page"}],"author":[{"embeddable":true,"href":"https:\/\/sites.uel.br\/proex\/wp-json\/wp\/v2\/users\/8"}],"replies":[{"embeddable":true,"href":"https:\/\/sites.uel.br\/proex\/wp-json\/wp\/v2\/comments?post=383"}],"version-history":[{"count":50,"href":"https:\/\/sites.uel.br\/proex\/wp-json\/wp\/v2\/pages\/383\/revisions"}],"predecessor-version":[{"id":7910,"href":"https:\/\/sites.uel.br\/proex\/wp-json\/wp\/v2\/pages\/383\/revisions\/7910"}],"wp:attachment":[{"href":"https:\/\/sites.uel.br\/proex\/wp-json\/wp\/v2\/media?parent=383"}],"curies":[{"name":"wp","href":"https:\/\/api.w.org\/{rel}","templated":true}]}}