{"id":371,"date":"2023-01-27T16:48:25","date_gmt":"2023-01-27T19:48:25","guid":{"rendered":"https:\/\/sites.uel.br\/proex\/?page_id=371"},"modified":"2023-05-15T10:56:36","modified_gmt":"2023-05-15T13:56:36","slug":"areas-tematicas-eleicoes-2022","status":"publish","type":"page","link":"https:\/\/sites.uel.br\/proex\/areas-tematicas-eleicoes-2022\/","title":{"rendered":"\u00c1reas tematicas-elei\u00e7\u00f5es 2022"},"content":{"rendered":"\n<hr class=\"wp-block-separator has-alpha-channel-opacity is-style-wide\" \/>\n\n\n\n<figure class=\"wp-block-table is-style-stripes\"><table><tbody><tr><td><strong><a href=\"https:\/\/sites.uel.br\/proex\/wp-content\/uploads\/2023\/05\/Regimento-Eleitoral-130-2021.pdf\" data-type=\"URL\" data-id=\"https:\/\/sites.uel.br\/proex\/wp-content\/uploads\/2023\/05\/Regimento-Eleitoral-130-2021.pdf\" target=\"_blank\" rel=\"noreferrer noopener\">Regimento Eleitoral &#8211; Ato Executivo n. 130\/2021 e anexos<\/a><\/strong><\/td><\/tr><tr><td><strong><a href=\"https:\/\/sites.uel.br\/proex\/wp-content\/uploads\/2023\/05\/FORMULARIO-INSCRICAO-ANEXO-I-CORRIGIDO-1.doc\" data-type=\"URL\" data-id=\"https:\/\/sites.uel.br\/proex\/wp-content\/uploads\/2023\/05\/FORMULARIO-INSCRICAO-ANEXO-I-CORRIGIDO-1.doc\" target=\"_blank\" rel=\"noreferrer noopener\">Requerimento de Inscri\u00e7\u00e3o de Candidatos (anexo I)<\/a><\/strong><\/td><\/tr><tr><td><strong><a href=\"https:\/\/sites.uel.br\/proex\/wp-content\/uploads\/2023\/05\/CRONOGRAMA-ANEXO-III.pdf\" data-type=\"URL\" data-id=\"https:\/\/sites.uel.br\/proex\/wp-content\/uploads\/2023\/05\/CRONOGRAMA-ANEXO-III.pdf\" target=\"_blank\" rel=\"noreferrer noopener\">Cronograma &#8211; Etapas e prazos da elei\u00e7\u00e3o (Anexo III)<\/a><\/strong><\/td><\/tr><tr><td><strong><a href=\"https:\/\/sites.uel.br\/proex\/wp-content\/uploads\/2023\/05\/EDITAL-PROEX-014-2022-AREAS-TEMATICAS-INSC-DEFERIDAS.pdf\" data-type=\"URL\" data-id=\"https:\/\/sites.uel.br\/proex\/wp-content\/uploads\/2023\/05\/EDITAL-PROEX-014-2022-AREAS-TEMATICAS-INSC-DEFERIDAS.pdf\" target=\"_blank\" rel=\"noreferrer noopener\">Edital PROEX 014\/2022 &#8211; Resultado da an\u00e1lise dos requerimentos de inscri\u00e7\u00e3o das chapas inscritas, por \u00e1rea tem\u00e1tica<\/a><\/strong><\/td><\/tr><tr><td><strong><a href=\"https:\/\/sites.uel.br\/proex\/wp-content\/uploads\/2023\/05\/EDITAL-030-2022-RESULTADO-ELEICOES-AREA-TEMATICA.pdf\" data-type=\"URL\" data-id=\"https:\/\/sites.uel.br\/proex\/wp-content\/uploads\/2023\/05\/EDITAL-030-2022-RESULTADO-ELEICOES-AREA-TEMATICA.pdf\" target=\"_blank\" rel=\"noreferrer noopener\">Edital PROEX 030\/2022 &#8211; Resultado final da elei\u00e7\u00e3o de \u00e1reas tem\u00e1ticas PROEX 2022\/2024<\/a><\/strong><\/td><\/tr><\/tbody><\/table><\/figure>\n","protected":false},"excerpt":{"rendered":"<p>Regimento Eleitoral &#8211; Ato Executivo n. 130\/2021 e anexos Requerimento de Inscri\u00e7\u00e3o de Candidatos (anexo I) Cronograma &#8211; Etapas e prazos da elei\u00e7\u00e3o (Anexo III) Edital PROEX 014\/2022 &#8211; Resultado da an\u00e1lise dos requerimentos de inscri\u00e7\u00e3o das chapas inscritas, por \u00e1rea tem\u00e1tica Edital PROEX 030\/2022 &#8211; Resultado final da elei\u00e7\u00e3o de \u00e1reas tem\u00e1ticas PROEX 2022\/2024<\/p>\n","protected":false},"author":8,"featured_media":0,"parent":0,"menu_order":0,"comment_status":"closed","ping_status":"closed","template":"","meta":{"_acf_changed":false,"_themeisle_gutenberg_block_has_review":false,"footnotes":""},"class_list":["post-371","page","type-page","status-publish","hentry"],"acf":[],"_links":{"self":[{"href":"https:\/\/sites.uel.br\/proex\/wp-json\/wp\/v2\/pages\/371","targetHints":{"allow":["GET"]}}],"collection":[{"href":"https:\/\/sites.uel.br\/proex\/wp-json\/wp\/v2\/pages"}],"about":[{"href":"https:\/\/sites.uel.br\/proex\/wp-json\/wp\/v2\/types\/page"}],"author":[{"embeddable":true,"href":"https:\/\/sites.uel.br\/proex\/wp-json\/wp\/v2\/users\/8"}],"replies":[{"embeddable":true,"href":"https:\/\/sites.uel.br\/proex\/wp-json\/wp\/v2\/comments?post=371"}],"version-history":[{"count":7,"href":"https:\/\/sites.uel.br\/proex\/wp-json\/wp\/v2\/pages\/371\/revisions"}],"predecessor-version":[{"id":3432,"href":"https:\/\/sites.uel.br\/proex\/wp-json\/wp\/v2\/pages\/371\/revisions\/3432"}],"wp:attachment":[{"href":"https:\/\/sites.uel.br\/proex\/wp-json\/wp\/v2\/media?parent=371"}],"curies":[{"name":"wp","href":"https:\/\/api.w.org\/{rel}","templated":true}]}}