{"id":3674,"date":"2024-03-15T14:50:10","date_gmt":"2024-03-15T17:50:10","guid":{"rendered":"https:\/\/sites.uel.br\/proex\/?page_id=3674"},"modified":"2025-05-06T16:44:13","modified_gmt":"2025-05-06T19:44:13","slug":"bolsas-de-iniciacao-extensionista-proinex-2","status":"publish","type":"page","link":"https:\/\/sites.uel.br\/proex\/bolsas-de-iniciacao-extensionista-proinex-2\/","title":{"rendered":"Bolsas de inicia\u00e7\u00e3o Extensionista PROINEX 2024-2025"},"content":{"rendered":"\n<p><\/p>\n\n\n\n<p><strong>BOLSA DE INICIA\u00c7\u00c3O EXTENSIONISTA \u2013 FAEPE\/UEL E PIBEX FUNDA\u00c7\u00c3O ARAUC\u00c1RIA \u2013 2024-2025.<\/strong><\/p>\n\n\n\n<p><\/p>\n\n\n\n<p><a href=\"https:\/\/sites.uel.br\/proex\/wp-content\/uploads\/2024\/09\/Edital-212-2024-Distribuicao-Bolsas-UEL-2024-2025.pdf\"><strong>EDITAL PROEX\/PROINEX \u2013 212\/2024<\/strong><\/a>\u00a0\u2013 Torna p\u00fablico a distribui\u00e7\u00e3o das Bolsas de Inicia\u00e7\u00e3o Extensionista <strong>concedidas pela UEL<\/strong> e o prazo para entrega da documenta\u00e7\u00e3o do orientador e do bolsista.<\/p>\n\n\n\n<p><strong>I \u2013 BOLSA CONCEDIDA PELA UEL &#8211; PRAZOS E PROCEDIMENTOS PARA ENTREGA DA DOCUMENTA\u00c7\u00c3O:<\/strong><\/p>\n\n\n\n<p><strong>No per\u00edodo de 10 a 30\/09\/2024 bolsistas e orientadores dever\u00e3o providenciar:<\/strong><\/p>\n\n\n\n<p><strong><u>Bolsistas:<\/u><\/strong> adotam as provid\u00eancias abaixo e <strong>entregam os documentos para o Orientador:<\/strong><\/p>\n\n\n\n<p><strong>a)<\/strong> <strong>Termo de aceite da bolsa (Anexo VII), conhecimento e concord\u00e2ncia <\/strong>das condi\u00e7\u00f5es estabelecidas no<strong> Termo de Compromisso <\/strong>assumido pelo bolsista;<\/p>\n\n\n\n<p><strong>b)<\/strong> &#8211; <strong>Hist\u00f3rico Boletim<\/strong> do estudante indicado, com as reprova\u00e7\u00f5es, se houverem <strong>ou<\/strong> <strong>Comprovante de Matr\u00edcula<\/strong> para estudantes ingressos que ainda n\u00e3o possu\u00edrem o Hist\u00f3rico Boletim;<\/p>\n\n\n\n<p><strong>c)<\/strong> <strong>\u2013 Dados banc\u00e1rios:<\/strong> n\u00famero do Banco, tipo de conta e Ag\u00eancia, em nome do bolsista de extens\u00e3o, para efetiva\u00e7\u00e3o do pagamento mensal da bolsa, que dever\u00e1 ser informado no ato da indica\u00e7\u00e3o e envio da documenta\u00e7\u00e3o pelo docente orientador.<\/p>\n\n\n\n<p><strong>Orientadores(as):<\/strong>&nbsp;enviam os&nbsp;demais documentos (Anexos III, IV, VI e VII) e o Hist\u00f3rico Boletim ou Comprovante de Matr\u00edcula, num \u00fanico e-mail, para o endere\u00e7o&nbsp;<a href=\"mailto:proex.bolsista@uel.br\">proex.bolsista@uel.br<\/a>.<\/p>\n\n\n\n<p><\/p>\n\n\n\n<p><strong>II \u2013 FORMUL\u00c1RIOS NECESS\u00c1RIOS PARA EFETIVA\u00c7\u00c3O DA BOLSA UEL:<\/strong><\/p>\n\n\n\n<ol start=\"1\" class=\"wp-block-list\">\n<li><a href=\"https:\/\/sites.uel.br\/proex\/wp-content\/uploads\/2024\/07\/Anexo-III-Formulario-Indicacao-Bolsista-2024-PROINEX.docx\">Anexo III \u2013 Formul\u00e1rio de Indica\u00e7\u00e3o do Bolsista<\/a>;<\/li>\n\n\n\n<li><a href=\"https:\/\/sites.uel.br\/proex\/wp-content\/uploads\/2024\/07\/Anexo-IV-Plano-de-Iniciacao-Extensionista-2024-PROINEX.doc\">Anexo IV \u2013 Plano de Inicia\u00e7\u00e3o<\/a>;<\/li>\n\n\n\n<li><a href=\"https:\/\/sites.uel.br\/proex\/wp-content\/uploads\/2024\/07\/Anexo-VI-Termo-Compromisso-Orientador-2024-PROINEX.doc\">Anexo VI \u2013 Termo de Compromisso do Orientador<\/a>;<\/li>\n\n\n\n<li><a href=\"https:\/\/sites.uel.br\/proex\/wp-content\/uploads\/2024\/09\/Anexo-VII-Termo-Aceite-e-Compromisso-Bolsista-2024.doc\" data-type=\"link\" data-id=\"https:\/\/sites.uel.br\/proex\/wp-content\/uploads\/2024\/09\/Anexo-VII-Termo-Aceite-e-Compromisso-Bolsista-2024.doc\">Anexo VII \u2013 Termo de Aceite e Compromisso do Bolsista<\/a>;<\/li>\n\n\n\n<li>Hist\u00f3rico Escolar ou Comprovante de Matr\u00edcula do bolsista indicado.<\/li>\n<\/ol>\n\n\n\n<p><strong>OBS.: A vig\u00eancia das Bolsas concedidas pela UEL ser\u00e1 de 01\/10\/2024 a 30\/09\/2025.<\/strong><\/p>\n\n\n\n<p><\/p>\n\n\n\n<p class=\"has-text-align-center\"><strong>CRONOGRAMA BOLSAS CONCEDIDAS PELA UEL \u2013 2024\/2025<\/strong><\/p>\n\n\n\n<p class=\"has-text-align-center\"><strong>ANEXO I \u2013 EDITAL PROEX\/PROINEX \u2013 212\/2024<\/strong><\/p>\n\n\n\n<figure class=\"wp-block-table\"><table class=\"has-fixed-layout\"><tbody><tr><td><strong>PROVID\u00caNCIAS<\/strong><\/td><td><strong>PRAZOS<\/strong><\/td><\/tr><tr><td><strong><u>Bolsistas<\/u><\/strong> \u2013 providenciam a documenta\u00e7\u00e3o exigida no item 8.2.2 do Edital PROEX\/PROINEX \u2013 030\/2024 devidamente assinada, a abertura e\/ou informa\u00e7\u00e3o da conta em nome do estudante e <strong>entregam os documentos listados abaixo para o Orientador:<\/strong> <strong>a)<\/strong> <strong>Termo de aceite da bolsa (Anexo VII), conhecimento e concord\u00e2ncia <\/strong>das condi\u00e7\u00f5es estabelecidas no<strong> Termo de Compromisso <\/strong>assumido pelo bolsista; <strong>b)<\/strong> &#8211; <strong>Hist\u00f3rico Boletim<\/strong> do estudante indicado, com as reprova\u00e7\u00f5es, se houverem <strong>ou<\/strong> <strong>Comprovante de Matr\u00edcula<\/strong> para estudantes ingressos que ainda n\u00e3o possu\u00edrem o Hist\u00f3rico Boletim; <strong>c)<\/strong> <strong>\u2013 <\/strong>Dados banc\u00e1rios: n\u00famero do Banco, tipo de conta e Ag\u00eancia, em nome do bolsista de extens\u00e3o, para efetiva\u00e7\u00e3o do pagamento mensal da bolsa, que dever\u00e1 ser informado no ato da indica\u00e7\u00e3o e envio da documenta\u00e7\u00e3o pelo docente orientador. <strong><\/strong><\/td><td><strong>10\/09 at\u00e9 \u00e0s 23h59 do dia 30\/09\/2024<\/strong><\/td><\/tr><tr><td><strong><u>Orientadores<\/u><\/strong><strong> \u2013 <\/strong>providenciam a documenta\u00e7\u00e3o exigida (listada abaixo), devidamente assinada juntam com a documenta\u00e7\u00e3o do(s) bolsista(s) e enviam, num \u00fanico e-mail para o endere\u00e7o: <a href=\"mailto:proex.bolsista@uel.br\">proex.bolsista@uel.br<\/a>. <strong><\/strong><strong><em>Anexo III &#8211; Formul\u00e1rio de Indica\u00e7\u00e3o de Bolsista \u2013 <u>em WORD<\/u> e Termo de Aceite da bolsa. <\/em><\/strong>Todos os campos dever\u00e3o ser preenchidos, observado o atendimento aos requisitos contidos no item 3 (3.1 a 3.3) do Edital PROEX\/PROINEX \u2013 030\/2024. O <strong>CPF<\/strong> do bolsista informado no formul\u00e1rio deve corresponder \u00e0 titularidade do estudante de gradua\u00e7\u00e3o indicado, vedada a utiliza\u00e7\u00e3o de CPF dos Pais ou Respons\u00e1veis; <strong>b)<\/strong> <strong>Anexo IV &#8211; <\/strong><strong><em>Plano de Inicia\u00e7\u00e3o Extensionista:<\/em><\/strong> <strong>c) Anexo VI &#8211; Termo de Compromisso do Orientador;<\/strong> <strong>d) Anexo VII \u2013 Termo de Aceite e Compromisso do Bolsista;<\/strong> <strong>e) Hist\u00f3rico Boletim ou Comprovante de Matr\u00edcula do Bolsista.<\/strong><\/td><td><strong>10\/09 at\u00e9 \u00e0s 23h59 do dia 30\/09\/2024<\/strong><\/td><\/tr><tr><td><strong>Divis\u00e3o de Projetos\/PROEX<\/strong> &#8211; providencia o cadastro dos Orientadores e Bolsistas junto ao SICAP &#8211; Sistema de Cadastro de Projetos e no Sistema de Pagamento de Bolsas.<\/td><td><strong>01 a 31\/10\/2024<\/strong><\/td><\/tr><\/tbody><\/table><\/figure>\n\n\n\n<p><\/p>\n\n\n\n<p><mark style=\"background-color:rgba(0, 0, 0, 0)\" class=\"has-inline-color has-verde-escuro-color\"><strong>BOLSA DE INICIA\u00c7\u00c3O EXTENSIONISTA &#8211; FAEPE\/UEL E PIBEX FUNDA\u00c7\u00c3O ARAUC\u00c1RIA &#8211; 2024-2025.<\/strong><\/mark><\/p>\n\n\n\n<p><strong><a href=\"https:\/\/sites.uel.br\/proex\/wp-content\/uploads\/2024\/07\/Edital-165-2024-PROINEX.pdf\">EDITAL PROEX\/PROINEX \u2013 165\/2024<\/a><\/strong> \u2013 Torna p\u00fablico a distribui\u00e7\u00e3o das Bolsas de Extens\u00e3o, modalidade PIBEX\/Funda\u00e7\u00e3o Arauc\u00e1ria e o prazo para entrega da documenta\u00e7\u00e3o do orientador e do bolsista.<\/p>\n\n\n\n<p><\/p>\n\n\n\n<p><strong>I &#8211; PRAZO E PROCEDIMENTOS PARA ENTREGA DA DOCUMENTA\u00c7\u00c3O:<\/strong><\/p>\n\n\n\n<p><strong>No per\u00edodo de 1 a 23 de agosto de 2024 bolsistas e orientadores dever\u00e3o, providenciar:<\/strong><\/p>\n\n\n\n<ol class=\"wp-block-list\">\n<li><strong><u>Bolsistas<\/u><\/strong>: <u>entregar<\/u> o Plano de Trabalho (<a href=\"https:\/\/sites.uel.br\/proex\/wp-content\/uploads\/2024\/07\/Anexo-V-PROINEX-2024.docx\">Anexo V<\/a>) preenchido e assinado <u>na PROEX\/Divis\u00e3o de Projetos e Inicia\u00e7\u00e3o Extensionista (<\/u>sala 1). Caso seja poss\u00edvel entregar o formul\u00e1rio at\u00e9 o dia 12\/08\/2024, para que possamos abreviar a assinatura do conv\u00eanio entre a UEL e a Funda\u00e7\u00e3o Arauc\u00e1ria.                                                                                                      <strong><em><u>O Anexo V n\u00e3o poder\u00e1 ser preenchido na forma manuscrita<\/u><\/em>.<\/strong><\/li>\n\n\n\n<li><strong><u>Orientador(a)<\/u>:<\/strong> <u>enviar<\/u> demais documentos (Anexos III, IV, VI e VII), num \u00fanico e-mail, para o endere\u00e7o <a href=\"mailto:proex.bolsista@uel.br\">proex.bolsista@uel.br<\/a>.<\/li>\n<\/ol>\n\n\n\n<p><strong>II &#8211; FORMUL\u00c1RIOS NECESS\u00c1RIOS PARA EFETIVA\u00c7\u00c3O DA BOLSA:<\/strong><\/p>\n\n\n\n<p><strong>OBS.: Com exce\u00e7\u00e3o do Formul\u00e1rio &#8211; Anexo V, os demais documentos devem ser enviados pelo orientador, num \u00fanico e-mail, para o endere\u00e7o: proex.bolsista@uel.br:<\/strong><\/p>\n\n\n\n<ol class=\"wp-block-list\">\n<li><a href=\"https:\/\/sites.uel.br\/proex\/wp-content\/uploads\/2024\/07\/Anexo-III-Formulario-Indicacao-Bolsista-2024-PROINEX.docx\">Anexo III \u2013 Formul\u00e1rio de Indica\u00e7\u00e3o do Bolsista<\/a>;<\/li>\n\n\n\n<li><a href=\"https:\/\/sites.uel.br\/proex\/wp-content\/uploads\/2024\/07\/Anexo-IV-Plano-de-Iniciacao-Extensionista-2024-PROINEX.doc\">Anexo IV \u2013 Plano de Inicia\u00e7\u00e3o<\/a>;<\/li>\n\n\n\n<li><a href=\"https:\/\/sites.uel.br\/proex\/wp-content\/uploads\/2024\/07\/Anexo-V-PROINEX-2024.docx\">Anexo V \u2013 Plano de Trabalho e Declara\u00e7\u00e3o do Bolsista-Funda\u00e7\u00e3o Arauc\u00e1ria \u2013 <u>entregar<\/u> na Divis\u00e3o de Projetos e Inicia\u00e7\u00e3o Extensionista\/PROEX<\/a>;<\/li>\n\n\n\n<li><a href=\"https:\/\/sites.uel.br\/proex\/wp-content\/uploads\/2024\/07\/Anexo-VI-Termo-Compromisso-Orientador-2024-PROINEX.doc\">Anexo VI \u2013 Termo de Compromisso do Orientador<\/a>;<\/li>\n\n\n\n<li><a href=\"https:\/\/sites.uel.br\/proex\/wp-content\/uploads\/2024\/07\/Anexo-VII-Termo-Aceite-e-Compromisso-Bolsista-2024-PROINEX.doc\">Anexo VII \u2013 Termo de Aceite e Compromisso do Bolsista<\/a>.<\/li>\n<\/ol>\n\n\n\n<p><strong><u>OBS<\/u>.: O in\u00edcio de vig\u00eancia das Bolsas de Inicia\u00e7\u00e3o Extensionista, modalidade PIBEX\/F.A. ser\u00e1 definido somente ap\u00f3s a assinatura do Conv\u00eanio entre a UEL e a Funda\u00e7\u00e3o Arauc\u00e1ria.<\/strong><\/p>\n\n\n\n<p><\/p>\n\n\n\n<p class=\"has-text-align-center\"><strong>III &#8211; CRONOGRAMA DE EXECU\u00c7\u00c3O \u2013 2024 &#8211; 2\u00aa ETAPA FINAL<\/strong><\/p>\n\n\n\n<p><\/p>\n\n\n\n<figure class=\"wp-block-table\"><table class=\"has-fixed-layout\"><tbody><tr><td><strong>PROVID\u00caNCIAS<\/strong><\/td><td><strong>PRAZOS<\/strong><\/td><\/tr><tr><td><strong><u>Bolsistas e Orientadores<\/u><\/strong><strong>: <\/strong>providenciam a entrega, na Divis\u00e3o de Projetos e Inicia\u00e7\u00e3o Extensionista<strong>, do Formul\u00e1rio da Funda\u00e7\u00e3o Arauc\u00e1ria<\/strong> &#8211; <strong>Anexo V<\/strong> \u2013 Plano de Trabalho e Declara\u00e7\u00e3o do Bolsista. <strong><em>O Anexo V n\u00e3o poder\u00e1 ser preenchido na forma manuscrita.<\/em><\/strong><\/td><td><strong>1 a 23\/08\/2024<\/strong><\/td><\/tr><tr><td><strong><u>Bolsistas<\/u><\/strong> \u2013 providenciam a documenta\u00e7\u00e3o exigida no item 8.2.2 devidamente assinada, a abertura e\/ou informa\u00e7\u00e3o da conta em nome do estudante (Banco, Ag\u00eancia e n\u00famero de conta corrente) e entregam a documenta\u00e7\u00e3o para o Orientador.<\/td><td><strong>1 a 23\/08\/2024<\/strong><\/td><\/tr><tr><td><strong><u>Orientadores<\/u><\/strong><strong> \u2013 <\/strong>providenciam a documenta\u00e7\u00e3o exigida no item 8.2.1, devidamente assinada juntam com a documenta\u00e7\u00e3o do(s) bolsista(s) e enviam, num \u00fanico e-mail para o endere\u00e7o: <a href=\"mailto:proex.bolsista@uel.br\">proex.bolsista@uel.br<\/a>.<\/td><td><strong>1 a 23\/08\/2024<\/strong><\/td><\/tr><tr><td><strong>Divis\u00e3o de Projetos\/PROEX<\/strong> &#8211; providencia o cadastro dos Orientadores e Bolsistas junto ao SICAP &#8211; Sistema de Cadastro de Projetos e Sistema de Pagamento de Bolsas.<\/td><td><strong>Ap\u00f3s a assinatura do Conv\u00eanio entre a UEL e a Funda\u00e7\u00e3o Arauc\u00e1ria<\/strong><\/td><\/tr><\/tbody><\/table><\/figure>\n\n\n\n<p><\/p>\n\n\n\n<p><\/p>\n\n\n\n<p><\/p>\n\n\n\n<p><strong><a href=\"https:\/\/sites.uel.br\/proex\/wp-content\/uploads\/2024\/06\/EDITAL-PROEX-127-2024.pdf\">EDITAL PROEX\/PROINEX \u2013 127\/2024<\/a><a href=\"https:\/\/sites.uel.br\/proex\/wp-content\/uploads\/2024\/05\/EDITAL-PROEX-093-2024.pdf\">.<\/a><\/strong><\/p>\n\n\n\n<p><strong><a href=\"https:\/\/sites.uel.br\/proex\/wp-content\/uploads\/2024\/05\/EDITAL-PROEX-093-2024.pdf\">EDITAL PROEX\/PROINEX \u2013 093\/2024.<\/a><\/strong><\/p>\n\n\n\n<p><strong><a href=\"https:\/\/sites.uel.br\/proex\/wp-content\/uploads\/2024\/05\/Edital-PROEX-092-2024.pdf\">EDITAL PROEX\/PROINEX \u2013 092\/2024.<\/a><\/strong><\/p>\n\n\n\n<p><strong><a href=\"https:\/\/sites.uel.br\/proex\/wp-content\/uploads\/2024\/04\/EDITAL-PROINEX-030-2024.pdf\">EDITAL PROEX\/PROINEX \u2013 030\/2024.<\/a><\/strong><\/p>\n\n\n\n<p><\/p>\n\n\n\n<p><strong>ACESSO AOS FORMUL\u00c1RIOS: <br><\/strong><\/p>\n\n\n\n<p><strong><a href=\"https:\/\/sites.uel.br\/proex\/wp-content\/uploads\/2024\/04\/PROINEX-2024-ANEXO-I-CORRIGIDO.doc\">ANEXO I \u2013 FORMUL\u00c1RIO DE INSCRI\u00c7\u00c3O<\/a><\/strong><\/p>\n\n\n\n<p><strong><a href=\"https:\/\/sites.uel.br\/proex\/wp-content\/uploads\/2024\/04\/Anexo-II-Tabela-Producao-Pontuacao.doc\">ANEXO II- TABELA DE PRODU\u00c7\u00c3O\/PONTUA\u00c7\u00c3O (enviar arquivo em WORD).<\/a><\/strong><a href=\"http:\/\/www.uel.br\/proex\/Download\/Anexo-V-pibex-2020-2021-projeto-de-iniciacao-extensionista-bolsista.doc\"><strong> <\/strong><\/a><\/p>\n\n\n\n<p><strong><a href=\"https:\/\/forms.gle\/RzDXaUXPx9jSHDnq8\" data-type=\"link\" data-id=\"https:\/\/forms.gle\/RzDXaUXPx9jSHDnq8\">FORMUL\u00c1RIO ELETR\u00d4NICO DE INFORMA\u00c7\u00d5ES: Preencher o Formul\u00e1rio no per\u00edodo de 8\/04 a 5\/05\/2024 <\/a><\/strong><\/p>\n\n\n\n<p><\/p>\n\n\n\n<p><strong><a href=\"https:\/\/forms.gle\/BVwwgbSyBS7b5fBcA\" data-type=\"link\" data-id=\"https:\/\/forms.gle\/BVwwgbSyBS7b5fBcA\">FORMUL\u00c1RIO ELETR\u00d4NICO NAPIS &#8211; Funda\u00e7\u00e3o Arauc\u00e1ria<\/a><\/strong><br><\/p>\n\n\n\n<p><strong><br><br>PROVID\u00caNCIAS PARA EFETIVA\u00c7\u00c3O DA INSCRI\u00c7\u00c3O (8\/04 a 5\/05\/2024)<\/strong><\/p>\n\n\n\n<ul class=\"wp-block-list\">\n<li><strong><a href=\"https:\/\/sites.uel.br\/proex\/wp-content\/uploads\/2024\/04\/Anexo-I-Formulario-de-Inscricao.doc\">Preencher o Formul\u00e1rio de Inscri\u00e7\u00e3o (Anexo I)<\/a> e a <u><a href=\"https:\/\/sites.uel.br\/proex\/wp-content\/uploads\/2024\/04\/Anexo-II-Tabela-Producao-Pontuacao.doc\">Tabela de Produ\u00e7\u00e3o\/Pontua\u00e7\u00e3o, no formato WORD (Anexo II)<\/a>;<\/u><\/strong><\/li>\n<\/ul>\n\n\n\n<ul class=\"wp-block-list\">\n<li><strong>Coordenador envia, por e-mail, os Anexos I e II para o endere\u00e7o: proinex@uel.br, at\u00e9 \u00e0s 23h59 do dia 5\/05\/2024;<\/strong><\/li>\n<\/ul>\n\n\n\n<ul class=\"wp-block-list\">\n<li><strong>Preencher (docente ou estudante) o Formul\u00e1rio Eletr\u00f4nico de Informa\u00e7\u00f5es<\/strong>.<\/li>\n<\/ul>\n\n\n\n<p><\/p>\n\n\n\n<p><\/p>\n\n\n\n<p><strong>CRONOGRAMA &#8211; AS ETAPAS E PRAZOS PARA ENTREGA DA DOCUMENTA\u00c7\u00c3O DO ORIENTADO E BOLSISTA SER\u00c3O PUBLICADAS SOMENTE AP\u00d3S A DIVULGA\u00c7\u00c3O DO N\u00daMERO DE BOLSAS DE EXTENS\u00c3O PIBEX APROVADAS PELA FUNDA\u00c7\u00c3O ARAUC\u00c1RIA PARA A UEL.<\/strong><\/p>\n","protected":false},"excerpt":{"rendered":"<p>BOLSA DE INICIA\u00c7\u00c3O EXTENSIONISTA \u2013 FAEPE\/UEL E PIBEX FUNDA\u00c7\u00c3O ARAUC\u00c1RIA \u2013 2024-2025. EDITAL PROEX\/PROINEX \u2013 212\/2024\u00a0\u2013 Torna p\u00fablico a distribui\u00e7\u00e3o das Bolsas de Inicia\u00e7\u00e3o Extensionista concedidas pela UEL e o prazo para entrega da documenta\u00e7\u00e3o do orientador e do bolsista. I \u2013 BOLSA CONCEDIDA PELA UEL &#8211; PRAZOS E PROCEDIMENTOS PARA ENTREGA DA DOCUMENTA\u00c7\u00c3O: No [&hellip;]<\/p>\n","protected":false},"author":9,"featured_media":0,"parent":0,"menu_order":0,"comment_status":"closed","ping_status":"closed","template":"","meta":{"_acf_changed":false,"_themeisle_gutenberg_block_has_review":false,"footnotes":""},"class_list":["post-3674","page","type-page","status-publish","hentry"],"acf":[],"_links":{"self":[{"href":"https:\/\/sites.uel.br\/proex\/wp-json\/wp\/v2\/pages\/3674","targetHints":{"allow":["GET"]}}],"collection":[{"href":"https:\/\/sites.uel.br\/proex\/wp-json\/wp\/v2\/pages"}],"about":[{"href":"https:\/\/sites.uel.br\/proex\/wp-json\/wp\/v2\/types\/page"}],"author":[{"embeddable":true,"href":"https:\/\/sites.uel.br\/proex\/wp-json\/wp\/v2\/users\/9"}],"replies":[{"embeddable":true,"href":"https:\/\/sites.uel.br\/proex\/wp-json\/wp\/v2\/comments?post=3674"}],"version-history":[{"count":47,"href":"https:\/\/sites.uel.br\/proex\/wp-json\/wp\/v2\/pages\/3674\/revisions"}],"predecessor-version":[{"id":4754,"href":"https:\/\/sites.uel.br\/proex\/wp-json\/wp\/v2\/pages\/3674\/revisions\/4754"}],"wp:attachment":[{"href":"https:\/\/sites.uel.br\/proex\/wp-json\/wp\/v2\/media?parent=3674"}],"curies":[{"name":"wp","href":"https:\/\/api.w.org\/{rel}","templated":true}]}}