{"id":364,"date":"2023-01-27T16:47:27","date_gmt":"2023-01-27T19:47:27","guid":{"rendered":"https:\/\/sites.uel.br\/proex\/?page_id=364"},"modified":"2023-05-25T13:51:49","modified_gmt":"2023-05-25T16:51:49","slug":"bolsa-deinclusao-social","status":"publish","type":"page","link":"https:\/\/sites.uel.br\/proex\/bolsa-deinclusao-social\/","title":{"rendered":"Bolsa deInclus\u00e3o Social"},"content":{"rendered":"\n<hr class=\"wp-block-separator has-alpha-channel-opacity is-style-wide\" \/>\n\n\n\n<h2 class=\"wp-block-heading\"><strong>Inclus\u00e3o Social 202<\/strong>3<\/h2>\n\n\n\n<figure class=\"wp-block-table is-style-stripes\"><table><tbody><tr><td><a href=\"https:\/\/www.sistemasweb.uel.br\/index.php?contents=system\/insc\/index.php&amp;pagina=view\/inscricoes\/seleciona_evento.php&amp;cod_evento=8205\" data-type=\"URL\" data-id=\"https:\/\/www.sistemasweb.uel.br\/index.php?contents=system\/insc\/index.php&amp;pagina=view\/inscricoes\/seleciona_evento.php&amp;cod_evento=8205\" target=\"_blank\" rel=\"noreferrer noopener\">Inscri\u00e7\u00f5es &#8211; Clique Aqui<\/a><\/td><\/tr><tr><td><a href=\"https:\/\/sites.uel.br\/proex\/wp-content\/uploads\/2023\/05\/ANEXO-I-EDITAL-001-2023-INCLUSAO.docx\" data-type=\"URL\" data-id=\"https:\/\/sites.uel.br\/proex\/wp-content\/uploads\/2023\/05\/ANEXO-I-EDITAL-001-2023-INCLUSAO.docx\" target=\"_blank\" rel=\"noreferrer noopener\">Anexo 1 &#8211; rela\u00e7\u00e3o da documenta\u00e7\u00e3o obrigat\u00f3ria<\/a><\/td><\/tr><tr><td><a href=\"https:\/\/sites.uel.br\/proex\/wp-content\/uploads\/2023\/05\/ANEXO-II-EDITAL-001-2023-INCLUSAO.docx\" data-type=\"URL\" data-id=\"https:\/\/sites.uel.br\/proex\/wp-content\/uploads\/2023\/05\/ANEXO-II-EDITAL-001-2023-INCLUSAO.docx\" target=\"_blank\" rel=\"noreferrer noopener\">Anexo 2 &#8211; declara\u00e7\u00e3o<\/a><\/td><\/tr><tr><td><a href=\"https:\/\/sites.uel.br\/proex\/wp-content\/uploads\/2023\/05\/ANEXO-III-EDITAL-001-2023-INCLUSAO.docx\" data-type=\"URL\" data-id=\"https:\/\/sites.uel.br\/proex\/wp-content\/uploads\/2023\/05\/ANEXO-III-EDITAL-001-2023-INCLUSAO.docx\" target=\"_blank\" rel=\"noreferrer noopener\">Anexo 3 &#8211; declara\u00e7\u00e3o individual de autossufici\u00eancia<\/a><\/td><\/tr><tr><td><a href=\"https:\/\/sites.uel.br\/proex\/wp-content\/uploads\/2023\/05\/EDITAL-SEBEC-001-2023.pdf\" data-type=\"URL\" data-id=\"https:\/\/sites.uel.br\/proex\/wp-content\/uploads\/2023\/05\/EDITAL-SEBEC-001-2023.pdf\" target=\"_blank\" rel=\"noreferrer noopener\">Edital SEBEC\/PROEX\/PROGRAD\/PROPPGd n\u00ba 01\/2023<\/a><\/td><\/tr><\/tbody><\/table><\/figure>\n\n\n\n<h3 class=\"wp-block-heading\">Cronograma <\/h3>\n\n\n\n<figure class=\"wp-block-table\"><table><tbody><tr><td><strong>Estudantes<\/strong>&nbsp;&#8211; Per\u00edodo de Inscri\u00e7\u00e3o<\/td><td>10h do dia 25\/05\/2023 at\u00e9 as<br>17h do dia 14\/06\/2023<\/td><\/tr><tr><td><strong>SEBEC<\/strong>&#8211; Edital de Inscri\u00e7\u00f5es Deferidas e Indeferidas<\/td><td>A partir das 17h do dia 10\/07\/2023<\/td><\/tr><tr><td><strong>Estudantes<\/strong>&nbsp;&#8211; Prazo para Recurso de Inscri\u00e7\u00f5es Indeferidas<\/td><td>A partir das 8h do dia 12\/07 at\u00e9 as 17h do dia 13\/07\/2023&nbsp;<\/td><\/tr><tr><td><strong>SEBEC<\/strong>&nbsp;&#8211; Edital de Resultado de Analise dos Recursos<\/td><td>21\/07\/2023 a partir das 17h<\/td><\/tr><tr><td><strong>PROEX<\/strong>&nbsp;&#8211; Edital de Convoca\u00e7\u00e3o de Bolsistas e Suplentes<\/td><td>A partir de 24\/07\/2023<\/td><\/tr><tr><td><strong>Estudantes &#8211;&nbsp;<\/strong>Per\u00edodo para acessar o sistema de inscri\u00e7\u00f5es e tamb\u00e9m inserir o complemento das informa\u00e7\u00f5es (dados do\/a estudante e do\/a orientador\/a)<\/td><td>Esse per\u00edodo ser\u00e1 informado no edital de convoca\u00e7\u00e3o<\/td><\/tr><tr><td><strong>Estudantes &#8211;&nbsp;<\/strong>Envio do Plano de Trabalho &#8211;&nbsp;<strong>Anexo V*<\/strong>, dos estudantes convocados (bolsistas e suplentes) para o endere\u00e7o: pibis2023@uel.br<\/td><td>Esse per\u00edodo ser\u00e1 informado no edital de convoca\u00e7\u00e3o<\/td><\/tr><tr><td><strong>PROEX<\/strong>&nbsp;&#8211; Envio dos documentos (anexo IV* e V*) para a PROPLAN enviar (via sistema Sparkx) para a Funda\u00e7\u00e3o Arauc\u00e1ria<\/td><td>Esse per\u00edodo ser\u00e1 informado no edital de convoca\u00e7\u00e3o<\/td><\/tr><tr><td><strong>Estudantes<\/strong>&nbsp;&#8211; Entrega da documenta\u00e7\u00e3o final para obten\u00e7\u00e3o de bolsa (bolsistas e suplentes)<\/td><td>Esse per\u00edodo ser\u00e1 informado no edital de convoca\u00e7\u00e3o<\/td><\/tr><tr><td><strong>Comit\u00eas Assessores<\/strong>&nbsp;&#8211; Prazo final destinado aos Comit\u00eas de cada Pr\u00f3-Reitoria para a an\u00e1lise dos projetos de inicia\u00e7\u00e3o cient\u00edfica ou extensionista (PROGRAD\/PROEX) e Roteiro de Estudos (PROGRAD) apresentados<\/td><td>Esse per\u00edodo ser\u00e1 informado no edital de convoca\u00e7\u00e3o<\/td><\/tr><tr><td><strong>Estudantes<\/strong>&nbsp;&#8211; Prazo para escolha de outro Projeto\/Programa, no caso do Comit\u00ea Assessor da PROEX, PROGRAD, ou PROPPG&nbsp; n\u00e3o aprovar o projeto de inicia\u00e7\u00e3o extensionista, inicia\u00e7\u00e3o cientifica ou roteiro de estudos do(a) candidato(a), apresentando nova documenta\u00e7\u00e3o para rean\u00e1lise do comit\u00ea.<\/td><td>Esse per\u00edodo ser\u00e1 informado no edital de convoca\u00e7\u00e3o<\/td><\/tr><\/tbody><\/table><\/figure>\n\n\n\n<div style=\"height:72px\" aria-hidden=\"true\" class=\"wp-block-spacer\"><\/div>\n\n\n\n<h2 class=\"wp-block-heading\"><strong>Inclus\u00e3o Social 2022<\/strong><\/h2>\n\n\n\n<figure class=\"wp-block-table is-style-stripes\"><table><tbody><tr><td><a href=\"https:\/\/sites.uel.br\/proex\/wp-content\/uploads\/2023\/05\/Edital_IS_2022.pdf\" data-type=\"URL\" data-id=\"https:\/\/sites.uel.br\/proex\/wp-content\/uploads\/2023\/05\/Edital_IS_2022.pdf\" target=\"_blank\" rel=\"noreferrer noopener\">Edital SeBEC\/ProPPG\/ProEX\/ProGrad n\u00ba01\/2022<\/a><\/td><\/tr><tr><td><a href=\"https:\/\/sites.uel.br\/proex\/wp-content\/uploads\/2023\/05\/Edital_IS_2022_prorrogacao.pdf\" data-type=\"URL\" data-id=\"https:\/\/sites.uel.br\/proex\/wp-content\/uploads\/2023\/05\/Edital_IS_2022_prorrogacao.pdf\" target=\"_blank\" rel=\"noreferrer noopener\">Prorroga\u00e7\u00e3o do prazo de inscri\u00e7\u00e3o<\/a><\/td><\/tr><tr><td><a href=\"https:\/\/sites.uel.br\/proex\/wp-content\/uploads\/2023\/05\/Anexo_1.docx\" data-type=\"URL\" data-id=\"https:\/\/sites.uel.br\/proex\/wp-content\/uploads\/2023\/05\/Anexo_1.docx\" target=\"_blank\" rel=\"noreferrer noopener\">Anexo 1 &#8211; rela\u00e7\u00e3o da documenta\u00e7\u00e3o obrigat\u00f3ria<\/a><\/td><\/tr><tr><td><a href=\"https:\/\/sites.uel.br\/proex\/wp-content\/uploads\/2023\/05\/Anexo_2.docx\" data-type=\"URL\" data-id=\"https:\/\/sites.uel.br\/proex\/wp-content\/uploads\/2023\/05\/Anexo_2.docx\" target=\"_blank\" rel=\"noreferrer noopener\">Anexo 2 &#8211; declara\u00e7\u00e3o<\/a><\/td><\/tr><\/tbody><\/table><\/figure>\n\n\n\n<h3 class=\"wp-block-heading\"><strong>Cronograma<\/strong><\/h3>\n\n\n\n<div class=\"wp-block-columns is-layout-flex wp-container-core-columns-is-layout-9d6595d7 wp-block-columns-is-layout-flex\">\n<div class=\"wp-block-column is-layout-flow wp-block-column-is-layout-flow\" style=\"flex-basis:100%\">\n<figure class=\"wp-block-table is-style-stripes\"><table><tbody><tr><td>Inscri\u00e7\u00e3o de alunos &#8211; 12h de 25\/05 a 12h de 13\/06\/2022<\/td><\/tr><tr><td>An\u00e1lise da documenta\u00e7\u00e3o dos inscritos &#8211; at\u00e9 22\/06\/2022<\/td><\/tr><tr><td>Edital de inscri\u00e7\u00f5es deferidas e indeferidas &#8211; 06\/07\/2022<\/td><\/tr><tr><td>Prazo para recurso de inscri\u00e7\u00f5es indeferidas &#8211; 07 a 08\/07\/2022<\/td><\/tr><tr><td><a href=\"https:\/\/sites.uel.br\/proex\/wp-content\/uploads\/2023\/05\/Edital-020_2022-Edital-Final-das-Inscricoes-Deferidas-e-Indeferidas.pdf\" data-type=\"URL\" data-id=\"https:\/\/sites.uel.br\/proex\/wp-content\/uploads\/2023\/05\/Edital-020_2022-Edital-Final-das-Inscricoes-Deferidas-e-Indeferidas.pdf\" target=\"_blank\" rel=\"noreferrer noopener\">Edital de resultado &#8211; 14\/07\/2022<\/a><\/td><\/tr><tr><td><a href=\"https:\/\/sites.uel.br\/proex\/wp-content\/uploads\/2023\/05\/Edital_Proppg_2022-13_Convocacao.pdf\" data-type=\"URL\" data-id=\"https:\/\/sites.uel.br\/proex\/wp-content\/uploads\/2023\/05\/Edital_Proppg_2022-13_Convocacao.pdf\" target=\"_blank\" rel=\"noreferrer noopener\">Edital de convoca\u00e7\u00e3o &#8211; 15\/07\/2022<\/a><\/td><\/tr><tr><td>Entrega da documenta\u00e7\u00e3o pelos alunos convocados &#8211; 28\/07 a 26\/08\/2022<\/td><\/tr><tr><td>Indica\u00e7\u00e3o de professores n\u00e3o relacionados nos anexos V, VI ou VII &#8211; 28\/07 a 26\/08\/2022<\/td><\/tr><tr><td>Confirma\u00e7\u00e3o do docente que foi indicado como orientador &#8211; 28\/07 a 22\/08\/2022<\/td><\/tr><tr><td>Avalia\u00e7\u00e3o da documenta\u00e7\u00e3o dos alunos &#8211; 28\/07 a 29\/08\/2022<\/td><\/tr><tr><td><a href=\"https:\/\/sites.uel.br\/proex\/wp-content\/uploads\/2023\/05\/Edital_Proppg_2022-15_Resultado.pdf\" data-type=\"URL\" data-id=\"https:\/\/sites.uel.br\/proex\/wp-content\/uploads\/2023\/05\/Edital_Proppg_2022-15_Resultado.pdf\" target=\"_blank\" rel=\"noreferrer noopener\">Edital de resultado&nbsp;com a lista dos bolsistas e lista dos suplentes &#8211; 21\/09\/2022<\/a><\/td><\/tr><tr><td>Vig\u00eancia da bolsa\/desenvolvimento do projeto de IC, IE e RE aprovado &#8211; 01\/10\/2022 a 30\/09\/2023<\/td><\/tr><tr><td><a href=\"https:\/\/sites.uel.br\/proex\/wp-content\/uploads\/2023\/05\/Cancelamento-renuncia22.docx\" data-type=\"URL\" data-id=\"https:\/\/sites.uel.br\/proex\/wp-content\/uploads\/2023\/05\/Cancelamento-renuncia22.docx\" target=\"_blank\" rel=\"noreferrer noopener\">Solicita\u00e7\u00e3o de cancelamento da bolsa &#8211; 01\/10\/2022 a 10\/09\/2023<\/a><\/td><\/tr><tr><td><a href=\"https:\/\/sites.uel.br\/proex\/wp-content\/uploads\/2023\/05\/Acompanhamento_Semestral.docx\" data-type=\"URL\" data-id=\"https:\/\/sites.uel.br\/proex\/wp-content\/uploads\/2023\/05\/Acompanhamento_Semestral.docx\">Entrega do acompanhamento semestral &#8211; <strong>01 a 10\/04\/2023<\/strong><\/a><\/td><\/tr><tr><td><\/td><\/tr><\/tbody><\/table><\/figure>\n<\/div>\n<\/div>\n","protected":false},"excerpt":{"rendered":"<p>Inclus\u00e3o Social 2023 Inscri\u00e7\u00f5es &#8211; Clique Aqui Anexo 1 &#8211; rela\u00e7\u00e3o da documenta\u00e7\u00e3o obrigat\u00f3ria Anexo 2 &#8211; declara\u00e7\u00e3o Anexo 3 &#8211; declara\u00e7\u00e3o individual de autossufici\u00eancia Edital SEBEC\/PROEX\/PROGRAD\/PROPPGd n\u00ba 01\/2023 Cronograma Estudantes&nbsp;&#8211; Per\u00edodo de Inscri\u00e7\u00e3o 10h do dia 25\/05\/2023 at\u00e9 as17h do dia 14\/06\/2023 SEBEC&#8211; Edital de Inscri\u00e7\u00f5es Deferidas e Indeferidas A partir das 17h do [&hellip;]<\/p>\n","protected":false},"author":8,"featured_media":0,"parent":0,"menu_order":0,"comment_status":"closed","ping_status":"closed","template":"","meta":{"_acf_changed":false,"_themeisle_gutenberg_block_has_review":false,"footnotes":""},"class_list":["post-364","page","type-page","status-publish","hentry"],"acf":[],"_links":{"self":[{"href":"https:\/\/sites.uel.br\/proex\/wp-json\/wp\/v2\/pages\/364","targetHints":{"allow":["GET"]}}],"collection":[{"href":"https:\/\/sites.uel.br\/proex\/wp-json\/wp\/v2\/pages"}],"about":[{"href":"https:\/\/sites.uel.br\/proex\/wp-json\/wp\/v2\/types\/page"}],"author":[{"embeddable":true,"href":"https:\/\/sites.uel.br\/proex\/wp-json\/wp\/v2\/users\/8"}],"replies":[{"embeddable":true,"href":"https:\/\/sites.uel.br\/proex\/wp-json\/wp\/v2\/comments?post=364"}],"version-history":[{"count":20,"href":"https:\/\/sites.uel.br\/proex\/wp-json\/wp\/v2\/pages\/364\/revisions"}],"predecessor-version":[{"id":2651,"href":"https:\/\/sites.uel.br\/proex\/wp-json\/wp\/v2\/pages\/364\/revisions\/2651"}],"wp:attachment":[{"href":"https:\/\/sites.uel.br\/proex\/wp-json\/wp\/v2\/media?parent=364"}],"curies":[{"name":"wp","href":"https:\/\/api.w.org\/{rel}","templated":true}]}}