{"id":363,"date":"2023-01-27T16:47:27","date_gmt":"2023-01-27T19:47:27","guid":{"rendered":"https:\/\/sites.uel.br\/proex\/?page_id=363"},"modified":"2025-05-06T14:59:57","modified_gmt":"2025-05-06T17:59:57","slug":"bolsas-de-iniciacao-extensionista-proinex","status":"publish","type":"page","link":"https:\/\/sites.uel.br\/proex\/bolsas-de-iniciacao-extensionista-proinex\/","title":{"rendered":""},"content":{"rendered":"\n<p><\/p>\n\n\n\n<h4 class=\"wp-block-heading has-text-align-center\" style=\"font-size:26px\"><strong>BOLSA DE INICIA\u00c7\u00c3O EXTENSIONISTA &#8211; FAEPE\/UEL E PIBEX FUNDA\u00c7\u00c3O ARAUC\u00c1RIA &#8211; 2023-2024.<\/strong><\/h4>\n\n\n\n<p><\/p>\n\n\n\n<p><a href=\"https:\/\/sites.uel.br\/proex\/wp-content\/uploads\/2024\/03\/EDITAL-PROEX-190-2023.pdf\" data-type=\"link\" data-id=\"https:\/\/sites.uel.br\/proex\/wp-content\/uploads\/2024\/03\/EDITAL-PROEX-190-2023.pdf\"><strong>EDITAL PROEX\/PROINEX \u2013 190\/2023.<\/strong><\/a><\/p>\n\n\n\n<p><a href=\"https:\/\/sites.uel.br\/proex\/wp-content\/uploads\/2024\/03\/EDITAL-PROEX-PROINEX-135-2023.pdf\" data-type=\"link\" data-id=\"https:\/\/sites.uel.br\/proex\/wp-content\/uploads\/2024\/03\/EDITAL-PROEX-PROINEX-135-2023.pdf\"><strong>EDITAL PROEX\/PROINEX \u2013 135\/2023 \u2013 Distribui\u00e7\u00e3o de Bolsas de Inicia\u00e7\u00e3o<br>Extensionista \u2013 PIBEX\/Funda\u00e7\u00e3o Arauc\u00e1ria.<\/strong><\/a><\/p>\n\n\n\n<p><\/p>\n\n\n\n<h3 class=\"wp-block-heading\"><strong>DOCUMENTA\u00c7\u00c3O EXIGIDA PARA EFETIVA\u00c7\u00c3O DA BOLSA<\/strong><\/h3>\n\n\n\n<h4 class=\"wp-block-heading\"><strong>DOCENTE ORIENTADOR:<\/strong><\/h4>\n\n\n\n<figure class=\"wp-block-table is-style-stripes\"><table><tbody><tr><td><strong><a href=\"https:\/\/sites.uel.br\/proex\/wp-content\/uploads\/2024\/03\/Anexo-III-Formulario-Indicacao-Bolsista-2023.docx\" data-type=\"link\" data-id=\"https:\/\/sites.uel.br\/proex\/wp-content\/uploads\/2024\/03\/Anexo-III-Formulario-Indicacao-Bolsista-2023.docx\">Formul\u00e1rio de Indica\u00e7\u00e3o do Bolsista (Anexo III) e Termo de Aceite da Bolsa, em conformidade com a ordem de prefer\u00eancia indicada no Formul\u00e1rio de Inscri\u00e7\u00e3o;<\/a><\/strong><\/td><\/tr><tr><td><strong><a href=\"https:\/\/sites.uel.br\/proex\/wp-content\/uploads\/2024\/03\/Anexo-IV-Plano-Iniciacao-Extensionista-2023.doc\" data-type=\"link\" data-id=\"https:\/\/sites.uel.br\/proex\/wp-content\/uploads\/2024\/03\/Anexo-IV-Plano-Iniciacao-Extensionista-2023.doc\">Plano de Inicia\u00e7\u00e3o Extensionista do Bolsista (Anexo IV), vinculado ao projeto\/programa indicado no ato da inscri\u00e7\u00e3o;<\/a><\/strong><\/td><\/tr><tr><td><strong><a href=\"https:\/\/sites.uel.br\/proex\/wp-content\/uploads\/2024\/03\/Anexo-VI-Termo-Compromisso-Orientador-2023.doc\" data-type=\"link\" data-id=\"https:\/\/sites.uel.br\/proex\/wp-content\/uploads\/2024\/03\/Anexo-VI-Termo-Compromisso-Orientador-2023.doc\">Termo de Compromisso do Orientador (Anexo VI), datado e assinado.<\/a><\/strong><\/td><\/tr><\/tbody><\/table><\/figure>\n\n\n\n<h4 class=\"wp-block-heading\"><strong>BOLSISTA:<\/strong><\/h4>\n\n\n\n<figure class=\"wp-block-table is-style-stripes\"><table><tbody><tr><td><strong>Hist\u00f3rico Boletim, com as reprova\u00e7\u00f5es, se houverem, ou, para estudantes ingressos em 2022 o Comprovante de Matr\u00edcula;<\/strong><\/td><\/tr><tr><td>Termo de Aceite e Compromisso do Bolsista (Anexo VII) &#8211; 8h do dia 07\/08 at\u00e9 \u00e0s 18h do dia 18\/08 \u2013 estudante bolsista envia o Termo de Aceite &#8211; datado e assinado, para o docente Orientador.<\/td><\/tr><tr><td><strong><a href=\"https:\/\/sites.uel.br\/proex\/wp-content\/uploads\/2024\/03\/Anexo-VII-Termo-Aceite-Compromisso-Bolsista-2023.doc\" data-type=\"link\" data-id=\"https:\/\/sites.uel.br\/proex\/wp-content\/uploads\/2024\/03\/Anexo-VII-Termo-Aceite-Compromisso-Bolsista-2023.doc\">Termo de Aceite e compromisso do Bolsista (Anexo VII) &#8211; AQUI.<\/a><\/strong><\/td><\/tr><tr><td><strong>Hist\u00f3rico Boletim, com as reprova\u00e7\u00f5es, se houverem, ou, para estudantes ingressos em 2022 o Comprovante de Matr\u00edcula;<\/strong><\/td><\/tr><tr><td><strong>&nbsp;<strong>Dados banc\u00e1rios (banco, n\u00famero da conta, tipo de conta, e Ag\u00eancia) em nome do Bolsista, que dever\u00e1 constar do Formul\u00e1rio de Indica\u00e7\u00e3o do bolsista ou ser enviado pelo e- mail do bolsista para o endere\u00e7o:&nbsp;<a rel=\"noreferrer noopener\" href=\"mailto:pibex@uel.br\" target=\"_blank\">proex.bolsista@uel.br<\/a>.<\/strong><\/strong><\/td><\/tr><\/tbody><\/table><\/figure>\n\n\n\n<p><\/p>\n\n\n\n<p><\/p>\n\n\n\n<figure class=\"wp-block-table is-style-stripes\"><table><tbody><tr><td><strong>TUTORIAIS<\/strong><\/td><\/tr><tr><td><a href=\"https:\/\/www.uel.br\/proppg\/portalnovo\/pages\/arquivos\/pesquisa\/formularios\/lattes\/criar_lattes.pdf\" data-type=\"link\" data-id=\"https:\/\/www.uel.br\/proppg\/portalnovo\/pages\/arquivos\/pesquisa\/formularios\/lattes\/criar_lattes.pdf\">Como criar curr\u00edculo Lattes<\/a><\/td><\/tr><tr><td><a href=\"https:\/\/www.uel.br\/proppg\/portalnovo\/pages\/arquivos\/pesquisa\/Obter_Id_Lattes.pdf\" data-type=\"link\" data-id=\"https:\/\/www.uel.br\/proppg\/portalnovo\/pages\/arquivos\/pesquisa\/Obter_Id_Lattes.pdf\">Como obter o ID Lattes ou seu endere\u00e7o (link)<\/a><\/td><\/tr><tr><td><\/td><\/tr><tr><td><a href=\"https:\/\/sites.uel.br\/proex\/wp-content\/uploads\/2024\/03\/EDITAL-PROEX-PROINEX-078-2023.pdf\" data-type=\"link\" data-id=\"https:\/\/sites.uel.br\/proex\/wp-content\/uploads\/2024\/03\/EDITAL-PROEX-PROINEX-078-2023.pdf\">EDITAL PROEX\/PROINEX \u2013 078\/2023 &#8211; Resultado Final da Segunda Etapa do Processo de Sele\u00e7\u00e3o de Bolsas de Inicia\u00e7\u00e3o Extensionista 2023-2024.<\/a><\/td><\/tr><tr><td><strong>PROVID\u00caNCIAS NECESS\u00c1RIAS PARA EFETIVA\u00c7\u00c3O DA BOLSA PIBEX\/F.A. \u2013 OBSERVAR E CUMPRIR AS ETAPAS E PRAZOS CONSTANTES DO CRONOGRAMA ABAIXO:<\/strong><\/td><\/tr><tr><td><a href=\"https:\/\/sites.uel.br\/proex\/wp-content\/uploads\/2024\/03\/EDITAL-PROEX-PROINEX-078-2023.pdf\" data-type=\"link\" data-id=\"https:\/\/sites.uel.br\/proex\/wp-content\/uploads\/2024\/03\/EDITAL-PROEX-PROINEX-078-2023.pdf\">EDITAL PROEX\/PROINEX \u2013 078\/2023 &#8211; Resultado Final da Segunda Etapa do Processo de Sele\u00e7\u00e3o de Bolsas de Inicia\u00e7\u00e3o Extensionista 2023-2024.<\/a><\/td><\/tr><tr><td><a href=\"https:\/\/sites.uel.br\/proex\/wp-content\/uploads\/2024\/03\/Edital-071-2023-PROEX-PROINEX.pdf\" data-type=\"link\" data-id=\"https:\/\/sites.uel.br\/proex\/wp-content\/uploads\/2024\/03\/Edital-071-2023-PROEX-PROINEX.pdf\">EDITAL PROEX\/PROINEX \u2013 071\/2023 &#8211; RETIFICA\u00c7\u00c3O do Cronograma de Execu\u00e7\u00e3o Previsto do Edital PROEX \/ PROINEX 021\/2023, publicado pelo edital PROEX\/ PROINEX 021\/2023<\/a><\/td><\/tr><tr><td><a href=\"https:\/\/docs.google.com\/forms\/d\/e\/1FAIpQLSehAi9ysdCKjVXlTbpdpd_9j8xg6_jCRCFmsWgZtu0uT8SI4A\/viewform\" data-type=\"link\" data-id=\"https:\/\/docs.google.com\/forms\/d\/e\/1FAIpQLSehAi9ysdCKjVXlTbpdpd_9j8xg6_jCRCFmsWgZtu0uT8SI4A\/viewform\">FORMUL\u00c1RIO ELETR\u00d4NICO NAPIS (Prazo: 17\/05\/2023 at\u00e9 18h00 do dia 02\/06\/2023<\/a><\/td><\/tr><tr><td><a href=\"https:\/\/sites.uel.br\/proex\/wp-content\/uploads\/2024\/03\/Edital-067-RETIFICACAO-ITEM-5-PROEX-PROINEX-2023.pdf\" data-type=\"link\" data-id=\"https:\/\/sites.uel.br\/proex\/wp-content\/uploads\/2024\/03\/Edital-067-RETIFICACAO-ITEM-5-PROEX-PROINEX-2023.pdf\">EDITAL PROEX\/PROINEX \u2013 067\/2023 &#8211; RETIFICA o item 5 (Crit\u00e9rios de Distribui\u00e7\u00e3o) do Edital PROEX\/PROINEX &#8211; 021\/2023, que trata sobre as Bolsas destinadas aos NAPIS previstas na Chamada P\u00fablica 04\/2023 da Funda\u00e7\u00e3o Arauc\u00e1ria<\/a><\/td><\/tr><tr><td><a rel=\"noreferrer noopener\" href=\"https:\/\/sites.uel.br\/proex\/wp-content\/uploads\/2023\/05\/Edital-063-202-RETIFICACAO-Edital-057-2023.pdf\" data-type=\"URL\" data-id=\"https:\/\/sites.uel.br\/proex\/wp-content\/uploads\/2023\/05\/Edital-063-202-RETIFICACAO-Edital-057-2023.pdf\" target=\"_blank\">EDITAL PROEX\/PROINEX \u2013 063\/2023 &#8211; RETIFICA o Resultado das Inscri\u00e7\u00f5es Deferidas e Indeferidas publicadas pelo Edital PROEX\/PROINEX &#8211; 057\/2023&nbsp;<\/a><br><a rel=\"noreferrer noopener\" href=\"https:\/\/sites.uel.br\/proex\/wp-content\/uploads\/2023\/05\/EDITAL-057-2023-PROINEX.pdf\" data-type=\"URL\" data-id=\"https:\/\/sites.uel.br\/proex\/wp-content\/uploads\/2023\/05\/EDITAL-057-2023-PROINEX.pdf\" target=\"_blank\">EDITAL PROEX\/PROINEX \u2013 057\/2023 &#8211; Resultado &#8211; 1a. Etapa: Inscri\u00e7\u00f5es Deferidas e Indeferidas no processo de sele\u00e7\u00e3o de Bolsas de Inicia\u00e7\u00e3o Extensionista &#8211; 2023\/202<\/a><\/td><\/tr><tr><td><a rel=\"noreferrer noopener\" href=\"https:\/\/sites.uel.br\/proex\/wp-content\/uploads\/2023\/05\/Anexo-I-FORMULARIO-DE-INSCRICAO.doc\" data-type=\"URL\" data-id=\"https:\/\/sites.uel.br\/proex\/wp-content\/uploads\/2023\/05\/Anexo-I-FORMULARIO-DE-INSCRICAO.doc\" target=\"_blank\">Anexo I &#8211; FORMUL\u00c1RIO DE INSCRI\u00c7\u00c3O<\/a><\/td><\/tr><tr><td><a rel=\"noreferrer noopener\" href=\"https:\/\/sites.uel.br\/proex\/wp-content\/uploads\/2023\/05\/Anexo-II-Tabela-Producao-Pontuacao-Comite-Assessor-2023.doc\" data-type=\"URL\" data-id=\"https:\/\/sites.uel.br\/proex\/wp-content\/uploads\/2023\/05\/Anexo-II-Tabela-Producao-Pontuacao-Comite-Assessor-2023.doc\" target=\"_blank\">Anexo II &#8211; TABELA DE PRODU\u00c7\u00c3O\/PONTUA\u00c7\u00c3O<\/a><\/td><\/tr><tr><td><strong>CRONOGRAMA 1\u00aa E 2\u00aa ETAPA<\/strong><\/td><\/tr><tr><td><a href=\"https:\/\/docs.google.com\/forms\/d\/e\/1FAIpQLSeemz5D27jAbcrtvx82yGg3ckZnWmdFGTtu_W3g_Ncf4yetBw\/viewform?fbzx=-7424046881759077567\" data-type=\"URL\" data-id=\"https:\/\/docs.google.com\/forms\/d\/e\/1FAIpQLSeemz5D27jAbcrtvx82yGg3ckZnWmdFGTtu_W3g_Ncf4yetBw\/viewform?fbzx=-7424046881759077567\">Preencher o formul\u00e1rio Elet\u00f4nico de Informa\u00e7\u00f5es, por meio do link: FORMUL\u00c1RIO ELETR\u00d4NICO DE INFORMA\u00c7\u00d5ES<\/a><\/td><\/tr><\/tbody><\/table><\/figure>\n\n\n\n<h4 class=\"wp-block-heading\" style=\"font-size:25px\"><strong>BOLSAS DE INICIA\u00c7\u00c3O EXTENSIONISTA \u2013 2022 \/ 2023 FAEPE\/UEL e PIBEX\/FUNDA\u00c7\u00c3O ARAUC\u00c1RIA<\/strong><\/h4>\n\n\n\n<figure class=\"wp-block-table is-style-stripes\"><table><tbody><tr><td><strong>EDITAL PROEX\/PROINEX \u2013 148\/2022 &#8211; Bolsa UEL &#8211; Vig\u00eancia 07\/11\/2022 a 31\/08\/2023&nbsp;<\/strong><\/td><\/tr><tr><td><strong>EDITAL PROEX\/PROINEX \u2013 120\/2022 &#8211; Resultado FINAL &#8211; 2\u00aa Etapa do Processo de Sele\u00e7\u00e3o de Bolsas de Inici\u00e7\u00e3o Extensionista na modalidade FAEPE\/UEL &#8211; Vig\u00eancia 2022\/2023<\/strong><\/td><\/tr><tr><td><strong>EDITAL PROEX\/PROINEX \u2013 085\/2022 &#8211; Resultado FINAL &#8211; 2\u00aa Etapa do Processo de Sele\u00e7\u00e3o de Bolsas PIBEX \/ Funda\u00e7\u00e3o Arauc\u00e1ria<\/strong><\/td><\/tr><tr><td><strong>EDITAL PROEX\/PROINEX \u2013 081\/2022 &#8211; Resultado da 1\u00aa Etapa do Processo de Sele\u00e7\u00e3o de Bolsas<\/strong><\/td><\/tr><tr><td><strong>EDITAL 076\/2022 &#8211; CRONOGRAMA 1\u00aa e 2\u00aa ETAPA &#8211; RETIFICADO<\/strong><\/td><\/tr><tr><td><strong>EDITAL PROEX\/PROINEX \u2013 025\/2022 <\/strong><\/td><\/tr><\/tbody><\/table><\/figure>\n\n\n\n<h3 class=\"wp-block-heading\"><strong>DOCUMENTA\u00c7\u00c3O EXIGIDA PARA EFETIVA\u00c7\u00c3O DA BOLSA<\/strong><\/h3>\n\n\n\n<h4 class=\"wp-block-heading\"><strong>ORIENTADOR:<\/strong><\/h4>\n\n\n\n<figure class=\"wp-block-table is-style-stripes\"><table><tbody><tr><td><strong>Formul\u00e1rio de Indica\u00e7\u00e3o do Bolsista (Anexo III) e Termo de Aceite da Bolsa, em conformidade com a ordem de prefer\u00eancia indicada no Formul\u00e1rio de Inscri\u00e7\u00e3o;<\/strong><\/td><\/tr><tr><td><strong>Plano de Inicia\u00e7\u00e3o Extensionista do Bolsista (Anexo IV), vinculado ao projeto\/programa indicado no ato da inscri\u00e7\u00e3o;<\/strong><\/td><\/tr><tr><td><strong>Termo de Compromisso do Orientador (Anexo VI), datado e assinado.<\/strong><\/td><\/tr><\/tbody><\/table><\/figure>\n\n\n\n<h4 class=\"wp-block-heading\"><strong>BOLSISTA:<\/strong><\/h4>\n\n\n\n<figure class=\"wp-block-table is-style-stripes\"><table><tbody><tr><td><strong>Termo de Aceite e compromisso do Bolsista (Anexo VII) datado e assinado.<\/strong><\/td><\/tr><tr><td><strong>Hist\u00f3rico Boletim, com as reprova\u00e7\u00f5es, se houverem, ou, para estudantes ingressos em 2022 o Comprovante de Matr\u00edcula;<\/strong><\/td><\/tr><tr><td><strong>&nbsp;<strong>Dados banc\u00e1rios (banco, n\u00famero da conta, tipo de conta, e Ag\u00eancia) em nome do Bolsista, que dever\u00e1 constar do Formul\u00e1rio de Indica\u00e7\u00e3o do bolsista ou ser enviado pelo e- mail do bolsista para o endere\u00e7o:&nbsp;<a rel=\"noreferrer noopener\" href=\"mailto:pibex@uel.br\" target=\"_blank\">proex.bolsista@uel.br<\/a>.<\/strong><\/strong><\/td><\/tr><\/tbody><\/table><\/figure>\n","protected":false},"excerpt":{"rendered":"<p>BOLSA DE INICIA\u00c7\u00c3O EXTENSIONISTA &#8211; FAEPE\/UEL E PIBEX FUNDA\u00c7\u00c3O ARAUC\u00c1RIA &#8211; 2023-2024. EDITAL PROEX\/PROINEX \u2013 190\/2023. EDITAL PROEX\/PROINEX \u2013 135\/2023 \u2013 Distribui\u00e7\u00e3o de Bolsas de Inicia\u00e7\u00e3oExtensionista \u2013 PIBEX\/Funda\u00e7\u00e3o Arauc\u00e1ria. DOCUMENTA\u00c7\u00c3O EXIGIDA PARA EFETIVA\u00c7\u00c3O DA BOLSA DOCENTE ORIENTADOR: Formul\u00e1rio de Indica\u00e7\u00e3o do Bolsista (Anexo III) e Termo de Aceite da Bolsa, em conformidade com a ordem [&hellip;]<\/p>\n","protected":false},"author":8,"featured_media":0,"parent":0,"menu_order":0,"comment_status":"closed","ping_status":"closed","template":"","meta":{"_acf_changed":false,"_themeisle_gutenberg_block_has_review":false,"footnotes":""},"class_list":["post-363","page","type-page","status-publish","hentry"],"acf":[],"_links":{"self":[{"href":"https:\/\/sites.uel.br\/proex\/wp-json\/wp\/v2\/pages\/363","targetHints":{"allow":["GET"]}}],"collection":[{"href":"https:\/\/sites.uel.br\/proex\/wp-json\/wp\/v2\/pages"}],"about":[{"href":"https:\/\/sites.uel.br\/proex\/wp-json\/wp\/v2\/types\/page"}],"author":[{"embeddable":true,"href":"https:\/\/sites.uel.br\/proex\/wp-json\/wp\/v2\/users\/8"}],"replies":[{"embeddable":true,"href":"https:\/\/sites.uel.br\/proex\/wp-json\/wp\/v2\/comments?post=363"}],"version-history":[{"count":30,"href":"https:\/\/sites.uel.br\/proex\/wp-json\/wp\/v2\/pages\/363\/revisions"}],"predecessor-version":[{"id":6060,"href":"https:\/\/sites.uel.br\/proex\/wp-json\/wp\/v2\/pages\/363\/revisions\/6060"}],"wp:attachment":[{"href":"https:\/\/sites.uel.br\/proex\/wp-json\/wp\/v2\/media?parent=363"}],"curies":[{"name":"wp","href":"https:\/\/api.w.org\/{rel}","templated":true}]}}