{"id":361,"date":"2023-01-27T16:47:27","date_gmt":"2023-01-27T19:47:27","guid":{"rendered":"https:\/\/sites.uel.br\/proex\/?page_id=361"},"modified":"2023-05-15T10:43:45","modified_gmt":"2023-05-15T13:43:45","slug":"faepe","status":"publish","type":"page","link":"https:\/\/sites.uel.br\/proex\/faepe\/","title":{"rendered":"FAEPE"},"content":{"rendered":"\n<hr class=\"wp-block-separator has-alpha-channel-opacity is-style-wide\" \/>\n\n\n\n<h2 class=\"wp-block-heading\"><strong>FAEPE &#8211; Fundo de Apoio ao Ensino, \u00e0 Pesquisa e \u00e0 Extens\u00e3o<\/strong><\/h2>\n\n\n\n<figure class=\"wp-block-table is-style-stripes\"><table><tbody><tr><td><a href=\"https:\/\/sites.uel.br\/proex\/wp-content\/uploads\/2023\/05\/Resolucao-147-2004-Criacao-do-FAEPE.pdf\" data-type=\"URL\" data-id=\"https:\/\/sites.uel.br\/proex\/wp-content\/uploads\/2023\/05\/Resolucao-147-2004-Criacao-do-FAEPE.pdf\" target=\"_blank\" rel=\"noreferrer noopener\">Resolu\u00e7\u00e3o 147-2004 &#8211; Cria\u00e7\u00e3o do FAEPE<\/a><\/td><\/tr><tr><td><a href=\"https:\/\/sites.uel.br\/proex\/wp-content\/uploads\/2023\/05\/FAEPE-2018-PROPPG-EDITAL-01-2018.pdf\" data-type=\"URL\" data-id=\"https:\/\/sites.uel.br\/proex\/wp-content\/uploads\/2023\/05\/FAEPE-2018-PROPPG-EDITAL-01-2018.pdf\" target=\"_blank\" rel=\"noreferrer noopener\">FAEPE 2018 &#8211; PROPPG &#8211; EDITAL 01\/2018\u00a0<\/a><\/td><\/tr><tr><td><a href=\"https:\/\/sites.uel.br\/proex\/wp-content\/uploads\/2023\/05\/RelatorioProjetosFAEPEeExternos2017-1.doc\" data-type=\"URL\" data-id=\"https:\/\/sites.uel.br\/proex\/wp-content\/uploads\/2023\/05\/RelatorioProjetosFAEPEeExternos2017-1.doc\" target=\"_blank\" rel=\"noreferrer noopener\">Relat\u00f3rio T\u00e9cnico-Financeiro<\/a><\/td><\/tr><tr><td><a href=\"https:\/\/sites.uel.br\/proex\/wp-content\/uploads\/2023\/05\/Edital-FAEPE-UEL-01-2017-Prorroga-prazo-DEZ-2018.pdf\" data-type=\"URL\" data-id=\"https:\/\/sites.uel.br\/proex\/wp-content\/uploads\/2023\/05\/Edital-FAEPE-UEL-01-2017-Prorroga-prazo-DEZ-2018.pdf\">Edital FAEPE\/UEL N. 01\/2017, de 20\/10\/2017<\/a><\/td><\/tr><\/tbody><\/table><\/figure>\n\n\n\n<h2 class=\"wp-block-heading\"><strong>TERMO DE CONCESS\u00c3O E ACEITA\u00c7\u00c3O DE APOIO AO FINANCIAMENTO CONCEDIDO PELO FAEPE\/UEL<\/strong><\/h2>\n\n\n\n<figure class=\"wp-block-table is-style-stripes\"><table><tbody><tr><td><a href=\"https:\/\/sites.uel.br\/proex\/wp-content\/uploads\/2023\/05\/FAEPE-TERMO-CONCESSAO-2015-PROEX.doc\" data-type=\"URL\" data-id=\"https:\/\/sites.uel.br\/proex\/wp-content\/uploads\/2023\/05\/FAEPE-TERMO-CONCESSAO-2015-PROEX.doc\" target=\"_blank\" rel=\"noreferrer noopener\">\u00a0FAEPE 2015 PROEX EDITAL 01 2015 \u2013 Apoio a Programas, Projetos de Extens\u00e3o e Projetos Integrados com Predomin\u00e2ncia em Extens\u00e3o<\/a><\/td><\/tr><tr><td><a href=\"https:\/\/sites.uel.br\/proex\/wp-content\/uploads\/2023\/05\/FAEPE-TERMO-COMPROMISSO-PROGRAD-2015.doc\" data-type=\"URL\" data-id=\"https:\/\/sites.uel.br\/proex\/wp-content\/uploads\/2023\/05\/FAEPE-TERMO-COMPROMISSO-PROGRAD-2015.doc\" target=\"_blank\" rel=\"noreferrer noopener\">FAEPE 2015 PROGRAD EDITAL 02\/2015 \u2013 Apoio aos Colegiados na Consolida\u00e7\u00e3o dos Cursos de Gradua\u00e7\u00e3o e Apoio aos Projetos de Pesquisa em Ensino de Gradua\u00e7\u00e3o, aos Programas de Forma\u00e7\u00e3o Complementar no Ensino de Gradua\u00e7\u00e3o e aos Projetos Integrados com Predomin\u00e2ncia no Ensino<\/a><\/td><\/tr><tr><td>FAEPE 2015 PROPPG EDITAL 03\/2015 \u2013 Apoio a Programas de P\u00f3s-Gradua\u00e7\u00e3o Stricto Sensu Acad\u00eamicos e Profissionais:<\/td><\/tr><\/tbody><\/table><\/figure>\n","protected":false},"excerpt":{"rendered":"<p>FAEPE &#8211; Fundo de Apoio ao Ensino, \u00e0 Pesquisa e \u00e0 Extens\u00e3o Resolu\u00e7\u00e3o 147-2004 &#8211; Cria\u00e7\u00e3o do FAEPE FAEPE 2018 &#8211; PROPPG &#8211; EDITAL 01\/2018\u00a0 Relat\u00f3rio T\u00e9cnico-Financeiro Edital FAEPE\/UEL N. 01\/2017, de 20\/10\/2017 TERMO DE CONCESS\u00c3O E ACEITA\u00c7\u00c3O DE APOIO AO FINANCIAMENTO CONCEDIDO PELO FAEPE\/UEL \u00a0FAEPE 2015 PROEX EDITAL 01 2015 \u2013 Apoio a Programas, [&hellip;]<\/p>\n","protected":false},"author":8,"featured_media":0,"parent":0,"menu_order":0,"comment_status":"closed","ping_status":"closed","template":"","meta":{"_acf_changed":false,"_themeisle_gutenberg_block_has_review":false,"footnotes":""},"class_list":["post-361","page","type-page","status-publish","hentry"],"acf":[],"_links":{"self":[{"href":"https:\/\/sites.uel.br\/proex\/wp-json\/wp\/v2\/pages\/361","targetHints":{"allow":["GET"]}}],"collection":[{"href":"https:\/\/sites.uel.br\/proex\/wp-json\/wp\/v2\/pages"}],"about":[{"href":"https:\/\/sites.uel.br\/proex\/wp-json\/wp\/v2\/types\/page"}],"author":[{"embeddable":true,"href":"https:\/\/sites.uel.br\/proex\/wp-json\/wp\/v2\/users\/8"}],"replies":[{"embeddable":true,"href":"https:\/\/sites.uel.br\/proex\/wp-json\/wp\/v2\/comments?post=361"}],"version-history":[{"count":8,"href":"https:\/\/sites.uel.br\/proex\/wp-json\/wp\/v2\/pages\/361\/revisions"}],"predecessor-version":[{"id":2579,"href":"https:\/\/sites.uel.br\/proex\/wp-json\/wp\/v2\/pages\/361\/revisions\/2579"}],"wp:attachment":[{"href":"https:\/\/sites.uel.br\/proex\/wp-json\/wp\/v2\/media?parent=361"}],"curies":[{"name":"wp","href":"https:\/\/api.w.org\/{rel}","templated":true}]}}