{"id":3494,"date":"2024-02-01T11:51:40","date_gmt":"2024-02-01T14:51:40","guid":{"rendered":"https:\/\/sites.uel.br\/proex\/?page_id=3494"},"modified":"2024-12-17T10:28:28","modified_gmt":"2024-12-17T13:28:28","slug":"2024-2","status":"publish","type":"page","link":"https:\/\/sites.uel.br\/proex\/camara-de-extensao\/2024-2\/","title":{"rendered":"2024"},"content":{"rendered":"\n<figure class=\"wp-block-pullquote\"><blockquote><p><strong>DEZEMBRO &#8211; Reuni\u00e3o Extraordin\u00e1ria<\/strong><br><a href=\"https:\/\/sites.uel.br\/proex\/wp-content\/uploads\/2023\/05\/resolucao-conselho-universitario-091-2016-20.pdf\" data-type=\"URL\" data-id=\"https:\/\/sites.uel.br\/proex\/wp-content\/uploads\/2023\/05\/resolucao-conselho-universitario-091-2016-20.pdf\" target=\"_blank\" rel=\"noreferrer noopener\">Resolu\u00e7\u00e3o Conselho Universit\u00e1rio<\/a><br><a href=\"https:\/\/sites.uel.br\/proex\/wp-content\/uploads\/2024\/12\/Pauta-Camara-213-Extraordinaria-Dezembro-2024.pdf\">Pauta da C\u00e2mara de Extens\u00e3o<br><\/a><a href=\"https:\/\/sites.uel.br\/proex\/wp-content\/uploads\/2024\/12\/Anexo-1-Camara-Extraordinaria-Dezembro-Sugestoes-do-Centros-Barema-PROINEX.pdf\">Anexo I<\/a><br><a href=\"https:\/\/sites.uel.br\/proex\/wp-content\/uploads\/2024\/12\/Extra-Pauta-Pauta-Camara-213-Dezembro-2024-Ordinaria.pdf\">Extra Pauta<\/a><br><a href=\"https:\/\/sites.uel.br\/proex\/wp-content\/uploads\/2024\/12\/Anexo-2-Camara-Dezembro-Processo_22.400.520-2_1.pdf\">Anexo II<\/a><br><a href=\"https:\/\/sites.uel.br\/proex\/wp-content\/uploads\/2024\/12\/ANEXO-3-CAMARA-DEZEMBRO-2024-CORRIGIDO.pdf\">Anexo III<\/a><br><a href=\"https:\/\/sites.uel.br\/proex\/wp-content\/uploads\/2024\/12\/Anexo-4-Camara-Dezembro-Parecer-PJU-UEL-698-2024.pdf\">Anexo IV<\/a><br><\/p><\/blockquote><\/figure>\n\n\n\n<figure class=\"wp-block-pullquote\"><blockquote><p><strong>NOVEMBRO &#8211; Reuni\u00e3o Extraordin\u00e1ria<\/strong><br><a href=\"https:\/\/sites.uel.br\/proex\/wp-content\/uploads\/2023\/05\/resolucao-conselho-universitario-091-2016-20.pdf\" data-type=\"URL\" data-id=\"https:\/\/sites.uel.br\/proex\/wp-content\/uploads\/2023\/05\/resolucao-conselho-universitario-091-2016-20.pdf\" target=\"_blank\" rel=\"noreferrer noopener\">Resolu\u00e7\u00e3o Conselho Universit\u00e1rio<\/a><br><a href=\"https:\/\/sites.uel.br\/proex\/wp-content\/uploads\/2024\/11\/Pauta-Camara-212-Extraordinaria-Novembro-2024.pdf\">Pauta da C\u00e2mara de Extens\u00e3o<\/a><br><a href=\"https:\/\/sites.uel.br\/proex\/wp-content\/uploads\/2024\/11\/Anexo-1-Camara-Extraordinaria-Novembro-Projeto-PAS-2915-Processo_22.562.395-3_1.pdf\">Anexo I<\/a><br><a href=\"https:\/\/sites.uel.br\/proex\/wp-content\/uploads\/2024\/11\/Anexo-2-Camara-Extraordinaria-Novembro-Projeto-2398-Processo_23.070.479-1_1.pdf\">Anexo II<\/a><br><a href=\"https:\/\/sites.uel.br\/proex\/wp-content\/uploads\/2024\/11\/Anexo-3-Camara-Extraordinaria-Novembro-Relatorio-PAS-2666-Processo_22.261.489-9_1.pdf\">Anexo III<\/a><br><a href=\"https:\/\/sites.uel.br\/proex\/wp-content\/uploads\/2024\/11\/Anexo-4-Camara-Extraordinaria-Novembro-Sugestoes-do-Centros-Barema-PROINEX.pdf\">Anexo IV<\/a><\/p><\/blockquote><\/figure>\n\n\n\n<figure class=\"wp-block-pullquote\"><blockquote><p><strong>NOVEMBRO &#8211; Reuni\u00e3o Ordin\u00e1ria<\/strong><br><a href=\"https:\/\/sites.uel.br\/proex\/wp-content\/uploads\/2023\/05\/resolucao-conselho-universitario-091-2016-20.pdf\" data-type=\"URL\" data-id=\"https:\/\/sites.uel.br\/proex\/wp-content\/uploads\/2023\/05\/resolucao-conselho-universitario-091-2016-20.pdf\" target=\"_blank\" rel=\"noreferrer noopener\">Resolu\u00e7\u00e3o Conselho Universit\u00e1rio<\/a><br><a href=\"https:\/\/sites.uel.br\/proex\/wp-content\/uploads\/2024\/10\/Pauta-Camara-212-Ordinaria-Novembro-2024.pdf\">Pauta da C\u00e2mara de Extens\u00e3o<\/a><br><a href=\"https:\/\/sites.uel.br\/proex\/wp-content\/uploads\/2024\/10\/Anexo-1-Camara-Extraordinaria-Novembro-Projeto-PAS-2915-Processo_22.562.395-3_1.pdf\">Anexo I<\/a><br><a href=\"https:\/\/sites.uel.br\/proex\/wp-content\/uploads\/2024\/10\/Anexo-2-Camara-Extraordinaria-Novembro-Sugestoes-do-Centros-Barema-PROINEX.pdf\">Anexo II<\/a><\/p><\/blockquote><\/figure>\n\n\n\n<figure class=\"wp-block-pullquote\"><blockquote><p><strong>OUTUBRO &#8211; Reuni\u00e3o Extraordin\u00e1ria<\/strong><br><a href=\"https:\/\/sites.uel.br\/proex\/wp-content\/uploads\/2023\/05\/resolucao-conselho-universitario-091-2016-20.pdf\" data-type=\"URL\" data-id=\"https:\/\/sites.uel.br\/proex\/wp-content\/uploads\/2023\/05\/resolucao-conselho-universitario-091-2016-20.pdf\" target=\"_blank\" rel=\"noreferrer noopener\">Resolu\u00e7\u00e3o Conselho Universit\u00e1rio<\/a><br><a href=\"https:\/\/sites.uel.br\/proex\/wp-content\/uploads\/2024\/09\/Pauta-Camara-211-Extraordinaria-Setembro-2024.pdf\">Pauta da C\u00e2mara de Extens\u00e3o<\/a><br><a href=\"https:\/\/sites.uel.br\/proex\/wp-content\/uploads\/2024\/09\/Anexo-1-Camara-Extraordinaria-Setembro-Processo_21.857.130-1_1.pdf\">Anexo I<\/a><br><a href=\"https:\/\/sites.uel.br\/proex\/wp-content\/uploads\/2024\/09\/Anexo-2-Camara-Extraordinaria-Setembro-Resolucao-Empresa-Junior-Final.pdf\">Anexo II<\/a><br><a href=\"https:\/\/sites.uel.br\/proex\/wp-content\/uploads\/2024\/09\/Anexo-3-Camara-Extraordinaria-Setembro-Processo-20.003.546-1-revisao-da-resolucao-180-e-163-MINUTAS.pdf\">Anexo III<\/a><br><a href=\"https:\/\/sites.uel.br\/proex\/wp-content\/uploads\/2024\/09\/Anexo-4-Camara-Extraordinaria-Setembro-Sugestoes-do-Centros-Barema-PROINEX.pdf\">Anexo IV<\/a><\/p><\/blockquote><\/figure>\n\n\n\n<figure class=\"wp-block-pullquote\"><blockquote><p><strong>SETEMBRO &#8211; Reuni\u00e3o Extraordin\u00e1ria<\/strong><br><a href=\"https:\/\/sites.uel.br\/proex\/wp-content\/uploads\/2023\/05\/resolucao-conselho-universitario-091-2016-20.pdf\" data-type=\"URL\" data-id=\"https:\/\/sites.uel.br\/proex\/wp-content\/uploads\/2023\/05\/resolucao-conselho-universitario-091-2016-20.pdf\" target=\"_blank\" rel=\"noreferrer noopener\">Resolu\u00e7\u00e3o Conselho Universit\u00e1rio<\/a><br><a href=\"https:\/\/sites.uel.br\/proex\/wp-content\/uploads\/2024\/09\/Pauta-Camara-210-Setembro-2024-Ordinaria.pdf\">Pauta da C\u00e2mara de Extens\u00e3o<\/a><br><a href=\"https:\/\/sites.uel.br\/proex\/wp-content\/uploads\/2024\/09\/Anexo-1-Camara-Setembro-RELAT-FINAL-PAS-2444-Processo_21.484.584-9_1.pdf\">Anexo I<\/a><br><a href=\"https:\/\/sites.uel.br\/proex\/wp-content\/uploads\/2024\/09\/Anexo-2-Camara-Setembro-Autorizacao-Prorrogacao-Prazo-Processo_22.743.210-1_1.pdf\">Anexo II<\/a><br><a href=\"https:\/\/sites.uel.br\/proex\/wp-content\/uploads\/2024\/09\/Anexo-3-Camara-Setembro-Processo_21.881.048-9_1.pdf\">Anexo III<\/a><br><a href=\"https:\/\/sites.uel.br\/proex\/wp-content\/uploads\/2024\/09\/Anexo-4-Camara-Setembro-Processo_22.085.467-1_1-PORTAL-DE-ANAIS-DO-SISTEMA-DE-BIBLIOTECAS.pdf\">Anexo IV<\/a><br><a href=\"https:\/\/sites.uel.br\/proex\/wp-content\/uploads\/2024\/09\/Anexo-5-Camara-Setembro-Resolucao-Empresa-Junior.pdf\">Anexo V<\/a><br><a href=\"https:\/\/sites.uel.br\/proex\/wp-content\/uploads\/2024\/09\/Anexo-6-Camara-Setembro-Sugestoes-do-Centros-Barema-PROINEX.pdf\">Anexo VI<\/a><br><a href=\"https:\/\/sites.uel.br\/proex\/wp-content\/uploads\/2024\/09\/Ata-CE-206-07-05-2024-.pdf\">Ata CE 206<\/a><br><a href=\"https:\/\/sites.uel.br\/proex\/wp-content\/uploads\/2024\/09\/Ata-CE-207-18-06-2024.pdf\">Ata CE 207<\/a><br><a href=\"https:\/\/sites.uel.br\/proex\/wp-content\/uploads\/2024\/09\/Ata-CE-208-09-07-2024.pdf\">Ata CE 208<\/a><\/p><\/blockquote><\/figure>\n\n\n\n<figure class=\"wp-block-pullquote\"><blockquote><p><strong>AGOSTO &#8211; Reuni\u00e3o Extraordin\u00e1ria<\/strong><br><a href=\"https:\/\/sites.uel.br\/proex\/wp-content\/uploads\/2023\/05\/resolucao-conselho-universitario-091-2016-20.pdf\" data-type=\"URL\" data-id=\"https:\/\/sites.uel.br\/proex\/wp-content\/uploads\/2023\/05\/resolucao-conselho-universitario-091-2016-20.pdf\" target=\"_blank\" rel=\"noreferrer noopener\">Resolu\u00e7\u00e3o Conselho Universit\u00e1rio<\/a><br><a href=\"https:\/\/sites.uel.br\/proex\/wp-content\/uploads\/2024\/08\/Pauta-Camara-209-Agosto-2024-Ordinaria.pdf\">Pauta da C\u00e2mara de Extens\u00e3o<\/a><br><a href=\"https:\/\/sites.uel.br\/proex\/wp-content\/uploads\/2024\/08\/Anexo-1-Camara-Agosto-Processo_22.086.595-9_1.pdf\">Anexo I<\/a><br><a href=\"https:\/\/sites.uel.br\/proex\/wp-content\/uploads\/2024\/08\/Anexo-2-Camara-Agosto-Processo_22.093.534-5_1.pdf\">Anexo II<\/a><br><a href=\"https:\/\/sites.uel.br\/proex\/wp-content\/uploads\/2024\/08\/Anexo-3-Camara-Agosto-Processo_22.132.814-0_1.pdf\">Anexo III<\/a><br><a href=\"https:\/\/sites.uel.br\/proex\/wp-content\/uploads\/2024\/08\/Anexo-4-Camara-Agosto-Processo_22.123.667-0_1.pdf\">Anexo IV<\/a><br><a href=\"https:\/\/sites.uel.br\/proex\/wp-content\/uploads\/2024\/08\/Anexo-5-Camara-Agosto-Processo_21.663.879-4_1.pdf\">Anexo V<\/a><br><a href=\"https:\/\/sites.uel.br\/proex\/wp-content\/uploads\/2024\/08\/Anexo-6-Camara-Agosto-Sugestoes-do-Centros-Barema-PROINEX.pdf\">Anexo VI<\/a><br><a href=\"https:\/\/sites.uel.br\/proex\/wp-content\/uploads\/2024\/08\/Anexo-7-Camara-Agosto-Processo_21.780.936-3_1.pdf\">Anexo VII<\/a><br><a href=\"https:\/\/sites.uel.br\/proex\/wp-content\/uploads\/2024\/08\/Ata-CE-204-26-03-2024.pdf\">Ata CE 204<\/a><br><a href=\"https:\/\/sites.uel.br\/proex\/wp-content\/uploads\/2024\/08\/Ata-CE-205-23-04-2024.pdf\">Ata CE 205<\/a><\/p><\/blockquote><\/figure>\n\n\n\n<figure class=\"wp-block-pullquote\"><blockquote><p><strong>JULHO &#8211; Reuni\u00e3o Ordin\u00e1ria<\/strong><br><a href=\"https:\/\/sites.uel.br\/proex\/wp-content\/uploads\/2023\/05\/resolucao-conselho-universitario-091-2016-20.pdf\" data-type=\"URL\" data-id=\"https:\/\/sites.uel.br\/proex\/wp-content\/uploads\/2023\/05\/resolucao-conselho-universitario-091-2016-20.pdf\" target=\"_blank\" rel=\"noreferrer noopener\">Resolu\u00e7\u00e3o Conselho Universit\u00e1rio<\/a><br><a href=\"https:\/\/sites.uel.br\/proex\/wp-content\/uploads\/2024\/07\/Pauta-Camara-208-Julho-2024-Ordinaria.pdf\" target=\"_blank\" rel=\"noreferrer noopener\">Pauta da C\u00e2mara de Extens\u00e3o<\/a><br><a href=\"https:\/\/sites.uel.br\/proex\/wp-content\/uploads\/2024\/07\/Anexo-1-Camara-Julho-2024.pdf\">Anexo I<\/a><br><a href=\"https:\/\/sites.uel.br\/proex\/wp-content\/uploads\/2024\/07\/Anexo-2-Camara-Julho-2024.pdf\">Anexo II<\/a><br><a href=\"https:\/\/sites.uel.br\/proex\/wp-content\/uploads\/2024\/07\/Anexo-3-Camara-Julho-2024.pdf\">Anexo III<\/a><\/p><\/blockquote><\/figure>\n\n\n\n<figure class=\"wp-block-pullquote\"><blockquote><p><strong>JUNHO &#8211; Reuni\u00e3o Extraordin\u00e1ria<\/strong><br><a href=\"https:\/\/sites.uel.br\/proex\/wp-content\/uploads\/2023\/05\/resolucao-conselho-universitario-091-2016-20.pdf\" data-type=\"URL\" data-id=\"https:\/\/sites.uel.br\/proex\/wp-content\/uploads\/2023\/05\/resolucao-conselho-universitario-091-2016-20.pdf\" target=\"_blank\" rel=\"noreferrer noopener\">Resolu\u00e7\u00e3o Conselho Universit\u00e1rio<\/a><br><a href=\"https:\/\/sites.uel.br\/proex\/wp-content\/uploads\/2024\/06\/Pauta-Camara-207-Junho-2024-Extraordinaria.pdf\" target=\"_blank\" rel=\"noreferrer noopener\">Pauta da C\u00e2mara de Extens\u00e3o<\/a><br><a href=\"https:\/\/sites.uel.br\/proex\/wp-content\/uploads\/2024\/06\/Anexo-1-Camara-Junho-2845-Processo_21.775.630-8_1-2.pdf\">Anexo I<\/a><br><a href=\"https:\/\/sites.uel.br\/proex\/wp-content\/uploads\/2024\/06\/Anexo-2-Camara-Junho-1490-Relatorio-Anual-12-2.pdf\">Anexo II<\/a><br><a href=\"https:\/\/sites.uel.br\/proex\/wp-content\/uploads\/2024\/06\/Anexo-3-Camara-Junho-1490-Relatorio-Anual-13-1.pdf\">Anexo III<\/a><br><a href=\"https:\/\/sites.uel.br\/proex\/wp-content\/uploads\/2024\/06\/Anexo-4-Camara-Junho-2629-Relatorio-1-1.pdf\">Anexo IV<\/a><br><a href=\"https:\/\/sites.uel.br\/proex\/wp-content\/uploads\/2024\/06\/Anexo-5-Camara-Junho-Processo_22.085.467-1-1.pdf\">Anexo V<\/a><br><a href=\"https:\/\/sites.uel.br\/proex\/wp-content\/uploads\/2024\/06\/Anexo-6-Camara-Junho-Processo_22.144.524-4-1.pdf\">Anexo VI<\/a><br><a href=\"https:\/\/sites.uel.br\/proex\/wp-content\/uploads\/2024\/06\/Anexo-7-Camara-Junho-Juliana-Reichert-A-Tonelli-896-Relatorio-24.pdf\">Anexo VII<\/a><br><a href=\"https:\/\/sites.uel.br\/proex\/wp-content\/uploads\/2024\/06\/Anexo-8-Camara-Junho.pdf\">Anexo VIII<\/a><\/p><\/blockquote><\/figure>\n\n\n\n<figure class=\"wp-block-pullquote\"><blockquote><p><strong>JUNHO<\/strong><br><a href=\"https:\/\/sites.uel.br\/proex\/wp-content\/uploads\/2023\/05\/resolucao-conselho-universitario-091-2016-20.pdf\" data-type=\"URL\" data-id=\"https:\/\/sites.uel.br\/proex\/wp-content\/uploads\/2023\/05\/resolucao-conselho-universitario-091-2016-20.pdf\" target=\"_blank\" rel=\"noreferrer noopener\">Resolu\u00e7\u00e3o Conselho Universit\u00e1rio<\/a><br><a href=\"https:\/\/sites.uel.br\/proex\/wp-content\/uploads\/2024\/06\/Pauta-Camara-207-Junho-2024-Ordinaria.pdf\" target=\"_blank\" rel=\"noreferrer noopener\">Pauta da C\u00e2mara de Extens\u00e3o<\/a><br><a href=\"https:\/\/sites.uel.br\/proex\/wp-content\/uploads\/2024\/06\/Anexo-1-Camara-Junho-2845-Processo_21.775.630-8_1-1.pdf\">Anexo I<\/a><br><a href=\"https:\/\/sites.uel.br\/proex\/wp-content\/uploads\/2024\/06\/Anexo-2-Camara-Junho-1490-Relatorio-Anual-12-1.pdf\">Anexo II<\/a><br><a href=\"https:\/\/sites.uel.br\/proex\/wp-content\/uploads\/2024\/06\/Anexo-3-Camara-Junho-1490-Relatorio-Anual-13.pdf\">Anexo III<\/a><br><a href=\"https:\/\/sites.uel.br\/proex\/wp-content\/uploads\/2024\/06\/Anexo-4-Camara-Junho-2629-Relatorio-1.pdf\">Anexo IV<\/a><br><a href=\"https:\/\/sites.uel.br\/proex\/wp-content\/uploads\/2024\/06\/Anexo-5-Camara-Junho-Processo_22.085.467-1.pdf\">Anexo V<\/a><br><a href=\"https:\/\/sites.uel.br\/proex\/wp-content\/uploads\/2024\/06\/Anexo-6-Camara-Junho-Processo_22.144.524-4.pdf\">Anexo VI<\/a><\/p><\/blockquote><\/figure>\n\n\n\n<figure class=\"wp-block-pullquote\"><blockquote><p><strong>MAIO<\/strong><br><a href=\"https:\/\/sites.uel.br\/proex\/wp-content\/uploads\/2023\/05\/resolucao-conselho-universitario-091-2016-20.pdf\" data-type=\"URL\" data-id=\"https:\/\/sites.uel.br\/proex\/wp-content\/uploads\/2023\/05\/resolucao-conselho-universitario-091-2016-20.pdf\" target=\"_blank\" rel=\"noreferrer noopener\">Resolu\u00e7\u00e3o Conselho Universit\u00e1rio<\/a><br><a href=\"https:\/\/sites.uel.br\/proex\/wp-content\/uploads\/2024\/05\/Pauta-Camara-206-Maio-2024-Ordinaria.pdf\" target=\"_blank\" rel=\"noreferrer noopener\">Pauta da C\u00e2mara de Extens\u00e3o<\/a><br><a href=\"https:\/\/sites.uel.br\/proex\/wp-content\/uploads\/2024\/05\/ANEXO-I-CAMARA-MAIO-2024.pdf\">Anexo I<\/a><\/p><\/blockquote><\/figure>\n\n\n\n<figure class=\"wp-block-pullquote\"><blockquote><p><strong>ABRIL<\/strong><br><a href=\"https:\/\/sites.uel.br\/proex\/wp-content\/uploads\/2023\/05\/resolucao-conselho-universitario-091-2016-20.pdf\" data-type=\"URL\" data-id=\"https:\/\/sites.uel.br\/proex\/wp-content\/uploads\/2023\/05\/resolucao-conselho-universitario-091-2016-20.pdf\" target=\"_blank\" rel=\"noreferrer noopener\">Resolu\u00e7\u00e3o Conselho Universit\u00e1rio<\/a><br><a href=\"\/\/sites.uel.br\/proex\/wp-content\/uploads\/2024\/04\/Pauta-Camara-Abril-2024-Ordinaria.pdf\" target=\"_blank\" rel=\"noreferrer noopener\">Pauta da C\u00e2mara de Extens\u00e3o<\/a><br><a href=\"https:\/\/sites.uel.br\/proex\/wp-content\/uploads\/2024\/04\/Anexo-1-Camara-Abril-2024.pdf\" data-type=\"URL\" data-id=\"https:\/\/sites.uel.br\/proex\/wp-content\/uploads\/2023\/05\/Anexo-1-Processo-Camara-marco.pdf\" target=\"_blank\" rel=\"noreferrer noopener\">Anexo I<\/a><br><a href=\"https:\/\/sites.uel.br\/proex\/wp-content\/uploads\/2024\/04\/Anexo-2-Camara-Abril-2024.pdf\">Anexo II<\/a><br><a href=\"https:\/\/sites.uel.br\/proex\/wp-content\/uploads\/2024\/04\/Anexo-3-Camara-Abril-2024.pdf\">Anexo III<\/a><br><a href=\"https:\/\/sites.uel.br\/proex\/wp-content\/uploads\/2024\/04\/Anexo-4-Camara-Abril-2024.pdf\">Anexo IV<\/a><br><a href=\"https:\/\/sites.uel.br\/proex\/wp-content\/uploads\/2024\/04\/Anexo-5-Camara-Abril-2024.pdf\">Anexo V<\/a><br><a href=\"https:\/\/sites.uel.br\/proex\/wp-content\/uploads\/2024\/04\/Anexo-6-Camara-Abril-2024.pdf\">Anexo VI<\/a><br><a href=\"https:\/\/sites.uel.br\/proex\/wp-content\/uploads\/2024\/04\/ANEXO-VII-CAMARA-ABRIL-2024.pdf\">Anexo VII<\/a><br><a href=\"https:\/\/sites.uel.br\/proex\/wp-content\/uploads\/2024\/04\/CAMARA-ABRIL-2024-ANEXO-VIII-CORRIGIDO.pdf\" data-type=\"link\" data-id=\"https:\/\/sites.uel.br\/proex\/wp-content\/uploads\/2024\/04\/ANEXO-VIII-CAMARA-ABRIL-2024.pdf\">Anexo VIII<\/a><br><a href=\"https:\/\/sites.uel.br\/proex\/wp-content\/uploads\/2024\/04\/Ata-CE-201-06-02-2024.pdf\">Ata CE 201 <\/a><br><a href=\"https:\/\/sites.uel.br\/proex\/wp-content\/uploads\/2024\/04\/Ata-CE-202-12-03-2024.pdf\" data-type=\"link\" data-id=\"https:\/\/sites.uel.br\/proex\/wp-content\/uploads\/2024\/04\/Ata-CE-202-12-03-2024.pdf\">Ata CE 202<\/a><\/p><\/blockquote><\/figure>\n\n\n\n<div class=\"wp-block-group\"><div class=\"wp-block-group__inner-container is-layout-constrained wp-block-group-is-layout-constrained\">\n<figure class=\"wp-block-pullquote\"><blockquote><p><strong>MAR\u00c7O &#8211; EXTRAORDIN\u00c1RIA<\/strong> <br><a href=\"https:\/\/sites.uel.br\/proex\/wp-content\/uploads\/2024\/03\/2016_91.pdf\" target=\"_blank\" rel=\"noreferrer noopener\">Resolu\u00e7\u00e3o &#8211; 091\/2016 &#8211; Conselho universit\u00e1rio <\/a><br><code><a href=\"https:\/\/sites.uel.br\/proex\/wp-content\/uploads\/2024\/03\/Pauta-Camara-204-Marco-2024-ExtraOrdinaria.pdf\" target=\"_blank\" rel=\"noreferrer noopener\">Pauta da C\u00e2mara de Extens\u00e3o - Reuni\u00e3o Extraordin\u00e1ria n.\u00b0 204\/2024<\/a><\/code><br><code><a href=\"https:\/\/sites.uel.br\/proex\/wp-content\/uploads\/2024\/03\/Anexo-1-Camara-Marco-2024-Extraordinaria-Processo_19.627.953-9-ACOES-ESTRUTURANTES-DA-POLITICA-DE-INOVACAO-DA-UEL.pdf\" target=\"_blank\" rel=\"noreferrer noopener\">Anexo I - Reuni\u00e3o Extraordin\u00e1ria n.\u00b0 204\/2024<\/a><\/code><br><a href=\"https:\/\/sites.uel.br\/proex\/wp-content\/uploads\/2024\/03\/Pauta-Camara-203-Marco-2024-ExtraOrdinaria-Eleicoes.pdf\" target=\"_blank\" rel=\"noreferrer noopener\">Pauta da C\u00e2mara de Extens\u00e3o &#8211; Reuni\u00e3o Extraordin\u00e1ria n.\u00b0 203\/2024<\/a><br><a href=\"https:\/\/sites.uel.br\/proex\/wp-content\/uploads\/2024\/03\/2016_91.pdf\" target=\"_blank\" rel=\"noreferrer noopener\">Resolu\u00e7\u00e3o &#8211; 091\/2016 &#8211; Conselho Universit\u00e1rio <\/a><code> <\/code><br><code><a href=\"https:\/\/sites.uel.br\/proex\/wp-content\/uploads\/2024\/03\/Ato-Executivo-024-2024.pdf\" target=\"_blank\" rel=\"noreferrer noopener\">Ato Executivo 024\/2024<\/a><\/code><br><\/p><\/blockquote><\/figure>\n<\/div><\/div>\n\n\n\n<figure class=\"wp-block-pullquote\"><blockquote><p><strong>MAR\u00c7O<\/strong><br><a href=\"https:\/\/sites.uel.br\/proex\/wp-content\/uploads\/2023\/05\/resolucao-conselho-universitario-091-2016-20.pdf\" data-type=\"URL\" data-id=\"https:\/\/sites.uel.br\/proex\/wp-content\/uploads\/2023\/05\/resolucao-conselho-universitario-091-2016-20.pdf\" target=\"_blank\" rel=\"noreferrer noopener\">Resolu\u00e7\u00e3o Conselho Universit\u00e1rio<\/a><br><a href=\"https:\/\/sites.uel.br\/proex\/wp-content\/uploads\/2024\/03\/Pauta-Camara-202-Marco-2024-Ordinaria.pdf\" target=\"_blank\" rel=\"noreferrer noopener\">Pauta da C\u00e2mara de Extens\u00e3o<\/a><br><a href=\"https:\/\/sites.uel.br\/proex\/wp-content\/uploads\/2024\/03\/Anexo-1-Camara-Marco-2024-Projeto-PAS-2731-MARTA-DANTAS-DA-SILVA-Ad-Referendum-Processo_20.779.382-5_1.pdf\" data-type=\"URL\" data-id=\"https:\/\/sites.uel.br\/proex\/wp-content\/uploads\/2023\/05\/Anexo-1-Processo-Camara-marco.pdf\" target=\"_blank\" rel=\"noreferrer noopener\">Anexo I<\/a><br><a href=\"https:\/\/sites.uel.br\/proex\/wp-content\/uploads\/2024\/03\/Anexo-2-Camara-Marco-2024-Projeto-PAS-2803-SERGIO-RUFFO-ROBERTO-Processo_21.254.343-8_1.pdf\">Anexo II<\/a><br><a href=\"https:\/\/sites.uel.br\/proex\/wp-content\/uploads\/2024\/03\/Anexo-3-Camara-Marco-2024-Projeto-PAS-2804-ULISSES-P-PEREIRA-Processo_21.269.643-9_1.pdf\">Anexo III<\/a><br><a href=\"https:\/\/sites.uel.br\/proex\/wp-content\/uploads\/2024\/03\/Anexo-4-Camara-Marco-MINUTA-feirinha-cidadania-regulamento.pdf\">Anexo IV<\/a><br><a href=\"https:\/\/sites.uel.br\/proex\/wp-content\/uploads\/2024\/03\/Anexo-5-Camara-Marco-2024-Processo_21.815.685-1_1-RELATORIO-PDI.pdf\">Anexo V<\/a><br><a href=\"https:\/\/sites.uel.br\/proex\/wp-content\/uploads\/2024\/03\/Anexo-6-Camara-Marco-2024-Processo_19.627.953-9-ACOES-ESTRUTURANTES-DA-POLITICA-DE-INOVACAO-DA-UEL.pdf\">Anexo VI<\/a><br><a href=\"https:\/\/sites.uel.br\/proex\/wp-content\/uploads\/2024\/03\/Ata-CE-196-15-08-2023.pdf\">Ata CE 196<\/a><br><a href=\"https:\/\/sites.uel.br\/proex\/wp-content\/uploads\/2024\/03\/Ata-CE-197-12-09-2023.pdf\">Ata CE 197<\/a><br><a href=\"https:\/\/sites.uel.br\/proex\/wp-content\/uploads\/2024\/03\/Ata-CE-198-17-10-2023.pdf\">Ata CE 198<\/a><br><a href=\"https:\/\/sites.uel.br\/proex\/wp-content\/uploads\/2024\/03\/Ata-CE-199-21-11-2023.pdf\">Ata CE 199<\/a><br><a href=\"https:\/\/sites.uel.br\/proex\/wp-content\/uploads\/2024\/03\/Ata-CE-200-05-12-2023.pdf\">Ata CE 200<\/a><\/p><\/blockquote><\/figure>\n\n\n\n<figure class=\"wp-block-pullquote\"><blockquote><p><strong>FEVEREIRO<\/strong><br><a href=\"https:\/\/sites.uel.br\/proex\/wp-content\/uploads\/2023\/05\/resolucao-conselho-universitario-091-2016-20.pdf\" data-type=\"URL\" data-id=\"https:\/\/sites.uel.br\/proex\/wp-content\/uploads\/2023\/05\/resolucao-conselho-universitario-091-2016-20.pdf\" target=\"_blank\" rel=\"noreferrer noopener\">Resolu\u00e7\u00e3o Conselho Universit\u00e1rio<\/a><br><a href=\"https:\/\/sites.uel.br\/proex\/wp-content\/uploads\/2024\/02\/Pauta-Camara-201-Fevereiro-2024-Ordinaria.pdf\" data-type=\"URL\" data-id=\"https:\/\/sites.uel.br\/proex\/wp-content\/uploads\/2023\/05\/Pauta-Camara-192-Marco-2023-ATUALIZADO.pdf\" target=\"_blank\" rel=\"noreferrer noopener\">Pauta da C\u00e2mara de Extens\u00e3o<\/a><br><a href=\"https:\/\/sites.uel.br\/proex\/wp-content\/uploads\/2024\/02\/Anexo-1-Camara-Janeiro-2024-Resolucoes-PAEX.pdf\" data-type=\"URL\" data-id=\"https:\/\/sites.uel.br\/proex\/wp-content\/uploads\/2023\/05\/Anexo-1-Processo-Camara-marco.pdf\" target=\"_blank\" rel=\"noreferrer noopener\">Anexo I<\/a><br><\/p><\/blockquote><\/figure>\n\n\n\n<h2 id=\"wp-block-themeisle-blocks-advanced-heading-cfc409a1\" class=\"wp-block-themeisle-blocks-advanced-heading wp-block-themeisle-blocks-advanced-heading-cfc409a1\"><\/h2>\n\n\n\n<h2 id=\"wp-block-themeisle-blocks-advanced-heading-c4f7750d\" class=\"wp-block-themeisle-blocks-advanced-heading wp-block-themeisle-blocks-advanced-heading-c4f7750d\"><\/h2>\n","protected":false},"excerpt":{"rendered":"<p>DEZEMBRO &#8211; Reuni\u00e3o Extraordin\u00e1riaResolu\u00e7\u00e3o Conselho Universit\u00e1rioPauta da C\u00e2mara de Extens\u00e3oAnexo IExtra PautaAnexo IIAnexo IIIAnexo IV NOVEMBRO &#8211; Reuni\u00e3o Extraordin\u00e1riaResolu\u00e7\u00e3o Conselho Universit\u00e1rioPauta da C\u00e2mara de Extens\u00e3oAnexo IAnexo IIAnexo IIIAnexo IV NOVEMBRO &#8211; Reuni\u00e3o Ordin\u00e1riaResolu\u00e7\u00e3o Conselho Universit\u00e1rioPauta da C\u00e2mara de Extens\u00e3oAnexo IAnexo II OUTUBRO &#8211; Reuni\u00e3o Extraordin\u00e1riaResolu\u00e7\u00e3o Conselho Universit\u00e1rioPauta da C\u00e2mara de Extens\u00e3oAnexo IAnexo IIAnexo IIIAnexo IV [&hellip;]<\/p>\n","protected":false},"author":9,"featured_media":0,"parent":375,"menu_order":0,"comment_status":"closed","ping_status":"closed","template":"","meta":{"_acf_changed":false,"_themeisle_gutenberg_block_has_review":false,"footnotes":""},"class_list":["post-3494","page","type-page","status-publish","hentry"],"acf":[],"_links":{"self":[{"href":"https:\/\/sites.uel.br\/proex\/wp-json\/wp\/v2\/pages\/3494","targetHints":{"allow":["GET"]}}],"collection":[{"href":"https:\/\/sites.uel.br\/proex\/wp-json\/wp\/v2\/pages"}],"about":[{"href":"https:\/\/sites.uel.br\/proex\/wp-json\/wp\/v2\/types\/page"}],"author":[{"embeddable":true,"href":"https:\/\/sites.uel.br\/proex\/wp-json\/wp\/v2\/users\/9"}],"replies":[{"embeddable":true,"href":"https:\/\/sites.uel.br\/proex\/wp-json\/wp\/v2\/comments?post=3494"}],"version-history":[{"count":63,"href":"https:\/\/sites.uel.br\/proex\/wp-json\/wp\/v2\/pages\/3494\/revisions"}],"predecessor-version":[{"id":5248,"href":"https:\/\/sites.uel.br\/proex\/wp-json\/wp\/v2\/pages\/3494\/revisions\/5248"}],"up":[{"embeddable":true,"href":"https:\/\/sites.uel.br\/proex\/wp-json\/wp\/v2\/pages\/375"}],"wp:attachment":[{"href":"https:\/\/sites.uel.br\/proex\/wp-json\/wp\/v2\/media?parent=3494"}],"curies":[{"name":"wp","href":"https:\/\/api.w.org\/{rel}","templated":true}]}}