{"id":3428,"date":"2023-12-06T17:22:17","date_gmt":"2023-12-06T20:22:17","guid":{"rendered":"https:\/\/sites.uel.br\/proex\/?page_id=3428"},"modified":"2024-02-28T16:03:48","modified_gmt":"2024-02-28T19:03:48","slug":"areas-tematicas-eleicoes-2023","status":"publish","type":"page","link":"https:\/\/sites.uel.br\/proex\/areas-tematicas-eleicoes-2023\/","title":{"rendered":"\u00c1reas tem\u00e1ticas-elei\u00e7\u00f5es 2024"},"content":{"rendered":"\n<hr class=\"wp-block-separator has-alpha-channel-opacity is-style-wide\"\/>\n\n\n\n<figure class=\"wp-block-table is-style-stripes\"><table><tbody><tr><td><strong><a href=\"https:\/\/sites.uel.br\/proex\/wp-content\/uploads\/2024\/02\/EDITAL-PROEX-024-2024.pdf\">Edital PROEX 024\/2024 &#8211; Torna p\u00fablico, por Area Tem\u00e1tica, o resultado da elei\u00e7\u00e3o eletr\u00f4nica realizada dia 27\/02\/2024, com a listagem dos candidates eleitos para as fun\u00e7\u00f5es de Coordenadores e Suplentes das Areas Tem\u00e1ticas, para representa\u00e7\u00e3o na C\u00e2mara de Extens\u00e3o, Cultura e Sociedade- CEPE<\/a><\/strong><\/td><\/tr><tr><td><strong><a href=\"https:\/\/sites.uel.br\/proex\/wp-content\/uploads\/2024\/02\/EDITAL-PROEX-018-2024.pdf\">Edital PROEX 018\/2024 &#8211; torna p\u00fablico, a retifica\u00e7\u00e3o do resultado da an\u00e1lise dos requerimentos de inscri\u00e7\u00e3o protocolados para a Area Tem\u00e1tica: V MEIO AMBIENTE, publicado por meio do Edital PROEX &#8211; 017\/2024<\/a><\/strong><\/td><\/tr><tr><td><strong><a href=\"https:\/\/sites.uel.br\/proex\/wp-content\/uploads\/2024\/02\/PORTARIA-284-2024.pdf\">Portaria n. 284\/2024 &#8211; Estabelece a designa\u00e7\u00e3o da Comiss\u00e3o Eleitoral respons\u00e1vel pelo<br>processo eleitoral<\/a><\/strong><\/td><\/tr><tr><td><span><a href=\"https:\/\/sites.uel.br\/proex\/wp-content\/uploads\/2024\/02\/EDITAL-PROEX-017-2024.pdf\"><strong>Edital PROEX  017\/2024 -Torna p\u00fablico, o resultado da an\u00e1lise dos requerimentos de inscri\u00e7\u00e3o protocolados pelos candidatos \u00e0 elei\u00e7\u00e3o de Coordenadores e Suplentes das \u00c1reas Tem\u00e1ticas abertas pelos Atos Executivos 105\/2023 e 011\/2024.<\/strong><\/a><\/span><\/td><\/tr><tr><td><strong><a href=\"https:\/\/sites.uel.br\/proex\/wp-content\/uploads\/2024\/02\/ATO-EXECUTIVO-11-2024-PRORROGACAO-ELEICOES-AREAS-TEMATICAS.pdf\">Ato Executivo n. 11\/2024 &#8211; Prorroga o prazo de inscri\u00e7\u00f5es<\/a><\/strong><\/td><\/tr><tr><td><strong><a href=\"https:\/\/sites.uel.br\/proex\/wp-content\/uploads\/2024\/02\/Requerimento-de-Inscricao-de-Candidatos-Anexo-I-2.doc\" target=\"_blank\" rel=\"noreferrer noopener\">Requerimento de Inscri\u00e7\u00e3o de Candidatos (anexo I)<\/a><\/strong><\/td><\/tr><tr><td><strong><a href=\"https:\/\/sites.uel.br\/proex\/wp-content\/uploads\/2024\/02\/CRONOGRAMA-ATO-EXECUTIVO-11-2024.pdf\" target=\"_blank\" rel=\"noreferrer noopener\">Cronograma &#8211; Etapas e prazos da elei\u00e7\u00e3o (Anexo III)<\/a><\/strong><\/td><\/tr><tr><td><strong><a href=\"https:\/\/sites.uel.br\/proex\/wp-content\/uploads\/2023\/12\/ATO-EXECUTIVO-105-2023.pdf\" target=\"_blank\" rel=\"noreferrer noopener\">Regimento Eleitoral &#8211; Ato Executivo n. 105\/2023<\/a><\/strong><\/td><\/tr><\/tbody><\/table><\/figure>\n","protected":false},"excerpt":{"rendered":"<p>Edital PROEX 024\/2024 &#8211; Torna p\u00fablico, por Area Tem\u00e1tica, o resultado da elei\u00e7\u00e3o eletr\u00f4nica realizada dia 27\/02\/2024, com a listagem dos candidates eleitos para as fun\u00e7\u00f5es de Coordenadores e Suplentes das Areas Tem\u00e1ticas, para representa\u00e7\u00e3o na C\u00e2mara de Extens\u00e3o, Cultura e Sociedade- CEPE Edital PROEX 018\/2024 &#8211; torna p\u00fablico, a retifica\u00e7\u00e3o do resultado da an\u00e1lise [&hellip;]<\/p>\n","protected":false},"author":9,"featured_media":0,"parent":0,"menu_order":0,"comment_status":"closed","ping_status":"closed","template":"","meta":{"_acf_changed":false,"_themeisle_gutenberg_block_has_review":false,"footnotes":""},"class_list":["post-3428","page","type-page","status-publish","hentry"],"acf":[],"_links":{"self":[{"href":"https:\/\/sites.uel.br\/proex\/wp-json\/wp\/v2\/pages\/3428","targetHints":{"allow":["GET"]}}],"collection":[{"href":"https:\/\/sites.uel.br\/proex\/wp-json\/wp\/v2\/pages"}],"about":[{"href":"https:\/\/sites.uel.br\/proex\/wp-json\/wp\/v2\/types\/page"}],"author":[{"embeddable":true,"href":"https:\/\/sites.uel.br\/proex\/wp-json\/wp\/v2\/users\/9"}],"replies":[{"embeddable":true,"href":"https:\/\/sites.uel.br\/proex\/wp-json\/wp\/v2\/comments?post=3428"}],"version-history":[{"count":17,"href":"https:\/\/sites.uel.br\/proex\/wp-json\/wp\/v2\/pages\/3428\/revisions"}],"predecessor-version":[{"id":7291,"href":"https:\/\/sites.uel.br\/proex\/wp-json\/wp\/v2\/pages\/3428\/revisions\/7291"}],"wp:attachment":[{"href":"https:\/\/sites.uel.br\/proex\/wp-json\/wp\/v2\/media?parent=3428"}],"curies":[{"name":"wp","href":"https:\/\/api.w.org\/{rel}","templated":true}]}}