{"id":1860,"date":"2023-04-17T15:23:02","date_gmt":"2023-04-17T18:23:02","guid":{"rendered":"https:\/\/sites.uel.br\/proex\/?page_id=1860"},"modified":"2023-12-06T16:08:23","modified_gmt":"2023-12-06T19:08:23","slug":"2023-2","status":"publish","type":"page","link":"https:\/\/sites.uel.br\/proex\/camara-de-extensao\/2023-2\/","title":{"rendered":"2023"},"content":{"rendered":"\n<div class=\"wp-block-columns is-layout-flex wp-container-core-columns-is-layout-9d6595d7 wp-block-columns-is-layout-flex\">\n<div class=\"wp-block-column is-layout-flow wp-block-column-is-layout-flow\" style=\"flex-basis:100%\">\n<div class=\"wp-block-group\"><div class=\"wp-block-group__inner-container is-layout-constrained wp-block-group-is-layout-constrained\">\n<div class=\"wp-block-group\"><div class=\"wp-block-group__inner-container is-layout-constrained wp-block-group-is-layout-constrained\"><\/div><\/div>\n<\/div><\/div>\n<\/div>\n<\/div>\n\n\n\n<div class=\"wp-block-columns is-layout-flex wp-container-core-columns-is-layout-9d6595d7 wp-block-columns-is-layout-flex\">\n<div class=\"wp-block-column is-layout-flow wp-block-column-is-layout-flow\" style=\"flex-basis:100%\">\n<div class=\"wp-block-group\"><div class=\"wp-block-group__inner-container is-layout-constrained wp-block-group-is-layout-constrained\">\n<div class=\"wp-block-columns is-layout-flex wp-container-core-columns-is-layout-9d6595d7 wp-block-columns-is-layout-flex\">\n<div class=\"wp-block-column is-layout-flow wp-block-column-is-layout-flow\" style=\"flex-basis:100%\">\n<figure class=\"wp-block-table is-style-stripes\"><table><tbody><tr><td><strong>DEZEMBRO<\/strong><\/td><\/tr><tr><td><a href=\"https:\/\/sites.uel.br\/proex\/wp-content\/uploads\/2023\/05\/resolucao-conselho-universitario-091-2016-20.pdf\" data-type=\"URL\" data-id=\"https:\/\/sites.uel.br\/proex\/wp-content\/uploads\/2023\/05\/resolucao-conselho-universitario-091-2016-20.pdf\" target=\"_blank\" rel=\"noreferrer noopener\">Resolu\u00e7\u00e3o Conselho Universit\u00e1rio<\/a><\/td><\/tr><tr><td><a href=\"https:\/\/sites.uel.br\/proex\/wp-content\/uploads\/2023\/12\/Pauta-Camara-Dezembro-2023-Extraordinaria.pdf\" data-type=\"link\" data-id=\"https:\/\/sites.uel.br\/proex\/wp-content\/uploads\/2023\/12\/Pauta-Camara-Dezembro-2023-Extraordinaria.pdf\">Pauta da C\u00e2mara de Extens\u00e3o &#8211; Extraordin\u00e1ria<\/a><\/td><\/tr><tr><td><a href=\"https:\/\/sites.uel.br\/proex\/wp-content\/uploads\/2023\/11\/Pauta-Camara-200-Dezembro-2023.pdf\" data-type=\"URL\" data-id=\"https:\/\/sites.uel.br\/proex\/wp-content\/uploads\/2023\/05\/Pauta-Camara-192-Marco-2023-ATUALIZADO.pdf\" target=\"_blank\" rel=\"noreferrer noopener\">Pauta da C\u00e2mara de Extens\u00e3o<\/a><\/td><\/tr><tr><td><a href=\"https:\/\/sites.uel.br\/proex\/wp-content\/uploads\/2023\/11\/ANEXO-1-CAMARA-NOVEMBRO-2023.pdf\" data-type=\"URL\" data-id=\"https:\/\/sites.uel.br\/proex\/wp-content\/uploads\/2023\/05\/Pauta-Camara-192-Marco-2023-ATUALIZADO.pdf\" target=\"_blank\" rel=\"noreferrer noopener\">Anexo I<\/a><\/td><\/tr><tr><td><a href=\"https:\/\/sites.uel.br\/proex\/wp-content\/uploads\/2023\/11\/ANEXO-2-CAMARA-NOVEMBRO-2023.pdf\" data-type=\"URL\" data-id=\"https:\/\/sites.uel.br\/proex\/wp-content\/uploads\/2023\/05\/Pauta-Camara-192-Marco-2023-ATUALIZADO.pdf\" target=\"_blank\" rel=\"noreferrer noopener\">Anexo II<\/a><\/td><\/tr><tr><td><a href=\"https:\/\/sites.uel.br\/proex\/wp-content\/uploads\/2023\/11\/ANEXO-3-CAMARA-NOVEMBRO-2023.pdf\" data-type=\"URL\" data-id=\"https:\/\/sites.uel.br\/proex\/wp-content\/uploads\/2023\/05\/Pauta-Camara-192-Marco-2023-ATUALIZADO.pdf\" target=\"_blank\" rel=\"noreferrer noopener\">Anexo III<\/a><\/td><\/tr><tr><td><a href=\"https:\/\/sites.uel.br\/proex\/wp-content\/uploads\/2023\/11\/Anexo-4-Camara-Dezembro-2023-Processo_20.549.429-4_1.pdf\" data-type=\"URL\" data-id=\"https:\/\/sites.uel.br\/proex\/wp-content\/uploads\/2023\/05\/Pauta-Camara-192-Marco-2023-ATUALIZADO.pdf\" target=\"_blank\" rel=\"noreferrer noopener\">Anexo IV<\/a><\/td><\/tr><tr><td><a href=\"https:\/\/sites.uel.br\/proex\/wp-content\/uploads\/2023\/11\/Anexo-5-Camara-Dezembro-2023-Processo_20.726.829-1_1.pdf\" data-type=\"URL\" data-id=\"https:\/\/sites.uel.br\/proex\/wp-content\/uploads\/2023\/05\/Pauta-Camara-192-Marco-2023-ATUALIZADO.pdf\" target=\"_blank\" rel=\"noreferrer noopener\">Anexo V<\/a><\/td><\/tr><tr><td><a href=\"https:\/\/sites.uel.br\/proex\/wp-content\/uploads\/2023\/11\/Anexo-6-Camara-Dezembro-2023-Processo_20.964.594-7_1.pdf\" data-type=\"URL\" data-id=\"https:\/\/sites.uel.br\/proex\/wp-content\/uploads\/2023\/05\/Pauta-Camara-192-Marco-2023-ATUALIZADO.pdf\" target=\"_blank\" rel=\"noreferrer noopener\">Anexo VI<\/a><\/td><\/tr><tr><td><a href=\"https:\/\/sites.uel.br\/proex\/wp-content\/uploads\/2023\/11\/Anexo-7-Camara-Dezembro-2023-Processo_20.632.334-5_1.pdf\" data-type=\"URL\" data-id=\"https:\/\/sites.uel.br\/proex\/wp-content\/uploads\/2023\/05\/Pauta-Camara-192-Marco-2023-ATUALIZADO.pdf\" target=\"_blank\" rel=\"noreferrer noopener\">Anexo VII<\/a><\/td><\/tr><tr><td><a href=\"https:\/\/sites.uel.br\/proex\/wp-content\/uploads\/2023\/11\/Anexo-8-Camara-Dezembro-2023-Processo_20.923.650-8_1.pdf\" data-type=\"URL\" data-id=\"https:\/\/sites.uel.br\/proex\/wp-content\/uploads\/2023\/05\/Pauta-Camara-192-Marco-2023-ATUALIZADO.pdf\" target=\"_blank\" rel=\"noreferrer noopener\">Anexo VIII<\/a><\/td><\/tr><tr><td><a href=\"https:\/\/sites.uel.br\/proex\/wp-content\/uploads\/2023\/12\/Anexo-9-Camara-Dezembro-2023-Resolucoes-PAEX.pdf\">Anexo IX<\/a><\/td><\/tr><tr><td><a href=\"https:\/\/sites.uel.br\/proex\/wp-content\/uploads\/2023\/11\/Anexo-10-Camara-Dezembro-2023-Processo_Processo_21.145.931-0.pdf\" data-type=\"URL\" data-id=\"https:\/\/sites.uel.br\/proex\/wp-content\/uploads\/2023\/05\/Pauta-Camara-192-Marco-2023-ATUALIZADO.pdf\" target=\"_blank\" rel=\"noreferrer noopener\">Anexo X<\/a><\/td><\/tr><\/tbody><\/table><\/figure>\n<\/div>\n<\/div>\n<\/div><\/div>\n<\/div>\n<\/div>\n\n\n\n<p><strong>NOVEMBRO<\/strong><\/p>\n\n\n\n<p><a href=\"https:\/\/sites.uel.br\/proex\/wp-content\/uploads\/2023\/05\/resolucao-conselho-universitario-091-2016-20.pdf\" data-type=\"URL\" data-id=\"https:\/\/sites.uel.br\/proex\/wp-content\/uploads\/2023\/05\/resolucao-conselho-universitario-091-2016-20.pdf\" target=\"_blank\" rel=\"noreferrer noopener\">Resolu\u00e7\u00e3o Conselho Universit\u00e1rio<\/a><\/p>\n\n\n\n<p><a href=\"https:\/\/sites.uel.br\/proex\/wp-content\/uploads\/2023\/11\/Pauta-Camara-199-Novembro-2023.pdf\" data-type=\"URL\" data-id=\"https:\/\/sites.uel.br\/proex\/wp-content\/uploads\/2023\/05\/Pauta-Camara-192-Marco-2023-ATUALIZADO.pdf\" target=\"_blank\" rel=\"noreferrer noopener\">Pauta da C\u00e2mara de Extens\u00e3o<\/a><\/p>\n\n\n\n<p><a href=\"https:\/\/sites.uel.br\/proex\/wp-content\/uploads\/2023\/11\/ANEXO-1-CAMARA-NOVEMBRO-2023.pdf\" data-type=\"URL\" data-id=\"https:\/\/sites.uel.br\/proex\/wp-content\/uploads\/2023\/05\/Pauta-Camara-192-Marco-2023-ATUALIZADO.pdf\" target=\"_blank\" rel=\"noreferrer noopener\">Anexo I<\/a><\/p>\n\n\n\n<p><a href=\"https:\/\/sites.uel.br\/proex\/wp-content\/uploads\/2023\/11\/ANEXO-2-CAMARA-NOVEMBRO-2023.pdf\" data-type=\"URL\" data-id=\"https:\/\/sites.uel.br\/proex\/wp-content\/uploads\/2023\/05\/Pauta-Camara-192-Marco-2023-ATUALIZADO.pdf\" target=\"_blank\" rel=\"noreferrer noopener\">Anexo II<\/a><\/p>\n\n\n\n<p><a href=\"https:\/\/sites.uel.br\/proex\/wp-content\/uploads\/2023\/11\/ANEXO-3-CAMARA-NOVEMBRO-2023.pdf\" data-type=\"URL\" data-id=\"https:\/\/sites.uel.br\/proex\/wp-content\/uploads\/2023\/05\/Pauta-Camara-192-Marco-2023-ATUALIZADO.pdf\" target=\"_blank\" rel=\"noreferrer noopener\">Anexo III<\/a><\/p>\n\n\n\n<div style=\"height:20px\" aria-hidden=\"true\" class=\"wp-block-spacer\"><\/div>\n\n\n\n<div class=\"wp-block-group\"><div class=\"wp-block-group__inner-container is-layout-constrained wp-block-group-is-layout-constrained\">\n<h3 class=\"wp-block-heading\">Mar\u00e7o<\/h3>\n\n\n\n<figure class=\"wp-block-table is-style-stripes\"><table><tbody><tr><td><a rel=\"noreferrer noopener\" href=\"https:\/\/sites.uel.br\/proex\/wp-content\/uploads\/2023\/05\/resolucao-conselho-universitario-091-2016-20.pdf\" data-type=\"URL\" data-id=\"https:\/\/sites.uel.br\/proex\/wp-content\/uploads\/2023\/05\/resolucao-conselho-universitario-091-2016-20.pdf\" target=\"_blank\">Resolu\u00e7\u00e3o Conselho Universit\u00e1rio<\/a><\/td><\/tr><tr><td><a rel=\"noreferrer noopener\" href=\"https:\/\/sites.uel.br\/proex\/wp-content\/uploads\/2023\/05\/Pauta-Camara-192-Marco-2023-ATUALIZADO.pdf\" data-type=\"URL\" data-id=\"https:\/\/sites.uel.br\/proex\/wp-content\/uploads\/2023\/05\/Pauta-Camara-192-Marco-2023-ATUALIZADO.pdf\" target=\"_blank\">Pauta da C\u00e2mara de Extens\u00e3o<\/a><\/td><\/tr><tr><td><a rel=\"noreferrer noopener\" href=\"https:\/\/sites.uel.br\/proex\/wp-content\/uploads\/2023\/05\/Anexo-1-Processo-Camara-marco.pdf\" data-type=\"URL\" data-id=\"https:\/\/sites.uel.br\/proex\/wp-content\/uploads\/2023\/05\/Anexo-1-Processo-Camara-marco.pdf\" target=\"_blank\">Anexo I<\/a><\/td><\/tr><tr><td><a rel=\"noreferrer noopener\" href=\"https:\/\/sites.uel.br\/proex\/wp-content\/uploads\/2023\/05\/Anexo-2-Autorizacao-Camara-marco.pdf\" data-type=\"URL\" data-id=\"https:\/\/sites.uel.br\/proex\/wp-content\/uploads\/2023\/05\/Anexo-2-Autorizacao-Camara-marco.pdf\" target=\"_blank\">Anexo II<\/a><\/td><\/tr><tr><td><a href=\"https:\/\/www.uel.br\/proex\/?content=processos-camara-extensao-marco-2023.htm\">Processos<\/a><\/td><\/tr><tr><td><a rel=\"noreferrer noopener\" href=\"https:\/\/sites.uel.br\/proex\/wp-content\/uploads\/2023\/05\/EDITAL-PROEX-PROINEX-ATUALIZADO.pdf\" data-type=\"URL\" data-id=\"https:\/\/sites.uel.br\/proex\/wp-content\/uploads\/2023\/05\/EDITAL-PROEX-PROINEX-ATUALIZADO.pdf\" target=\"_blank\">Edital PROEX\/PROINEX 2023 &#8211; Anexo I e II<\/a><\/td><\/tr><tr><td><a rel=\"noreferrer noopener\" href=\"https:\/\/sites.uel.br\/proex\/wp-content\/uploads\/2023\/05\/Ata-191-2022.pdf\" data-type=\"URL\" data-id=\"https:\/\/sites.uel.br\/proex\/wp-content\/uploads\/2023\/05\/Ata-191-2022.pdf\" target=\"_blank\">Ata 191<\/a><\/td><\/tr><\/tbody><\/table><\/figure>\n<\/div><\/div>\n\n\n\n<div style=\"height:20px\" aria-hidden=\"true\" class=\"wp-block-spacer\"><\/div>\n\n\n\n<h3 class=\"wp-block-heading\">Abril<\/h3>\n\n\n\n<figure class=\"wp-block-table is-style-stripes\"><table><tbody><tr><td><a rel=\"noreferrer noopener\" href=\"https:\/\/sites.uel.br\/proex\/wp-content\/uploads\/2023\/05\/resolucao-conselho-universitario-091-2016-22.pdf\" data-type=\"URL\" data-id=\"https:\/\/sites.uel.br\/proex\/wp-content\/uploads\/2023\/05\/resolucao-conselho-universitario-091-2016-22.pdf\" target=\"_blank\">Resolu\u00e7\u00e3o Conselho Universit\u00e1rio<\/a><\/td><\/tr><tr><td><a rel=\"noreferrer noopener\" href=\"https:\/\/sites.uel.br\/proex\/wp-content\/uploads\/2023\/05\/Pauta-Camara-193-Abril-2023-1.pdf\" data-type=\"URL\" data-id=\"https:\/\/sites.uel.br\/proex\/wp-content\/uploads\/2023\/05\/Pauta-Camara-193-Abril-2023-1.pdf\" target=\"_blank\">Pauta da C\u00e2mara de Extens\u00e3o<\/a><\/td><\/tr><tr><td>Anexo I<\/td><\/tr><tr><td><a rel=\"noreferrer noopener\" href=\"https:\/\/www.uel.br\/proex\/?content=processos-camara-extensao-marco-2023.htm\" data-type=\"URL\" data-id=\"https:\/\/www.uel.br\/proex\/?content=processos-camara-extensao-marco-2023.htm\" target=\"_blank\">Processos<\/a><\/td><\/tr><tr><td><a rel=\"noreferrer noopener\" href=\"https:\/\/sites.uel.br\/proex\/wp-content\/uploads\/2023\/05\/ATA-192-CAMARA-MACO-2023-1.pdf\" data-type=\"URL\" data-id=\"https:\/\/sites.uel.br\/proex\/wp-content\/uploads\/2023\/05\/ATA-192-CAMARA-MACO-2023-1.pdf\" target=\"_blank\">Ata 192<\/a><\/td><\/tr><\/tbody><\/table><\/figure>\n\n\n\n<h3 class=\"wp-block-heading\">Maio<\/h3>\n\n\n\n<figure class=\"wp-block-table is-style-stripes\"><table><tbody><tr><td><strong>Resolu\u00e7\u00e3o Conselho Universit\u00e1rio<\/strong><\/td><td><\/td><\/tr><tr><td><strong>Pauta da C\u00e2mara de Extens\u00e3o<\/strong><\/td><td><\/td><\/tr><tr><td><strong>Anexo I<\/strong><\/td><td><\/td><\/tr><\/tbody><\/table><\/figure>\n\n\n\n<h3 class=\"wp-block-heading\">Julho<\/h3>\n\n\n\n<figure class=\"wp-block-table is-style-stripes\"><table><tbody><tr><td><strong>Resolu\u00e7\u00e3o Conselho Universit\u00e1rio<\/strong><\/td><td><\/td><\/tr><tr><td><strong>Pauta da C\u00e2mara de Extens\u00e3o<\/strong><\/td><td><\/td><\/tr><tr><td><strong>Anexo I<\/strong><\/td><td><\/td><\/tr><tr><td><strong>Anexo II<\/strong><\/td><td><\/td><\/tr><tr><td><strong>Anexo III<\/strong><\/td><td><\/td><\/tr><tr><td><strong>Anexo IV<\/strong><\/td><td><\/td><\/tr><tr><td><strong>Anexo V<\/strong><\/td><td><\/td><\/tr><tr><td><strong>Anexo VI<\/strong><\/td><td><\/td><\/tr><tr><td><strong>Anexo VII<\/strong><\/td><td><\/td><\/tr><tr><td><strong>Anexo VIII<\/strong><\/td><td><\/td><\/tr><tr><td><strong>Anexo IX<\/strong><\/td><td><\/td><\/tr><tr><td><strong>Ata 193<\/strong><\/td><td><\/td><\/tr><tr><td><strong>Ata 194<\/strong><\/td><td><\/td><\/tr><\/tbody><\/table><\/figure>\n\n\n\n<figure class=\"wp-block-table is-style-stripes\"><table><tbody><tr><td><strong>Resolu\u00e7\u00e3o Conselho Universit\u00e1rio<\/strong><\/td><td><\/td><\/tr><tr><td><strong>Pauta da C\u00e2mara de Extens\u00e3o<\/strong><\/td><td><\/td><\/tr><tr><td><strong>Anexo I<\/strong><\/td><td><\/td><\/tr><tr><td><strong>Anexo II<\/strong><\/td><td><\/td><\/tr><tr><td><strong>Anexo III<\/strong><\/td><td><\/td><\/tr><tr><td><strong>Anexo IV<\/strong><\/td><td><\/td><\/tr><tr><td><strong>Anexo V<\/strong><\/td><td><\/td><\/tr><tr><td><strong>Anexo VI<\/strong><\/td><td><\/td><\/tr><tr><td><strong>Anexo VII<\/strong><\/td><td><\/td><\/tr><\/tbody><\/table><\/figure>\n\n\n\n<h3 class=\"wp-block-heading\">Setembro<\/h3>\n\n\n\n<figure class=\"wp-block-table is-style-stripes\"><table><tbody><tr><td><strong>Resolu\u00e7\u00e3o Conselho Universit\u00e1rio<\/strong><\/td><td><\/td><\/tr><tr><td><strong>Pauta da C\u00e2mara de Extens\u00e3o<\/strong><\/td><td><\/td><\/tr><tr><td><strong>Anexo I<\/strong><\/td><td><\/td><\/tr><tr><td><strong>Anexo II<\/strong><\/td><td><\/td><\/tr><tr><td><strong>Anexo III<\/strong><\/td><td><\/td><\/tr><tr><td><strong>Anexo IV<\/strong><\/td><td><\/td><\/tr><tr><td><strong>Anexo V<\/strong><\/td><td><\/td><\/tr><tr><td><strong>Anexo VI<\/strong><\/td><td><\/td><\/tr><tr><td><strong>Anexo VII<\/strong><\/td><td><\/td><\/tr><tr><td><strong>Anexo VIII<\/strong><\/td><td><\/td><\/tr><tr><td><strong>Anexo IX<\/strong><\/td><td><\/td><\/tr><\/tbody><\/table><\/figure>\n\n\n\n<h3 class=\"wp-block-heading\">Maio<\/h3>\n\n\n\n<figure class=\"wp-block-table is-style-stripes\"><table><tbody><tr><td><strong>Resolu\u00e7\u00e3o Conselho Universit\u00e1rio<\/strong><\/td><td><\/td><\/tr><tr><td><strong>Pauta da C\u00e2mara de Extens\u00e3o<\/strong><\/td><td><\/td><\/tr><tr><td><strong>Anexo I<\/strong><\/td><td><\/td><\/tr><tr><td><strong>Anexo II<\/strong><\/td><td><\/td><\/tr><tr><td><strong>ATA 195<\/strong><\/td><td><\/td><\/tr><\/tbody><\/table><\/figure>\n","protected":false},"excerpt":{"rendered":"<p>DEZEMBRO Resolu\u00e7\u00e3o Conselho Universit\u00e1rio Pauta da C\u00e2mara de Extens\u00e3o &#8211; Extraordin\u00e1ria Pauta da C\u00e2mara de Extens\u00e3o Anexo I Anexo II Anexo III Anexo IV Anexo V Anexo VI Anexo VII Anexo VIII Anexo IX Anexo X NOVEMBRO Resolu\u00e7\u00e3o Conselho Universit\u00e1rio Pauta da C\u00e2mara de Extens\u00e3o Anexo I Anexo II Anexo III Mar\u00e7o Resolu\u00e7\u00e3o Conselho Universit\u00e1rio [&hellip;]<\/p>\n","protected":false},"author":8,"featured_media":0,"parent":375,"menu_order":0,"comment_status":"closed","ping_status":"closed","template":"","meta":{"_acf_changed":false,"_themeisle_gutenberg_block_has_review":false,"footnotes":""},"class_list":["post-1860","page","type-page","status-publish","hentry"],"acf":[],"_links":{"self":[{"href":"https:\/\/sites.uel.br\/proex\/wp-json\/wp\/v2\/pages\/1860","targetHints":{"allow":["GET"]}}],"collection":[{"href":"https:\/\/sites.uel.br\/proex\/wp-json\/wp\/v2\/pages"}],"about":[{"href":"https:\/\/sites.uel.br\/proex\/wp-json\/wp\/v2\/types\/page"}],"author":[{"embeddable":true,"href":"https:\/\/sites.uel.br\/proex\/wp-json\/wp\/v2\/users\/8"}],"replies":[{"embeddable":true,"href":"https:\/\/sites.uel.br\/proex\/wp-json\/wp\/v2\/comments?post=1860"}],"version-history":[{"count":26,"href":"https:\/\/sites.uel.br\/proex\/wp-json\/wp\/v2\/pages\/1860\/revisions"}],"predecessor-version":[{"id":3502,"href":"https:\/\/sites.uel.br\/proex\/wp-json\/wp\/v2\/pages\/1860\/revisions\/3502"}],"up":[{"embeddable":true,"href":"https:\/\/sites.uel.br\/proex\/wp-json\/wp\/v2\/pages\/375"}],"wp:attachment":[{"href":"https:\/\/sites.uel.br\/proex\/wp-json\/wp\/v2\/media?parent=1860"}],"curies":[{"name":"wp","href":"https:\/\/api.w.org\/{rel}","templated":true}]}}