{"id":1590,"date":"2023-03-30T15:00:42","date_gmt":"2023-03-30T18:00:42","guid":{"rendered":"https:\/\/sites.uel.br\/proex\/?page_id=1590"},"modified":"2025-04-15T15:18:30","modified_gmt":"2025-04-15T18:18:30","slug":"canais-de-atendimento","status":"publish","type":"page","link":"https:\/\/sites.uel.br\/proex\/canais-de-atendimento\/","title":{"rendered":"Canais de Atendimento"},"content":{"rendered":"\n<hr class=\"wp-block-separator has-alpha-channel-opacity is-style-wide\"\/>\n\n\n\n<div style=\"height:10px\" aria-hidden=\"true\" class=\"wp-block-spacer\"><\/div>\n\n\n\n<h2 class=\"wp-block-heading\">Atendimento Presencial <\/h2>\n\n\n\n<div class=\"wp-block-columns is-layout-flex wp-container-core-columns-is-layout-9d6595d7 wp-block-columns-is-layout-flex\">\n<div class=\"wp-block-column is-layout-flow wp-block-column-is-layout-flow\" style=\"flex-basis:350px\">\n<p><strong>Dias da semana: <\/strong><br>Segunda \u00e0 Sexta <\/p>\n\n\n\n<p><strong>Hor\u00e1rios:<\/strong><br><strong> <\/strong>08h00 \u00e0s 12h00<br>14h00 \u00e0s 17h00<\/p>\n\n\n\n<p><strong>Local:<\/strong><br>Pr\u00f3-Reitoria de Extens\u00e3o, Cultura e Sociedade (PROEX)<\/p>\n\n\n\n<p><strong>E-mail:<\/strong> <br><a href=\"mailto:proex@uel.br?subject=[PORTAL]\">proex@uel.br<\/a><\/p>\n\n\n\n<p><strong>Telefone: <\/strong><br>(43) 3371-4512<\/p>\n<\/div>\n\n\n\n<div class=\"wp-block-column is-layout-flow wp-block-column-is-layout-flow\">\n<iframe src=\"https:\/\/www.google.com\/maps\/embed?pb=!1m18!1m12!1m3!1d3663.6760524694155!2d-51.19710162393764!3d-23.327509578961237!2m3!1f0!2f0!3f0!3m2!1i1024!2i768!4f13.1!3m3!1m2!1s0x94eb5ca405305e35%3A0x43d67ea230c73629!2sPROEX%20-%20Pr%C3%B3-Reitoria%20de%20Extens%C3%A3o%2C%20Cultura%20e%20Sociedade!5e0!3m2!1spt-BR!2sbr!4v1698253128176!5m2!1spt-BR!2sbr\" width=\"600\" height=\"450\" style=\"border:0;\" allowfullscreen=\"\" loading=\"lazy\" referrerpolicy=\"no-referrer-when-downgrade\"><\/iframe>\n<\/div>\n<\/div>\n\n\n\n<h2 class=\"wp-block-heading\">Atendimento Especializado <\/h2>\n\n\n\n<div style=\"height:36px\" aria-hidden=\"true\" class=\"wp-block-spacer\"><\/div>\n\n\n\n<h3 class=\"wp-block-heading\">Diretoria de Projetos Programas e Inicia\u00e7\u00e3o Extensionista<\/h3>\n\n\n\n<div style=\"height:36px\" aria-hidden=\"true\" class=\"wp-block-spacer\"><\/div>\n\n\n\n<div class=\"wp-block-columns is-layout-flex wp-container-core-columns-is-layout-9d6595d7 wp-block-columns-is-layout-flex\">\n<div class=\"wp-block-column is-layout-flow wp-block-column-is-layout-flow\">\n<h4 class=\"wp-block-heading\">Apoio T\u00e9cnico<\/h4>\n\n\n\n<p class=\"sem-margem\">proex.alteracao@uel.br<\/p>\n\n\n\n<p>(43) 3371-4172<br><\/p>\n<\/div>\n\n\n\n<div class=\"wp-block-column is-layout-flow wp-block-column-is-layout-flow\">\n<h4 class=\"wp-block-heading\">Gerenciamento Financeiro e Log\u00edstico<\/h4>\n\n\n\n<p class=\"sem-margem\">proex.dgf@uel.br<\/p>\n\n\n\n<p class=\"sem-margem\">(43) 3371-4173<\/p>\n\n\n\n<p><\/p>\n<\/div>\n\n\n\n<div class=\"wp-block-column is-layout-flow wp-block-column-is-layout-flow\">\n<h4 class=\"wp-block-heading\">PDE<\/h4>\n\n\n\n<p class=\"sem-margem\">pde@uel.br<\/p>\n\n\n\n<p class=\"sem-margem\">(43) 3371- 5680<\/p>\n\n\n\n<p><\/p>\n<\/div>\n<\/div>\n\n\n\n<div class=\"wp-block-columns is-layout-flex wp-container-core-columns-is-layout-9d6595d7 wp-block-columns-is-layout-flex\">\n<div class=\"wp-block-column is-layout-flow wp-block-column-is-layout-flow\">\n<h4 class=\"wp-block-heading\">Projetos e Inicia\u00e7\u00e3o Extensionista<\/h4>\n\n\n\n<p>basoli@uel.br<br>(43) 3371- 4442<\/p>\n\n\n\n<p><\/p>\n<\/div>\n\n\n\n<div class=\"wp-block-column is-layout-flow wp-block-column-is-layout-flow\">\n<h4 class=\"wp-block-heading\">Sess\u00e3o Acad\u00eamica <\/h4>\n\n\n\n<p class=\"sem-margem\">regia@uel.br<\/p>\n\n\n\n<p class=\"sem-margem\">(43) 3371- 4572<\/p>\n<\/div>\n\n\n\n<div class=\"wp-block-column is-layout-flow wp-block-column-is-layout-flow\">\n<h4 class=\"wp-block-heading\"><\/h4>\n\n\n\n<div style=\"height:20px\" aria-hidden=\"true\" class=\"wp-block-spacer\"><\/div>\n<\/div>\n<\/div>\n\n\n\n<hr class=\"wp-block-separator has-alpha-channel-opacity is-style-wide\"\/>\n\n\n\n<div style=\"height:36px\" aria-hidden=\"true\" class=\"wp-block-spacer\"><\/div>\n\n\n\n<h3 class=\"wp-block-heading\">Diretoria de Eventos Cultura e Rela\u00e7\u00f5es com a Sociedade <\/h3>\n\n\n\n<div style=\"height:36px\" aria-hidden=\"true\" class=\"wp-block-spacer\"><\/div>\n\n\n\n<div style=\"height:20px\" aria-hidden=\"true\" class=\"wp-block-spacer\"><\/div>\n\n\n\n<div class=\"wp-block-columns is-layout-flex wp-container-core-columns-is-layout-9d6595d7 wp-block-columns-is-layout-flex\">\n<div class=\"wp-block-column is-layout-flow wp-block-column-is-layout-flow\">\n<h4 class=\"wp-block-heading\">Cursinho UEL<\/h4>\n\n\n\n<p class=\"sem-margem\">cursinho@uel.br<\/p>\n\n\n\n<p class=\"sem-margem\">(43) 3371- 5680<\/p>\n\n\n\n<p><\/p>\n\n\n\n<div style=\"height:20px\" aria-hidden=\"true\" class=\"wp-block-spacer\"><\/div>\n<\/div>\n\n\n\n<div class=\"wp-block-column is-layout-flow wp-block-column-is-layout-flow\">\n<h4 class=\"wp-block-heading\">Divis\u00e3o de Cursos e Eventos<\/h4>\n\n\n\n<p class=\"sem-margem\">proex.eventos@uel.br<\/p>\n\n\n\n<p class=\"sem-margem\">(43) 3371-4221<\/p>\n\n\n\n<p>(43) 3371-4532<\/p>\n<\/div>\n\n\n\n<div class=\"wp-block-column is-layout-flow wp-block-column-is-layout-flow\">\n<h4 class=\"wp-block-heading\">Divis\u00e3o de Relacionamento com a Sociedade <\/h4>\n\n\n\n<p class=\"sem-margem\">proex.dic@uel.br<\/p>\n\n\n\n<p class=\"sem-margem\">(43) 3371-5681<\/p>\n\n\n\n<p class=\"sem-margem\">(43) 3371-4592<\/p>\n\n\n\n<p><\/p>\n\n\n\n<p><\/p>\n<\/div>\n<\/div>\n\n\n\n<div class=\"wp-block-columns is-layout-flex wp-container-core-columns-is-layout-9d6595d7 wp-block-columns-is-layout-flex\">\n<div class=\"wp-block-column is-layout-flow wp-block-column-is-layout-flow\">\n<h4 class=\"wp-block-heading\">Sess\u00e3o Administrativa <\/h4>\n\n\n\n<p class=\"sem-margem\">proex.administrativo@uel.br<\/p>\n\n\n\n<p class=\"sem-margem\">(43) 3371-4221<\/p>\n\n\n\n<p><\/p>\n\n\n\n<div style=\"height:20px\" aria-hidden=\"true\" class=\"wp-block-spacer\"><\/div>\n<\/div>\n\n\n\n<div class=\"wp-block-column is-layout-flow wp-block-column-is-layout-flow\">\n<h4 class=\"wp-block-heading\">Sess\u00e3o de Acompanhamento<\/h4>\n\n\n\n<p class=\"sem-margem\">proex.dic@uel.br<\/p>\n\n\n\n<p class=\"sem-margem\">(43) 3371-4592<\/p>\n\n\n\n<div style=\"height:20px\" aria-hidden=\"true\" class=\"wp-block-spacer\"><\/div>\n<\/div>\n\n\n\n<div class=\"wp-block-column is-layout-flow wp-block-column-is-layout-flow\">\n<h4 class=\"wp-block-heading\"><\/h4>\n<\/div>\n<\/div>\n\n\n\n<p>N\u00e3o encontrou o que procurava? Acesse a p\u00e1gina da PROEX na <a href=\"https:\/\/sites.uel.br\/proplan\/lista-telefonica-da-uel\/\" target=\"_blank\" rel=\"noreferrer noopener\">Lista Telef\u00f4nica da UEL<\/a>.<\/p>\n","protected":false},"excerpt":{"rendered":"<p>Atendimento Presencial Dias da semana: Segunda \u00e0 Sexta Hor\u00e1rios: 08h00 \u00e0s 12h0014h00 \u00e0s 17h00 Local:Pr\u00f3-Reitoria de Extens\u00e3o, Cultura e Sociedade (PROEX) E-mail: proex@uel.br Telefone: (43) 3371-4512 Atendimento Especializado Diretoria de Projetos Programas e Inicia\u00e7\u00e3o Extensionista Apoio T\u00e9cnico proex.alteracao@uel.br (43) 3371-4172 Gerenciamento Financeiro e Log\u00edstico proex.dgf@uel.br (43) 3371-4173 PDE pde@uel.br (43) 3371- 5680 Projetos e Inicia\u00e7\u00e3o [&hellip;]<\/p>\n","protected":false},"author":2,"featured_media":0,"parent":0,"menu_order":0,"comment_status":"closed","ping_status":"closed","template":"","meta":{"_acf_changed":false,"_themeisle_gutenberg_block_has_review":false,"footnotes":""},"class_list":["post-1590","page","type-page","status-publish","hentry"],"acf":[],"_links":{"self":[{"href":"https:\/\/sites.uel.br\/proex\/wp-json\/wp\/v2\/pages\/1590","targetHints":{"allow":["GET"]}}],"collection":[{"href":"https:\/\/sites.uel.br\/proex\/wp-json\/wp\/v2\/pages"}],"about":[{"href":"https:\/\/sites.uel.br\/proex\/wp-json\/wp\/v2\/types\/page"}],"author":[{"embeddable":true,"href":"https:\/\/sites.uel.br\/proex\/wp-json\/wp\/v2\/users\/2"}],"replies":[{"embeddable":true,"href":"https:\/\/sites.uel.br\/proex\/wp-json\/wp\/v2\/comments?post=1590"}],"version-history":[{"count":53,"href":"https:\/\/sites.uel.br\/proex\/wp-json\/wp\/v2\/pages\/1590\/revisions"}],"predecessor-version":[{"id":5926,"href":"https:\/\/sites.uel.br\/proex\/wp-json\/wp\/v2\/pages\/1590\/revisions\/5926"}],"wp:attachment":[{"href":"https:\/\/sites.uel.br\/proex\/wp-json\/wp\/v2\/media?parent=1590"}],"curies":[{"name":"wp","href":"https:\/\/api.w.org\/{rel}","templated":true}]}}