{"id":75,"date":"2022-10-05T10:45:18","date_gmt":"2022-10-05T13:45:18","guid":{"rendered":"https:\/\/sites.uel.br\/proensino\/?page_id=75"},"modified":"2025-11-17T15:12:40","modified_gmt":"2025-11-17T18:12:40","slug":"galeria","status":"publish","type":"page","link":"https:\/\/sites.uel.br\/proensino\/galeria\/","title":{"rendered":"Galeria"},"content":{"rendered":"\n<hr class=\"wp-block-separator has-alpha-channel-opacity is-style-wide\" \/>\n\n\n\n<p><a href=\"https:\/\/sites.uel.br\/proensino\/galeria-vii-pro-ensino-mostra-anual-de-atividades-de-ensino-da-uel\/\">VII Pr\u00f3-Ensino: Mostra Anual de Atividades de Ensino da UEL<\/a><\/p>\n\n\n\n<p><a href=\"https:\/\/sites.uel.br\/proensino\/galeria-vi-pro-ensino-mostra-anual-de-atividades-de-ensino-da-uel\/\">VI Pr\u00f3-Ensino: Mostra Anual de Atividades de Ensino da UEL<\/a><\/p>\n\n\n\n<p><a href=\"https:\/\/sites.uel.br\/proensino\/galeria-v-pro-ensino-mostra-anual-de-atividades-de-ensino-da-uel\/\">V Pr\u00f3-Ensino: Mostra Anual de Atividades de Ensino da UEL<\/a><\/p>\n\n\n\n<p><a href=\"https:\/\/sites.uel.br\/proensino\/galeria-iv-pro-ensino-mostra-anual-de-atividades-de-ensino-da-uel\/\">IV Pr\u00f3-Ensino: Mostra Anual de Atividades de Ensino da UEL<\/a><\/p>\n\n\n\n<p><a href=\"https:\/\/sites.uel.br\/proensino\/galeria-iii-pro-ensino-mostra-anual-de-atividades-de-ensino-da-uel\/\">III Pr\u00f3-Ensino: Mostra Anual de Atividades de Ensino da UEL<\/a><\/p>\n\n\n\n<p><a href=\"https:\/\/sites.uel.br\/proensino\/galeria-ii-pro-ensino-mostra-anual-de-atividades-de-ensino-da-uel\/\">II Pr\u00f3-Ensino: Mostra Anual de Atividades de Ensino da UEL<\/a><\/p>\n\n\n\n<p><a href=\"https:\/\/sites.uel.br\/proensino\/galeria-i-pro-ensino-mostra-anual-de-atividades-de-ensino-da-uel\/\">I Pr\u00f3-Ensino: Mostra Anual de Atividades de Ensino da UEL<\/a><\/p>\n","protected":false},"excerpt":{"rendered":"<p>VII Pr\u00f3-Ensino: Mostra Anual de Atividades de Ensino da UEL VI Pr\u00f3-Ensino: Mostra Anual de Atividades de Ensino da UEL V Pr\u00f3-Ensino: Mostra Anual de Atividades de Ensino da UEL IV Pr\u00f3-Ensino: Mostra Anual de Atividades de Ensino da UEL III Pr\u00f3-Ensino: Mostra Anual de Atividades de Ensino da UEL II Pr\u00f3-Ensino: Mostra Anual de [&hellip;]<\/p>\n","protected":false},"author":6,"featured_media":0,"parent":0,"menu_order":0,"comment_status":"closed","ping_status":"closed","template":"","meta":{"_themeisle_gutenberg_block_has_review":false,"footnotes":""},"class_list":["post-75","page","type-page","status-publish","hentry"],"acf":[],"_links":{"self":[{"href":"https:\/\/sites.uel.br\/proensino\/wp-json\/wp\/v2\/pages\/75","targetHints":{"allow":["GET"]}}],"collection":[{"href":"https:\/\/sites.uel.br\/proensino\/wp-json\/wp\/v2\/pages"}],"about":[{"href":"https:\/\/sites.uel.br\/proensino\/wp-json\/wp\/v2\/types\/page"}],"author":[{"embeddable":true,"href":"https:\/\/sites.uel.br\/proensino\/wp-json\/wp\/v2\/users\/6"}],"replies":[{"embeddable":true,"href":"https:\/\/sites.uel.br\/proensino\/wp-json\/wp\/v2\/comments?post=75"}],"version-history":[{"count":13,"href":"https:\/\/sites.uel.br\/proensino\/wp-json\/wp\/v2\/pages\/75\/revisions"}],"predecessor-version":[{"id":2087,"href":"https:\/\/sites.uel.br\/proensino\/wp-json\/wp\/v2\/pages\/75\/revisions\/2087"}],"wp:attachment":[{"href":"https:\/\/sites.uel.br\/proensino\/wp-json\/wp\/v2\/media?parent=75"}],"curies":[{"name":"wp","href":"https:\/\/api.w.org\/{rel}","templated":true}]}}