{"id":67,"date":"2022-10-05T10:42:29","date_gmt":"2022-10-05T13:42:29","guid":{"rendered":"https:\/\/sites.uel.br\/proensino\/?page_id=67"},"modified":"2025-10-29T10:16:15","modified_gmt":"2025-10-29T13:16:15","slug":"submissao-de-trabalhos","status":"publish","type":"page","link":"https:\/\/sites.uel.br\/proensino\/submissao-de-trabalhos\/","title":{"rendered":"Submiss\u00e3o de Trabalhos"},"content":{"rendered":"\n<hr class=\"wp-block-separator has-alpha-channel-opacity is-style-wide\" \/>\n\n\n\n<p class=\"has-text-align-center has-text-color has-background has-link-color wp-elements-952b985d6212ffae5fcd67a7121a2512\" style=\"color:#f30909;background-color:#fcffd4\"><strong>Aten\u00e7\u00e3o: n\u00e3o haver\u00e1 novas prorroga\u00e7\u00f5es de prazos<\/strong><\/p>\n\n\n\n<p class=\"has-text-align-center has-background\" style=\"background-color:#fcffd4\"><strong><a href=\"https:\/\/sites.uel.br\/proensino\/wp-content\/uploads\/documentos\/modelo_resumo_pro_ensino.docx\" target=\"_blank\" rel=\"noreferrer noopener\">clique aqui para baixar o modelo do resumo simples<\/a><\/strong><\/p>\n\n\n\n<hr class=\"wp-block-separator has-text-color has-cinza-color has-css-opacity has-cinza-background-color has-background is-style-wide\" \/>\n\n\n\n<p class=\"has-text-align-center\"><strong>OBRIGATORIEDADE DE APRESENTA\u00c7\u00c3O DE TRABALHO PARA BOLSISTAS<\/strong><\/p>\n\n\n\n<p>Conforme responsabilidade assumida por meio de TERMO DE COMPROMISSO, assinado no in\u00edcio da vig\u00eancia da bolsa, \u00c9 OBRIGAT\u00d3RIA a APRESENTA\u00c7\u00c3O DO TRABALHO desenvolvido pelos estudantes de gradua\u00e7\u00e3o da UEL e rec\u00e9m-formados na condi\u00e7\u00e3o de BOLSISTAS, que se enquadrem nas modalidades e exig\u00eancias abaixo descritas:<\/p>\n\n\n\n<p>a) Bolsistas vinculados a projetos de pesquisa em ensino e\/ou programas de forma\u00e7\u00e3o complementar, com bolsa concedida pelo FAEPE UEL, na vig\u00eancia 2024\/2025;<\/p>\n\n\n\n<p>b) Bolsistas vinculados a projetos de pesquisa em ensino e\/ou programas de forma\u00e7\u00e3o complementar com bolsa concedida pelo Programa de Inclus\u00e3o Social da Funda\u00e7\u00e3o Arauc\u00e1ria, na vig\u00eancia 2024\/2025;<\/p>\n\n\n\n<p>c) Bolsistas que tenham atuado na Prograd, em vig\u00eancias anteriores, que necessitem regularizar pend\u00eancia de apresenta\u00e7\u00e3o obrigat\u00f3ria n\u00e3o realizada.<\/p>\n\n\n\n<p class=\"has-text-color\" style=\"color:#f70606\"><em>Obs: estudantes n\u00e3o bolsistas podem apresentar trabalhos.<\/em><\/p>\n\n\n\n<p><\/p>\n\n\n\n<p class=\"has-text-align-center has-background\" style=\"background-color:#d1a799\"><strong><strong>\u00c1REAS TEM\u00c1TICAS<\/strong><\/strong><\/p>\n\n\n\n<p><\/p>\n\n\n\n<p class=\"has-text-align-center\">ARQUITETURA E ENGENHARIAS<\/p>\n\n\n\n<p class=\"has-text-align-center\">ARTES, COMUNICA\u00c7\u00c3O E CULTURA<\/p>\n\n\n\n<p class=\"has-text-align-center\">CI\u00caNCIAS AGR\u00c1RIAS<\/p>\n\n\n\n<p class=\"has-text-align-center\">CI\u00caNCIAS EXATAS<\/p>\n\n\n\n<p class=\"has-text-align-center\">CI\u00caNCIAS SOCIAIS APLICADAS<\/p>\n\n\n\n<p class=\"has-text-align-center\">DIREITOS HUMANOS E JUSTI\u00c7A<\/p>\n\n\n\n<p class=\"has-text-align-center\">EDUCA\u00c7\u00c3O<\/p>\n\n\n\n<p class=\"has-text-align-center\">SA\u00daDE<\/p>\n\n\n\n<div style=\"height:20px\" aria-hidden=\"true\" class=\"wp-block-spacer\"><\/div>\n\n\n\n<p class=\"has-text-align-center\"><strong><strong>EXCLUSIVO PARA ASSESSORIA DE RELA\u00c7\u00d5ES INTERNACIONAIS DA UEL (ARI)<\/strong><\/strong><\/p>\n\n\n\n<p class=\"has-text-align-center\">INTERNACIONALIZA\u00c7\u00c3O \u2013 ARI\/UEL<\/p>\n\n\n\n<p><\/p>\n\n\n\n<p class=\"has-text-align-center has-background\" style=\"background-color:#d1a799\"><strong><strong>OBSERVA\u00c7\u00d5ES IMPORTANTES SOBRE SUBMISS\u00c3O DE TRABALHOS<\/strong><\/strong><\/p>\n\n\n\n<p class=\"has-text-color\" style=\"color:#fa0404\"><strong>&#8211; O arquivo deve estar no formato .doc ou .docx.<\/strong><\/p>\n\n\n\n<p class=\"has-text-color\" style=\"color:#fa0404\"><strong>&#8211; N\u00c3O ser\u00e3o aceitos arquivos submetidos em PDF.<\/strong><\/p>\n\n\n\n<p class=\"has-text-color\" style=\"color:#fa0404\"><strong>&#8211; Antes da submiss\u00e3o do Resumo \u00e9 obrigat\u00f3ria a realiza\u00e7\u00e3o da inscri\u00e7\u00e3o.<\/strong><\/p>\n\n\n\n<p>&#8211; A informa\u00e7\u00e3o da \u00e1rea tem\u00e1tica, deve constar no&nbsp;<strong>(<a href=\"https:\/\/sites.uel.br\/proensino\/wp-content\/uploads\/documentos\/modelo_resumo_pro_ensino.docx\" target=\"_blank\" rel=\"noreferrer noopener\">modelo do resumo simples<\/a>)<\/strong>&nbsp;e informado no ato da submiss\u00e3o.<\/p>\n\n\n\n<p>&#8211; Per\u00edodo para <strong>envio de Resumo<\/strong>:<strong> <\/strong>01\/09\/2025 a\u00a0<strong>prorrogado at\u00e9 21\/10\/2025<\/strong>.<br>PRAZO ENCERRADO<\/p>\n\n\n\n<p>&#8211; Inscri\u00e7\u00f5es e submiss\u00e3o de trabalhos: <a href=\"http:\/\/www.uel.br\/eventos\/sigec\/?id=10484\" target=\"_blank\" rel=\"noreferrer noopener\">www.uel.br\/eventos\/sigec\/?id=10484<\/a><\/p>\n\n\n\n<div style=\"height:10px\" aria-hidden=\"true\" class=\"wp-block-spacer\"><\/div>\n\n\n\n<hr class=\"wp-block-separator has-text-color has-cinza-color has-css-opacity has-cinza-background-color has-background is-style-wide\" \/>\n\n\n\n<p><strong>Veja tamb\u00e9m:<\/strong><\/p>\n\n\n\n<p class=\"has-text-align-left\"><a href=\"https:\/\/sites.uel.br\/proensino\/normas-de-apresentacao\/\">Clique aqui para conhecer as Normas de Apresenta\u00e7\u00e3o<\/a><\/p>\n\n\n\n<p class=\"has-text-align-center\"><\/p>\n\n\n\n<div style=\"height:30px\" aria-hidden=\"true\" class=\"wp-block-spacer\"><\/div>\n\n\n\n<div class=\"wp-block-columns is-layout-flex wp-container-core-columns-is-layout-9d6595d7 wp-block-columns-is-layout-flex\">\n<div class=\"wp-block-column is-layout-flow wp-block-column-is-layout-flow\"><div class=\"wp-block-image\">\n<figure class=\"aligncenter size-full is-resized\"><a href=\"http:\/\/www.uel.br\/eventos\/sigec\/?id=10484\" target=\"_blank\" rel=\" noreferrer noopener\"><img loading=\"lazy\" decoding=\"async\" width=\"366\" height=\"75\" src=\"https:\/\/sites.uel.br\/proensino\/wp-content\/uploads\/2022\/10\/b_realizar_submissao.png\" alt=\"\" class=\"wp-image-38\" style=\"width:275px;height:56px\" srcset=\"https:\/\/sites.uel.br\/proensino\/wp-content\/uploads\/2022\/10\/b_realizar_submissao.png 366w, https:\/\/sites.uel.br\/proensino\/wp-content\/uploads\/2022\/10\/b_realizar_submissao-300x61.png 300w\" sizes=\"auto, (max-width: 366px) 100vw, 366px\" \/><\/a><\/figure>\n<\/div>\n\n\n<p class=\"has-text-align-center\">Per\u00edodo: <br>01\/09\/2025 a&nbsp;<strong>prorrogado at\u00e9 21\/10\/2025<\/strong><br>PRAZO ENCERRADO<\/p>\n<\/div>\n<\/div>\n\n\n\n<p><\/p>\n","protected":false},"excerpt":{"rendered":"<p>Aten\u00e7\u00e3o: n\u00e3o haver\u00e1 novas prorroga\u00e7\u00f5es de prazos clique aqui para baixar o modelo do resumo simples OBRIGATORIEDADE DE APRESENTA\u00c7\u00c3O DE TRABALHO PARA BOLSISTAS Conforme responsabilidade assumida por meio de TERMO DE COMPROMISSO, assinado no in\u00edcio da vig\u00eancia da bolsa, \u00c9 OBRIGAT\u00d3RIA a APRESENTA\u00c7\u00c3O DO TRABALHO desenvolvido pelos estudantes de gradua\u00e7\u00e3o da UEL e rec\u00e9m-formados na [&hellip;]<\/p>\n","protected":false},"author":6,"featured_media":0,"parent":0,"menu_order":0,"comment_status":"closed","ping_status":"closed","template":"","meta":{"_themeisle_gutenberg_block_has_review":false,"footnotes":""},"class_list":["post-67","page","type-page","status-publish","hentry"],"acf":[],"_links":{"self":[{"href":"https:\/\/sites.uel.br\/proensino\/wp-json\/wp\/v2\/pages\/67","targetHints":{"allow":["GET"]}}],"collection":[{"href":"https:\/\/sites.uel.br\/proensino\/wp-json\/wp\/v2\/pages"}],"about":[{"href":"https:\/\/sites.uel.br\/proensino\/wp-json\/wp\/v2\/types\/page"}],"author":[{"embeddable":true,"href":"https:\/\/sites.uel.br\/proensino\/wp-json\/wp\/v2\/users\/6"}],"replies":[{"embeddable":true,"href":"https:\/\/sites.uel.br\/proensino\/wp-json\/wp\/v2\/comments?post=67"}],"version-history":[{"count":114,"href":"https:\/\/sites.uel.br\/proensino\/wp-json\/wp\/v2\/pages\/67\/revisions"}],"predecessor-version":[{"id":1874,"href":"https:\/\/sites.uel.br\/proensino\/wp-json\/wp\/v2\/pages\/67\/revisions\/1874"}],"wp:attachment":[{"href":"https:\/\/sites.uel.br\/proensino\/wp-json\/wp\/v2\/media?parent=67"}],"curies":[{"name":"wp","href":"https:\/\/api.w.org\/{rel}","templated":true}]}}