{"id":62,"date":"2022-10-05T10:39:46","date_gmt":"2022-10-05T13:39:46","guid":{"rendered":"https:\/\/sites.uel.br\/proensino\/?page_id=62"},"modified":"2025-10-31T13:57:09","modified_gmt":"2025-10-31T16:57:09","slug":"normas-de-apresentacao","status":"publish","type":"page","link":"https:\/\/sites.uel.br\/proensino\/normas-de-apresentacao\/","title":{"rendered":"Normas de Apresenta\u00e7\u00e3o"},"content":{"rendered":"\n<hr class=\"wp-block-separator has-alpha-channel-opacity is-style-wide\" \/>\n\n\n\n<p class=\"has-text-align-center has-background\" style=\"background-color:#fcffd4\"><strong><a href=\"https:\/\/sites.uel.br\/proensino\/wp-content\/uploads\/documentos\/modelo_resumo_pro_ensino.docx\" target=\"_blank\" rel=\"noreferrer noopener\">clique aqui para baixar o modelo do resumo simples<\/a><\/strong><\/p>\n\n\n\n<hr class=\"wp-block-separator has-text-color has-cinza-color has-css-opacity has-cinza-background-color has-background is-style-wide\" \/>\n\n\n\n<p><strong>APRESENTA\u00c7\u00c3O DE TRABALHOS REFERENTES \u00c0S ATIVIDADES DE ENSINO VINCULADAS \u00c0 PR\u00d3-REITORIA DE GRADUA\u00c7\u00c3O (PROGRAD) DA UNIVERSIDADE ESTADUAL DE LONDRINA (UEL).<\/strong><\/p>\n\n\n\n<p>&#8211; Projetos de Pesquisa em Ensino;<\/p>\n\n\n\n<p>&#8211; Programa de Forma\u00e7\u00e3o Complementar;<\/p>\n\n\n\n<p>&#8211; Resid\u00eancia Pedag\u00f3gica;<\/p>\n\n\n\n<p>&#8211; PIBID;<\/p>\n\n\n\n<p>&#8211; PET;<\/p>\n\n\n\n<p>&#8211; Empresas Juniores;<\/p>\n\n\n\n<p>&#8211; N\u00facleo de Acessibilidade da UEL.<\/p>\n\n\n\n<p class=\"has-text-align-center has-background\" style=\"background-color:#d1a799\"><strong><strong>ORIENTA\u00c7\u00d5ES PARA ELABORA\u00c7\u00c3O DO RESUMO SIMPLES<\/strong><\/strong><\/p>\n\n\n\n<p>Prezado autor, <strong>siga o modelo (<a href=\"https:\/\/sites.uel.br\/proensino\/wp-content\/uploads\/documentos\/modelo_resumo_pro_ensino.docx\" target=\"_blank\" rel=\"noreferrer noopener\">clique aqui para baixar o modelo do resumo simples<\/a>)<\/strong> e as normas a seguir para a confec\u00e7\u00e3o do resumo a ser enviado. ATEN\u00c7\u00c3O:&nbsp;os resumos que n\u00e3o estiverem dentro das normas definidas, ou n\u00e3o forem apresentados por um dos autores (para a modalidade que requer), n\u00e3o ser\u00e3o publicados nos anais do evento!<\/p>\n\n\n\n<p>Per\u00edodo para <strong>envio de Resumo<\/strong>: 01\/09\/2025 a&nbsp;<strong>prorrogado at\u00e9 21\/10\/2025<\/strong>.<br>PRAZO ENCERRADO<\/p>\n\n\n\n<p class=\"has-text-color has-link-color wp-elements-c10431a9bb9eaa96160c0cad4a6df1e1\" style=\"color:#f30909\"><strong>Aten\u00e7\u00e3o: n\u00e3o haver\u00e1 novas prorroga\u00e7\u00f5es de prazos<\/strong><\/p>\n\n\n\n<p>Utilizar o programa \u201cWord para Windows\u201d.&nbsp;<\/p>\n\n\n\n<p class=\"has-text-color\" style=\"color:#fa0404\"><strong>O arquivo deve estar no formato .doc ou .docx.<\/strong><\/p>\n\n\n\n<p class=\"has-text-color\" style=\"color:#fa0404\"><strong>N\u00c3O ser\u00e3o aceitos arquivos submetidos em PDF.<\/strong><\/p>\n\n\n\n<p><strong>Formata\u00e7\u00e3o geral (<a href=\"https:\/\/sites.uel.br\/proensino\/wp-content\/uploads\/documentos\/modelo_resumo_pro_ensino.docx\" target=\"_blank\" rel=\"noreferrer noopener\">clique aqui para baixar o modelo do resumo simples<\/a>)<\/strong> &#8211; Obs: n\u00e3o h\u00e1 necessidade em manter as palavras &#8220;Introdu\u00e7\u00e3o&#8221;, &#8220;Objetivo&#8221;, &#8220;Metodologia&#8221;, &#8220;Resultados&#8221; e &#8220;Conclus\u00f5es ou Considera\u00e7\u00f5es&nbsp;Finais&#8221;. S\u00e3o apenas para direcionar o autor na sequ\u00eancia de elabora\u00e7\u00e3o de seu texto:<\/p>\n\n\n\n<div style=\"height:20px\" aria-hidden=\"true\" class=\"wp-block-spacer\"><\/div>\n\n\n\n<p><u><strong>Fonte, Tamanhos e Margens:<\/strong><\/u><\/p>\n\n\n\n<p>&#8211; Papel tamanho A4;<\/p>\n\n\n\n<p>&#8211; Fonte Arial, corpo 12;<\/p>\n\n\n\n<p>&#8211; Margens esquerda e direita: 3,0 cm;<\/p>\n\n\n\n<p>&#8211; Margens superior e inferior: 2,5 cm.<\/p>\n\n\n\n<div style=\"height:20px\" aria-hidden=\"true\" class=\"wp-block-spacer\"><\/div>\n\n\n\n<p><u><strong>Alinhamentos e Espa\u00e7amentos:<\/strong><\/u><\/p>\n\n\n\n<p>&#8211; Espa\u00e7amento 1,5 cm para o&nbsp;t\u00edtulo;<\/p>\n\n\n\n<p>&#8211; Espa\u00e7amento simples para autores, e-mail, vincula\u00e7\u00e3o do trabalho, texto do resumo e palavra-chave;<\/p>\n\n\n\n<p>&#8211; Alinhamento centralizado: t\u00edtulo, autores, \u00e1rea tem\u00e1tica, Institui\u00e7\u00e3o de Ensino, e-mail para contato e vincula\u00e7\u00e3o do trabalho;<\/p>\n\n\n\n<p>&#8211; Alinhamento justificado: texto do resumo, palavras-chave.<\/p>\n\n\n\n<div style=\"height:20px\" aria-hidden=\"true\" class=\"wp-block-spacer\"><\/div>\n\n\n\n<p><u><strong>Conte\u00fados:<\/strong><\/u><\/p>\n\n\n\n<p>&#8211; T\u00edtulo: m\u00e1ximo de 120 caracteres, contando com espa\u00e7os ou 2 linhas;<\/p>\n\n\n\n<p>&#8211; Nomes completos separados por v\u00edrgula, seguidos na mesma linha (n\u00e3o inicie com o sobrenome). O nome do professor orientador dever\u00e1 ser o \u00faltimo, sendo obrigat\u00f3rio;<\/p>\n\n\n\n<p>&#8211; N\u00famero m\u00e1ximo de 6 autores&nbsp;(incluindo coautores) por trabalho, contando com o orientador;<\/p>\n\n\n\n<p>&#8211; Texto do resumo&nbsp;n\u00e3o ultrapassando 250 palavras;<\/p>\n\n\n\n<p>&#8211; Palavras-chave:&nbsp;m\u00ednimo 3 e m\u00e1ximo 5, separados por ponto e v\u00edrgula.<\/p>\n\n\n\n<p>Sugest\u00f5es de vincula\u00e7\u00e3o do trabalho:<\/p>\n\n\n\n<p>Trabalho vinculado ao Projeto de Pesquisa em Ensino n\u00ba\u2026<br>Trabalho vinculado ao Programa de Forma\u00e7\u00e3o Complementar n\u00ba\u2026<br>Trabalho vinculado ao Programa de Educa\u00e7\u00e3o Tutorial &#8211; PET\u2026&nbsp;<br>Trabalho vinculado ao Programa de Resid\u00eancia Pedag\u00f3gica &#8211; RP\u2026<br>Trabalho vinculado \u00e0 Empresa Junior\u2026<br>Trabalho vinculado ao Programa Institucional de Bolsas de Inicia\u00e7\u00e3o \u00e0 Doc\u00eancia &#8211; PIBID\u2026&nbsp;Trabalho vinculado \u00e0 Disciplina\/M\u00f3dulo\u2026, do Curso de \u2026<\/p>\n\n\n\n<div style=\"height:20px\" aria-hidden=\"true\" class=\"wp-block-spacer\"><\/div>\n\n\n\n<p><u><strong>Submiss\u00e3o:<\/strong><\/u><\/p>\n\n\n\n<p>Inscri\u00e7\u00f5es e submiss\u00e3o de trabalho: <a href=\"http:\/\/www.uel.br\/eventos\/sigec\/?id=10484\" target=\"_blank\" rel=\"noreferrer noopener\">www.uel.br\/eventos\/sigec\/?id=10484<\/a><\/p>\n\n\n\n<div style=\"height:10px\" aria-hidden=\"true\" class=\"wp-block-spacer\"><\/div>\n\n\n\n<hr class=\"wp-block-separator has-text-color has-cinza-color has-css-opacity has-cinza-background-color has-background is-style-wide\" \/>\n\n\n\n<p><strong>Veja tamb\u00e9m:<\/strong><\/p>\n\n\n\n<p class=\"has-text-align-left\"><a href=\"https:\/\/sites.uel.br\/proensino\/inscricoes\/\">Clique aqui para informa\u00e7\u00f5es sobre a Inscri\u00e7\u00e3o<\/a><\/p>\n\n\n\n<p class=\"has-text-align-left\"><a href=\"https:\/\/sites.uel.br\/proensino\/submissao-de-trabalhos\/\">Clique aqui para informa\u00e7\u00f5es sobre Submeter o Trabalho<\/a><\/p>\n\n\n\n<p><a href=\"https:\/\/sites.uel.br\/proensino\/submissao-de-trabalhos\/\">Clique aqui para conhecer as \u00c1reas Tem\u00e1ticas<\/a><\/p>\n\n\n\n<p><a href=\"https:\/\/sites.uel.br\/proensino\/perguntas-mais-frequentes\/\">Perguntas Mais Frequentes<\/a><\/p>\n","protected":false},"excerpt":{"rendered":"<p>clique aqui para baixar o modelo do resumo simples APRESENTA\u00c7\u00c3O DE TRABALHOS REFERENTES \u00c0S ATIVIDADES DE ENSINO VINCULADAS \u00c0 PR\u00d3-REITORIA DE GRADUA\u00c7\u00c3O (PROGRAD) DA UNIVERSIDADE ESTADUAL DE LONDRINA (UEL). &#8211; Projetos de Pesquisa em Ensino; &#8211; Programa de Forma\u00e7\u00e3o Complementar; &#8211; Resid\u00eancia Pedag\u00f3gica; &#8211; PIBID; &#8211; PET; &#8211; Empresas Juniores; &#8211; N\u00facleo de Acessibilidade da [&hellip;]<\/p>\n","protected":false},"author":6,"featured_media":0,"parent":0,"menu_order":0,"comment_status":"closed","ping_status":"closed","template":"","meta":{"_themeisle_gutenberg_block_has_review":false,"footnotes":""},"class_list":["post-62","page","type-page","status-publish","hentry"],"acf":[],"_links":{"self":[{"href":"https:\/\/sites.uel.br\/proensino\/wp-json\/wp\/v2\/pages\/62","targetHints":{"allow":["GET"]}}],"collection":[{"href":"https:\/\/sites.uel.br\/proensino\/wp-json\/wp\/v2\/pages"}],"about":[{"href":"https:\/\/sites.uel.br\/proensino\/wp-json\/wp\/v2\/types\/page"}],"author":[{"embeddable":true,"href":"https:\/\/sites.uel.br\/proensino\/wp-json\/wp\/v2\/users\/6"}],"replies":[{"embeddable":true,"href":"https:\/\/sites.uel.br\/proensino\/wp-json\/wp\/v2\/comments?post=62"}],"version-history":[{"count":122,"href":"https:\/\/sites.uel.br\/proensino\/wp-json\/wp\/v2\/pages\/62\/revisions"}],"predecessor-version":[{"id":1940,"href":"https:\/\/sites.uel.br\/proensino\/wp-json\/wp\/v2\/pages\/62\/revisions\/1940"}],"wp:attachment":[{"href":"https:\/\/sites.uel.br\/proensino\/wp-json\/wp\/v2\/media?parent=62"}],"curies":[{"name":"wp","href":"https:\/\/api.w.org\/{rel}","templated":true}]}}