{"id":58,"date":"2022-10-05T10:23:48","date_gmt":"2022-10-05T13:23:48","guid":{"rendered":"https:\/\/sites.uel.br\/proensino\/?page_id=58"},"modified":"2025-10-31T13:56:50","modified_gmt":"2025-10-31T16:56:50","slug":"inscricoes","status":"publish","type":"page","link":"https:\/\/sites.uel.br\/proensino\/inscricoes\/","title":{"rendered":"Inscri\u00e7\u00f5es"},"content":{"rendered":"\n<hr class=\"wp-block-separator has-alpha-channel-opacity is-style-wide\" \/>\n\n\n\n<p class=\"has-text-align-center has-text-color has-background has-link-color wp-elements-952b985d6212ffae5fcd67a7121a2512\" style=\"color:#f30909;background-color:#fcffd4\"><strong>Aten\u00e7\u00e3o: n\u00e3o haver\u00e1 novas prorroga\u00e7\u00f5es de prazos<\/strong><\/p>\n\n\n\n<hr class=\"wp-block-separator has-text-color has-cinza-color has-css-opacity has-cinza-background-color has-background is-style-wide\" \/>\n\n\n\n<div style=\"height:20px\" aria-hidden=\"true\" class=\"wp-block-spacer\"><\/div>\n\n\n\n<p>As inscri\u00e7\u00f5es ocorrer\u00e3o em <strong>tr\u00eas<\/strong> modalidades:<\/p>\n\n\n\n<div style=\"height:20px\" aria-hidden=\"true\" class=\"wp-block-spacer\"><\/div>\n\n\n\n<figure class=\"wp-block-table is-style-stripes\"><table class=\"has-cinza-claro-background-color has-background\"><tbody><tr><td><strong>[MODALIDADE 1] APRESENTADOR(A), ESTUDANTE, ORIENTADOR(A) DE TRABALHO, DOCENTE DA UEL<\/strong><\/td><\/tr><\/tbody><\/table><\/figure>\n\n\n\n<p><\/p>\n\n\n\n<p>Participante Estudante, Docente da UEL ou Orientador, que ir\u00e1 apresentar trabalho.<\/p>\n\n\n\n<p><em>Obs: permitido para professores do PIBID, Resid\u00eancia Pedag\u00f3gica e PET como autores ou coautores em conjunto com estudante da UEL.<\/em><\/p>\n\n\n\n<p><strong>Per\u00edodo de Inscri\u00e7\u00e3o<\/strong>: 01\/09\/2025 a <strong>prorrogado at\u00e9 19\/10\/2025<\/strong>.<br>INSCRI\u00c7\u00d5ES ENCERRADAS<\/p>\n\n\n\n<p><strong>Site<\/strong>:&nbsp;<a href=\"http:\/\/www.uel.br\/eventos\/sigec\/?id=10484\" target=\"_blank\" rel=\"noreferrer noopener\">www.uel.br\/eventos\/sigec\/?id=10484<\/a><\/p>\n\n\n\n<p><strong>Valor da inscri\u00e7\u00e3o:&nbsp;<\/strong>R$ 40,00<\/p>\n\n\n\n<div style=\"height:20px\" aria-hidden=\"true\" class=\"wp-block-spacer\"><\/div>\n\n\n\n<figure class=\"wp-block-table is-style-stripes\"><table class=\"has-cinza-claro-background-color has-background\"><tbody><tr><td><strong>[MODALIDADE 2]<strong><strong> <\/strong>PARTICIPANTE &#8211; SEM APRESENTA\u00c7\u00c3O DE TRABALHO<\/strong><\/strong><\/td><\/tr><\/tbody><\/table><\/figure>\n\n\n\n<p>Participante sem Apresenta\u00e7\u00e3o de Trabalho, como ouvinte.<\/p>\n\n\n\n<p><strong>Per\u00edodo de Inscri\u00e7\u00e3o<\/strong>: 01\/09\/2025 a <strong>prorrogado at\u00e9 19\/10\/2025<\/strong>.<br>INSCRI\u00c7\u00d5ES ENCERRADAS<\/p>\n\n\n\n<p><strong>Site<\/strong>:&nbsp;<a href=\"http:\/\/www.uel.br\/eventos\/sigec\/?id=10484\" target=\"_blank\" rel=\"noreferrer noopener\">www.uel.br\/eventos\/sigec\/?id=10484<\/a><\/p>\n\n\n\n<p><strong>Valor da inscri\u00e7\u00e3o:&nbsp;<\/strong>R$ 40,00<\/p>\n\n\n\n<p class=\"has-text-color has-link-color wp-elements-91fd7c8a3ce44106381e1d60c2187a0a\" style=\"color:#f80505\"><strong>Observa\u00e7\u00e3o: submiss\u00e3o de trabalho apenas na [MODALIDADE 1] APRESENTADOR(A), ESTUDANTE, ORIENTADOR(A) DE TRABALHO, DOCENTE DA UEL<\/strong><\/p>\n\n\n\n<div style=\"height:20px\" aria-hidden=\"true\" class=\"wp-block-spacer\"><\/div>\n\n\n\n<figure class=\"wp-block-table is-style-stripes\"><table class=\"has-cinza-claro-background-color has-background\"><tbody><tr><td><strong>[MODALIDADE 3]<strong><strong> <\/strong>INTERNACIONALIZA\u00c7\u00c3O &#8211; ARI\/UEL<\/strong><\/strong><\/td><\/tr><\/tbody><\/table><\/figure>\n\n\n\n<p>Exclusivo para Assessoria de Rela\u00e7\u00f5es Internacionais da UEL (ARI)<\/p>\n\n\n\n<p><strong>Per\u00edodo de Inscri\u00e7\u00e3o<\/strong>: 01\/09\/2025 a <strong>prorrogado at\u00e9 19\/10\/2025<\/strong>.<br>INSCRI\u00c7\u00d5ES ENCERRADAS<\/p>\n\n\n\n<p><strong>Site<\/strong>:&nbsp;<a href=\"http:\/\/www.uel.br\/eventos\/sigec\/?id=10484\" target=\"_blank\" rel=\"noreferrer noopener\">www.uel.br\/eventos\/sigec\/?id=10484<\/a><\/p>\n\n\n\n<p><strong>Valor da inscri\u00e7\u00e3o:&nbsp;<\/strong>isento<\/p>\n\n\n\n<p class=\"has-text-color has-link-color wp-elements-288f600fb4c2f3cfc8a1e2810140fd70\" style=\"color:#f80505\"><\/p>\n\n\n\n<div style=\"height:20px\" aria-hidden=\"true\" class=\"wp-block-spacer\"><\/div>\n\n\n\n<p class=\"has-text-align-center has-background\" style=\"background-color:#fcffd4\"><strong>Aten\u00e7\u00e3o: em todas as Modalidades, para certifica\u00e7\u00e3o, \u00e9 obrigat\u00f3rio a inscri\u00e7\u00e3o e recolhimento da taxa, exceto Modalidade 3<\/strong>.<\/p>\n\n\n\n<div style=\"height:10px\" aria-hidden=\"true\" class=\"wp-block-spacer\"><\/div>\n\n\n\n<hr class=\"wp-block-separator has-text-color has-cinza-color has-css-opacity has-cinza-background-color has-background is-style-wide\" \/>\n\n\n\n<p><strong>Veja tamb\u00e9m:<\/strong><\/p>\n\n\n\n<p class=\"has-text-align-left\"><a href=\"https:\/\/sites.uel.br\/proensino\/normas-de-apresentacao\/\">Clique aqui para conhecer as Normas de Apresenta\u00e7\u00e3o<\/a><\/p>\n\n\n\n<p><a href=\"https:\/\/sites.uel.br\/proensino\/cronograma\/\">Clique aqui para conhecer o Cronograma<\/a><\/p>\n\n\n\n<p class=\"has-text-align-left\"><a href=\"https:\/\/sites.uel.br\/proensino\/submissao-de-trabalhos\/\"><\/a><a href=\"https:\/\/sites.uel.br\/proensino\/submissao-de-trabalhos\/\">Clique aqui para informa\u00e7\u00f5es sobre Submeter o Trabalho<\/a><\/p>\n\n\n\n<p><a href=\"https:\/\/sites.uel.br\/proensino\/perguntas-mais-frequentes\/\">Perguntas Mais Frequentes<\/a><\/p>\n\n\n\n<div style=\"height:30px\" aria-hidden=\"true\" class=\"wp-block-spacer\"><\/div>\n\n\n\n<div class=\"wp-block-columns is-layout-flex wp-container-core-columns-is-layout-9d6595d7 wp-block-columns-is-layout-flex\">\n<div class=\"wp-block-column is-layout-flow wp-block-column-is-layout-flow\"><div class=\"wp-block-image\">\n<figure class=\"aligncenter size-full is-resized\"><a href=\"http:\/\/www.uel.br\/eventos\/sigec\/?id=10484\" target=\"_blank\" rel=\" noreferrer noopener\"><img loading=\"lazy\" decoding=\"async\" width=\"365\" height=\"75\" src=\"https:\/\/sites.uel.br\/proensino\/wp-content\/uploads\/2022\/10\/b_realizar_inscricao.png\" alt=\"\" class=\"wp-image-31\" style=\"width:274px;height:56px\" srcset=\"https:\/\/sites.uel.br\/proensino\/wp-content\/uploads\/2022\/10\/b_realizar_inscricao.png 365w, https:\/\/sites.uel.br\/proensino\/wp-content\/uploads\/2022\/10\/b_realizar_inscricao-300x62.png 300w\" sizes=\"auto, (max-width: 365px) 100vw, 365px\" \/><\/a><\/figure>\n<\/div>\n\n\n<p class=\"has-text-align-center\">Per\u00edodo: <br>01\/09\/2025 a <strong>prorrogado at\u00e9 19\/10\/2025<\/strong><br>INSCRI\u00c7\u00d5ES ENCERRADAS<\/p>\n<\/div>\n<\/div>\n\n\n\n<p><\/p>\n","protected":false},"excerpt":{"rendered":"<p>Aten\u00e7\u00e3o: n\u00e3o haver\u00e1 novas prorroga\u00e7\u00f5es de prazos As inscri\u00e7\u00f5es ocorrer\u00e3o em tr\u00eas modalidades: [MODALIDADE 1] APRESENTADOR(A), ESTUDANTE, ORIENTADOR(A) DE TRABALHO, DOCENTE DA UEL Participante Estudante, Docente da UEL ou Orientador, que ir\u00e1 apresentar trabalho. Obs: permitido para professores do PIBID, Resid\u00eancia Pedag\u00f3gica e PET como autores ou coautores em conjunto com estudante da UEL. Per\u00edodo [&hellip;]<\/p>\n","protected":false},"author":6,"featured_media":0,"parent":0,"menu_order":0,"comment_status":"closed","ping_status":"closed","template":"","meta":{"_themeisle_gutenberg_block_has_review":false,"footnotes":""},"class_list":["post-58","page","type-page","status-publish","hentry"],"acf":[],"_links":{"self":[{"href":"https:\/\/sites.uel.br\/proensino\/wp-json\/wp\/v2\/pages\/58","targetHints":{"allow":["GET"]}}],"collection":[{"href":"https:\/\/sites.uel.br\/proensino\/wp-json\/wp\/v2\/pages"}],"about":[{"href":"https:\/\/sites.uel.br\/proensino\/wp-json\/wp\/v2\/types\/page"}],"author":[{"embeddable":true,"href":"https:\/\/sites.uel.br\/proensino\/wp-json\/wp\/v2\/users\/6"}],"replies":[{"embeddable":true,"href":"https:\/\/sites.uel.br\/proensino\/wp-json\/wp\/v2\/comments?post=58"}],"version-history":[{"count":172,"href":"https:\/\/sites.uel.br\/proensino\/wp-json\/wp\/v2\/pages\/58\/revisions"}],"predecessor-version":[{"id":1939,"href":"https:\/\/sites.uel.br\/proensino\/wp-json\/wp\/v2\/pages\/58\/revisions\/1939"}],"wp:attachment":[{"href":"https:\/\/sites.uel.br\/proensino\/wp-json\/wp\/v2\/media?parent=58"}],"curies":[{"name":"wp","href":"https:\/\/api.w.org\/{rel}","templated":true}]}}