{"id":569,"date":"2023-05-19T10:02:37","date_gmt":"2023-05-19T13:02:37","guid":{"rendered":"https:\/\/sites.uel.br\/proensino\/?page_id=569"},"modified":"2025-09-02T14:42:33","modified_gmt":"2025-09-02T17:42:33","slug":"objetivos","status":"publish","type":"page","link":"https:\/\/sites.uel.br\/proensino\/objetivos\/","title":{"rendered":"Objetivos"},"content":{"rendered":"\n<hr class=\"wp-block-separator has-alpha-channel-opacity is-style-wide\" \/>\n\n\n\n<p>A Pr\u00f3-Reitoria de Gradua\u00e7\u00e3o (PROGRAD) realizar\u00e1, no dia&nbsp;<strong>13 de novembro de 2025<\/strong>, no&nbsp;<strong>Centro de Estudos Sociais Aplicados (CESA) \u2013 Campus da UEL<\/strong>, o&nbsp;<strong>VII PR\u00d3-ENSINO: MOSTRA ANUAL DE ATIVIDADES DE ENSINO DA UEL<\/strong>, um evento voltado \u00e0 apresenta\u00e7\u00e3o das principais a\u00e7\u00f5es de ensino desenvolvidas na Universidade, como parte dos eventos de integra\u00e7\u00e3o entre Ensino, Pesquisa e Extens\u00e3o,&nbsp;<a href=\"https:\/\/sites.uel.br\/proex\/por-extenso-2025\/\" target=\"_blank\" rel=\"noreferrer noopener\">Por Extenso (PROEX)<\/a>&nbsp;e&nbsp;<a href=\"https:\/\/eventos.uel.br\/eaic\/\" target=\"_blank\" rel=\"noreferrer noopener\">Encontro Anual de Inicia\u00e7\u00e3o Cient\u00edfica (EAIC) (PROPPG)<\/a>.<\/p>\n\n\n\n<p>O objetivo \u00e9 dar visibilidade \u00e0s iniciativas vinculadas \u00e0 PROGRAD, refor\u00e7ando o compromisso da UEL com a forma\u00e7\u00e3o acad\u00eamica de excel\u00eancia. A programa\u00e7\u00e3o contempla a divulga\u00e7\u00e3o de projetos e programas que contribuem diretamente para o fortalecimento do ensino de gradua\u00e7\u00e3o, entre eles:<\/p>\n\n\n\n<p>\u2013&nbsp;<strong>Projetos de Pesquisa em Ensino<\/strong><br>\u2013&nbsp;<strong>Programas de Forma\u00e7\u00e3o Complementar<\/strong><br>\u2013&nbsp;<strong>Resid\u00eancias Pedag\u00f3gicas<\/strong><br>\u2013&nbsp;<strong>PIBIDs (Programa Institucional de Bolsa de Inicia\u00e7\u00e3o \u00e0 Doc\u00eancia)<\/strong><br>\u2013&nbsp;<strong>PETs (Programas de Educa\u00e7\u00e3o Tutorial)<\/strong><br>\u2013&nbsp;<strong>Empresas Juniores<\/strong><br>\u2013&nbsp;<strong>N\u00facleo de Acessibilidade da UEL<\/strong><\/p>\n\n\n\n<p>Mais do que apresentar resultados, o encontro busca valorizar a&nbsp;<strong>diversidade de temas e trabalhos desenvolvidos na institui\u00e7\u00e3o<\/strong>, destacando o impacto dessas iniciativas tanto na comunidade acad\u00eamica quanto na sociedade em geral, configurando-se como um espa\u00e7o de integra\u00e7\u00e3o, troca de experi\u00eancias e fortalecimento das pr\u00e1ticas de ensino universit\u00e1rio.<\/p>\n\n\n\n<p><strong>Inscri\u00e7\u00f5es<\/strong>: 01\/09\/2025 a 10\/10\/2025, <a href=\"https:\/\/sites.uel.br\/proensino\/inscricoes\/\">acesse aqui<\/a>.<\/p>\n\n\n\n<p><strong>P\u00fablico Alvo<\/strong>: Estudantes e Docentes da UEL, demais comunidades da UEL.<\/p>\n\n\n\n<p><strong>Carga Hor\u00e1ria Total:&nbsp;<\/strong>12h<\/p>\n\n\n\n<p><strong>Local de Realiza\u00e7\u00e3o:&nbsp;<\/strong>CESA\/UEL.<\/p>\n","protected":false},"excerpt":{"rendered":"<p>A Pr\u00f3-Reitoria de Gradua\u00e7\u00e3o (PROGRAD) realizar\u00e1, no dia&nbsp;13 de novembro de 2025, no&nbsp;Centro de Estudos Sociais Aplicados (CESA) \u2013 Campus da UEL, o&nbsp;VII PR\u00d3-ENSINO: MOSTRA ANUAL DE ATIVIDADES DE ENSINO DA UEL, um evento voltado \u00e0 apresenta\u00e7\u00e3o das principais a\u00e7\u00f5es de ensino desenvolvidas na Universidade, como parte dos eventos de integra\u00e7\u00e3o entre Ensino, Pesquisa e [&hellip;]<\/p>\n","protected":false},"author":6,"featured_media":0,"parent":0,"menu_order":0,"comment_status":"closed","ping_status":"closed","template":"","meta":{"_themeisle_gutenberg_block_has_review":false,"footnotes":""},"class_list":["post-569","page","type-page","status-publish","hentry"],"acf":[],"_links":{"self":[{"href":"https:\/\/sites.uel.br\/proensino\/wp-json\/wp\/v2\/pages\/569","targetHints":{"allow":["GET"]}}],"collection":[{"href":"https:\/\/sites.uel.br\/proensino\/wp-json\/wp\/v2\/pages"}],"about":[{"href":"https:\/\/sites.uel.br\/proensino\/wp-json\/wp\/v2\/types\/page"}],"author":[{"embeddable":true,"href":"https:\/\/sites.uel.br\/proensino\/wp-json\/wp\/v2\/users\/6"}],"replies":[{"embeddable":true,"href":"https:\/\/sites.uel.br\/proensino\/wp-json\/wp\/v2\/comments?post=569"}],"version-history":[{"count":37,"href":"https:\/\/sites.uel.br\/proensino\/wp-json\/wp\/v2\/pages\/569\/revisions"}],"predecessor-version":[{"id":1782,"href":"https:\/\/sites.uel.br\/proensino\/wp-json\/wp\/v2\/pages\/569\/revisions\/1782"}],"wp:attachment":[{"href":"https:\/\/sites.uel.br\/proensino\/wp-json\/wp\/v2\/media?parent=569"}],"curies":[{"name":"wp","href":"https:\/\/api.w.org\/{rel}","templated":true}]}}