{"id":554,"date":"2023-05-19T09:49:35","date_gmt":"2023-05-19T12:49:35","guid":{"rendered":"https:\/\/sites.uel.br\/proensino\/?page_id=554"},"modified":"2023-09-06T14:22:32","modified_gmt":"2023-09-06T17:22:32","slug":"galeria-iv-pro-ensino-mostra-anual-de-atividades-de-ensino-da-uel","status":"publish","type":"page","link":"https:\/\/sites.uel.br\/proensino\/galeria-iv-pro-ensino-mostra-anual-de-atividades-de-ensino-da-uel\/","title":{"rendered":"Galeria (IV Pr\u00f3-Ensino: Mostra Anual de Atividades de Ensino da UEL)"},"content":{"rendered":"\n<hr class=\"wp-block-separator has-alpha-channel-opacity is-style-wide\" \/>\n\n\n\n<div class=\"wp-block-columns is-layout-flex wp-container-core-columns-is-layout-9d6595d7 wp-block-columns-is-layout-flex\">\n<div class=\"wp-block-column is-layout-flow wp-block-column-is-layout-flow\"><div class=\"wp-block-image\">\n<figure class=\"aligncenter size-full\"><a href=\"https:\/\/drive.google.com\/drive\/u\/6\/folders\/1nDweFc2q2Ina6gNkKfQWMt7FURoEbDMb\" target=\"_blank\" rel=\"noreferrer noopener\"><img decoding=\"async\" src=\"https:\/\/sites.uel.br\/feira\/wp-content\/uploads\/2023\/05\/google_drive.png\" alt=\"\" class=\"wp-image-2887\" \/><\/a><\/figure>\n<\/div>\n\n\n<p class=\"has-text-align-center\">Cr\u00e9ditos:<br>Cursos de Gradua\u00e7\u00e3o, Maria Elisa Cestari<\/p>\n<\/div>\n<\/div>\n","protected":false},"excerpt":{"rendered":"<p>Cr\u00e9ditos:Cursos de Gradua\u00e7\u00e3o, Maria Elisa Cestari<\/p>\n","protected":false},"author":6,"featured_media":0,"parent":0,"menu_order":0,"comment_status":"closed","ping_status":"closed","template":"","meta":{"_themeisle_gutenberg_block_has_review":false,"footnotes":""},"class_list":["post-554","page","type-page","status-publish","hentry"],"acf":[],"_links":{"self":[{"href":"https:\/\/sites.uel.br\/proensino\/wp-json\/wp\/v2\/pages\/554","targetHints":{"allow":["GET"]}}],"collection":[{"href":"https:\/\/sites.uel.br\/proensino\/wp-json\/wp\/v2\/pages"}],"about":[{"href":"https:\/\/sites.uel.br\/proensino\/wp-json\/wp\/v2\/types\/page"}],"author":[{"embeddable":true,"href":"https:\/\/sites.uel.br\/proensino\/wp-json\/wp\/v2\/users\/6"}],"replies":[{"embeddable":true,"href":"https:\/\/sites.uel.br\/proensino\/wp-json\/wp\/v2\/comments?post=554"}],"version-history":[{"count":3,"href":"https:\/\/sites.uel.br\/proensino\/wp-json\/wp\/v2\/pages\/554\/revisions"}],"predecessor-version":[{"id":592,"href":"https:\/\/sites.uel.br\/proensino\/wp-json\/wp\/v2\/pages\/554\/revisions\/592"}],"wp:attachment":[{"href":"https:\/\/sites.uel.br\/proensino\/wp-json\/wp\/v2\/media?parent=554"}],"curies":[{"name":"wp","href":"https:\/\/api.w.org\/{rel}","templated":true}]}}