{"id":551,"date":"2023-05-19T09:47:02","date_gmt":"2023-05-19T12:47:02","guid":{"rendered":"https:\/\/sites.uel.br\/proensino\/?page_id=551"},"modified":"2023-09-06T14:22:23","modified_gmt":"2023-09-06T17:22:23","slug":"galeria-i-pro-ensino-mostra-anual-de-atividades-de-ensino-da-uel","status":"publish","type":"page","link":"https:\/\/sites.uel.br\/proensino\/galeria-i-pro-ensino-mostra-anual-de-atividades-de-ensino-da-uel\/","title":{"rendered":"Galeria (I Pr\u00f3-Ensino: Mostra Anual de Atividades de Ensino da UEL)"},"content":{"rendered":"\n<hr class=\"wp-block-separator has-alpha-channel-opacity is-style-wide\" \/>\n\n\n\n<div class=\"wp-block-columns is-layout-flex wp-container-core-columns-is-layout-9d6595d7 wp-block-columns-is-layout-flex\">\n<div class=\"wp-block-column is-layout-flow wp-block-column-is-layout-flow\"><div class=\"wp-block-image\">\n<figure class=\"aligncenter size-full\"><a href=\"https:\/\/www.facebook.com\/media\/set\/?set=a.2517209641706292&amp;type=3&amp;__xts__[0]=68.ARAyN4pYOEq8B6vGj7KEaXGqc_v9ciAd3dmbI0dkkISVdIp0C_1OaA-LOARMwir9AILjeQSvw_pq-C2ChqDsGvG_WUJ0ppFEyG5oYV8iJvnYCy5jss90fy-4ZtQ7aZUd5FOYGKPPhVOxNjDU-w8GHh-ob_uO-B7LITLBttePNGCEplGsQCiWqqHF_R-ib9h8wRMgR4fx_FHg8t4m4S1i6nrRqzHN4-bmP7H96f1akrPkcs6vEYBkhxFlD0oQks5PuZs_rlw3vu-cMpVH9pZhyud_Yx65ORAbC9MpJOtdgwcPbMZNlhjdeEhPB6EdwMUxEi7HCpS9ITQLSo8SYlC3J46KSxBP5B7ZjnULJh8wWwVg3eHee8HCnXf8j6v6Fj60-Q36BrpG3NsO1qJ6TJpMNldwRcoSzTMRjorE-JTkXpp-YcSWnVIOg0B0-pAtbQKtaaCt3LmgIgqhwRZ864F6&amp;__tn__=-UC-R\" target=\"_blank\" rel=\"noreferrer noopener\"><img decoding=\"async\" src=\"https:\/\/sites.uel.br\/feira\/wp-content\/uploads\/2023\/05\/facebook.png\" alt=\"\" class=\"wp-image-2886\" \/><\/a><\/figure>\n<\/div>\n\n\n<p class=\"has-text-align-center\"><strong>Not\u00edcias e Fotos<\/strong><\/p>\n\n\n\n<p class=\"has-text-align-center\">Cr\u00e9ditos&nbsp;(imagens):<br>Ana M\u00e1rcia Fernandes Tucci de Carvalho, Maria Elisa Wotzasek Cestari, Marta Regina Gimenez&nbsp;<\/p>\n<\/div>\n\n\n\n<div class=\"wp-block-column is-layout-flow wp-block-column-is-layout-flow\"><div class=\"wp-block-image\">\n<figure class=\"aligncenter size-full\"><a href=\"https:\/\/drive.google.com\/drive\/folders\/1POomMHlxv3Tbt0Fv8TE0RKgkQ-tBwmaA?usp=sharing\" target=\"_blank\" rel=\"noreferrer noopener\"><img decoding=\"async\" src=\"https:\/\/sites.uel.br\/feira\/wp-content\/uploads\/2023\/05\/google_drive.png\" alt=\"\" class=\"wp-image-2887\" \/><\/a><\/figure>\n<\/div>\n\n\n<p class=\"has-text-align-center\"><strong>(Galeria 01)<\/strong><\/p>\n\n\n\n<p class=\"has-text-align-center\">Cr\u00e9ditos&nbsp;(imagens):<br>Ana M\u00e1rcia Fernandes Tucci de Carvalho, Maria Elisa Wotzasek Cestari, Marta Regina Gimenez&nbsp;<\/p>\n<\/div>\n<\/div>\n","protected":false},"excerpt":{"rendered":"<p>Not\u00edcias e Fotos Cr\u00e9ditos&nbsp;(imagens):Ana M\u00e1rcia Fernandes Tucci de Carvalho, Maria Elisa Wotzasek Cestari, Marta Regina Gimenez&nbsp; (Galeria 01) Cr\u00e9ditos&nbsp;(imagens):Ana M\u00e1rcia Fernandes Tucci de Carvalho, Maria Elisa Wotzasek Cestari, Marta Regina Gimenez&nbsp;<\/p>\n","protected":false},"author":6,"featured_media":0,"parent":0,"menu_order":0,"comment_status":"closed","ping_status":"closed","template":"","meta":{"_themeisle_gutenberg_block_has_review":false,"footnotes":""},"class_list":["post-551","page","type-page","status-publish","hentry"],"acf":[],"_links":{"self":[{"href":"https:\/\/sites.uel.br\/proensino\/wp-json\/wp\/v2\/pages\/551","targetHints":{"allow":["GET"]}}],"collection":[{"href":"https:\/\/sites.uel.br\/proensino\/wp-json\/wp\/v2\/pages"}],"about":[{"href":"https:\/\/sites.uel.br\/proensino\/wp-json\/wp\/v2\/types\/page"}],"author":[{"embeddable":true,"href":"https:\/\/sites.uel.br\/proensino\/wp-json\/wp\/v2\/users\/6"}],"replies":[{"embeddable":true,"href":"https:\/\/sites.uel.br\/proensino\/wp-json\/wp\/v2\/comments?post=551"}],"version-history":[{"count":4,"href":"https:\/\/sites.uel.br\/proensino\/wp-json\/wp\/v2\/pages\/551\/revisions"}],"predecessor-version":[{"id":589,"href":"https:\/\/sites.uel.br\/proensino\/wp-json\/wp\/v2\/pages\/551\/revisions\/589"}],"wp:attachment":[{"href":"https:\/\/sites.uel.br\/proensino\/wp-json\/wp\/v2\/media?parent=551"}],"curies":[{"name":"wp","href":"https:\/\/api.w.org\/{rel}","templated":true}]}}