{"id":54,"date":"2022-10-05T10:20:06","date_gmt":"2022-10-05T13:20:06","guid":{"rendered":"https:\/\/sites.uel.br\/proensino\/?page_id=54"},"modified":"2025-11-06T11:24:55","modified_gmt":"2025-11-06T14:24:55","slug":"cronograma","status":"publish","type":"page","link":"https:\/\/sites.uel.br\/proensino\/cronograma\/","title":{"rendered":"Cronograma"},"content":{"rendered":"\n<p><\/p>\n\n\n\n<p class=\"has-text-align-center has-text-color has-background has-link-color wp-elements-952b985d6212ffae5fcd67a7121a2512\" style=\"color:#f30909;background-color:#fcffd4\"><strong>Aten\u00e7\u00e3o: n\u00e3o haver\u00e1 novas prorroga\u00e7\u00f5es de prazos<\/strong><\/p>\n\n\n\n<hr class=\"wp-block-separator has-alpha-channel-opacity is-style-wide\" \/>\n\n\n\n<figure class=\"wp-block-table is-style-stripes\"><table><thead><tr><th class=\"has-text-align-center\" data-align=\"center\"><strong>DATA<\/strong><\/th><th class=\"has-text-align-center\" data-align=\"center\"><strong>ATIVIDADE<\/strong><\/th><\/tr><\/thead><tbody><tr><td class=\"has-text-align-center\" data-align=\"center\">01\/09\/2025 a <strong>prorrogado at\u00e9 19\/10\/2025<\/strong><br>INSCRI\u00c7\u00d5ES ENCERRADAS<\/td><td class=\"has-text-align-center\" data-align=\"center\">Per\u00edodo de Inscri\u00e7\u00e3o<br>(<a href=\"https:\/\/sites.uel.br\/proensino\/inscricoes\/\">sites.uel.br\/proensino\/inscricoes<\/a>)<\/td><\/tr><tr><td class=\"has-text-align-center\" data-align=\"center\">01\/09\/2025 a&nbsp;<strong>prorrogado at\u00e9 21\/10\/2025<\/strong><br>PRAZO ENCERRADO<\/td><td class=\"has-text-align-center\" data-align=\"center\">Per\u00edodo para envio de Resumo<br>(<a href=\"https:\/\/sites.uel.br\/proensino\/submissao-de-trabalhos\/\">sites.uel.br\/proensino\/submissao-de-trabalhos<\/a>)<\/td><\/tr><tr><td class=\"has-text-align-center\" data-align=\"center\">01\/09\/2025 a&nbsp;<strong>prorrogado at\u00e9 22\/10\/2025<\/strong><br>PRAZO ENCERRADO<\/td><td class=\"has-text-align-center\" data-align=\"center\">Per\u00edodo para gera\u00e7\u00e3o do boleto para pagamento<\/td><\/tr><tr><td class=\"has-text-align-center\" data-align=\"center\">22\/10\/2025<br>PRAZO ENCERRADO<\/td><td class=\"has-text-align-center\" data-align=\"center\"><strong>\u00daltimo<\/strong> dia para pagamento do boleto<\/td><\/tr><tr><td class=\"has-text-align-center\" data-align=\"center\">31\/10\/2025 (14h)<\/td><td class=\"has-text-align-center\" data-align=\"center\">Divulga\u00e7\u00e3o dos <strong>TRABALHOS ACEITOS E N\u00c3O ACEITOS<\/strong><br>(<a href=\"https:\/\/sites.uel.br\/proensino\/apresentacao-dos-trabalhos\/\">sites.uel.br\/proensino\/apresentacao-dos-trabalhos<\/a>)<\/td><\/tr><tr><td class=\"has-text-align-center\" data-align=\"center\">05\/11\/2025 (14h)<\/td><td class=\"has-text-align-center\" data-align=\"center\">Divulga\u00e7\u00e3o do cronograma das apresenta\u00e7\u00f5es<br>(<a href=\"https:\/\/sites.uel.br\/proensino\/apresentacao-dos-trabalhos\/\">sites.uel.br\/proensino\/apresentacao-dos-trabalhos<\/a>)<\/td><\/tr><tr><td class=\"has-text-align-center\" data-align=\"center\">10\/11\/2025<\/td><td class=\"has-text-align-center\" data-align=\"center\">Credenciamento geral dos inscritos <br>(Local: CCB &#8211; Anfiteatro Cyro Grossi)<br><em>Obs: credenciamento poder\u00e1 ser efetivado tamb\u00e9m no dia 13\/11<\/em><\/td><\/tr><tr><td class=\"has-text-align-center\" data-align=\"center\">13\/11\/2025<br>(8h \u00e0s 12h)<br>(14h \u00e0s 18h)<\/td><td class=\"has-text-align-center\" data-align=\"center\">Credenciamento dos inscritos VII Pr\u00f3-Ensino<br>(Local: CESA\/UEL)<\/td><\/tr><tr><td class=\"has-text-align-center\" data-align=\"center\">13\/11\/2025<\/td><td class=\"has-text-align-center\" data-align=\"center\">Apresenta\u00e7\u00e3o dos Trabalhos VII Pr\u00f3-Ensino<br>(Local: CESA\/UEL)<\/td><\/tr><tr><td class=\"has-text-align-center\" data-align=\"center\">10\/11\/2025 a 14\/11\/2025<\/td><td class=\"has-text-align-center\" data-align=\"center\">Realiza\u00e7\u00e3o do Evento Integrado<br>(Pr\u00f3-Ensino, Por Extenso, EAIC)<br>(<a href=\"https:\/\/sites.uel.br\/proensino\/programacao\/\">programa\u00e7\u00e3o geral<\/a>)<\/td><\/tr><\/tbody><\/table><\/figure>\n\n\n\n<p><\/p>\n","protected":false},"excerpt":{"rendered":"<p>Aten\u00e7\u00e3o: n\u00e3o haver\u00e1 novas prorroga\u00e7\u00f5es de prazos DATA ATIVIDADE 01\/09\/2025 a prorrogado at\u00e9 19\/10\/2025INSCRI\u00c7\u00d5ES ENCERRADAS Per\u00edodo de Inscri\u00e7\u00e3o(sites.uel.br\/proensino\/inscricoes) 01\/09\/2025 a&nbsp;prorrogado at\u00e9 21\/10\/2025PRAZO ENCERRADO Per\u00edodo para envio de Resumo(sites.uel.br\/proensino\/submissao-de-trabalhos) 01\/09\/2025 a&nbsp;prorrogado at\u00e9 22\/10\/2025PRAZO ENCERRADO Per\u00edodo para gera\u00e7\u00e3o do boleto para pagamento 22\/10\/2025PRAZO ENCERRADO \u00daltimo dia para pagamento do boleto 31\/10\/2025 (14h) Divulga\u00e7\u00e3o dos TRABALHOS ACEITOS E [&hellip;]<\/p>\n","protected":false},"author":6,"featured_media":0,"parent":0,"menu_order":0,"comment_status":"closed","ping_status":"closed","template":"","meta":{"_themeisle_gutenberg_block_has_review":false,"footnotes":""},"class_list":["post-54","page","type-page","status-publish","hentry"],"acf":[],"_links":{"self":[{"href":"https:\/\/sites.uel.br\/proensino\/wp-json\/wp\/v2\/pages\/54","targetHints":{"allow":["GET"]}}],"collection":[{"href":"https:\/\/sites.uel.br\/proensino\/wp-json\/wp\/v2\/pages"}],"about":[{"href":"https:\/\/sites.uel.br\/proensino\/wp-json\/wp\/v2\/types\/page"}],"author":[{"embeddable":true,"href":"https:\/\/sites.uel.br\/proensino\/wp-json\/wp\/v2\/users\/6"}],"replies":[{"embeddable":true,"href":"https:\/\/sites.uel.br\/proensino\/wp-json\/wp\/v2\/comments?post=54"}],"version-history":[{"count":131,"href":"https:\/\/sites.uel.br\/proensino\/wp-json\/wp\/v2\/pages\/54\/revisions"}],"predecessor-version":[{"id":2045,"href":"https:\/\/sites.uel.br\/proensino\/wp-json\/wp\/v2\/pages\/54\/revisions\/2045"}],"wp:attachment":[{"href":"https:\/\/sites.uel.br\/proensino\/wp-json\/wp\/v2\/media?parent=54"}],"curies":[{"name":"wp","href":"https:\/\/api.w.org\/{rel}","templated":true}]}}