{"id":203,"date":"2022-10-05T15:27:37","date_gmt":"2022-10-05T18:27:37","guid":{"rendered":"https:\/\/sites.uel.br\/proensino\/?page_id=203"},"modified":"2024-01-26T13:03:48","modified_gmt":"2024-01-26T16:03:48","slug":"anais-ii-pro-ensino-prograd-2020","status":"publish","type":"page","link":"https:\/\/sites.uel.br\/proensino\/anais-ii-pro-ensino-prograd-2020\/","title":{"rendered":"ANAIS II PR\u00d3-ENSINO PROGRAD (2020)"},"content":{"rendered":"\n<hr class=\"wp-block-separator has-alpha-channel-opacity is-style-wide\" \/>\n\n\n\n<p>O 2\u00ba Pr\u00f3 Ensino realizado em 17 de novembro de 2020 foi a express\u00e3o do trabalho coletivo de professores, estudantes e equipe t\u00e9cnica na apresenta\u00e7\u00e3o dos resultados de pesquisa e experi\u00eancias pedag\u00f3gicas decorrentes dos Programas de Forma\u00e7\u00e3o Complementar, Projetos de Pesquisa em Ensino, Resid\u00eancia Pedag\u00f3gica, PIBID, PET, Empresas Juniores al\u00e9m de outros, vinculados aos Colegiados de Curso de Gradua\u00e7\u00e3o e, ainda, do N\u00facleo de Acessibilidade da UEL. O principal objetivo do evento foi a ampla divulga\u00e7\u00e3o desses resultados \u00e0 comunidade acad\u00eamica buscando fortalecer e valorizar as a\u00e7\u00f5es voltadas ao ensino, apresentando a diversidade de temas e trabalhos desenvolvidos na UEL.<\/p>\n\n\n\n<p>A Edi\u00e7\u00e3o 2020 do Pr\u00f3-Ensino foi 100% online em fun\u00e7\u00e3o das condi\u00e7\u00f5es impostas pela pandemia da COVID-19, que nos fez reorganizar o trabalho acad\u00eamico na Universidade Estadual de Londrina. Nessa edi\u00e7\u00e3o foram 195 apresenta\u00e7\u00f5es de trabalhos, contando com 390 participantes. Numa a\u00e7\u00e3o de reconhecimento da pot\u00eancia e import\u00e2ncia do trabalho na gradua\u00e7\u00e3o apresentamos os Anais do evento \u201c2\u00ba Pr\u00f3 Ensino: Mostra Anual de Atividades de Ensino da UEL\u201d. Esperamos que essa publica\u00e7\u00e3o permita \u00e0 comunidade universit\u00e1ria uma rica e significativa aproxima\u00e7\u00e3o \u00e0 produ\u00e7\u00e3o da Gradua\u00e7\u00e3o na UEL. Uma boa leitura!<\/p>\n\n\n\n<p>Profa. Dra. Marta Regina Gimenez Favaro<br>Pr\u00f3-Reitora de Gradua\u00e7\u00e3o \u2013 UEL<br>Coordenadora Geral do Evento<\/p>\n\n\n\n<p>ISSN: 2763-5732<\/p>\n\n\n\n<p>Expediente:<\/p>\n\n\n\n<p>Autores (orgs.):<\/p>\n\n\n\n<p>Profa. Dra. Marta Regina Gimenez Favaro<br>Profa. Dra. Maria Elisa Wotzasek Cestari<br>Profa. Dra. Ana M\u00e1rcia Fernandes Tucci de Carvalho<br>Profa. Dra. Jamile Carla Baptista<br>Ms. Fabiano Ferrari Ribeiro<\/p>\n\n\n\n<p>Periodicidade:<\/p>\n\n\n\n<p>Anual<\/p>\n\n\n\n<p>Respons\u00e1vel pela publica\u00e7\u00e3o:<\/p>\n\n\n\n<p>Universidade Estadual de Londrina<br>Pr\u00f3-Reitoria de Gradua\u00e7\u00e3o<br>Rodovia Celso Garcia Cid | Pr 445 Km 380 | Campus Universit\u00e1rio<br>Cx. Postal 10.011 | CEP 86.057-970 | Londrina &#8211; PR<\/p>\n\n\n\n<p>Edi\u00e7\u00e3o anterior:<\/p>\n\n\n\n<p>n. 2 (2020): Anais do II Pr\u00f3-Ensino<br>Acesse: <a rel=\"noreferrer noopener\" href=\"http:\/\/anais.uel.br\/portal\/index.php\/proensino\/issue\/view\/34\" target=\"_blank\"><strong>http:\/\/anais.uel.br\/portal\/index.php\/proensino\/issue\/view\/34<\/strong><\/a><\/p>\n\n\n\n<p>Obs: de acordo com as normas do evento, as publica\u00e7\u00f5es nos Anais devem atender aos seguintes&nbsp;requisitos: inscri\u00e7\u00e3o realizada e taxa paga, trabalho submetido, contempla\u00e7\u00e3o das normas de apresenta\u00e7\u00e3o, trabalho aceito e apresenta\u00e7\u00e3o por um dos autores.<\/p>\n","protected":false},"excerpt":{"rendered":"<p>O 2\u00ba Pr\u00f3 Ensino realizado em 17 de novembro de 2020 foi a express\u00e3o do trabalho coletivo de professores, estudantes e equipe t\u00e9cnica na apresenta\u00e7\u00e3o dos resultados de pesquisa e experi\u00eancias pedag\u00f3gicas decorrentes dos Programas de Forma\u00e7\u00e3o Complementar, Projetos de Pesquisa em Ensino, Resid\u00eancia Pedag\u00f3gica, PIBID, PET, Empresas Juniores al\u00e9m de outros, vinculados aos Colegiados [&hellip;]<\/p>\n","protected":false},"author":6,"featured_media":0,"parent":0,"menu_order":0,"comment_status":"closed","ping_status":"closed","template":"","meta":{"_themeisle_gutenberg_block_has_review":false,"footnotes":""},"class_list":["post-203","page","type-page","status-publish","hentry"],"acf":[],"_links":{"self":[{"href":"https:\/\/sites.uel.br\/proensino\/wp-json\/wp\/v2\/pages\/203","targetHints":{"allow":["GET"]}}],"collection":[{"href":"https:\/\/sites.uel.br\/proensino\/wp-json\/wp\/v2\/pages"}],"about":[{"href":"https:\/\/sites.uel.br\/proensino\/wp-json\/wp\/v2\/types\/page"}],"author":[{"embeddable":true,"href":"https:\/\/sites.uel.br\/proensino\/wp-json\/wp\/v2\/users\/6"}],"replies":[{"embeddable":true,"href":"https:\/\/sites.uel.br\/proensino\/wp-json\/wp\/v2\/comments?post=203"}],"version-history":[{"count":12,"href":"https:\/\/sites.uel.br\/proensino\/wp-json\/wp\/v2\/pages\/203\/revisions"}],"predecessor-version":[{"id":1136,"href":"https:\/\/sites.uel.br\/proensino\/wp-json\/wp\/v2\/pages\/203\/revisions\/1136"}],"wp:attachment":[{"href":"https:\/\/sites.uel.br\/proensino\/wp-json\/wp\/v2\/media?parent=203"}],"curies":[{"name":"wp","href":"https:\/\/api.w.org\/{rel}","templated":true}]}}